{"id":89274,"date":"2024-11-21T14:04:34","date_gmt":"2024-11-21T14:04:34","guid":{"rendered":"https:\/\/www.1337games.org\/br-br\/?page_id=89274"},"modified":"2024-12-02T11:58:16","modified_gmt":"2024-12-02T11:58:16","slug":"politica-editorial","status":"publish","type":"page","link":"https:\/\/www.1337games.org\/br-br\/politica-editorial\/","title":{"rendered":"Pol\u00edtica Editorial"},"content":{"rendered":"\n<div class=\"wp-block-columns is-layout-flex wp-container-core-columns-is-layout-9d6595d7 wp-block-columns-is-layout-flex\">\n<div class=\"wp-block-column is-layout-flow wp-block-column-is-layout-flow\">\n<p>Na 1337 Games, nosso compromisso \u00e9 fornecer aos leitores informa\u00e7\u00f5es confi\u00e1veis, detalhadas e imparciais sobre o universo dos videogames, cassinos online e t\u00f3picos relacionados. Como profissionais apaixonados pelo setor, compreendemos o quanto a confian\u00e7a \u00e9 essencial no ambiente digital. Por isso, criamos esta pol\u00edtica editorial para garantir que todo o nosso conte\u00fado atenda aos mais altos padr\u00f5es de qualidade, transpar\u00eancia e \u00e9tica.<\/p>\n<\/div>\n\n\n\n<div class=\"wp-block-column is-layout-flow wp-block-column-is-layout-flow\"><div class=\"wp-block-image\">\n<figure class=\"aligncenter size-full\"><img decoding=\"async\" width=\"1000\" height=\"500\" src=\"https:\/\/www.1337games.org\/br-br\/wp-content\/uploads\/sites\/5\/2024\/11\/1337-Games-Online-Casino.png\" alt=\"1337 Games Online Casino\" class=\"wp-image-89267\" srcset=\"https:\/\/www.1337games.org\/br-br\/wp-content\/uploads\/sites\/5\/2024\/11\/1337-Games-Online-Casino.png 1000w, https:\/\/www.1337games.org\/br-br\/wp-content\/uploads\/sites\/5\/2024\/11\/1337-Games-Online-Casino-300x150.png 300w, https:\/\/www.1337games.org\/br-br\/wp-content\/uploads\/sites\/5\/2024\/11\/1337-Games-Online-Casino-768x384.png 768w\" sizes=\"(max-width: 1000px) 100vw, 1000px\" \/><\/figure>\n<\/div><\/div>\n<\/div>\n\n\n\n<hr class=\"wp-block-separator has-alpha-channel-opacity\" \/>\n\n\n\n<h2 class=\"wp-block-heading\" id=\"h-independencia-e-credibilidade\">Independ\u00eancia e Credibilidade<\/h2>\n\n\n\n<p>Preservar a independ\u00eancia editorial \u00e9 uma prioridade na 1337 Games. <strong><a href=\"https:\/\/www.1337games.org\/br-br\/sobre-nos\/\">Nossa equipe de reda\u00e7\u00e3o<\/a><\/strong> trabalha de forma separada dos departamentos comerciais e de marketing, assegurando que o conte\u00fado permane\u00e7a imparcial e focado nos interesses dos leitores. Cada artigo \u00e9 desenvolvido para oferecer informa\u00e7\u00f5es \u00fateis e precisas, sempre baseadas em an\u00e1lises rigorosas e em nossa expertise no setor.<\/p>\n\n\n\n<p>Embora colaboremos com parceiros afiliados, essas parcerias n\u00e3o influenciam nossas recomenda\u00e7\u00f5es ou avalia\u00e7\u00f5es. Todo o material publicado reflete a pesquisa e a experi\u00eancia de nossa equipe editorial, garantindo que os leitores recebam orienta\u00e7\u00f5es objetivas e confi\u00e1veis.<\/p>\n\n\n\n<hr class=\"wp-block-separator has-alpha-channel-opacity\" \/>\n\n\n\n<h2 class=\"wp-block-heading\" id=\"h-como-produzimos-e-revisamos-nosso-conteudo\">Como Produzimos e Revisamos Nosso Conte\u00fado<\/h2>\n\n\n\n<p>Cada publica\u00e7\u00e3o na 1337 Games \u00e9 fruto de um processo detalhado. Nossa equipe de especialistas realiza pesquisas aprofundadas, consulta diversas fontes e considera o feedback dos leitores para criar conte\u00fado que seja relevante e informativo.<\/p>\n\n\n\n<p>Antes de ser disponibilizado, todo o material passa por uma revis\u00e3o rigorosa, onde verificamos os dados apresentados, clareza do texto e conformidade com nossas diretrizes editoriais. Esse cuidado nos permite manter o conte\u00fado atualizado e alinhado com as mudan\u00e7as e tend\u00eancias mais recentes nos setores de jogos e cassinos.<\/p>\n\n\n\n<hr class=\"wp-block-separator has-alpha-channel-opacity\" \/>\n\n\n\n<h2 class=\"wp-block-heading\" id=\"h-nossa-missao\">Nossa Miss\u00e3o<\/h2>\n\n\n\n<p>A 1337 Games busca ser uma refer\u00eancia para quem deseja entender melhor o universo dos videogames e cassinos online. Oferecemos an\u00e1lises detalhadas, estrat\u00e9gias de jogo, tend\u00eancias da ind\u00fastria e recomenda\u00e7\u00f5es de produtos que aprimoram a experi\u00eancia do jogador. Seja voc\u00ea um entusiasta casual ou um gamer experiente, nosso objetivo \u00e9 garantir que voc\u00ea tenha acesso \u00e0s informa\u00e7\u00f5es mais relevantes e \u00fateis.<\/p>\n\n\n\n<hr class=\"wp-block-separator has-alpha-channel-opacity\" \/>\n\n\n\n<h2 class=\"wp-block-heading\" id=\"h-afiliados-e-transparencia\">Afiliados e Transpar\u00eancia<\/h2>\n\n\n\n<p>Alguns links dispon\u00edveis em nosso site redirecionam para parceiros afiliados, e podemos receber comiss\u00f5es por registros ou compras feitas por meio dessas indica\u00e7\u00f5es. Essa pr\u00e1tica nos permite oferecer conte\u00fado gratuito e de alta qualidade aos nossos leitores. Contudo, garantimos que essas parcerias n\u00e3o influenciam nossas an\u00e1lises ou recomenda\u00e7\u00f5es.<\/p>\n\n\n\n<p>Refor\u00e7amos nosso compromisso com a transpar\u00eancia: todas as avalia\u00e7\u00f5es s\u00e3o independentes e baseadas nos m\u00e9ritos dos produtos ou servi\u00e7os analisados. N\u00e3o aceitamos pagamentos para promover avalia\u00e7\u00f5es positivas ou recomenda\u00e7\u00f5es espec\u00edficas.<\/p>\n\n\n\n<hr class=\"wp-block-separator has-alpha-channel-opacity\" \/>\n\n\n\n<h2 class=\"wp-block-heading\" id=\"h-etica-e-promocao-do-jogo-responsavel\">\u00c9tica e Promo\u00e7\u00e3o do Jogo Respons\u00e1vel<\/h2>\n\n\n\n<p>A 1337 Games est\u00e1 comprometida com a <strong><a href=\"https:\/\/www.1337games.org\/br-br\/jogo-responsavel\/\">responsabilidade no jogo<\/a><\/strong>. Incentivamos nossos leitores a adotarem pr\u00e1ticas seguras e informadas ao utilizarem plataformas de jogos ou cassinos online. Refor\u00e7amos a import\u00e2ncia de definir limites, identificar sinais de comportamento problem\u00e1tico e buscar suporte quando necess\u00e1rio.<\/p>\n\n\n\n<p>Al\u00e9m disso, seguimos um padr\u00e3o \u00e9tico rigoroso em nossas an\u00e1lises e conte\u00fados. Todas as recomenda\u00e7\u00f5es apresentadas s\u00e3o baseadas na qualidade e desempenho dos servi\u00e7os avaliados, sem influ\u00eancia de interesses externos.<\/p>\n\n\n\n<hr class=\"wp-block-separator has-alpha-channel-opacity\" \/>\n\n\n\n<h2 class=\"wp-block-heading\" id=\"h-precisao-e-atualizacoes\">Precis\u00e3o e Atualiza\u00e7\u00f5es<\/h2>\n\n\n\n<p>A precis\u00e3o das informa\u00e7\u00f5es \u00e9 um pilar essencial para a 1337 Games. Nos esfor\u00e7amos para garantir que nosso conte\u00fado seja sempre claro, bem pesquisado e atualizado com as \u00faltimas novidades do setor de jogos e cassinos.<\/p>\n\n\n\n<p>Quando um erro \u00e9 identificado ou uma atualiza\u00e7\u00e3o se faz necess\u00e1ria, corrigimos de forma r\u00e1pida e transparente, assegurando que os leitores continuem a confiar na integridade do que publicamos.<\/p>\n\n\n\n<hr class=\"wp-block-separator has-alpha-channel-opacity\" \/>\n\n\n\n<h2 class=\"wp-block-heading\" id=\"h-alteracoes-na-politica-editorial\">Altera\u00e7\u00f5es na Pol\u00edtica Editorial<\/h2>\n\n\n\n<p>Eventualmente, esta pol\u00edtica editorial pode ser revisada para refletir mudan\u00e7as em nossas pr\u00e1ticas ou em padr\u00f5es da ind\u00fastria. Qualquer altera\u00e7\u00e3o ser\u00e1 comunicada nesta p\u00e1gina, e incentivamos nossos leitores a visitarem-na regularmente para acompanhar as atualiza\u00e7\u00f5es.<\/p>\n\n\n\n<hr class=\"wp-block-separator has-alpha-channel-opacity\" \/>\n\n\n\n<h2 class=\"wp-block-heading\" id=\"h-entre-em-contato\">Entre em Contato<\/h2>\n\n\n\n<p>Caso tenha d\u00favidas ou coment\u00e1rios sobre nosso conte\u00fado, pr\u00e1ticas editoriais ou parcerias, entre em contato conosco. Sua opini\u00e3o \u00e9 valiosa, e estamos sempre dispon\u00edveis para esclarecer qualquer quest\u00e3o.<\/p>\n","protected":false},"excerpt":{"rendered":"<p>Na 1337 Games, nosso compromisso \u00e9 fornecer aos leitores informa\u00e7\u00f5es confi\u00e1veis, detalhadas e imparciais sobre o universo dos videogames, cassinos online e t\u00f3picos relacionados. Como profissionais apaixonados pelo setor, compreendemos o quanto a confian\u00e7a \u00e9 essencial no ambiente digital. Por isso, criamos esta pol\u00edtica editorial para garantir que todo o nosso conte\u00fado atenda aos mais [&hellip;]<\/p>\n","protected":false},"author":25014,"featured_media":0,"parent":0,"menu_order":0,"comment_status":"closed","ping_status":"closed","template":"","meta":{"footnotes":""},"class_list":["post-89274","page","type-page","status-publish","hentry"],"featured_image_src":null,"yoast_head":"<!-- This site is optimized with the Yoast SEO Premium plugin v27.0 (Yoast SEO v27.0) - https:\/\/yoast.com\/product\/yoast-seo-premium-wordpress\/ -->\n<title>Pol\u00edtica Editorial<\/title>\n<meta name=\"description\" content=\"Conhe\u00e7a a Pol\u00edtica Editorial da 1337 Games: transpar\u00eancia, independ\u00eancia e compromisso com conte\u00fado confi\u00e1vel sobre jogos e cassinos online.\" \/>\n<meta name=\"robots\" content=\"index, follow, max-snippet:-1, max-image-preview:large, max-video-preview:-1\" \/>\n<link rel=\"canonical\" href=\"https:\/\/www.1337games.org\/br-br\/politica-editorial\/\" \/>\n<meta property=\"og:locale\" content=\"pt_BR\" \/>\n<meta property=\"og:type\" content=\"article\" \/>\n<meta property=\"og:title\" content=\"Pol\u00edtica Editorial\" \/>\n<meta property=\"og:description\" content=\"Conhe\u00e7a a Pol\u00edtica Editorial da 1337 Games: transpar\u00eancia, independ\u00eancia e compromisso com conte\u00fado confi\u00e1vel sobre jogos e cassinos online.\" \/>\n<meta property=\"og:url\" content=\"https:\/\/www.1337games.org\/br-br\/politica-editorial\/\" \/>\n<meta property=\"og:site_name\" content=\"1337 Games BR\" \/>\n<meta property=\"article:publisher\" content=\"https:\/\/www.facebook.com\/1337gamesio\/\" \/>\n<meta property=\"article:modified_time\" content=\"2024-12-02T11:58:16+00:00\" \/>\n<meta property=\"og:image\" content=\"https:\/\/www.1337games.org\/br-br\/wp-content\/uploads\/sites\/5\/2024\/11\/1337-Games-Online-Casino.png\" \/>\n<meta name=\"twitter:card\" content=\"summary_large_image\" \/>\n<meta name=\"twitter:site\" content=\"@1337gamesio\" \/>\n<meta name=\"twitter:label1\" content=\"Est. tempo de leitura\" \/>\n\t<meta name=\"twitter:data1\" content=\"4 minutos\" \/>\n<script type=\"application\/ld+json\" class=\"yoast-schema-graph\">{\"@context\":\"https:\/\/schema.org\",\"@graph\":[{\"@type\":\"WebPage\",\"@id\":\"https:\/\/www.1337games.org\/br-br\/politica-editorial\/\",\"url\":\"https:\/\/www.1337games.org\/br-br\/politica-editorial\/\",\"name\":\"Pol\u00edtica Editorial\",\"isPartOf\":{\"@id\":\"https:\/\/www.1337games.org\/br-br\/#website\"},\"primaryImageOfPage\":{\"@id\":\"https:\/\/www.1337games.org\/br-br\/politica-editorial\/#primaryimage\"},\"image\":{\"@id\":\"https:\/\/www.1337games.org\/br-br\/politica-editorial\/#primaryimage\"},\"thumbnailUrl\":\"https:\/\/www.1337games.org\/br-br\/wp-content\/uploads\/sites\/5\/2024\/11\/1337-Games-Online-Casino.png\",\"datePublished\":\"2024-11-21T14:04:34+00:00\",\"dateModified\":\"2024-12-02T11:58:16+00:00\",\"description\":\"Conhe\u00e7a a Pol\u00edtica Editorial da 1337 Games: transpar\u00eancia, independ\u00eancia e compromisso com conte\u00fado confi\u00e1vel sobre jogos e cassinos online.\",\"breadcrumb\":{\"@id\":\"https:\/\/www.1337games.org\/br-br\/politica-editorial\/#breadcrumb\"},\"inLanguage\":\"pt-BR\",\"potentialAction\":[{\"@type\":\"ReadAction\",\"target\":[\"https:\/\/www.1337games.org\/br-br\/politica-editorial\/\"]}]},{\"@type\":\"ImageObject\",\"inLanguage\":\"pt-BR\",\"@id\":\"https:\/\/www.1337games.org\/br-br\/politica-editorial\/#primaryimage\",\"url\":\"https:\/\/www.1337games.org\/br-br\/wp-content\/uploads\/sites\/5\/2024\/11\/1337-Games-Online-Casino.png\",\"contentUrl\":\"https:\/\/www.1337games.org\/br-br\/wp-content\/uploads\/sites\/5\/2024\/11\/1337-Games-Online-Casino.png\",\"width\":1000,\"height\":500,\"caption\":\"1337 Games Online Casino\"},{\"@type\":\"BreadcrumbList\",\"@id\":\"https:\/\/www.1337games.org\/br-br\/politica-editorial\/#breadcrumb\",\"itemListElement\":[{\"@type\":\"ListItem\",\"position\":1,\"name\":\"Home\",\"item\":\"https:\/\/www.1337games.org\/br-br\/\"},{\"@type\":\"ListItem\",\"position\":2,\"name\":\"Pol\u00edtica Editorial\"}]},{\"@type\":\"WebSite\",\"@id\":\"https:\/\/www.1337games.org\/br-br\/#website\",\"url\":\"https:\/\/www.1337games.org\/br-br\/\",\"name\":\"1337 Games BR\",\"description\":\"1337 Games | Os melhores cassinos online e casas de apostas em todas as plataformas\",\"publisher\":{\"@id\":\"https:\/\/www.1337games.org\/br-br\/#organization\"},\"potentialAction\":[{\"@type\":\"SearchAction\",\"target\":{\"@type\":\"EntryPoint\",\"urlTemplate\":\"https:\/\/www.1337games.org\/br-br\/?s={search_term_string}\"},\"query-input\":{\"@type\":\"PropertyValueSpecification\",\"valueRequired\":true,\"valueName\":\"search_term_string\"}}],\"inLanguage\":\"pt-BR\"},{\"@type\":\"Organization\",\"@id\":\"https:\/\/www.1337games.org\/br-br\/#organization\",\"name\":\"1337 Games\",\"url\":\"https:\/\/www.1337games.org\/br-br\/\",\"logo\":{\"@type\":\"ImageObject\",\"inLanguage\":\"pt-BR\",\"@id\":\"https:\/\/www.1337games.org\/br-br\/#\/schema\/logo\/image\/\",\"url\":\"https:\/\/www.1337games.org\/br-br\/wp-content\/uploads\/sites\/5\/2025\/10\/cropped-1Games.png\",\"contentUrl\":\"https:\/\/www.1337games.org\/br-br\/wp-content\/uploads\/sites\/5\/2025\/10\/cropped-1Games.png\",\"width\":512,\"height\":512,\"caption\":\"1337 Games\"},\"image\":{\"@id\":\"https:\/\/www.1337games.org\/br-br\/#\/schema\/logo\/image\/\"},\"sameAs\":[\"https:\/\/www.facebook.com\/1337gamesio\/\",\"https:\/\/x.com\/1337gamesio\",\"https:\/\/www.instagram.com\/1337gamesio\/\"],\"email\":\"info@1337games.io\",\"numberOfEmployees\":{\"@type\":\"QuantitativeValue\",\"minValue\":\"11\",\"maxValue\":\"50\"}}]}<\/script>\n<!-- \/ Yoast SEO Premium plugin. -->","yoast_head_json":{"title":"Pol\u00edtica Editorial","description":"Conhe\u00e7a a Pol\u00edtica Editorial da 1337 Games: transpar\u00eancia, independ\u00eancia e compromisso com conte\u00fado confi\u00e1vel sobre jogos e cassinos online.","robots":{"index":"index","follow":"follow","max-snippet":"max-snippet:-1","max-image-preview":"max-image-preview:large","max-video-preview":"max-video-preview:-1"},"canonical":"https:\/\/www.1337games.org\/br-br\/politica-editorial\/","og_locale":"pt_BR","og_type":"article","og_title":"Pol\u00edtica Editorial","og_description":"Conhe\u00e7a a Pol\u00edtica Editorial da 1337 Games: transpar\u00eancia, independ\u00eancia e compromisso com conte\u00fado confi\u00e1vel sobre jogos e cassinos online.","og_url":"https:\/\/www.1337games.org\/br-br\/politica-editorial\/","og_site_name":"1337 Games BR","article_publisher":"https:\/\/www.facebook.com\/1337gamesio\/","article_modified_time":"2024-12-02T11:58:16+00:00","og_image":[{"url":"https:\/\/www.1337games.org\/br-br\/wp-content\/uploads\/sites\/5\/2024\/11\/1337-Games-Online-Casino.png","type":"","width":"","height":""}],"twitter_card":"summary_large_image","twitter_site":"@1337gamesio","twitter_misc":{"Est. tempo de leitura":"4 minutos"},"schema":{"@context":"https:\/\/schema.org","@graph":[{"@type":"WebPage","@id":"https:\/\/www.1337games.org\/br-br\/politica-editorial\/","url":"https:\/\/www.1337games.org\/br-br\/politica-editorial\/","name":"Pol\u00edtica Editorial","isPartOf":{"@id":"https:\/\/www.1337games.org\/br-br\/#website"},"primaryImageOfPage":{"@id":"https:\/\/www.1337games.org\/br-br\/politica-editorial\/#primaryimage"},"image":{"@id":"https:\/\/www.1337games.org\/br-br\/politica-editorial\/#primaryimage"},"thumbnailUrl":"https:\/\/www.1337games.org\/br-br\/wp-content\/uploads\/sites\/5\/2024\/11\/1337-Games-Online-Casino.png","datePublished":"2024-11-21T14:04:34+00:00","dateModified":"2024-12-02T11:58:16+00:00","description":"Conhe\u00e7a a Pol\u00edtica Editorial da 1337 Games: transpar\u00eancia, independ\u00eancia e compromisso com conte\u00fado confi\u00e1vel sobre jogos e cassinos online.","breadcrumb":{"@id":"https:\/\/www.1337games.org\/br-br\/politica-editorial\/#breadcrumb"},"inLanguage":"pt-BR","potentialAction":[{"@type":"ReadAction","target":["https:\/\/www.1337games.org\/br-br\/politica-editorial\/"]}]},{"@type":"ImageObject","inLanguage":"pt-BR","@id":"https:\/\/www.1337games.org\/br-br\/politica-editorial\/#primaryimage","url":"https:\/\/www.1337games.org\/br-br\/wp-content\/uploads\/sites\/5\/2024\/11\/1337-Games-Online-Casino.png","contentUrl":"https:\/\/www.1337games.org\/br-br\/wp-content\/uploads\/sites\/5\/2024\/11\/1337-Games-Online-Casino.png","width":1000,"height":500,"caption":"1337 Games Online Casino"},{"@type":"BreadcrumbList","@id":"https:\/\/www.1337games.org\/br-br\/politica-editorial\/#breadcrumb","itemListElement":[{"@type":"ListItem","position":1,"name":"Home","item":"https:\/\/www.1337games.org\/br-br\/"},{"@type":"ListItem","position":2,"name":"Pol\u00edtica Editorial"}]},{"@type":"WebSite","@id":"https:\/\/www.1337games.org\/br-br\/#website","url":"https:\/\/www.1337games.org\/br-br\/","name":"1337 Games BR","description":"1337 Games | Os melhores cassinos online e casas de apostas em todas as plataformas","publisher":{"@id":"https:\/\/www.1337games.org\/br-br\/#organization"},"potentialAction":[{"@type":"SearchAction","target":{"@type":"EntryPoint","urlTemplate":"https:\/\/www.1337games.org\/br-br\/?s={search_term_string}"},"query-input":{"@type":"PropertyValueSpecification","valueRequired":true,"valueName":"search_term_string"}}],"inLanguage":"pt-BR"},{"@type":"Organization","@id":"https:\/\/www.1337games.org\/br-br\/#organization","name":"1337 Games","url":"https:\/\/www.1337games.org\/br-br\/","logo":{"@type":"ImageObject","inLanguage":"pt-BR","@id":"https:\/\/www.1337games.org\/br-br\/#\/schema\/logo\/image\/","url":"https:\/\/www.1337games.org\/br-br\/wp-content\/uploads\/sites\/5\/2025\/10\/cropped-1Games.png","contentUrl":"https:\/\/www.1337games.org\/br-br\/wp-content\/uploads\/sites\/5\/2025\/10\/cropped-1Games.png","width":512,"height":512,"caption":"1337 Games"},"image":{"@id":"https:\/\/www.1337games.org\/br-br\/#\/schema\/logo\/image\/"},"sameAs":["https:\/\/www.facebook.com\/1337gamesio\/","https:\/\/x.com\/1337gamesio","https:\/\/www.instagram.com\/1337gamesio\/"],"email":"info@1337games.io","numberOfEmployees":{"@type":"QuantitativeValue","minValue":"11","maxValue":"50"}}]}},"_links":{"self":[{"href":"https:\/\/www.1337games.org\/br-br\/wp-json\/wp\/v2\/pages\/89274","targetHints":{"allow":["GET"]}}],"collection":[{"href":"https:\/\/www.1337games.org\/br-br\/wp-json\/wp\/v2\/pages"}],"about":[{"href":"https:\/\/www.1337games.org\/br-br\/wp-json\/wp\/v2\/types\/page"}],"author":[{"embeddable":true,"href":"https:\/\/www.1337games.org\/br-br\/wp-json\/wp\/v2\/users\/25014"}],"replies":[{"embeddable":true,"href":"https:\/\/www.1337games.org\/br-br\/wp-json\/wp\/v2\/comments?post=89274"}],"version-history":[{"count":4,"href":"https:\/\/www.1337games.org\/br-br\/wp-json\/wp\/v2\/pages\/89274\/revisions"}],"predecessor-version":[{"id":89313,"href":"https:\/\/www.1337games.org\/br-br\/wp-json\/wp\/v2\/pages\/89274\/revisions\/89313"}],"wp:attachment":[{"href":"https:\/\/www.1337games.org\/br-br\/wp-json\/wp\/v2\/media?parent=89274"}],"curies":[{"name":"wp","href":"https:\/\/api.w.org\/{rel}","templated":true}]}}