{"id":89196,"date":"2024-11-21T10:52:34","date_gmt":"2024-11-21T10:52:34","guid":{"rendered":"https:\/\/www.1337games.org\/cl-cl\/?page_id=89196"},"modified":"2024-11-25T17:56:01","modified_gmt":"2024-11-25T17:56:01","slug":"publicidad","status":"publish","type":"page","link":"https:\/\/www.1337games.org\/cl-cl\/publicidad\/","title":{"rendered":"Publicidad en 1337 Games: Conecta con Gamers Apasionados"},"content":{"rendered":"\n<p>Nuestra comunidad est\u00e1 formada por jugadores que van desde entusiastas ocasionales hasta expertos de la industria. Ya sea que tu objetivo sea generar leads, fortalecer tu presencia en el mercado o simplemente dar a conocer tu marca, trabajamos contigo para lograrlo.<\/p>\n\n\n\n<h2 class=\"wp-block-heading\" id=\"h-haz-crecer-tu-marca-con-1337-games\">Haz Crecer Tu Marca con 1337 Games<\/h2>\n\n\n\n<p>En 1337 Games nos enorgullece ofrecer contenido aut\u00e9ntico y de alta calidad. Por eso, cada campa\u00f1a publicitaria se integra de forma natural en nuestro entorno confiable, asegurando que tu mensaje llegue a quienes realmente importa.<\/p>\n\n\n\n<hr class=\"wp-block-separator has-alpha-channel-opacity\" \/>\n\n\n\n<h2 class=\"wp-block-heading\" id=\"h-por-que-anunciarte-en-1337-games\">\u00bfPor qu\u00e9 Anunciarte en 1337 Games?<\/h2>\n\n\n\n<ul class=\"wp-block-list\">\n<li><strong>Audiencia Segmentada y Comprometida:<\/strong><br>Contamos con miles de visitas semanales de usuarios interesados en videojuegos, tecnolog\u00eda y casinos online, lo que garantiza que tu marca llegue al p\u00fablico correcto.<\/li>\n\n\n\n<li><strong>Contenido Cre\u00edble y Aut\u00e9ntico:<\/strong><br>Tu marca ser\u00e1 presentada en un espacio respetado y confiable, maximizando el impacto de tu mensaje.<\/li>\n\n\n\n<li><strong>Estrategias Personalizadas:<\/strong><br>Nos adaptamos a tus necesidades espec\u00edficas, dise\u00f1ando campa\u00f1as que se alineen con los objetivos de tu marca.<\/li>\n\n\n\n<li><strong>Soporte Integral:<\/strong><br>Te acompa\u00f1amos en cada paso del proceso, desde la planificaci\u00f3n hasta la ejecuci\u00f3n, para garantizar que tu campa\u00f1a sea un \u00e9xito.<\/li>\n<\/ul>\n\n\n\n<hr class=\"wp-block-separator has-alpha-channel-opacity\" \/>\n\n\n\n<h2 class=\"wp-block-heading\" id=\"h-hablemos\">\u00a1Hablemos!<\/h2>\n\n\n\n<p>\u00bfListo para llevar tu marca al siguiente nivel? En 1337 Games, te ayudamos a crear una estrategia publicitaria que se ajuste a tus metas. Trabajemos juntos para conectar con una comunidad comprometida y apasionada que valorar\u00e1 lo que tienes para ofrecer. \u00a1Hablemos hoy mismo!<\/p>\n","protected":false},"excerpt":{"rendered":"<p>Nuestra comunidad est\u00e1 formada por jugadores que van desde entusiastas ocasionales hasta expertos de la industria. Ya sea que tu objetivo sea generar leads, fortalecer tu presencia en el mercado o simplemente dar a conocer tu marca, trabajamos contigo para lograrlo. Haz Crecer Tu Marca con 1337 Games En 1337 Games nos enorgullece ofrecer contenido [&hellip;]<\/p>\n","protected":false},"author":25014,"featured_media":0,"parent":0,"menu_order":0,"comment_status":"closed","ping_status":"closed","template":"","meta":{"footnotes":""},"class_list":["post-89196","page","type-page","status-publish","hentry"],"featured_image_src":null,"yoast_head":"<!-- This site is optimized with the Yoast SEO Premium plugin v27.0 (Yoast SEO v27.0) - https:\/\/yoast.com\/product\/yoast-seo-premium-wordpress\/ -->\n<title>Publicidad en 1337 Games: Conecta con Gamers Apasionados<\/title>\n<meta name=\"description\" content=\"Promociona tu marca en 1337 Games y conecta con un p\u00fablico apasionado. Ofrecemos opciones flexibles y resultados concretos para potenciar tu negocio y destacar en el mercado.\" \/>\n<meta name=\"robots\" content=\"index, follow, max-snippet:-1, max-image-preview:large, max-video-preview:-1\" \/>\n<link rel=\"canonical\" href=\"https:\/\/www.1337games.org\/cl-cl\/publicidad\/\" \/>\n<meta property=\"og:locale\" content=\"es_ES\" \/>\n<meta property=\"og:type\" content=\"article\" \/>\n<meta property=\"og:title\" content=\"Publicidad en 1337 Games: Conecta con Gamers Apasionados\" \/>\n<meta property=\"og:description\" content=\"Promociona tu marca en 1337 Games y conecta con un p\u00fablico apasionado. Ofrecemos opciones flexibles y resultados concretos para potenciar tu negocio y destacar en el mercado.\" \/>\n<meta property=\"og:url\" content=\"https:\/\/www.1337games.org\/cl-cl\/publicidad\/\" \/>\n<meta property=\"og:site_name\" content=\"1337 Games CL\" \/>\n<meta property=\"article:publisher\" content=\"https:\/\/www.facebook.com\/1337gamesio\/\" \/>\n<meta property=\"article:modified_time\" content=\"2024-11-25T17:56:01+00:00\" \/>\n<meta name=\"twitter:card\" content=\"summary_large_image\" \/>\n<meta name=\"twitter:site\" content=\"@1337gamesio\" \/>\n<meta name=\"twitter:label1\" content=\"Tiempo estimado de lectura\" \/>\n\t<meta name=\"twitter:data1\" content=\"2 minutos\" \/>\n<script type=\"application\/ld+json\" class=\"yoast-schema-graph\">{\"@context\":\"https:\/\/schema.org\",\"@graph\":[{\"@type\":\"WebPage\",\"@id\":\"https:\/\/www.1337games.org\/cl-cl\/publicidad\/\",\"url\":\"https:\/\/www.1337games.org\/cl-cl\/publicidad\/\",\"name\":\"Publicidad en 1337 Games: Conecta con Gamers Apasionados\",\"isPartOf\":{\"@id\":\"https:\/\/www.1337games.org\/cl-cl\/#website\"},\"datePublished\":\"2024-11-21T10:52:34+00:00\",\"dateModified\":\"2024-11-25T17:56:01+00:00\",\"description\":\"Promociona tu marca en 1337 Games y conecta con un p\u00fablico apasionado. Ofrecemos opciones flexibles y resultados concretos para potenciar tu negocio y destacar en el mercado.\",\"breadcrumb\":{\"@id\":\"https:\/\/www.1337games.org\/cl-cl\/publicidad\/#breadcrumb\"},\"inLanguage\":\"es-CL\",\"potentialAction\":[{\"@type\":\"ReadAction\",\"target\":[\"https:\/\/www.1337games.org\/cl-cl\/publicidad\/\"]}]},{\"@type\":\"BreadcrumbList\",\"@id\":\"https:\/\/www.1337games.org\/cl-cl\/publicidad\/#breadcrumb\",\"itemListElement\":[{\"@type\":\"ListItem\",\"position\":1,\"name\":\"Home\",\"item\":\"https:\/\/www.1337games.org\/cl-cl\/\"},{\"@type\":\"ListItem\",\"position\":2,\"name\":\"Publicidad\"}]},{\"@type\":\"WebSite\",\"@id\":\"https:\/\/www.1337games.org\/cl-cl\/#website\",\"url\":\"https:\/\/www.1337games.org\/cl-cl\/\",\"name\":\"1337 Games CL\",\"description\":\"\",\"publisher\":{\"@id\":\"https:\/\/www.1337games.org\/cl-cl\/#organization\"},\"potentialAction\":[{\"@type\":\"SearchAction\",\"target\":{\"@type\":\"EntryPoint\",\"urlTemplate\":\"https:\/\/www.1337games.org\/cl-cl\/?s={search_term_string}\"},\"query-input\":{\"@type\":\"PropertyValueSpecification\",\"valueRequired\":true,\"valueName\":\"search_term_string\"}}],\"inLanguage\":\"es-CL\"},{\"@type\":\"Organization\",\"@id\":\"https:\/\/www.1337games.org\/cl-cl\/#organization\",\"name\":\"1337 Games\",\"url\":\"https:\/\/www.1337games.org\/cl-cl\/\",\"logo\":{\"@type\":\"ImageObject\",\"inLanguage\":\"es-CL\",\"@id\":\"https:\/\/www.1337games.org\/cl-cl\/#\/schema\/logo\/image\/\",\"url\":\"https:\/\/www.1337games.org\/cl-cl\/wp-content\/uploads\/sites\/19\/2025\/10\/cropped-1Games.png\",\"contentUrl\":\"https:\/\/www.1337games.org\/cl-cl\/wp-content\/uploads\/sites\/19\/2025\/10\/cropped-1Games.png\",\"width\":512,\"height\":512,\"caption\":\"1337 Games\"},\"image\":{\"@id\":\"https:\/\/www.1337games.org\/cl-cl\/#\/schema\/logo\/image\/\"},\"sameAs\":[\"https:\/\/www.facebook.com\/1337gamesio\/\",\"https:\/\/x.com\/1337gamesio\",\"https:\/\/www.instagram.com\/1337gamesio\/\"],\"email\":\"info@1337games.io\",\"numberOfEmployees\":{\"@type\":\"QuantitativeValue\",\"minValue\":\"11\",\"maxValue\":\"50\"}}]}<\/script>\n<!-- \/ Yoast SEO Premium plugin. -->","yoast_head_json":{"title":"Publicidad en 1337 Games: Conecta con Gamers Apasionados","description":"Promociona tu marca en 1337 Games y conecta con un p\u00fablico apasionado. Ofrecemos opciones flexibles y resultados concretos para potenciar tu negocio y destacar en el mercado.","robots":{"index":"index","follow":"follow","max-snippet":"max-snippet:-1","max-image-preview":"max-image-preview:large","max-video-preview":"max-video-preview:-1"},"canonical":"https:\/\/www.1337games.org\/cl-cl\/publicidad\/","og_locale":"es_ES","og_type":"article","og_title":"Publicidad en 1337 Games: Conecta con Gamers Apasionados","og_description":"Promociona tu marca en 1337 Games y conecta con un p\u00fablico apasionado. Ofrecemos opciones flexibles y resultados concretos para potenciar tu negocio y destacar en el mercado.","og_url":"https:\/\/www.1337games.org\/cl-cl\/publicidad\/","og_site_name":"1337 Games CL","article_publisher":"https:\/\/www.facebook.com\/1337gamesio\/","article_modified_time":"2024-11-25T17:56:01+00:00","twitter_card":"summary_large_image","twitter_site":"@1337gamesio","twitter_misc":{"Tiempo estimado de lectura":"2 minutos"},"schema":{"@context":"https:\/\/schema.org","@graph":[{"@type":"WebPage","@id":"https:\/\/www.1337games.org\/cl-cl\/publicidad\/","url":"https:\/\/www.1337games.org\/cl-cl\/publicidad\/","name":"Publicidad en 1337 Games: Conecta con Gamers Apasionados","isPartOf":{"@id":"https:\/\/www.1337games.org\/cl-cl\/#website"},"datePublished":"2024-11-21T10:52:34+00:00","dateModified":"2024-11-25T17:56:01+00:00","description":"Promociona tu marca en 1337 Games y conecta con un p\u00fablico apasionado. Ofrecemos opciones flexibles y resultados concretos para potenciar tu negocio y destacar en el mercado.","breadcrumb":{"@id":"https:\/\/www.1337games.org\/cl-cl\/publicidad\/#breadcrumb"},"inLanguage":"es-CL","potentialAction":[{"@type":"ReadAction","target":["https:\/\/www.1337games.org\/cl-cl\/publicidad\/"]}]},{"@type":"BreadcrumbList","@id":"https:\/\/www.1337games.org\/cl-cl\/publicidad\/#breadcrumb","itemListElement":[{"@type":"ListItem","position":1,"name":"Home","item":"https:\/\/www.1337games.org\/cl-cl\/"},{"@type":"ListItem","position":2,"name":"Publicidad"}]},{"@type":"WebSite","@id":"https:\/\/www.1337games.org\/cl-cl\/#website","url":"https:\/\/www.1337games.org\/cl-cl\/","name":"1337 Games CL","description":"","publisher":{"@id":"https:\/\/www.1337games.org\/cl-cl\/#organization"},"potentialAction":[{"@type":"SearchAction","target":{"@type":"EntryPoint","urlTemplate":"https:\/\/www.1337games.org\/cl-cl\/?s={search_term_string}"},"query-input":{"@type":"PropertyValueSpecification","valueRequired":true,"valueName":"search_term_string"}}],"inLanguage":"es-CL"},{"@type":"Organization","@id":"https:\/\/www.1337games.org\/cl-cl\/#organization","name":"1337 Games","url":"https:\/\/www.1337games.org\/cl-cl\/","logo":{"@type":"ImageObject","inLanguage":"es-CL","@id":"https:\/\/www.1337games.org\/cl-cl\/#\/schema\/logo\/image\/","url":"https:\/\/www.1337games.org\/cl-cl\/wp-content\/uploads\/sites\/19\/2025\/10\/cropped-1Games.png","contentUrl":"https:\/\/www.1337games.org\/cl-cl\/wp-content\/uploads\/sites\/19\/2025\/10\/cropped-1Games.png","width":512,"height":512,"caption":"1337 Games"},"image":{"@id":"https:\/\/www.1337games.org\/cl-cl\/#\/schema\/logo\/image\/"},"sameAs":["https:\/\/www.facebook.com\/1337gamesio\/","https:\/\/x.com\/1337gamesio","https:\/\/www.instagram.com\/1337gamesio\/"],"email":"info@1337games.io","numberOfEmployees":{"@type":"QuantitativeValue","minValue":"11","maxValue":"50"}}]}},"_links":{"self":[{"href":"https:\/\/www.1337games.org\/cl-cl\/wp-json\/wp\/v2\/pages\/89196","targetHints":{"allow":["GET"]}}],"collection":[{"href":"https:\/\/www.1337games.org\/cl-cl\/wp-json\/wp\/v2\/pages"}],"about":[{"href":"https:\/\/www.1337games.org\/cl-cl\/wp-json\/wp\/v2\/types\/page"}],"author":[{"embeddable":true,"href":"https:\/\/www.1337games.org\/cl-cl\/wp-json\/wp\/v2\/users\/25014"}],"replies":[{"embeddable":true,"href":"https:\/\/www.1337games.org\/cl-cl\/wp-json\/wp\/v2\/comments?post=89196"}],"version-history":[{"count":2,"href":"https:\/\/www.1337games.org\/cl-cl\/wp-json\/wp\/v2\/pages\/89196\/revisions"}],"predecessor-version":[{"id":89199,"href":"https:\/\/www.1337games.org\/cl-cl\/wp-json\/wp\/v2\/pages\/89196\/revisions\/89199"}],"wp:attachment":[{"href":"https:\/\/www.1337games.org\/cl-cl\/wp-json\/wp\/v2\/media?parent=89196"}],"curies":[{"name":"wp","href":"https:\/\/api.w.org\/{rel}","templated":true}]}}