{"id":97130,"date":"2025-02-28T06:54:01","date_gmt":"2025-02-28T06:54:01","guid":{"rendered":"https:\/\/www.1337games.org\/de-de\/?page_id=97130"},"modified":"2025-05-26T06:51:33","modified_gmt":"2025-05-26T06:51:33","slug":"karriere","status":"publish","type":"page","link":"https:\/\/www.1337games.org\/de-de\/karriere\/","title":{"rendered":"Arbeiten bei 1337 Games"},"content":{"rendered":"\n<p>Bei <strong>1337 Games<\/strong> setzen wir uns daf\u00fcr ein, fundierte Einblicke und Inspiration zu liefern \u2013 von den spannendsten Spielen bis zu den neuesten Konsolen und von den besten Online Casinos bis zu den vertrauensw\u00fcrdigsten Buchmachern. Egal, wor\u00fcber wir schreiben: Unser Ziel ist es, h\u00f6chste Ma\u00dfst\u00e4be f\u00fcr unsere Inhalte zu setzen.<\/p>\n\n\n\n<h2 class=\"wp-block-heading\" id=\"h-offene-stellen\">Offene Stellen<\/h2>\n\n\n\n<ul class=\"wp-block-list\">\n<li><strong><a href=\"https:\/\/www.1337games.org\/de-de\/karriere\/content-autor\/\">iGaming Content Autor (Remote \/ Vor Ort)<\/a><\/strong><\/li>\n\n\n\n<li><strong><a href=\"https:\/\/www.1337games.org\/de-de\/karriere\/content-manager\/\">iGaming Content Manager (Remote \/ Vor Ort)<\/a><\/strong><\/li>\n\n\n\n<li><strong><a href=\"https:\/\/www.1337games.org\/de-de\/karriere\/seo-manager\/\">iGaming SEO Manager (Remote \/ Vor Ort)<\/a><\/strong><\/li>\n\n\n\n<li><strong><a href=\"https:\/\/www.1337games.org\/de-de\/karriere\/social-media-manager\/\">Social Media Manager (Remote \/ Vor Ort)<\/a><\/strong><\/li>\n\n\n\n<li><strong><a href=\"https:\/\/www.1337games.org\/de-de\/karriere\/wordpress-entwickler\/\">WordPress Entwickler (Remote \/ Vor Ort)<\/a><\/strong><\/li>\n\n\n\n<li><strong><a href=\"https:\/\/www.1337games.org\/de-de\/karriere\/nachrichtenredakteur\/\">Nachrichtenredakteur bei 1337 Games (Remote \/ Vor Ort)<\/a><\/strong><\/li>\n<\/ul>\n\n\n\n<h2 class=\"wp-block-heading\" id=\"h-warum-bei-1337-games-arbeiten\">Warum bei 1337 Games arbeiten?<\/h2>\n\n\n\n<ul class=\"wp-block-list\">\n<li><strong>Expertise und Erfahrung<\/strong> \u2013 Unser Team besteht aus Branchenexperten und erfahrenen Spielern, die gemeinsam daran arbeiten, unseren Lesern die bestm\u00f6glichen Inhalte zu bieten.<\/li>\n\n\n\n<li><strong>Eine innovative Kultur<\/strong> \u2013 Wir sch\u00e4tzen frische Ideen und schaffen eine Umgebung, in der kreative K\u00f6pfe willkommen sind.<\/li>\n\n\n\n<li><strong>Den Blick in die Zukunft richten<\/strong> \u2013 Bei 1337 Games bieten wir dir die M\u00f6glichkeit, dich kontinuierlich weiterzuentwickeln, von den Besten zu lernen und an spannenden Projekten zu arbeiten.<\/li>\n<\/ul>\n\n\n\n<h2 class=\"wp-block-heading\" id=\"h-wen-suchen-wir\">Wen suchen wir?<\/h2>\n\n\n\n<p>Liebst du Online-Gaming und hast ein Talent f\u00fcrs Schreiben? M\u00f6chtest du dein Fachwissen in einem engagierten Team teilen? Dann suchen wir vielleicht genau dich!<\/p>\n\n\n\n<h2 class=\"wp-block-heading\" id=\"h-was-wir-von-dir-erwarten\">Was wir von dir erwarten:<\/h2>\n\n\n\n<ul class=\"wp-block-list\">\n<li>Exzellente Deutschkenntnisse in Wort und Schrift<\/li>\n\n\n\n<li>Fundiertes Wissen \u00fcber Gaming und die Online-Gl\u00fccksspielbranche<\/li>\n\n\n\n<li>Teamgeist und die F\u00e4higkeit, Deadlines einzuhalten<\/li>\n\n\n\n<li>Ein Auge f\u00fcr Details und eine Leidenschaft f\u00fcr Qualit\u00e4t<\/li>\n<\/ul>\n\n\n\n<p>Erkennst du dich in dieser Beschreibung wieder? Worauf wartest du dann noch? Kontaktiere uns unter <strong><a>info@1337games.org<\/a><\/strong> \u2013 vielleicht bist du schon bald unser neuestes Teammitglied!<\/p>\n\n\n<div class=\"kk-star-ratings kksr-auto kksr-align-left kksr-valign-bottom\"\n    data-payload='{&quot;align&quot;:&quot;left&quot;,&quot;id&quot;:&quot;97130&quot;,&quot;slug&quot;:&quot;default&quot;,&quot;valign&quot;:&quot;bottom&quot;,&quot;ignore&quot;:&quot;&quot;,&quot;reference&quot;:&quot;auto&quot;,&quot;class&quot;:&quot;&quot;,&quot;count&quot;:&quot;1&quot;,&quot;legendonly&quot;:&quot;&quot;,&quot;readonly&quot;:&quot;&quot;,&quot;score&quot;:&quot;1&quot;,&quot;starsonly&quot;:&quot;&quot;,&quot;best&quot;:&quot;5&quot;,&quot;gap&quot;:&quot;5&quot;,&quot;greet&quot;:&quot;Artikel bewerten&quot;,&quot;legend&quot;:&quot;1\\\/5 - (1 vote)&quot;,&quot;size&quot;:&quot;24&quot;,&quot;title&quot;:&quot;Arbeiten bei 1337 Games&quot;,&quot;width&quot;:&quot;26.5&quot;,&quot;_legend&quot;:&quot;{score}\\\/{best} - ({count} {votes})&quot;,&quot;font_factor&quot;:&quot;1.25&quot;}'>\n            \n<div class=\"kksr-stars\">\n    \n<div class=\"kksr-stars-inactive\">\n            <div class=\"kksr-star\" data-star=\"1\" style=\"padding-right: 5px\">\n            \n\n<div class=\"kksr-icon\" style=\"width: 24px; height: 24px;\"><\/div>\n        <\/div>\n            <div class=\"kksr-star\" data-star=\"2\" style=\"padding-right: 5px\">\n            \n\n<div class=\"kksr-icon\" style=\"width: 24px; height: 24px;\"><\/div>\n        <\/div>\n            <div class=\"kksr-star\" data-star=\"3\" style=\"padding-right: 5px\">\n            \n\n<div class=\"kksr-icon\" style=\"width: 24px; height: 24px;\"><\/div>\n        <\/div>\n            <div class=\"kksr-star\" data-star=\"4\" style=\"padding-right: 5px\">\n            \n\n<div class=\"kksr-icon\" style=\"width: 24px; height: 24px;\"><\/div>\n        <\/div>\n            <div class=\"kksr-star\" data-star=\"5\" style=\"padding-right: 5px\">\n            \n\n<div class=\"kksr-icon\" style=\"width: 24px; height: 24px;\"><\/div>\n        <\/div>\n    <\/div>\n    \n<div class=\"kksr-stars-active\" style=\"width: 26.5px;\">\n            <div class=\"kksr-star\" style=\"padding-right: 5px\">\n            \n\n<div class=\"kksr-icon\" style=\"width: 24px; height: 24px;\"><\/div>\n        <\/div>\n            <div class=\"kksr-star\" style=\"padding-right: 5px\">\n            \n\n<div class=\"kksr-icon\" style=\"width: 24px; height: 24px;\"><\/div>\n        <\/div>\n            <div class=\"kksr-star\" style=\"padding-right: 5px\">\n            \n\n<div class=\"kksr-icon\" style=\"width: 24px; height: 24px;\"><\/div>\n        <\/div>\n            <div class=\"kksr-star\" style=\"padding-right: 5px\">\n            \n\n<div class=\"kksr-icon\" style=\"width: 24px; height: 24px;\"><\/div>\n        <\/div>\n            <div class=\"kksr-star\" style=\"padding-right: 5px\">\n            \n\n<div class=\"kksr-icon\" style=\"width: 24px; height: 24px;\"><\/div>\n        <\/div>\n    <\/div>\n<\/div>\n                \n\n<div class=\"kksr-legend\" style=\"font-size: 19.2px;\">\n            1\/5 - (1 vote)    <\/div>\n    <\/div>\n","protected":false},"excerpt":{"rendered":"<p>Bei 1337 Games setzen wir uns daf\u00fcr ein, fundierte Einblicke und Inspiration zu liefern \u2013 von den spannendsten Spielen bis zu den neuesten Konsolen und von den besten Online Casinos bis zu den vertrauensw\u00fcrdigsten Buchmachern. Egal, wor\u00fcber wir schreiben: Unser Ziel ist es, h\u00f6chste Ma\u00dfst\u00e4be f\u00fcr unsere Inhalte zu setzen. Offene Stellen Warum bei 1337 [&hellip;]<\/p>\n","protected":false},"author":25001,"featured_media":0,"parent":0,"menu_order":0,"comment_status":"closed","ping_status":"closed","template":"","meta":{"footnotes":""},"class_list":["post-97130","page","type-page","status-publish","hentry"],"featured_image_src":null,"yoast_head":"<!-- This site is optimized with the Yoast SEO Premium plugin v27.0 (Yoast SEO v27.0) - https:\/\/yoast.com\/product\/yoast-seo-premium-wordpress\/ -->\n<title>Arbeiten bei 1337 Games<\/title>\n<meta name=\"description\" content=\"Karriere bei 1337 Games: Werde Teil eines innovativen iGaming-Teams \u2013 remote oder vor Ort. Jetzt bewerben!\" \/>\n<meta name=\"robots\" content=\"index, follow, max-snippet:-1, max-image-preview:large, max-video-preview:-1\" \/>\n<link rel=\"canonical\" href=\"https:\/\/www.1337games.org\/de-de\/karriere\/\" \/>\n<meta property=\"og:locale\" content=\"de_DE\" \/>\n<meta property=\"og:type\" content=\"article\" \/>\n<meta property=\"og:title\" content=\"Arbeiten bei 1337 Games\" \/>\n<meta property=\"og:description\" content=\"Karriere bei 1337 Games: Werde Teil eines innovativen iGaming-Teams \u2013 remote oder vor Ort. Jetzt bewerben!\" \/>\n<meta property=\"og:url\" content=\"https:\/\/www.1337games.org\/de-de\/karriere\/\" \/>\n<meta property=\"og:site_name\" content=\"1337 Games DE\" \/>\n<meta property=\"article:publisher\" content=\"https:\/\/www.facebook.com\/1337gamesio\/\" \/>\n<meta property=\"article:modified_time\" content=\"2025-05-26T06:51:33+00:00\" \/>\n<meta name=\"twitter:card\" content=\"summary_large_image\" \/>\n<meta name=\"twitter:site\" content=\"@1337gamesio\" \/>\n<meta name=\"twitter:label1\" content=\"Gesch\u00e4tzte Lesezeit\" \/>\n\t<meta name=\"twitter:data1\" content=\"2\u00a0Minuten\" \/>\n<script type=\"application\/ld+json\" class=\"yoast-schema-graph\">{\"@context\":\"https:\/\/schema.org\",\"@graph\":[{\"@type\":\"WebPage\",\"@id\":\"https:\/\/www.1337games.org\/de-de\/karriere\/\",\"url\":\"https:\/\/www.1337games.org\/de-de\/karriere\/\",\"name\":\"Arbeiten bei 1337 Games\",\"isPartOf\":{\"@id\":\"https:\/\/www.1337games.org\/de-de\/#website\"},\"datePublished\":\"2025-02-28T06:54:01+00:00\",\"dateModified\":\"2025-05-26T06:51:33+00:00\",\"description\":\"Karriere bei 1337 Games: Werde Teil eines innovativen iGaming-Teams \u2013 remote oder vor Ort. Jetzt bewerben!\",\"breadcrumb\":{\"@id\":\"https:\/\/www.1337games.org\/de-de\/karriere\/#breadcrumb\"},\"inLanguage\":\"de\",\"potentialAction\":[{\"@type\":\"ReadAction\",\"target\":[\"https:\/\/www.1337games.org\/de-de\/karriere\/\"]}]},{\"@type\":\"BreadcrumbList\",\"@id\":\"https:\/\/www.1337games.org\/de-de\/karriere\/#breadcrumb\",\"itemListElement\":[{\"@type\":\"ListItem\",\"position\":1,\"name\":\"Home\",\"item\":\"https:\/\/www.1337games.org\/de-de\/\"},{\"@type\":\"ListItem\",\"position\":2,\"name\":\"Karriere\"}]},{\"@type\":\"WebSite\",\"@id\":\"https:\/\/www.1337games.org\/de-de\/#website\",\"url\":\"https:\/\/www.1337games.org\/de-de\/\",\"name\":\"1337 Games DE - Online Gl\u00fccksspiel in Deutschland\",\"description\":\"\",\"publisher\":{\"@id\":\"https:\/\/www.1337games.org\/de-de\/#organization\"},\"potentialAction\":[{\"@type\":\"SearchAction\",\"target\":{\"@type\":\"EntryPoint\",\"urlTemplate\":\"https:\/\/www.1337games.org\/de-de\/?s={search_term_string}\"},\"query-input\":{\"@type\":\"PropertyValueSpecification\",\"valueRequired\":true,\"valueName\":\"search_term_string\"}}],\"inLanguage\":\"de\"},{\"@type\":\"Organization\",\"@id\":\"https:\/\/www.1337games.org\/de-de\/#organization\",\"name\":\"1337 Games\",\"url\":\"https:\/\/www.1337games.org\/de-de\/\",\"logo\":{\"@type\":\"ImageObject\",\"inLanguage\":\"de\",\"@id\":\"https:\/\/www.1337games.org\/de-de\/#\/schema\/logo\/image\/\",\"url\":\"https:\/\/www.1337games.org\/de-de\/wp-content\/uploads\/sites\/4\/2025\/10\/cropped-1Games.png\",\"contentUrl\":\"https:\/\/www.1337games.org\/de-de\/wp-content\/uploads\/sites\/4\/2025\/10\/cropped-1Games.png\",\"width\":512,\"height\":512,\"caption\":\"1337 Games\"},\"image\":{\"@id\":\"https:\/\/www.1337games.org\/de-de\/#\/schema\/logo\/image\/\"},\"sameAs\":[\"https:\/\/www.facebook.com\/1337gamesio\/\",\"https:\/\/x.com\/1337gamesio\",\"https:\/\/www.instagram.com\/1337gamesio\/\"],\"email\":\"info@1337games.io\",\"numberOfEmployees\":{\"@type\":\"QuantitativeValue\",\"minValue\":\"11\",\"maxValue\":\"50\"}}]}<\/script>\n<!-- \/ Yoast SEO Premium plugin. -->","yoast_head_json":{"title":"Arbeiten bei 1337 Games","description":"Karriere bei 1337 Games: Werde Teil eines innovativen iGaming-Teams \u2013 remote oder vor Ort. Jetzt bewerben!","robots":{"index":"index","follow":"follow","max-snippet":"max-snippet:-1","max-image-preview":"max-image-preview:large","max-video-preview":"max-video-preview:-1"},"canonical":"https:\/\/www.1337games.org\/de-de\/karriere\/","og_locale":"de_DE","og_type":"article","og_title":"Arbeiten bei 1337 Games","og_description":"Karriere bei 1337 Games: Werde Teil eines innovativen iGaming-Teams \u2013 remote oder vor Ort. Jetzt bewerben!","og_url":"https:\/\/www.1337games.org\/de-de\/karriere\/","og_site_name":"1337 Games DE","article_publisher":"https:\/\/www.facebook.com\/1337gamesio\/","article_modified_time":"2025-05-26T06:51:33+00:00","twitter_card":"summary_large_image","twitter_site":"@1337gamesio","twitter_misc":{"Gesch\u00e4tzte Lesezeit":"2\u00a0Minuten"},"schema":{"@context":"https:\/\/schema.org","@graph":[{"@type":"WebPage","@id":"https:\/\/www.1337games.org\/de-de\/karriere\/","url":"https:\/\/www.1337games.org\/de-de\/karriere\/","name":"Arbeiten bei 1337 Games","isPartOf":{"@id":"https:\/\/www.1337games.org\/de-de\/#website"},"datePublished":"2025-02-28T06:54:01+00:00","dateModified":"2025-05-26T06:51:33+00:00","description":"Karriere bei 1337 Games: Werde Teil eines innovativen iGaming-Teams \u2013 remote oder vor Ort. Jetzt bewerben!","breadcrumb":{"@id":"https:\/\/www.1337games.org\/de-de\/karriere\/#breadcrumb"},"inLanguage":"de","potentialAction":[{"@type":"ReadAction","target":["https:\/\/www.1337games.org\/de-de\/karriere\/"]}]},{"@type":"BreadcrumbList","@id":"https:\/\/www.1337games.org\/de-de\/karriere\/#breadcrumb","itemListElement":[{"@type":"ListItem","position":1,"name":"Home","item":"https:\/\/www.1337games.org\/de-de\/"},{"@type":"ListItem","position":2,"name":"Karriere"}]},{"@type":"WebSite","@id":"https:\/\/www.1337games.org\/de-de\/#website","url":"https:\/\/www.1337games.org\/de-de\/","name":"1337 Games DE - Online Gl\u00fccksspiel in Deutschland","description":"","publisher":{"@id":"https:\/\/www.1337games.org\/de-de\/#organization"},"potentialAction":[{"@type":"SearchAction","target":{"@type":"EntryPoint","urlTemplate":"https:\/\/www.1337games.org\/de-de\/?s={search_term_string}"},"query-input":{"@type":"PropertyValueSpecification","valueRequired":true,"valueName":"search_term_string"}}],"inLanguage":"de"},{"@type":"Organization","@id":"https:\/\/www.1337games.org\/de-de\/#organization","name":"1337 Games","url":"https:\/\/www.1337games.org\/de-de\/","logo":{"@type":"ImageObject","inLanguage":"de","@id":"https:\/\/www.1337games.org\/de-de\/#\/schema\/logo\/image\/","url":"https:\/\/www.1337games.org\/de-de\/wp-content\/uploads\/sites\/4\/2025\/10\/cropped-1Games.png","contentUrl":"https:\/\/www.1337games.org\/de-de\/wp-content\/uploads\/sites\/4\/2025\/10\/cropped-1Games.png","width":512,"height":512,"caption":"1337 Games"},"image":{"@id":"https:\/\/www.1337games.org\/de-de\/#\/schema\/logo\/image\/"},"sameAs":["https:\/\/www.facebook.com\/1337gamesio\/","https:\/\/x.com\/1337gamesio","https:\/\/www.instagram.com\/1337gamesio\/"],"email":"info@1337games.io","numberOfEmployees":{"@type":"QuantitativeValue","minValue":"11","maxValue":"50"}}]}},"_links":{"self":[{"href":"https:\/\/www.1337games.org\/de-de\/wp-json\/wp\/v2\/pages\/97130","targetHints":{"allow":["GET"]}}],"collection":[{"href":"https:\/\/www.1337games.org\/de-de\/wp-json\/wp\/v2\/pages"}],"about":[{"href":"https:\/\/www.1337games.org\/de-de\/wp-json\/wp\/v2\/types\/page"}],"author":[{"embeddable":true,"href":"https:\/\/www.1337games.org\/de-de\/wp-json\/wp\/v2\/users\/25001"}],"replies":[{"embeddable":true,"href":"https:\/\/www.1337games.org\/de-de\/wp-json\/wp\/v2\/comments?post=97130"}],"version-history":[{"count":0,"href":"https:\/\/www.1337games.org\/de-de\/wp-json\/wp\/v2\/pages\/97130\/revisions"}],"wp:attachment":[{"href":"https:\/\/www.1337games.org\/de-de\/wp-json\/wp\/v2\/media?parent=97130"}],"curies":[{"name":"wp","href":"https:\/\/api.w.org\/{rel}","templated":true}]}}