{"id":97132,"date":"2025-02-28T06:58:00","date_gmt":"2025-02-28T06:58:00","guid":{"rendered":"https:\/\/www.1337games.org\/de-de\/?page_id=97132"},"modified":"2025-05-26T06:56:20","modified_gmt":"2025-05-26T06:56:20","slug":"content-autor","status":"publish","type":"page","link":"https:\/\/www.1337games.org\/de-de\/karriere\/content-autor\/","title":{"rendered":"iGaming Content-Autor (Remote \/ Vor Ort)"},"content":{"rendered":"\n<p>Schlie\u00dfe dich <strong>1337Games<\/strong> an, einem zukunftsorientierten Unternehmen in der iGaming-Branche! Wir suchen einen leidenschaftlichen <strong>iGaming Content-Autor,<\/strong> der flie\u00dfend Deutsch spricht und eine nachweisliche Erfolgsbilanz in der Erstellung herausragender Inhalte vorweisen kann.<\/p>\n\n\n\n<h2 class=\"wp-block-heading\" id=\"h-deine-verantwortlichkeiten\">Deine Verantwortlichkeiten:<\/h2>\n\n\n\n<ul class=\"wp-block-list\">\n<li><strong>Inhaltserstellung:<\/strong> Erstellung von fesselnden, qualitativ hochwertigen Inhalten auf Deutsch, die speziell auf die iGaming-Branche zugeschnitten sind. Dies umfasst Artikel, Website-Texte, SEO-Seiten, Blogbeitr\u00e4ge, Rezensionen und Anleitungen, die unser Publikum ansprechen und informieren.<\/li>\n\n\n\n<li><strong>Recherche:<\/strong> Durchf\u00fchrung gr\u00fcndlicher Recherchen, um faktisch genaue und aktuelle Inhalte zu erstellen, die 1337 Games als Autorit\u00e4t in der iGaming-Nische positionieren.<\/li>\n\n\n\n<li><strong>Bearbeitung &amp; Korrekturlesen:<\/strong> Sorgf\u00e4ltige Bearbeitung und Verfeinerung von Inhalten, um h\u00f6chste Standards in Klarheit, Lesbarkeit und Engagement zu gew\u00e4hrleisten, w\u00e4hrend eine konsistente Markenstimme und -stil beibehalten werden.<\/li>\n\n\n\n<li><strong>Qualit\u00e4tssicherung:<\/strong> Sicherstellung, dass alle Inhalte den SEO-Standards entsprechen und mit den neuesten Branchenvorschriften und ethischen Richtlinien \u00fcbereinstimmen.<\/li>\n<\/ul>\n\n\n\n<h2 class=\"wp-block-heading\" id=\"h-unsere-anforderungen\">Unsere Anforderungen:<\/h2>\n\n\n\n<ul class=\"wp-block-list\">\n<li><strong>Flie\u00dfend in Deutsch:<\/strong> Muttersprache oder vergleichbare Deutschkenntnisse mit au\u00dfergew\u00f6hnlichen Schreib-, Grammatik- und Bearbeitungsf\u00e4higkeiten.<\/li>\n\n\n\n<li><strong>Nachgewiesene iGaming-Expertise:<\/strong> Umfassende Erfahrung in der iGaming-Branche ist unerl\u00e4sslich. Kandidaten sollten ein Portfolio vorweisen k\u00f6nnen, das ihre Expertise in dieser Nische zeigt.<\/li>\n\n\n\n<li><strong>SEO-Kenntnisse:<\/strong> Starkes Verst\u00e4ndnis von On-Page-SEO-Best-Practices und die F\u00e4higkeit, Inhalte zu erstellen, die in Suchmaschinen gut ranken.<\/li>\n\n\n\n<li><strong>Recherchef\u00e4higkeiten:<\/strong> Ausgezeichnete Recherchef\u00e4higkeiten, um faktisch genaue und aktuelle Inhalte zu entwickeln.<\/li>\n\n\n\n<li><strong>Kreativit\u00e4t &amp; Innovation:<\/strong> Die F\u00e4higkeit, frische, ansprechende Content-Ideen zu generieren, die bei unserem Publikum Anklang finden.<\/li>\n\n\n\n<li><strong>Detailgenauigkeit:<\/strong> Ein akribisches Auge f\u00fcr Details und das Engagement, hohe Inhaltsstandards aufrechtzuerhalten.<\/li>\n\n\n\n<li><strong>Selbstmotivation:<\/strong> Die F\u00e4higkeit, unabh\u00e4ngig zu arbeiten und die Zeit effektiv zu managen, um Deadlines einzuhalten.<\/li>\n<\/ul>\n\n\n\n<h2 class=\"wp-block-heading\" id=\"h-was-wir-bieten\">Was wir bieten:<\/h2>\n\n\n\n<ul class=\"wp-block-list\">\n<li><strong>Wettbewerbsf\u00e4higes Gehalt:<\/strong> Ein attraktives Gehaltspaket basierend auf Erfahrung und F\u00e4higkeiten.<\/li>\n\n\n\n<li><strong>Professionelles Wachstum:<\/strong> Verbessere deine F\u00e4higkeiten mit der Unterst\u00fctzung von Branchenexperten mit jahrzehntelanger Erfahrung.<\/li>\n\n\n\n<li><strong>Flexibles Remote-Arbeiten:<\/strong> Flexible Remote-Arbeitsm\u00f6glichkeiten, die es dir erm\u00f6glichen, von \u00fcberall aus zu arbeiten.<\/li>\n\n\n\n<li><strong>Unterst\u00fctzendes Teamumfeld:<\/strong> Zusammenarbeit mit einem Team leidenschaftlicher Fachleute, die sich Innovation und Exzellenz in der iGaming-Branche verschrieben haben.<\/li>\n<\/ul>\n\n\n\n<h2 class=\"wp-block-heading\" id=\"h-unsere-werte\">Unsere Werte:<\/h2>\n\n\n\n<p>Bei <strong>1337 Games<\/strong> verpflichten wir uns zu:<\/p>\n\n\n\n<ul class=\"wp-block-list\">\n<li><strong>Integrit\u00e4t &amp; ethische Praktiken:<\/strong> Aufrechterhaltung des h\u00f6chsten Ma\u00dfes an Ehrlichkeit und ethischem Verhalten in all unseren Operationen.<\/li>\n\n\n\n<li><strong>Innovation:<\/strong> St\u00e4ndige Erforschung neuer und kreativer Ans\u00e4tze f\u00fcr die Inhaltserstellung und -strategie.<\/li>\n\n\n\n<li><strong>Qualit\u00e4t:<\/strong> Lieferung von erstklassigen Inhalten, die Branchenstandards setzen.<\/li>\n\n\n\n<li><strong>Zusammenarbeit:<\/strong> F\u00f6rderung des Teamworks und der gegenseitigen Unterst\u00fctzung, in der jede Stimme gesch\u00e4tzt wird.<\/li>\n<\/ul>\n\n\n\n<h2 class=\"wp-block-heading\" id=\"h-wie-du-dich-bewirbst\">Wie du dich bewirbst:<\/h2>\n\n\n\n<p>Sende deine Bewerbung an <strong><a>info@1337games.org<\/a><\/strong>, einschlie\u00dflich eines <strong>Anschreibens, deines Lebenslaufs und relevanter Schreibproben<\/strong>, die deine Erfahrung und Expertise in der iGaming-Branche demonstrieren. Wir freuen uns auf deine Bewerbung!<\/p>\n\n\n\n<p>Vielleicht interessierst du dich auch f\u00fcr eine unserer anderen offenen Positionen. <strong>Schau dir <a href=\"https:\/\/www.1337games.org\/de-de\/karriere\/\">unsere Karriereseite<\/a> an!<\/strong><\/p>\n\n\n<div class=\"kk-star-ratings kksr-auto kksr-align-left kksr-valign-bottom\"\n    data-payload='{&quot;align&quot;:&quot;left&quot;,&quot;id&quot;:&quot;97132&quot;,&quot;slug&quot;:&quot;default&quot;,&quot;valign&quot;:&quot;bottom&quot;,&quot;ignore&quot;:&quot;&quot;,&quot;reference&quot;:&quot;auto&quot;,&quot;class&quot;:&quot;&quot;,&quot;count&quot;:&quot;0&quot;,&quot;legendonly&quot;:&quot;&quot;,&quot;readonly&quot;:&quot;&quot;,&quot;score&quot;:&quot;0&quot;,&quot;starsonly&quot;:&quot;&quot;,&quot;best&quot;:&quot;5&quot;,&quot;gap&quot;:&quot;5&quot;,&quot;greet&quot;:&quot;Artikel bewerten&quot;,&quot;legend&quot;:&quot;0\\\/5 - (0 votes)&quot;,&quot;size&quot;:&quot;24&quot;,&quot;title&quot;:&quot;iGaming Content-Autor (Remote \\\/ Vor Ort)&quot;,&quot;width&quot;:&quot;0&quot;,&quot;_legend&quot;:&quot;{score}\\\/{best} - ({count} {votes})&quot;,&quot;font_factor&quot;:&quot;1.25&quot;}'>\n            \n<div class=\"kksr-stars\">\n    \n<div class=\"kksr-stars-inactive\">\n            <div class=\"kksr-star\" data-star=\"1\" style=\"padding-right: 5px\">\n            \n\n<div class=\"kksr-icon\" style=\"width: 24px; height: 24px;\"><\/div>\n        <\/div>\n            <div class=\"kksr-star\" data-star=\"2\" style=\"padding-right: 5px\">\n            \n\n<div class=\"kksr-icon\" style=\"width: 24px; height: 24px;\"><\/div>\n        <\/div>\n            <div class=\"kksr-star\" data-star=\"3\" style=\"padding-right: 5px\">\n            \n\n<div class=\"kksr-icon\" style=\"width: 24px; height: 24px;\"><\/div>\n        <\/div>\n            <div class=\"kksr-star\" data-star=\"4\" style=\"padding-right: 5px\">\n            \n\n<div class=\"kksr-icon\" style=\"width: 24px; height: 24px;\"><\/div>\n        <\/div>\n            <div class=\"kksr-star\" data-star=\"5\" style=\"padding-right: 5px\">\n            \n\n<div class=\"kksr-icon\" style=\"width: 24px; height: 24px;\"><\/div>\n        <\/div>\n    <\/div>\n    \n<div class=\"kksr-stars-active\" style=\"width: 0px;\">\n            <div class=\"kksr-star\" style=\"padding-right: 5px\">\n            \n\n<div class=\"kksr-icon\" style=\"width: 24px; height: 24px;\"><\/div>\n        <\/div>\n            <div class=\"kksr-star\" style=\"padding-right: 5px\">\n            \n\n<div class=\"kksr-icon\" style=\"width: 24px; height: 24px;\"><\/div>\n        <\/div>\n            <div class=\"kksr-star\" style=\"padding-right: 5px\">\n            \n\n<div class=\"kksr-icon\" style=\"width: 24px; height: 24px;\"><\/div>\n        <\/div>\n            <div class=\"kksr-star\" style=\"padding-right: 5px\">\n            \n\n<div class=\"kksr-icon\" style=\"width: 24px; height: 24px;\"><\/div>\n        <\/div>\n            <div class=\"kksr-star\" style=\"padding-right: 5px\">\n            \n\n<div class=\"kksr-icon\" style=\"width: 24px; height: 24px;\"><\/div>\n        <\/div>\n    <\/div>\n<\/div>\n                \n\n<div class=\"kksr-legend\" style=\"font-size: 19.2px;\">\n            <span class=\"kksr-muted\">Artikel bewerten<\/span>\n    <\/div>\n    <\/div>\n","protected":false},"excerpt":{"rendered":"<p>Schlie\u00dfe dich 1337Games an, einem zukunftsorientierten Unternehmen in der iGaming-Branche! Wir suchen einen leidenschaftlichen iGaming Content-Autor, der flie\u00dfend Deutsch spricht und eine nachweisliche Erfolgsbilanz in der Erstellung herausragender Inhalte vorweisen kann. Deine Verantwortlichkeiten: Unsere Anforderungen: Was wir bieten: Unsere Werte: Bei 1337 Games verpflichten wir uns zu: Wie du dich bewirbst: Sende deine Bewerbung an [&hellip;]<\/p>\n","protected":false},"author":25001,"featured_media":0,"parent":97130,"menu_order":0,"comment_status":"closed","ping_status":"closed","template":"","meta":{"footnotes":""},"class_list":["post-97132","page","type-page","status-publish","hentry"],"featured_image_src":null,"yoast_head":"<!-- This site is optimized with the Yoast SEO Premium plugin v27.0 (Yoast SEO v27.0) - https:\/\/yoast.com\/product\/yoast-seo-premium-wordpress\/ -->\n<title>iGaming Content-Autor (Remote \/ Vor Ort) - 1337 Games DE<\/title>\n<meta name=\"description\" content=\"Schlie\u00dfe dich als leidenschaftlicher Autor 1337 Games an, einem zukunftsorientierten Unternehmen in der iGaming-Branche! \u270d\ufe0f\" \/>\n<meta name=\"robots\" content=\"index, follow, max-snippet:-1, max-image-preview:large, max-video-preview:-1\" \/>\n<link rel=\"canonical\" href=\"https:\/\/www.1337games.org\/de-de\/karriere\/content-autor\/\" \/>\n<meta property=\"og:locale\" content=\"de_DE\" \/>\n<meta property=\"og:type\" content=\"article\" \/>\n<meta property=\"og:title\" content=\"iGaming Content-Autor (Remote \/ Vor Ort)\" \/>\n<meta property=\"og:description\" content=\"Schlie\u00dfe dich als leidenschaftlicher Autor 1337 Games an, einem zukunftsorientierten Unternehmen in der iGaming-Branche! \u270d\ufe0f\" \/>\n<meta property=\"og:url\" content=\"https:\/\/www.1337games.org\/de-de\/karriere\/content-autor\/\" \/>\n<meta property=\"og:site_name\" content=\"1337 Games DE\" \/>\n<meta property=\"article:publisher\" content=\"https:\/\/www.facebook.com\/1337gamesio\/\" \/>\n<meta property=\"article:modified_time\" content=\"2025-05-26T06:56:20+00:00\" \/>\n<meta name=\"twitter:card\" content=\"summary_large_image\" \/>\n<meta name=\"twitter:site\" content=\"@1337gamesio\" \/>\n<meta name=\"twitter:label1\" content=\"Gesch\u00e4tzte Lesezeit\" \/>\n\t<meta name=\"twitter:data1\" content=\"3\u00a0Minuten\" \/>\n<script type=\"application\/ld+json\" class=\"yoast-schema-graph\">{\"@context\":\"https:\/\/schema.org\",\"@graph\":[{\"@type\":\"WebPage\",\"@id\":\"https:\/\/www.1337games.org\/de-de\/karriere\/content-autor\/\",\"url\":\"https:\/\/www.1337games.org\/de-de\/karriere\/content-autor\/\",\"name\":\"iGaming Content-Autor (Remote \/ Vor Ort) - 1337 Games DE\",\"isPartOf\":{\"@id\":\"https:\/\/www.1337games.org\/de-de\/#website\"},\"datePublished\":\"2025-02-28T06:58:00+00:00\",\"dateModified\":\"2025-05-26T06:56:20+00:00\",\"description\":\"Schlie\u00dfe dich als leidenschaftlicher Autor 1337 Games an, einem zukunftsorientierten Unternehmen in der iGaming-Branche! \u270d\ufe0f\",\"breadcrumb\":{\"@id\":\"https:\/\/www.1337games.org\/de-de\/karriere\/content-autor\/#breadcrumb\"},\"inLanguage\":\"de\",\"potentialAction\":[{\"@type\":\"ReadAction\",\"target\":[\"https:\/\/www.1337games.org\/de-de\/karriere\/content-autor\/\"]}]},{\"@type\":\"BreadcrumbList\",\"@id\":\"https:\/\/www.1337games.org\/de-de\/karriere\/content-autor\/#breadcrumb\",\"itemListElement\":[{\"@type\":\"ListItem\",\"position\":1,\"name\":\"Home\",\"item\":\"https:\/\/www.1337games.org\/de-de\/\"},{\"@type\":\"ListItem\",\"position\":2,\"name\":\"Karriere\",\"item\":\"https:\/\/www.1337games.org\/de-de\/karriere\/\"},{\"@type\":\"ListItem\",\"position\":3,\"name\":\"iGaming Content-Autor\"}]},{\"@type\":\"WebSite\",\"@id\":\"https:\/\/www.1337games.org\/de-de\/#website\",\"url\":\"https:\/\/www.1337games.org\/de-de\/\",\"name\":\"1337 Games DE - Online Gl\u00fccksspiel in Deutschland\",\"description\":\"\",\"publisher\":{\"@id\":\"https:\/\/www.1337games.org\/de-de\/#organization\"},\"potentialAction\":[{\"@type\":\"SearchAction\",\"target\":{\"@type\":\"EntryPoint\",\"urlTemplate\":\"https:\/\/www.1337games.org\/de-de\/?s={search_term_string}\"},\"query-input\":{\"@type\":\"PropertyValueSpecification\",\"valueRequired\":true,\"valueName\":\"search_term_string\"}}],\"inLanguage\":\"de\"},{\"@type\":\"Organization\",\"@id\":\"https:\/\/www.1337games.org\/de-de\/#organization\",\"name\":\"1337 Games\",\"url\":\"https:\/\/www.1337games.org\/de-de\/\",\"logo\":{\"@type\":\"ImageObject\",\"inLanguage\":\"de\",\"@id\":\"https:\/\/www.1337games.org\/de-de\/#\/schema\/logo\/image\/\",\"url\":\"https:\/\/www.1337games.org\/de-de\/wp-content\/uploads\/sites\/4\/2025\/10\/cropped-1Games.png\",\"contentUrl\":\"https:\/\/www.1337games.org\/de-de\/wp-content\/uploads\/sites\/4\/2025\/10\/cropped-1Games.png\",\"width\":512,\"height\":512,\"caption\":\"1337 Games\"},\"image\":{\"@id\":\"https:\/\/www.1337games.org\/de-de\/#\/schema\/logo\/image\/\"},\"sameAs\":[\"https:\/\/www.facebook.com\/1337gamesio\/\",\"https:\/\/x.com\/1337gamesio\",\"https:\/\/www.instagram.com\/1337gamesio\/\"],\"email\":\"info@1337games.io\",\"numberOfEmployees\":{\"@type\":\"QuantitativeValue\",\"minValue\":\"11\",\"maxValue\":\"50\"}}]}<\/script>\n<!-- \/ Yoast SEO Premium plugin. -->","yoast_head_json":{"title":"iGaming Content-Autor (Remote \/ Vor Ort) - 1337 Games DE","description":"Schlie\u00dfe dich als leidenschaftlicher Autor 1337 Games an, einem zukunftsorientierten Unternehmen in der iGaming-Branche! \u270d\ufe0f","robots":{"index":"index","follow":"follow","max-snippet":"max-snippet:-1","max-image-preview":"max-image-preview:large","max-video-preview":"max-video-preview:-1"},"canonical":"https:\/\/www.1337games.org\/de-de\/karriere\/content-autor\/","og_locale":"de_DE","og_type":"article","og_title":"iGaming Content-Autor (Remote \/ Vor Ort)","og_description":"Schlie\u00dfe dich als leidenschaftlicher Autor 1337 Games an, einem zukunftsorientierten Unternehmen in der iGaming-Branche! \u270d\ufe0f","og_url":"https:\/\/www.1337games.org\/de-de\/karriere\/content-autor\/","og_site_name":"1337 Games DE","article_publisher":"https:\/\/www.facebook.com\/1337gamesio\/","article_modified_time":"2025-05-26T06:56:20+00:00","twitter_card":"summary_large_image","twitter_site":"@1337gamesio","twitter_misc":{"Gesch\u00e4tzte Lesezeit":"3\u00a0Minuten"},"schema":{"@context":"https:\/\/schema.org","@graph":[{"@type":"WebPage","@id":"https:\/\/www.1337games.org\/de-de\/karriere\/content-autor\/","url":"https:\/\/www.1337games.org\/de-de\/karriere\/content-autor\/","name":"iGaming Content-Autor (Remote \/ Vor Ort) - 1337 Games DE","isPartOf":{"@id":"https:\/\/www.1337games.org\/de-de\/#website"},"datePublished":"2025-02-28T06:58:00+00:00","dateModified":"2025-05-26T06:56:20+00:00","description":"Schlie\u00dfe dich als leidenschaftlicher Autor 1337 Games an, einem zukunftsorientierten Unternehmen in der iGaming-Branche! \u270d\ufe0f","breadcrumb":{"@id":"https:\/\/www.1337games.org\/de-de\/karriere\/content-autor\/#breadcrumb"},"inLanguage":"de","potentialAction":[{"@type":"ReadAction","target":["https:\/\/www.1337games.org\/de-de\/karriere\/content-autor\/"]}]},{"@type":"BreadcrumbList","@id":"https:\/\/www.1337games.org\/de-de\/karriere\/content-autor\/#breadcrumb","itemListElement":[{"@type":"ListItem","position":1,"name":"Home","item":"https:\/\/www.1337games.org\/de-de\/"},{"@type":"ListItem","position":2,"name":"Karriere","item":"https:\/\/www.1337games.org\/de-de\/karriere\/"},{"@type":"ListItem","position":3,"name":"iGaming Content-Autor"}]},{"@type":"WebSite","@id":"https:\/\/www.1337games.org\/de-de\/#website","url":"https:\/\/www.1337games.org\/de-de\/","name":"1337 Games DE - Online Gl\u00fccksspiel in Deutschland","description":"","publisher":{"@id":"https:\/\/www.1337games.org\/de-de\/#organization"},"potentialAction":[{"@type":"SearchAction","target":{"@type":"EntryPoint","urlTemplate":"https:\/\/www.1337games.org\/de-de\/?s={search_term_string}"},"query-input":{"@type":"PropertyValueSpecification","valueRequired":true,"valueName":"search_term_string"}}],"inLanguage":"de"},{"@type":"Organization","@id":"https:\/\/www.1337games.org\/de-de\/#organization","name":"1337 Games","url":"https:\/\/www.1337games.org\/de-de\/","logo":{"@type":"ImageObject","inLanguage":"de","@id":"https:\/\/www.1337games.org\/de-de\/#\/schema\/logo\/image\/","url":"https:\/\/www.1337games.org\/de-de\/wp-content\/uploads\/sites\/4\/2025\/10\/cropped-1Games.png","contentUrl":"https:\/\/www.1337games.org\/de-de\/wp-content\/uploads\/sites\/4\/2025\/10\/cropped-1Games.png","width":512,"height":512,"caption":"1337 Games"},"image":{"@id":"https:\/\/www.1337games.org\/de-de\/#\/schema\/logo\/image\/"},"sameAs":["https:\/\/www.facebook.com\/1337gamesio\/","https:\/\/x.com\/1337gamesio","https:\/\/www.instagram.com\/1337gamesio\/"],"email":"info@1337games.io","numberOfEmployees":{"@type":"QuantitativeValue","minValue":"11","maxValue":"50"}}]}},"_links":{"self":[{"href":"https:\/\/www.1337games.org\/de-de\/wp-json\/wp\/v2\/pages\/97132","targetHints":{"allow":["GET"]}}],"collection":[{"href":"https:\/\/www.1337games.org\/de-de\/wp-json\/wp\/v2\/pages"}],"about":[{"href":"https:\/\/www.1337games.org\/de-de\/wp-json\/wp\/v2\/types\/page"}],"author":[{"embeddable":true,"href":"https:\/\/www.1337games.org\/de-de\/wp-json\/wp\/v2\/users\/25001"}],"replies":[{"embeddable":true,"href":"https:\/\/www.1337games.org\/de-de\/wp-json\/wp\/v2\/comments?post=97132"}],"version-history":[{"count":0,"href":"https:\/\/www.1337games.org\/de-de\/wp-json\/wp\/v2\/pages\/97132\/revisions"}],"up":[{"embeddable":true,"href":"https:\/\/www.1337games.org\/de-de\/wp-json\/wp\/v2\/pages\/97130"}],"wp:attachment":[{"href":"https:\/\/www.1337games.org\/de-de\/wp-json\/wp\/v2\/media?parent=97132"}],"curies":[{"name":"wp","href":"https:\/\/api.w.org\/{rel}","templated":true}]}}