{"id":97142,"date":"2025-02-28T07:07:18","date_gmt":"2025-02-28T07:07:18","guid":{"rendered":"https:\/\/www.1337games.org\/de-de\/?page_id=97142"},"modified":"2025-05-26T06:54:21","modified_gmt":"2025-05-26T06:54:21","slug":"seo-manager","status":"publish","type":"page","link":"https:\/\/www.1337games.org\/de-de\/karriere\/seo-manager\/","title":{"rendered":"iGaming SEO Manager (Remote \/ Vor Ort)"},"content":{"rendered":"\n<p>Wir bei <strong>1337 Games<\/strong>, einem f\u00fchrenden Unternehmen in der iGaming-Branche, suchen dich als erfahrenen und sachkundigen <strong>SEO Manager<\/strong>. Wenn du flie\u00dfend Deutsch sprichst und eine Leidenschaft f\u00fcr SEO und iGaming hast, freuen wir uns darauf, von dir zu h\u00f6ren!<\/p>\n\n\n\n<h2 class=\"wp-block-heading\" id=\"h-deine-verantwortlichkeiten\">Deine Verantwortlichkeiten:<\/h2>\n\n\n\n<ul class=\"wp-block-list\">\n<li><strong>SEO-Strategie:<\/strong> Entwicklung und Implementierung effektiver SEO-Strategien zur Steigerung der Online-Sichtbarkeit von 1337 Games.<\/li>\n\n\n\n<li><strong>Website-Optimierung:<\/strong> Analyse und Optimierung von Website-Inhalten zur Verbesserung des Suchmaschinenrankings.<\/li>\n\n\n\n<li><strong>Keyword-Recherche:<\/strong> Durchf\u00fchrung umfassender Keyword-Recherchen und Integration der Ergebnisse in die Content-Strategie.<\/li>\n\n\n\n<li><strong>Analyse &amp; Reporting:<\/strong> Verwendung von Analysetools zur \u00dcberwachung der SEO-Leistung, Erstellung von Berichten und entsprechende Anpassung der Strategien.<\/li>\n\n\n\n<li><strong>Teamzusammenarbeit:<\/strong> Enge Zusammenarbeit mit Content-Erstellern und Marketingexperten, um SEO-Best-Practices in allen digitalen Marketingma\u00dfnahmen umzusetzen.<\/li>\n<\/ul>\n\n\n\n<h2 class=\"wp-block-heading\" id=\"h-unsere-anforderungen\">Unsere Anforderungen:<\/h2>\n\n\n\n<ul class=\"wp-block-list\">\n<li><strong>SEO-Erfahrung:<\/strong> Nachgewiesene Erfahrung als SEO Manager oder in einer \u00e4hnlichen Rolle im digitalen Marketing.<\/li>\n\n\n\n<li><strong>Umfassende SEO-Kenntnisse:<\/strong> Tiefgehendes Verst\u00e4ndnis von SEO-Best-Practices, Tools und Trends.<\/li>\n\n\n\n<li><strong>Analytische F\u00e4higkeiten:<\/strong> Starke analytische F\u00e4higkeiten und Erfahrung im Umgang mit SEO-Analysetools.<\/li>\n\n\n\n<li><strong>Ausgezeichnete Deutschkenntnisse:<\/strong> Hervorragende Schreib- und Kommunikationsf\u00e4higkeiten in Deutsch.<\/li>\n\n\n\n<li><strong>Kreativit\u00e4t &amp; Probleml\u00f6sungsf\u00e4higkeiten:<\/strong> F\u00e4higkeit, kreative L\u00f6sungen f\u00fcr SEO-Herausforderungen zu entwickeln.<\/li>\n<\/ul>\n\n\n\n<h2 class=\"wp-block-heading\" id=\"h-was-wir-bieten\">Was wir bieten:<\/h2>\n\n\n\n<ul class=\"wp-block-list\">\n<li><strong>Wettbewerbsf\u00e4higes Gehalt:<\/strong> Attraktive Verg\u00fctung basierend auf Erfahrung und F\u00e4higkeiten.<\/li>\n\n\n\n<li><strong>Berufliche Entwicklung:<\/strong> M\u00f6glichkeiten zum beruflichen Wachstum in einem dynamischen Arbeitsumfeld.<\/li>\n\n\n\n<li><strong>Flexible Arbeitsbedingungen:<\/strong> Option auf Remote-Arbeit mit flexiblen Arbeitszeiten.<\/li>\n\n\n\n<li><strong>Dynamisches Team:<\/strong> Werde Teil eines Teams gleichgesinnter Experten, die nach Innovation und Erfolg streben.<\/li>\n<\/ul>\n\n\n\n<h2 class=\"wp-block-heading\" id=\"h-wie-du-dich-bewirbst\">Wie du dich bewirbst:<\/h2>\n\n\n\n<p>Sende deine Bewerbung an <strong><a>info@1337games.org<\/a><\/strong>, einschlie\u00dflich deines Anschreibens, deines Lebenslaufs und Nachweisen fr\u00fcherer SEO-Erfolge. Wir freuen uns darauf, mehr \u00fcber deine Expertise zu erfahren und wie du unser Team verst\u00e4rken kannst!<\/p>\n\n\n\n<p>Vielleicht interessierst du dich auch f\u00fcr eine unserer anderen offenen Positionen. <strong>Schaue dir gerne <a href=\"https:\/\/www.1337games.org\/de-de\/karriere\/\">unsere Karriereseite<\/a> an!<\/strong><\/p>\n\n\n<div class=\"kk-star-ratings kksr-auto kksr-align-left kksr-valign-bottom\"\n    data-payload='{&quot;align&quot;:&quot;left&quot;,&quot;id&quot;:&quot;97142&quot;,&quot;slug&quot;:&quot;default&quot;,&quot;valign&quot;:&quot;bottom&quot;,&quot;ignore&quot;:&quot;&quot;,&quot;reference&quot;:&quot;auto&quot;,&quot;class&quot;:&quot;&quot;,&quot;count&quot;:&quot;0&quot;,&quot;legendonly&quot;:&quot;&quot;,&quot;readonly&quot;:&quot;&quot;,&quot;score&quot;:&quot;0&quot;,&quot;starsonly&quot;:&quot;&quot;,&quot;best&quot;:&quot;5&quot;,&quot;gap&quot;:&quot;5&quot;,&quot;greet&quot;:&quot;Artikel bewerten&quot;,&quot;legend&quot;:&quot;0\\\/5 - (0 votes)&quot;,&quot;size&quot;:&quot;24&quot;,&quot;title&quot;:&quot;iGaming SEO Manager (Remote \\\/ Vor Ort)&quot;,&quot;width&quot;:&quot;0&quot;,&quot;_legend&quot;:&quot;{score}\\\/{best} - ({count} {votes})&quot;,&quot;font_factor&quot;:&quot;1.25&quot;}'>\n            \n<div class=\"kksr-stars\">\n    \n<div class=\"kksr-stars-inactive\">\n            <div class=\"kksr-star\" data-star=\"1\" style=\"padding-right: 5px\">\n            \n\n<div class=\"kksr-icon\" style=\"width: 24px; height: 24px;\"><\/div>\n        <\/div>\n            <div class=\"kksr-star\" data-star=\"2\" style=\"padding-right: 5px\">\n            \n\n<div class=\"kksr-icon\" style=\"width: 24px; height: 24px;\"><\/div>\n        <\/div>\n            <div class=\"kksr-star\" data-star=\"3\" style=\"padding-right: 5px\">\n            \n\n<div class=\"kksr-icon\" style=\"width: 24px; height: 24px;\"><\/div>\n        <\/div>\n            <div class=\"kksr-star\" data-star=\"4\" style=\"padding-right: 5px\">\n            \n\n<div class=\"kksr-icon\" style=\"width: 24px; height: 24px;\"><\/div>\n        <\/div>\n            <div class=\"kksr-star\" data-star=\"5\" style=\"padding-right: 5px\">\n            \n\n<div class=\"kksr-icon\" style=\"width: 24px; height: 24px;\"><\/div>\n        <\/div>\n    <\/div>\n    \n<div class=\"kksr-stars-active\" style=\"width: 0px;\">\n            <div class=\"kksr-star\" style=\"padding-right: 5px\">\n            \n\n<div class=\"kksr-icon\" style=\"width: 24px; height: 24px;\"><\/div>\n        <\/div>\n            <div class=\"kksr-star\" style=\"padding-right: 5px\">\n            \n\n<div class=\"kksr-icon\" style=\"width: 24px; height: 24px;\"><\/div>\n        <\/div>\n            <div class=\"kksr-star\" style=\"padding-right: 5px\">\n            \n\n<div class=\"kksr-icon\" style=\"width: 24px; height: 24px;\"><\/div>\n        <\/div>\n            <div class=\"kksr-star\" style=\"padding-right: 5px\">\n            \n\n<div class=\"kksr-icon\" style=\"width: 24px; height: 24px;\"><\/div>\n        <\/div>\n            <div class=\"kksr-star\" style=\"padding-right: 5px\">\n            \n\n<div class=\"kksr-icon\" style=\"width: 24px; height: 24px;\"><\/div>\n        <\/div>\n    <\/div>\n<\/div>\n                \n\n<div class=\"kksr-legend\" style=\"font-size: 19.2px;\">\n            <span class=\"kksr-muted\">Artikel bewerten<\/span>\n    <\/div>\n    <\/div>\n","protected":false},"excerpt":{"rendered":"<p>Wir bei 1337 Games, einem f\u00fchrenden Unternehmen in der iGaming-Branche, suchen dich als erfahrenen und sachkundigen SEO Manager. Wenn du flie\u00dfend Deutsch sprichst und eine Leidenschaft f\u00fcr SEO und iGaming hast, freuen wir uns darauf, von dir zu h\u00f6ren! Deine Verantwortlichkeiten: Unsere Anforderungen: Was wir bieten: Wie du dich bewirbst: Sende deine Bewerbung an info@1337games.org, [&hellip;]<\/p>\n","protected":false},"author":25001,"featured_media":0,"parent":97130,"menu_order":0,"comment_status":"closed","ping_status":"closed","template":"","meta":{"footnotes":""},"class_list":["post-97142","page","type-page","status-publish","hentry"],"featured_image_src":null,"yoast_head":"<!-- This site is optimized with the Yoast SEO Premium plugin v27.0 (Yoast SEO v27.0) - https:\/\/yoast.com\/product\/yoast-seo-premium-wordpress\/ -->\n<title>iGaming SEO Manager (Remote \/ Vor Ort)<\/title>\n<meta name=\"description\" content=\"1337 Games, ein f\u00fchrendes Unternehmen in der iGaming-Branche, sucht einen erfahrenen und sachkundigen SEO Manager\" \/>\n<meta name=\"robots\" content=\"index, follow, max-snippet:-1, max-image-preview:large, max-video-preview:-1\" \/>\n<link rel=\"canonical\" href=\"https:\/\/www.1337games.org\/de-de\/karriere\/seo-manager\/\" \/>\n<meta property=\"og:locale\" content=\"de_DE\" \/>\n<meta property=\"og:type\" content=\"article\" \/>\n<meta property=\"og:title\" content=\"iGaming SEO Manager (Remote \/ Vor Ort)\" \/>\n<meta property=\"og:description\" content=\"1337 Games, ein f\u00fchrendes Unternehmen in der iGaming-Branche, sucht einen erfahrenen und sachkundigen SEO Manager\" \/>\n<meta property=\"og:url\" content=\"https:\/\/www.1337games.org\/de-de\/karriere\/seo-manager\/\" \/>\n<meta property=\"og:site_name\" content=\"1337 Games DE\" \/>\n<meta property=\"article:publisher\" content=\"https:\/\/www.facebook.com\/1337gamesio\/\" \/>\n<meta property=\"article:modified_time\" content=\"2025-05-26T06:54:21+00:00\" \/>\n<meta name=\"twitter:card\" content=\"summary_large_image\" \/>\n<meta name=\"twitter:site\" content=\"@1337gamesio\" \/>\n<meta name=\"twitter:label1\" content=\"Gesch\u00e4tzte Lesezeit\" \/>\n\t<meta name=\"twitter:data1\" content=\"2\u00a0Minuten\" \/>\n<script type=\"application\/ld+json\" class=\"yoast-schema-graph\">{\"@context\":\"https:\/\/schema.org\",\"@graph\":[{\"@type\":\"WebPage\",\"@id\":\"https:\/\/www.1337games.org\/de-de\/karriere\/seo-manager\/\",\"url\":\"https:\/\/www.1337games.org\/de-de\/karriere\/seo-manager\/\",\"name\":\"iGaming SEO Manager (Remote \/ Vor Ort)\",\"isPartOf\":{\"@id\":\"https:\/\/www.1337games.org\/de-de\/#website\"},\"datePublished\":\"2025-02-28T07:07:18+00:00\",\"dateModified\":\"2025-05-26T06:54:21+00:00\",\"description\":\"1337 Games, ein f\u00fchrendes Unternehmen in der iGaming-Branche, sucht einen erfahrenen und sachkundigen SEO Manager\",\"breadcrumb\":{\"@id\":\"https:\/\/www.1337games.org\/de-de\/karriere\/seo-manager\/#breadcrumb\"},\"inLanguage\":\"de\",\"potentialAction\":[{\"@type\":\"ReadAction\",\"target\":[\"https:\/\/www.1337games.org\/de-de\/karriere\/seo-manager\/\"]}]},{\"@type\":\"BreadcrumbList\",\"@id\":\"https:\/\/www.1337games.org\/de-de\/karriere\/seo-manager\/#breadcrumb\",\"itemListElement\":[{\"@type\":\"ListItem\",\"position\":1,\"name\":\"Home\",\"item\":\"https:\/\/www.1337games.org\/de-de\/\"},{\"@type\":\"ListItem\",\"position\":2,\"name\":\"Karriere\",\"item\":\"https:\/\/www.1337games.org\/de-de\/karriere\/\"},{\"@type\":\"ListItem\",\"position\":3,\"name\":\"iGaming SEO Manager\"}]},{\"@type\":\"WebSite\",\"@id\":\"https:\/\/www.1337games.org\/de-de\/#website\",\"url\":\"https:\/\/www.1337games.org\/de-de\/\",\"name\":\"1337 Games DE - Online Gl\u00fccksspiel in Deutschland\",\"description\":\"\",\"publisher\":{\"@id\":\"https:\/\/www.1337games.org\/de-de\/#organization\"},\"potentialAction\":[{\"@type\":\"SearchAction\",\"target\":{\"@type\":\"EntryPoint\",\"urlTemplate\":\"https:\/\/www.1337games.org\/de-de\/?s={search_term_string}\"},\"query-input\":{\"@type\":\"PropertyValueSpecification\",\"valueRequired\":true,\"valueName\":\"search_term_string\"}}],\"inLanguage\":\"de\"},{\"@type\":\"Organization\",\"@id\":\"https:\/\/www.1337games.org\/de-de\/#organization\",\"name\":\"1337 Games\",\"url\":\"https:\/\/www.1337games.org\/de-de\/\",\"logo\":{\"@type\":\"ImageObject\",\"inLanguage\":\"de\",\"@id\":\"https:\/\/www.1337games.org\/de-de\/#\/schema\/logo\/image\/\",\"url\":\"https:\/\/www.1337games.org\/de-de\/wp-content\/uploads\/sites\/4\/2025\/10\/cropped-1Games.png\",\"contentUrl\":\"https:\/\/www.1337games.org\/de-de\/wp-content\/uploads\/sites\/4\/2025\/10\/cropped-1Games.png\",\"width\":512,\"height\":512,\"caption\":\"1337 Games\"},\"image\":{\"@id\":\"https:\/\/www.1337games.org\/de-de\/#\/schema\/logo\/image\/\"},\"sameAs\":[\"https:\/\/www.facebook.com\/1337gamesio\/\",\"https:\/\/x.com\/1337gamesio\",\"https:\/\/www.instagram.com\/1337gamesio\/\"],\"email\":\"info@1337games.io\",\"numberOfEmployees\":{\"@type\":\"QuantitativeValue\",\"minValue\":\"11\",\"maxValue\":\"50\"}}]}<\/script>\n<!-- \/ Yoast SEO Premium plugin. -->","yoast_head_json":{"title":"iGaming SEO Manager (Remote \/ Vor Ort)","description":"1337 Games, ein f\u00fchrendes Unternehmen in der iGaming-Branche, sucht einen erfahrenen und sachkundigen SEO Manager","robots":{"index":"index","follow":"follow","max-snippet":"max-snippet:-1","max-image-preview":"max-image-preview:large","max-video-preview":"max-video-preview:-1"},"canonical":"https:\/\/www.1337games.org\/de-de\/karriere\/seo-manager\/","og_locale":"de_DE","og_type":"article","og_title":"iGaming SEO Manager (Remote \/ Vor Ort)","og_description":"1337 Games, ein f\u00fchrendes Unternehmen in der iGaming-Branche, sucht einen erfahrenen und sachkundigen SEO Manager","og_url":"https:\/\/www.1337games.org\/de-de\/karriere\/seo-manager\/","og_site_name":"1337 Games DE","article_publisher":"https:\/\/www.facebook.com\/1337gamesio\/","article_modified_time":"2025-05-26T06:54:21+00:00","twitter_card":"summary_large_image","twitter_site":"@1337gamesio","twitter_misc":{"Gesch\u00e4tzte Lesezeit":"2\u00a0Minuten"},"schema":{"@context":"https:\/\/schema.org","@graph":[{"@type":"WebPage","@id":"https:\/\/www.1337games.org\/de-de\/karriere\/seo-manager\/","url":"https:\/\/www.1337games.org\/de-de\/karriere\/seo-manager\/","name":"iGaming SEO Manager (Remote \/ Vor Ort)","isPartOf":{"@id":"https:\/\/www.1337games.org\/de-de\/#website"},"datePublished":"2025-02-28T07:07:18+00:00","dateModified":"2025-05-26T06:54:21+00:00","description":"1337 Games, ein f\u00fchrendes Unternehmen in der iGaming-Branche, sucht einen erfahrenen und sachkundigen SEO Manager","breadcrumb":{"@id":"https:\/\/www.1337games.org\/de-de\/karriere\/seo-manager\/#breadcrumb"},"inLanguage":"de","potentialAction":[{"@type":"ReadAction","target":["https:\/\/www.1337games.org\/de-de\/karriere\/seo-manager\/"]}]},{"@type":"BreadcrumbList","@id":"https:\/\/www.1337games.org\/de-de\/karriere\/seo-manager\/#breadcrumb","itemListElement":[{"@type":"ListItem","position":1,"name":"Home","item":"https:\/\/www.1337games.org\/de-de\/"},{"@type":"ListItem","position":2,"name":"Karriere","item":"https:\/\/www.1337games.org\/de-de\/karriere\/"},{"@type":"ListItem","position":3,"name":"iGaming SEO Manager"}]},{"@type":"WebSite","@id":"https:\/\/www.1337games.org\/de-de\/#website","url":"https:\/\/www.1337games.org\/de-de\/","name":"1337 Games DE - Online Gl\u00fccksspiel in Deutschland","description":"","publisher":{"@id":"https:\/\/www.1337games.org\/de-de\/#organization"},"potentialAction":[{"@type":"SearchAction","target":{"@type":"EntryPoint","urlTemplate":"https:\/\/www.1337games.org\/de-de\/?s={search_term_string}"},"query-input":{"@type":"PropertyValueSpecification","valueRequired":true,"valueName":"search_term_string"}}],"inLanguage":"de"},{"@type":"Organization","@id":"https:\/\/www.1337games.org\/de-de\/#organization","name":"1337 Games","url":"https:\/\/www.1337games.org\/de-de\/","logo":{"@type":"ImageObject","inLanguage":"de","@id":"https:\/\/www.1337games.org\/de-de\/#\/schema\/logo\/image\/","url":"https:\/\/www.1337games.org\/de-de\/wp-content\/uploads\/sites\/4\/2025\/10\/cropped-1Games.png","contentUrl":"https:\/\/www.1337games.org\/de-de\/wp-content\/uploads\/sites\/4\/2025\/10\/cropped-1Games.png","width":512,"height":512,"caption":"1337 Games"},"image":{"@id":"https:\/\/www.1337games.org\/de-de\/#\/schema\/logo\/image\/"},"sameAs":["https:\/\/www.facebook.com\/1337gamesio\/","https:\/\/x.com\/1337gamesio","https:\/\/www.instagram.com\/1337gamesio\/"],"email":"info@1337games.io","numberOfEmployees":{"@type":"QuantitativeValue","minValue":"11","maxValue":"50"}}]}},"_links":{"self":[{"href":"https:\/\/www.1337games.org\/de-de\/wp-json\/wp\/v2\/pages\/97142","targetHints":{"allow":["GET"]}}],"collection":[{"href":"https:\/\/www.1337games.org\/de-de\/wp-json\/wp\/v2\/pages"}],"about":[{"href":"https:\/\/www.1337games.org\/de-de\/wp-json\/wp\/v2\/types\/page"}],"author":[{"embeddable":true,"href":"https:\/\/www.1337games.org\/de-de\/wp-json\/wp\/v2\/users\/25001"}],"replies":[{"embeddable":true,"href":"https:\/\/www.1337games.org\/de-de\/wp-json\/wp\/v2\/comments?post=97142"}],"version-history":[{"count":0,"href":"https:\/\/www.1337games.org\/de-de\/wp-json\/wp\/v2\/pages\/97142\/revisions"}],"up":[{"embeddable":true,"href":"https:\/\/www.1337games.org\/de-de\/wp-json\/wp\/v2\/pages\/97130"}],"wp:attachment":[{"href":"https:\/\/www.1337games.org\/de-de\/wp-json\/wp\/v2\/media?parent=97142"}],"curies":[{"name":"wp","href":"https:\/\/api.w.org\/{rel}","templated":true}]}}