{"id":97146,"date":"2025-02-28T07:10:27","date_gmt":"2025-02-28T07:10:27","guid":{"rendered":"https:\/\/www.1337games.org\/de-de\/?page_id=97146"},"modified":"2025-05-26T06:58:09","modified_gmt":"2025-05-26T06:58:09","slug":"social-media-manager","status":"publish","type":"page","link":"https:\/\/www.1337games.org\/de-de\/karriere\/social-media-manager\/","title":{"rendered":"Social Media Manager (Remote \/ Vor Ort)"},"content":{"rendered":"\n<p>Wir bei <strong>1337 Games<\/strong>, einem f\u00fchrenden Unternehmen in der iGaming-Branche, suchen einen kreativen und leidenschaftlichen <strong>Social Media Manager<\/strong> mit hervorragenden Deutschkenntnissen, um unsere Social-Media-Kan\u00e4le zu bereichern und zu verwalten.<\/p>\n\n\n\n<h2 class=\"wp-block-heading\" id=\"h-deine-verantwortlichkeiten\">Deine Verantwortlichkeiten:<\/h2>\n\n\n\n<ul class=\"wp-block-list\">\n<li><strong>Social-Media-Management:<\/strong> Erstellung, Planung und \u00dcberwachung von Beitr\u00e4gen auf verschiedenen Social-Media-Plattformen, um sicherzustellen, dass sie ansprechend, relevant und markenkonform sind.<\/li>\n\n\n\n<li><strong>Kommunikationsstrategie:<\/strong> Entwicklung und Umsetzung innovativer Social-Media-Strategien zur Steigerung von Engagement und Sichtbarkeit im iGaming-Sektor.<\/li>\n\n\n\n<li><strong>Analyse und Reporting:<\/strong> \u00dcberwachung und Analyse der Performance von Social-Media-Inhalten und Optimierung der Strategien basierend auf diesen Erkenntnissen.<\/li>\n\n\n\n<li><strong>Community-Interaktion:<\/strong> Stetige Kommunikation und Interaktion mit der Community, um zeitnahe und konstruktive Antworten sicherzustellen.<\/li>\n\n\n\n<li><strong>Trendbewusstsein und Innovation:<\/strong> Regelm\u00e4\u00dfige Recherche zu den neuesten Social-Media-Trends und Entwicklungen im iGaming-Bereich, um unsere Inhalte stets aktuell zu halten.<\/li>\n<\/ul>\n\n\n\n<h2 class=\"wp-block-heading\" id=\"h-unsere-anforderungen\">Unsere Anforderungen:<\/h2>\n\n\n\n<ul class=\"wp-block-list\">\n<li><strong>Erfahrung im Social-Media-Management:<\/strong> Nachgewiesene Erfahrung in der Verwaltung von Social-Media-Kan\u00e4len, vorzugsweise in der iGaming-Branche.<\/li>\n\n\n\n<li><strong>Kreativit\u00e4t und Innovation:<\/strong> F\u00e4higkeit, originelle und ansprechende Inhalte zu erstellen.<\/li>\n\n\n\n<li><strong>SEO- und Analysef\u00e4higkeiten:<\/strong> Kenntnisse in SEO f\u00fcr Social Media und die F\u00e4higkeit, die Wirkung von Inhalten zu analysieren.<\/li>\n\n\n\n<li><strong>Ausgezeichnete Deutschkenntnisse:<\/strong> Starke Schreib- und Kommunikationsf\u00e4higkeiten in Deutsch.<\/li>\n\n\n\n<li><strong>Projektmanagement:<\/strong> Kompetenz im Umgang mit mehreren Projekten und Terminen gleichzeitig.<\/li>\n<\/ul>\n\n\n\n<h2 class=\"wp-block-heading\" id=\"h-was-wir-bieten\">Was wir bieten:<\/h2>\n\n\n\n<ul class=\"wp-block-list\">\n<li><strong>Wettbewerbsf\u00e4higes Gehalt:<\/strong> Ein attraktives Gehalt basierend auf Erfahrung und F\u00e4higkeiten.<\/li>\n\n\n\n<li><strong>Professionelle Entwicklung:<\/strong> M\u00f6glichkeiten zum Wachstum in einem dynamischen und stimulierenden Umfeld.<\/li>\n\n\n\n<li><strong>Flexibler Remote-Arbeitsplatz:<\/strong> Ortsunabh\u00e4ngige Arbeit mit flexiblen Arbeitszeiten.<\/li>\n\n\n\n<li><strong>Unterst\u00fctzendes Team:<\/strong> Zusammenarbeit mit einem kreativen und erfahrenem Team.<\/li>\n<\/ul>\n\n\n\n<h2 class=\"wp-block-heading\" id=\"h-wie-du-dich-bewirbst\">Wie du dich bewirbst:<\/h2>\n\n\n\n<p>Sende deine Bewerbung an <strong><a>info@1337games.org<\/a><\/strong>, einschlie\u00dflich eines Anschreibens, deines Lebenslaufs und Beispielen fr\u00fcherer Social-Media-Arbeiten, die deine Erfahrung und Kreativit\u00e4t demonstrieren. Wir freuen uns auf deine Bewerbung!<\/p>\n\n\n\n<p>Interessierst du dich auch f\u00fcr unsere anderen offenen Positionen? <strong>Dann schaue dir <a href=\"https:\/\/www.1337games.org\/de-de\/karriere\/\">unsere Karriereseite<\/a> an!<\/strong><\/p>\n\n\n<div class=\"kk-star-ratings kksr-auto kksr-align-left kksr-valign-bottom\"\n    data-payload='{&quot;align&quot;:&quot;left&quot;,&quot;id&quot;:&quot;97146&quot;,&quot;slug&quot;:&quot;default&quot;,&quot;valign&quot;:&quot;bottom&quot;,&quot;ignore&quot;:&quot;&quot;,&quot;reference&quot;:&quot;auto&quot;,&quot;class&quot;:&quot;&quot;,&quot;count&quot;:&quot;0&quot;,&quot;legendonly&quot;:&quot;&quot;,&quot;readonly&quot;:&quot;&quot;,&quot;score&quot;:&quot;0&quot;,&quot;starsonly&quot;:&quot;&quot;,&quot;best&quot;:&quot;5&quot;,&quot;gap&quot;:&quot;5&quot;,&quot;greet&quot;:&quot;Artikel bewerten&quot;,&quot;legend&quot;:&quot;0\\\/5 - (0 votes)&quot;,&quot;size&quot;:&quot;24&quot;,&quot;title&quot;:&quot;Social Media Manager (Remote \\\/ Vor Ort)&quot;,&quot;width&quot;:&quot;0&quot;,&quot;_legend&quot;:&quot;{score}\\\/{best} - ({count} {votes})&quot;,&quot;font_factor&quot;:&quot;1.25&quot;}'>\n            \n<div class=\"kksr-stars\">\n    \n<div class=\"kksr-stars-inactive\">\n            <div class=\"kksr-star\" data-star=\"1\" style=\"padding-right: 5px\">\n            \n\n<div class=\"kksr-icon\" style=\"width: 24px; height: 24px;\"><\/div>\n        <\/div>\n            <div class=\"kksr-star\" data-star=\"2\" style=\"padding-right: 5px\">\n            \n\n<div class=\"kksr-icon\" style=\"width: 24px; height: 24px;\"><\/div>\n        <\/div>\n            <div class=\"kksr-star\" data-star=\"3\" style=\"padding-right: 5px\">\n            \n\n<div class=\"kksr-icon\" style=\"width: 24px; height: 24px;\"><\/div>\n        <\/div>\n            <div class=\"kksr-star\" data-star=\"4\" style=\"padding-right: 5px\">\n            \n\n<div class=\"kksr-icon\" style=\"width: 24px; height: 24px;\"><\/div>\n        <\/div>\n            <div class=\"kksr-star\" data-star=\"5\" style=\"padding-right: 5px\">\n            \n\n<div class=\"kksr-icon\" style=\"width: 24px; height: 24px;\"><\/div>\n        <\/div>\n    <\/div>\n    \n<div class=\"kksr-stars-active\" style=\"width: 0px;\">\n            <div class=\"kksr-star\" style=\"padding-right: 5px\">\n            \n\n<div class=\"kksr-icon\" style=\"width: 24px; height: 24px;\"><\/div>\n        <\/div>\n            <div class=\"kksr-star\" style=\"padding-right: 5px\">\n            \n\n<div class=\"kksr-icon\" style=\"width: 24px; height: 24px;\"><\/div>\n        <\/div>\n            <div class=\"kksr-star\" style=\"padding-right: 5px\">\n            \n\n<div class=\"kksr-icon\" style=\"width: 24px; height: 24px;\"><\/div>\n        <\/div>\n            <div class=\"kksr-star\" style=\"padding-right: 5px\">\n            \n\n<div class=\"kksr-icon\" style=\"width: 24px; height: 24px;\"><\/div>\n        <\/div>\n            <div class=\"kksr-star\" style=\"padding-right: 5px\">\n            \n\n<div class=\"kksr-icon\" style=\"width: 24px; height: 24px;\"><\/div>\n        <\/div>\n    <\/div>\n<\/div>\n                \n\n<div class=\"kksr-legend\" style=\"font-size: 19.2px;\">\n            <span class=\"kksr-muted\">Artikel bewerten<\/span>\n    <\/div>\n    <\/div>\n","protected":false},"excerpt":{"rendered":"<p>Wir bei 1337 Games, einem f\u00fchrenden Unternehmen in der iGaming-Branche, suchen einen kreativen und leidenschaftlichen Social Media Manager mit hervorragenden Deutschkenntnissen, um unsere Social-Media-Kan\u00e4le zu bereichern und zu verwalten. Deine Verantwortlichkeiten: Unsere Anforderungen: Was wir bieten: Wie du dich bewirbst: Sende deine Bewerbung an info@1337games.org, einschlie\u00dflich eines Anschreibens, deines Lebenslaufs und Beispielen fr\u00fcherer Social-Media-Arbeiten, die [&hellip;]<\/p>\n","protected":false},"author":25001,"featured_media":0,"parent":97130,"menu_order":0,"comment_status":"closed","ping_status":"closed","template":"","meta":{"footnotes":""},"class_list":["post-97146","page","type-page","status-publish","hentry"],"featured_image_src":null,"yoast_head":"<!-- This site is optimized with the Yoast SEO Premium plugin v27.0 (Yoast SEO v27.0) - https:\/\/yoast.com\/product\/yoast-seo-premium-wordpress\/ -->\n<title>Social Media Manager (Remote \/ Vor Ort) - 1337 Games DE<\/title>\n<meta name=\"description\" content=\"1337 Games, ein f\u00fchrendes Unternehmen in der iGaming-Branche, sucht einen kreativen und leidenschaftlichen Social Media Manager\" \/>\n<meta name=\"robots\" content=\"index, follow, max-snippet:-1, max-image-preview:large, max-video-preview:-1\" \/>\n<link rel=\"canonical\" href=\"https:\/\/www.1337games.org\/de-de\/karriere\/social-media-manager\/\" \/>\n<meta property=\"og:locale\" content=\"de_DE\" \/>\n<meta property=\"og:type\" content=\"article\" \/>\n<meta property=\"og:title\" content=\"Social Media Manager (Remote \/ Vor Ort)\" \/>\n<meta property=\"og:description\" content=\"1337 Games, ein f\u00fchrendes Unternehmen in der iGaming-Branche, sucht einen kreativen und leidenschaftlichen Social Media Manager\" \/>\n<meta property=\"og:url\" content=\"https:\/\/www.1337games.org\/de-de\/karriere\/social-media-manager\/\" \/>\n<meta property=\"og:site_name\" content=\"1337 Games DE\" \/>\n<meta property=\"article:publisher\" content=\"https:\/\/www.facebook.com\/1337gamesio\/\" \/>\n<meta property=\"article:modified_time\" content=\"2025-05-26T06:58:09+00:00\" \/>\n<meta name=\"twitter:card\" content=\"summary_large_image\" \/>\n<meta name=\"twitter:site\" content=\"@1337gamesio\" \/>\n<meta name=\"twitter:label1\" content=\"Gesch\u00e4tzte Lesezeit\" \/>\n\t<meta name=\"twitter:data1\" content=\"2\u00a0Minuten\" \/>\n<script type=\"application\/ld+json\" class=\"yoast-schema-graph\">{\"@context\":\"https:\/\/schema.org\",\"@graph\":[{\"@type\":\"WebPage\",\"@id\":\"https:\/\/www.1337games.org\/de-de\/karriere\/social-media-manager\/\",\"url\":\"https:\/\/www.1337games.org\/de-de\/karriere\/social-media-manager\/\",\"name\":\"Social Media Manager (Remote \/ Vor Ort) - 1337 Games DE\",\"isPartOf\":{\"@id\":\"https:\/\/www.1337games.org\/de-de\/#website\"},\"datePublished\":\"2025-02-28T07:10:27+00:00\",\"dateModified\":\"2025-05-26T06:58:09+00:00\",\"description\":\"1337 Games, ein f\u00fchrendes Unternehmen in der iGaming-Branche, sucht einen kreativen und leidenschaftlichen Social Media Manager\",\"breadcrumb\":{\"@id\":\"https:\/\/www.1337games.org\/de-de\/karriere\/social-media-manager\/#breadcrumb\"},\"inLanguage\":\"de\",\"potentialAction\":[{\"@type\":\"ReadAction\",\"target\":[\"https:\/\/www.1337games.org\/de-de\/karriere\/social-media-manager\/\"]}]},{\"@type\":\"BreadcrumbList\",\"@id\":\"https:\/\/www.1337games.org\/de-de\/karriere\/social-media-manager\/#breadcrumb\",\"itemListElement\":[{\"@type\":\"ListItem\",\"position\":1,\"name\":\"Home\",\"item\":\"https:\/\/www.1337games.org\/de-de\/\"},{\"@type\":\"ListItem\",\"position\":2,\"name\":\"Karriere\",\"item\":\"https:\/\/www.1337games.org\/de-de\/karriere\/\"},{\"@type\":\"ListItem\",\"position\":3,\"name\":\"Social Media Manager\"}]},{\"@type\":\"WebSite\",\"@id\":\"https:\/\/www.1337games.org\/de-de\/#website\",\"url\":\"https:\/\/www.1337games.org\/de-de\/\",\"name\":\"1337 Games DE - Online Gl\u00fccksspiel in Deutschland\",\"description\":\"\",\"publisher\":{\"@id\":\"https:\/\/www.1337games.org\/de-de\/#organization\"},\"potentialAction\":[{\"@type\":\"SearchAction\",\"target\":{\"@type\":\"EntryPoint\",\"urlTemplate\":\"https:\/\/www.1337games.org\/de-de\/?s={search_term_string}\"},\"query-input\":{\"@type\":\"PropertyValueSpecification\",\"valueRequired\":true,\"valueName\":\"search_term_string\"}}],\"inLanguage\":\"de\"},{\"@type\":\"Organization\",\"@id\":\"https:\/\/www.1337games.org\/de-de\/#organization\",\"name\":\"1337 Games\",\"url\":\"https:\/\/www.1337games.org\/de-de\/\",\"logo\":{\"@type\":\"ImageObject\",\"inLanguage\":\"de\",\"@id\":\"https:\/\/www.1337games.org\/de-de\/#\/schema\/logo\/image\/\",\"url\":\"https:\/\/www.1337games.org\/de-de\/wp-content\/uploads\/sites\/4\/2025\/10\/cropped-1Games.png\",\"contentUrl\":\"https:\/\/www.1337games.org\/de-de\/wp-content\/uploads\/sites\/4\/2025\/10\/cropped-1Games.png\",\"width\":512,\"height\":512,\"caption\":\"1337 Games\"},\"image\":{\"@id\":\"https:\/\/www.1337games.org\/de-de\/#\/schema\/logo\/image\/\"},\"sameAs\":[\"https:\/\/www.facebook.com\/1337gamesio\/\",\"https:\/\/x.com\/1337gamesio\",\"https:\/\/www.instagram.com\/1337gamesio\/\"],\"email\":\"info@1337games.io\",\"numberOfEmployees\":{\"@type\":\"QuantitativeValue\",\"minValue\":\"11\",\"maxValue\":\"50\"}}]}<\/script>\n<!-- \/ Yoast SEO Premium plugin. -->","yoast_head_json":{"title":"Social Media Manager (Remote \/ Vor Ort) - 1337 Games DE","description":"1337 Games, ein f\u00fchrendes Unternehmen in der iGaming-Branche, sucht einen kreativen und leidenschaftlichen Social Media Manager","robots":{"index":"index","follow":"follow","max-snippet":"max-snippet:-1","max-image-preview":"max-image-preview:large","max-video-preview":"max-video-preview:-1"},"canonical":"https:\/\/www.1337games.org\/de-de\/karriere\/social-media-manager\/","og_locale":"de_DE","og_type":"article","og_title":"Social Media Manager (Remote \/ Vor Ort)","og_description":"1337 Games, ein f\u00fchrendes Unternehmen in der iGaming-Branche, sucht einen kreativen und leidenschaftlichen Social Media Manager","og_url":"https:\/\/www.1337games.org\/de-de\/karriere\/social-media-manager\/","og_site_name":"1337 Games DE","article_publisher":"https:\/\/www.facebook.com\/1337gamesio\/","article_modified_time":"2025-05-26T06:58:09+00:00","twitter_card":"summary_large_image","twitter_site":"@1337gamesio","twitter_misc":{"Gesch\u00e4tzte Lesezeit":"2\u00a0Minuten"},"schema":{"@context":"https:\/\/schema.org","@graph":[{"@type":"WebPage","@id":"https:\/\/www.1337games.org\/de-de\/karriere\/social-media-manager\/","url":"https:\/\/www.1337games.org\/de-de\/karriere\/social-media-manager\/","name":"Social Media Manager (Remote \/ Vor Ort) - 1337 Games DE","isPartOf":{"@id":"https:\/\/www.1337games.org\/de-de\/#website"},"datePublished":"2025-02-28T07:10:27+00:00","dateModified":"2025-05-26T06:58:09+00:00","description":"1337 Games, ein f\u00fchrendes Unternehmen in der iGaming-Branche, sucht einen kreativen und leidenschaftlichen Social Media Manager","breadcrumb":{"@id":"https:\/\/www.1337games.org\/de-de\/karriere\/social-media-manager\/#breadcrumb"},"inLanguage":"de","potentialAction":[{"@type":"ReadAction","target":["https:\/\/www.1337games.org\/de-de\/karriere\/social-media-manager\/"]}]},{"@type":"BreadcrumbList","@id":"https:\/\/www.1337games.org\/de-de\/karriere\/social-media-manager\/#breadcrumb","itemListElement":[{"@type":"ListItem","position":1,"name":"Home","item":"https:\/\/www.1337games.org\/de-de\/"},{"@type":"ListItem","position":2,"name":"Karriere","item":"https:\/\/www.1337games.org\/de-de\/karriere\/"},{"@type":"ListItem","position":3,"name":"Social Media Manager"}]},{"@type":"WebSite","@id":"https:\/\/www.1337games.org\/de-de\/#website","url":"https:\/\/www.1337games.org\/de-de\/","name":"1337 Games DE - Online Gl\u00fccksspiel in Deutschland","description":"","publisher":{"@id":"https:\/\/www.1337games.org\/de-de\/#organization"},"potentialAction":[{"@type":"SearchAction","target":{"@type":"EntryPoint","urlTemplate":"https:\/\/www.1337games.org\/de-de\/?s={search_term_string}"},"query-input":{"@type":"PropertyValueSpecification","valueRequired":true,"valueName":"search_term_string"}}],"inLanguage":"de"},{"@type":"Organization","@id":"https:\/\/www.1337games.org\/de-de\/#organization","name":"1337 Games","url":"https:\/\/www.1337games.org\/de-de\/","logo":{"@type":"ImageObject","inLanguage":"de","@id":"https:\/\/www.1337games.org\/de-de\/#\/schema\/logo\/image\/","url":"https:\/\/www.1337games.org\/de-de\/wp-content\/uploads\/sites\/4\/2025\/10\/cropped-1Games.png","contentUrl":"https:\/\/www.1337games.org\/de-de\/wp-content\/uploads\/sites\/4\/2025\/10\/cropped-1Games.png","width":512,"height":512,"caption":"1337 Games"},"image":{"@id":"https:\/\/www.1337games.org\/de-de\/#\/schema\/logo\/image\/"},"sameAs":["https:\/\/www.facebook.com\/1337gamesio\/","https:\/\/x.com\/1337gamesio","https:\/\/www.instagram.com\/1337gamesio\/"],"email":"info@1337games.io","numberOfEmployees":{"@type":"QuantitativeValue","minValue":"11","maxValue":"50"}}]}},"_links":{"self":[{"href":"https:\/\/www.1337games.org\/de-de\/wp-json\/wp\/v2\/pages\/97146","targetHints":{"allow":["GET"]}}],"collection":[{"href":"https:\/\/www.1337games.org\/de-de\/wp-json\/wp\/v2\/pages"}],"about":[{"href":"https:\/\/www.1337games.org\/de-de\/wp-json\/wp\/v2\/types\/page"}],"author":[{"embeddable":true,"href":"https:\/\/www.1337games.org\/de-de\/wp-json\/wp\/v2\/users\/25001"}],"replies":[{"embeddable":true,"href":"https:\/\/www.1337games.org\/de-de\/wp-json\/wp\/v2\/comments?post=97146"}],"version-history":[{"count":0,"href":"https:\/\/www.1337games.org\/de-de\/wp-json\/wp\/v2\/pages\/97146\/revisions"}],"up":[{"embeddable":true,"href":"https:\/\/www.1337games.org\/de-de\/wp-json\/wp\/v2\/pages\/97130"}],"wp:attachment":[{"href":"https:\/\/www.1337games.org\/de-de\/wp-json\/wp\/v2\/media?parent=97146"}],"curies":[{"name":"wp","href":"https:\/\/api.w.org\/{rel}","templated":true}]}}