{"id":97149,"date":"2025-02-28T07:12:56","date_gmt":"2025-02-28T07:12:56","guid":{"rendered":"https:\/\/www.1337games.org\/de-de\/?page_id=97149"},"modified":"2025-05-26T06:53:08","modified_gmt":"2025-05-26T06:53:08","slug":"wordpress-entwickler","status":"publish","type":"page","link":"https:\/\/www.1337games.org\/de-de\/karriere\/wordpress-entwickler\/","title":{"rendered":"WordPress-Entwickler (Remote \/ Vor Ort)"},"content":{"rendered":"\n<p>Unser Unternehmen <strong>1337 Games<\/strong> &#8211; t\u00e4tig in der iGaming-Branche &#8211; sucht einen talentierten <strong>WordPress-Entwickler<\/strong>. Wenn du in der WordPress-Entwicklung versiert bist und eine Affinit\u00e4t zu iGaming hast, freuen wir uns auf deine Bewerbung.<\/p>\n\n\n\n<h2 class=\"wp-block-heading\" id=\"h-deine-aufgabenbereiche\">Deine Aufgabenbereiche:<\/h2>\n\n\n\n<ul class=\"wp-block-list\">\n<li><strong>WordPress-Entwicklung:<\/strong> Entwurf, Entwicklung und Wartung von WordPress-Websites mit Fokus auf Benutzerfreundlichkeit, Performance und SEO-Optimierung.<\/li>\n\n\n\n<li><strong>Theme- und Plugin-Entwicklung:<\/strong> Erstellung ma\u00dfgeschneiderter Themes und Plugins, die den spezifischen Anforderungen von 1337 Games entsprechen.<\/li>\n\n\n\n<li><strong>Cross-Browser-Kompatibilit\u00e4t:<\/strong> Sicherstellung einer einwandfreien Funktionalit\u00e4t unserer Websites \u00fcber verschiedene Browser und Ger\u00e4te hinweg.<\/li>\n\n\n\n<li><strong>Website-Wartung:<\/strong> Regelm\u00e4\u00dfige Aktualisierung und Pflege der Website, um Sicherheit und Effizienz zu gew\u00e4hrleisten.<\/li>\n\n\n\n<li><strong>Teamzusammenarbeit:<\/strong> Enge Zusammenarbeit mit Marketing- und Content-Teams, um sicherzustellen, dass die Website die Gesch\u00e4ftsziele unterst\u00fctzt.<\/li>\n<\/ul>\n\n\n\n<h2 class=\"wp-block-heading\" id=\"h-unsere-anforderungen\">Unsere Anforderungen:<\/h2>\n\n\n\n<ul class=\"wp-block-list\">\n<li><strong>Erfahrung mit WordPress:<\/strong> Nachgewiesene Erfahrung in der WordPress-Entwicklung, einschlie\u00dflich Themes und Plugins.<\/li>\n\n\n\n<li><strong>Technische F\u00e4higkeiten:<\/strong> Kenntnisse in HTML, CSS, JavaScript und PHP.<\/li>\n\n\n\n<li><strong>SEO-Wissen:<\/strong> Verst\u00e4ndnis von SEO-Prinzipien und deren Anwendung in der Webentwicklung.<\/li>\n\n\n\n<li><strong>Probleml\u00f6sungsf\u00e4higkeiten:<\/strong> Starke analytische F\u00e4higkeiten und Probleml\u00f6sungskompetenz.<\/li>\n\n\n\n<li><strong>Selbstst\u00e4ndigkeit:<\/strong> F\u00e4higkeit, eigenst\u00e4ndig zu arbeiten und Projekte effizient zu koordinieren.<\/li>\n<\/ul>\n\n\n\n<h2 class=\"wp-block-heading\" id=\"h-was-wir-bieten\">Was wir bieten:<\/h2>\n\n\n\n<ul class=\"wp-block-list\">\n<li><strong>Wettbewerbsf\u00e4higes Gehalt:<\/strong> Ein attraktives Gehaltspaket entsprechend deiner Erfahrung und F\u00e4higkeiten.<\/li>\n\n\n\n<li><strong>Wachstumsm\u00f6glichkeiten:<\/strong> M\u00f6glichkeiten zur Weiterentwicklung deiner F\u00e4higkeiten und beruflichen Laufbahn.<\/li>\n\n\n\n<li><strong>Flexibles Arbeitsumfeld:<\/strong> Remote-Arbeit mit flexiblen Arbeitszeiten in einem unterst\u00fctzenden Team.<\/li>\n\n\n\n<li><strong>Innovative Projekte:<\/strong> Beteiligung an spannenden und herausfordernden Projekten im iGaming-Sektor.<\/li>\n<\/ul>\n\n\n\n<h2 class=\"wp-block-heading\" id=\"h-so-bewirbst-du-dich\">So bewirbst du dich:<\/h2>\n\n\n\n<p>Bist du interessiert? Sende deine Bewerbung an <strong><a>info@1337games.org<\/a><\/strong>, einschlie\u00dflich eines Anschreibens, deines Lebenslaufs und eines Portfolios oder Beispielen deiner bisherigen WordPress-Projekte. Wir freuen uns darauf, dich in unserem Team willkommen zu hei\u00dfen!<\/p>\n\n\n\n<p>Vielleicht interessierst du dich auch f\u00fcr eine unserer anderen offenen Positionen. <strong>Schaue dir <a href=\"https:\/\/www.1337games.org\/de-de\/karriere\/\">unsere Karriereseite<\/a> an!<\/strong><\/p>\n\n\n<div class=\"kk-star-ratings kksr-auto kksr-align-left kksr-valign-bottom\"\n    data-payload='{&quot;align&quot;:&quot;left&quot;,&quot;id&quot;:&quot;97149&quot;,&quot;slug&quot;:&quot;default&quot;,&quot;valign&quot;:&quot;bottom&quot;,&quot;ignore&quot;:&quot;&quot;,&quot;reference&quot;:&quot;auto&quot;,&quot;class&quot;:&quot;&quot;,&quot;count&quot;:&quot;0&quot;,&quot;legendonly&quot;:&quot;&quot;,&quot;readonly&quot;:&quot;&quot;,&quot;score&quot;:&quot;0&quot;,&quot;starsonly&quot;:&quot;&quot;,&quot;best&quot;:&quot;5&quot;,&quot;gap&quot;:&quot;5&quot;,&quot;greet&quot;:&quot;Artikel bewerten&quot;,&quot;legend&quot;:&quot;0\\\/5 - (0 votes)&quot;,&quot;size&quot;:&quot;24&quot;,&quot;title&quot;:&quot;WordPress-Entwickler (Remote \\\/ Vor Ort)&quot;,&quot;width&quot;:&quot;0&quot;,&quot;_legend&quot;:&quot;{score}\\\/{best} - ({count} {votes})&quot;,&quot;font_factor&quot;:&quot;1.25&quot;}'>\n            \n<div class=\"kksr-stars\">\n    \n<div class=\"kksr-stars-inactive\">\n            <div class=\"kksr-star\" data-star=\"1\" style=\"padding-right: 5px\">\n            \n\n<div class=\"kksr-icon\" style=\"width: 24px; height: 24px;\"><\/div>\n        <\/div>\n            <div class=\"kksr-star\" data-star=\"2\" style=\"padding-right: 5px\">\n            \n\n<div class=\"kksr-icon\" style=\"width: 24px; height: 24px;\"><\/div>\n        <\/div>\n            <div class=\"kksr-star\" data-star=\"3\" style=\"padding-right: 5px\">\n            \n\n<div class=\"kksr-icon\" style=\"width: 24px; height: 24px;\"><\/div>\n        <\/div>\n            <div class=\"kksr-star\" data-star=\"4\" style=\"padding-right: 5px\">\n            \n\n<div class=\"kksr-icon\" style=\"width: 24px; height: 24px;\"><\/div>\n        <\/div>\n            <div class=\"kksr-star\" data-star=\"5\" style=\"padding-right: 5px\">\n            \n\n<div class=\"kksr-icon\" style=\"width: 24px; height: 24px;\"><\/div>\n        <\/div>\n    <\/div>\n    \n<div class=\"kksr-stars-active\" style=\"width: 0px;\">\n            <div class=\"kksr-star\" style=\"padding-right: 5px\">\n            \n\n<div class=\"kksr-icon\" style=\"width: 24px; height: 24px;\"><\/div>\n        <\/div>\n            <div class=\"kksr-star\" style=\"padding-right: 5px\">\n            \n\n<div class=\"kksr-icon\" style=\"width: 24px; height: 24px;\"><\/div>\n        <\/div>\n            <div class=\"kksr-star\" style=\"padding-right: 5px\">\n            \n\n<div class=\"kksr-icon\" style=\"width: 24px; height: 24px;\"><\/div>\n        <\/div>\n            <div class=\"kksr-star\" style=\"padding-right: 5px\">\n            \n\n<div class=\"kksr-icon\" style=\"width: 24px; height: 24px;\"><\/div>\n        <\/div>\n            <div class=\"kksr-star\" style=\"padding-right: 5px\">\n            \n\n<div class=\"kksr-icon\" style=\"width: 24px; height: 24px;\"><\/div>\n        <\/div>\n    <\/div>\n<\/div>\n                \n\n<div class=\"kksr-legend\" style=\"font-size: 19.2px;\">\n            <span class=\"kksr-muted\">Artikel bewerten<\/span>\n    <\/div>\n    <\/div>\n","protected":false},"excerpt":{"rendered":"<p>Unser Unternehmen 1337 Games &#8211; t\u00e4tig in der iGaming-Branche &#8211; sucht einen talentierten WordPress-Entwickler. Wenn du in der WordPress-Entwicklung versiert bist und eine Affinit\u00e4t zu iGaming hast, freuen wir uns auf deine Bewerbung. Deine Aufgabenbereiche: Unsere Anforderungen: Was wir bieten: So bewirbst du dich: Bist du interessiert? Sende deine Bewerbung an info@1337games.org, einschlie\u00dflich eines Anschreibens, [&hellip;]<\/p>\n","protected":false},"author":25001,"featured_media":0,"parent":97130,"menu_order":0,"comment_status":"closed","ping_status":"closed","template":"","meta":{"footnotes":""},"class_list":["post-97149","page","type-page","status-publish","hentry"],"featured_image_src":null,"yoast_head":"<!-- This site is optimized with the Yoast SEO Premium plugin v27.0 (Yoast SEO v27.0) - https:\/\/yoast.com\/product\/yoast-seo-premium-wordpress\/ -->\n<title>WordPress-Entwickler (Remote \/ Vor Ort)<\/title>\n<meta name=\"description\" content=\"1337 Games, ein innovatives Unternehmen in der iGaming-Branche, sucht einen talentierten WordPress-Entwickler\" \/>\n<meta name=\"robots\" content=\"index, follow, max-snippet:-1, max-image-preview:large, max-video-preview:-1\" \/>\n<link rel=\"canonical\" href=\"https:\/\/www.1337games.org\/de-de\/karriere\/wordpress-entwickler\/\" \/>\n<meta property=\"og:locale\" content=\"de_DE\" \/>\n<meta property=\"og:type\" content=\"article\" \/>\n<meta property=\"og:title\" content=\"WordPress-Entwickler (Remote \/ Vor Ort)\" \/>\n<meta property=\"og:description\" content=\"1337 Games, ein innovatives Unternehmen in der iGaming-Branche, sucht einen talentierten WordPress-Entwickler\" \/>\n<meta property=\"og:url\" content=\"https:\/\/www.1337games.org\/de-de\/karriere\/wordpress-entwickler\/\" \/>\n<meta property=\"og:site_name\" content=\"1337 Games DE\" \/>\n<meta property=\"article:publisher\" content=\"https:\/\/www.facebook.com\/1337gamesio\/\" \/>\n<meta property=\"article:modified_time\" content=\"2025-05-26T06:53:08+00:00\" \/>\n<meta name=\"twitter:card\" content=\"summary_large_image\" \/>\n<meta name=\"twitter:site\" content=\"@1337gamesio\" \/>\n<meta name=\"twitter:label1\" content=\"Gesch\u00e4tzte Lesezeit\" \/>\n\t<meta name=\"twitter:data1\" content=\"2\u00a0Minuten\" \/>\n<script type=\"application\/ld+json\" class=\"yoast-schema-graph\">{\"@context\":\"https:\/\/schema.org\",\"@graph\":[{\"@type\":\"WebPage\",\"@id\":\"https:\/\/www.1337games.org\/de-de\/karriere\/wordpress-entwickler\/\",\"url\":\"https:\/\/www.1337games.org\/de-de\/karriere\/wordpress-entwickler\/\",\"name\":\"WordPress-Entwickler (Remote \/ Vor Ort)\",\"isPartOf\":{\"@id\":\"https:\/\/www.1337games.org\/de-de\/#website\"},\"datePublished\":\"2025-02-28T07:12:56+00:00\",\"dateModified\":\"2025-05-26T06:53:08+00:00\",\"description\":\"1337 Games, ein innovatives Unternehmen in der iGaming-Branche, sucht einen talentierten WordPress-Entwickler\",\"breadcrumb\":{\"@id\":\"https:\/\/www.1337games.org\/de-de\/karriere\/wordpress-entwickler\/#breadcrumb\"},\"inLanguage\":\"de\",\"potentialAction\":[{\"@type\":\"ReadAction\",\"target\":[\"https:\/\/www.1337games.org\/de-de\/karriere\/wordpress-entwickler\/\"]}]},{\"@type\":\"BreadcrumbList\",\"@id\":\"https:\/\/www.1337games.org\/de-de\/karriere\/wordpress-entwickler\/#breadcrumb\",\"itemListElement\":[{\"@type\":\"ListItem\",\"position\":1,\"name\":\"Home\",\"item\":\"https:\/\/www.1337games.org\/de-de\/\"},{\"@type\":\"ListItem\",\"position\":2,\"name\":\"Karriere\",\"item\":\"https:\/\/www.1337games.org\/de-de\/karriere\/\"},{\"@type\":\"ListItem\",\"position\":3,\"name\":\"WordPress Entwickler\"}]},{\"@type\":\"WebSite\",\"@id\":\"https:\/\/www.1337games.org\/de-de\/#website\",\"url\":\"https:\/\/www.1337games.org\/de-de\/\",\"name\":\"1337 Games DE - Online Gl\u00fccksspiel in Deutschland\",\"description\":\"\",\"publisher\":{\"@id\":\"https:\/\/www.1337games.org\/de-de\/#organization\"},\"potentialAction\":[{\"@type\":\"SearchAction\",\"target\":{\"@type\":\"EntryPoint\",\"urlTemplate\":\"https:\/\/www.1337games.org\/de-de\/?s={search_term_string}\"},\"query-input\":{\"@type\":\"PropertyValueSpecification\",\"valueRequired\":true,\"valueName\":\"search_term_string\"}}],\"inLanguage\":\"de\"},{\"@type\":\"Organization\",\"@id\":\"https:\/\/www.1337games.org\/de-de\/#organization\",\"name\":\"1337 Games\",\"url\":\"https:\/\/www.1337games.org\/de-de\/\",\"logo\":{\"@type\":\"ImageObject\",\"inLanguage\":\"de\",\"@id\":\"https:\/\/www.1337games.org\/de-de\/#\/schema\/logo\/image\/\",\"url\":\"https:\/\/www.1337games.org\/de-de\/wp-content\/uploads\/sites\/4\/2025\/10\/cropped-1Games.png\",\"contentUrl\":\"https:\/\/www.1337games.org\/de-de\/wp-content\/uploads\/sites\/4\/2025\/10\/cropped-1Games.png\",\"width\":512,\"height\":512,\"caption\":\"1337 Games\"},\"image\":{\"@id\":\"https:\/\/www.1337games.org\/de-de\/#\/schema\/logo\/image\/\"},\"sameAs\":[\"https:\/\/www.facebook.com\/1337gamesio\/\",\"https:\/\/x.com\/1337gamesio\",\"https:\/\/www.instagram.com\/1337gamesio\/\"],\"email\":\"info@1337games.io\",\"numberOfEmployees\":{\"@type\":\"QuantitativeValue\",\"minValue\":\"11\",\"maxValue\":\"50\"}}]}<\/script>\n<!-- \/ Yoast SEO Premium plugin. -->","yoast_head_json":{"title":"WordPress-Entwickler (Remote \/ Vor Ort)","description":"1337 Games, ein innovatives Unternehmen in der iGaming-Branche, sucht einen talentierten WordPress-Entwickler","robots":{"index":"index","follow":"follow","max-snippet":"max-snippet:-1","max-image-preview":"max-image-preview:large","max-video-preview":"max-video-preview:-1"},"canonical":"https:\/\/www.1337games.org\/de-de\/karriere\/wordpress-entwickler\/","og_locale":"de_DE","og_type":"article","og_title":"WordPress-Entwickler (Remote \/ Vor Ort)","og_description":"1337 Games, ein innovatives Unternehmen in der iGaming-Branche, sucht einen talentierten WordPress-Entwickler","og_url":"https:\/\/www.1337games.org\/de-de\/karriere\/wordpress-entwickler\/","og_site_name":"1337 Games DE","article_publisher":"https:\/\/www.facebook.com\/1337gamesio\/","article_modified_time":"2025-05-26T06:53:08+00:00","twitter_card":"summary_large_image","twitter_site":"@1337gamesio","twitter_misc":{"Gesch\u00e4tzte Lesezeit":"2\u00a0Minuten"},"schema":{"@context":"https:\/\/schema.org","@graph":[{"@type":"WebPage","@id":"https:\/\/www.1337games.org\/de-de\/karriere\/wordpress-entwickler\/","url":"https:\/\/www.1337games.org\/de-de\/karriere\/wordpress-entwickler\/","name":"WordPress-Entwickler (Remote \/ Vor Ort)","isPartOf":{"@id":"https:\/\/www.1337games.org\/de-de\/#website"},"datePublished":"2025-02-28T07:12:56+00:00","dateModified":"2025-05-26T06:53:08+00:00","description":"1337 Games, ein innovatives Unternehmen in der iGaming-Branche, sucht einen talentierten WordPress-Entwickler","breadcrumb":{"@id":"https:\/\/www.1337games.org\/de-de\/karriere\/wordpress-entwickler\/#breadcrumb"},"inLanguage":"de","potentialAction":[{"@type":"ReadAction","target":["https:\/\/www.1337games.org\/de-de\/karriere\/wordpress-entwickler\/"]}]},{"@type":"BreadcrumbList","@id":"https:\/\/www.1337games.org\/de-de\/karriere\/wordpress-entwickler\/#breadcrumb","itemListElement":[{"@type":"ListItem","position":1,"name":"Home","item":"https:\/\/www.1337games.org\/de-de\/"},{"@type":"ListItem","position":2,"name":"Karriere","item":"https:\/\/www.1337games.org\/de-de\/karriere\/"},{"@type":"ListItem","position":3,"name":"WordPress Entwickler"}]},{"@type":"WebSite","@id":"https:\/\/www.1337games.org\/de-de\/#website","url":"https:\/\/www.1337games.org\/de-de\/","name":"1337 Games DE - Online Gl\u00fccksspiel in Deutschland","description":"","publisher":{"@id":"https:\/\/www.1337games.org\/de-de\/#organization"},"potentialAction":[{"@type":"SearchAction","target":{"@type":"EntryPoint","urlTemplate":"https:\/\/www.1337games.org\/de-de\/?s={search_term_string}"},"query-input":{"@type":"PropertyValueSpecification","valueRequired":true,"valueName":"search_term_string"}}],"inLanguage":"de"},{"@type":"Organization","@id":"https:\/\/www.1337games.org\/de-de\/#organization","name":"1337 Games","url":"https:\/\/www.1337games.org\/de-de\/","logo":{"@type":"ImageObject","inLanguage":"de","@id":"https:\/\/www.1337games.org\/de-de\/#\/schema\/logo\/image\/","url":"https:\/\/www.1337games.org\/de-de\/wp-content\/uploads\/sites\/4\/2025\/10\/cropped-1Games.png","contentUrl":"https:\/\/www.1337games.org\/de-de\/wp-content\/uploads\/sites\/4\/2025\/10\/cropped-1Games.png","width":512,"height":512,"caption":"1337 Games"},"image":{"@id":"https:\/\/www.1337games.org\/de-de\/#\/schema\/logo\/image\/"},"sameAs":["https:\/\/www.facebook.com\/1337gamesio\/","https:\/\/x.com\/1337gamesio","https:\/\/www.instagram.com\/1337gamesio\/"],"email":"info@1337games.io","numberOfEmployees":{"@type":"QuantitativeValue","minValue":"11","maxValue":"50"}}]}},"_links":{"self":[{"href":"https:\/\/www.1337games.org\/de-de\/wp-json\/wp\/v2\/pages\/97149","targetHints":{"allow":["GET"]}}],"collection":[{"href":"https:\/\/www.1337games.org\/de-de\/wp-json\/wp\/v2\/pages"}],"about":[{"href":"https:\/\/www.1337games.org\/de-de\/wp-json\/wp\/v2\/types\/page"}],"author":[{"embeddable":true,"href":"https:\/\/www.1337games.org\/de-de\/wp-json\/wp\/v2\/users\/25001"}],"replies":[{"embeddable":true,"href":"https:\/\/www.1337games.org\/de-de\/wp-json\/wp\/v2\/comments?post=97149"}],"version-history":[{"count":0,"href":"https:\/\/www.1337games.org\/de-de\/wp-json\/wp\/v2\/pages\/97149\/revisions"}],"up":[{"embeddable":true,"href":"https:\/\/www.1337games.org\/de-de\/wp-json\/wp\/v2\/pages\/97130"}],"wp:attachment":[{"href":"https:\/\/www.1337games.org\/de-de\/wp-json\/wp\/v2\/media?parent=97149"}],"curies":[{"name":"wp","href":"https:\/\/api.w.org\/{rel}","templated":true}]}}