{"id":97153,"date":"2025-02-28T07:17:47","date_gmt":"2025-02-28T07:17:47","guid":{"rendered":"https:\/\/www.1337games.org\/de-de\/?page_id=97153"},"modified":"2025-05-26T06:56:29","modified_gmt":"2025-05-26T06:56:29","slug":"nachrichtenredakteur","status":"publish","type":"page","link":"https:\/\/www.1337games.org\/de-de\/karriere\/nachrichtenredakteur\/","title":{"rendered":"Nachrichtenredakteur (Remote \/ Vor Ort)"},"content":{"rendered":"\n<p>Bei<strong> 1337 Games<\/strong> widmen wir uns aktuellen Themen f\u00fcr eine leidenschaftliche Community von Gamern und Technikbegeisterten. F\u00fcr t\u00e4gliche Nachrichten, ausf\u00fchrliche Artikel und Rezensionen suchen wir dich als erprobten und informierten <strong>Nachrichtenredakteur bei 1337 Games<\/strong>!<\/p>\n\n\n\n<h2 class=\"wp-block-heading\" id=\"h-deine-verantwortlichkeiten\">Deine Verantwortlichkeiten:<\/h2>\n\n\n\n<ul class=\"wp-block-list\">\n<li>Verfassen von Nachrichtenartikeln, Rezensionen und Features \u00fcber Gaming und Technologie.<\/li>\n\n\n\n<li>Aktuelles Wissen \u00fcber die neuesten Entwicklungen in der Gaming- und Technologiebranche.<\/li>\n\n\n\n<li>Entwicklung kreativer Ans\u00e4tze f\u00fcr Artikel und Berichte.<\/li>\n\n\n\n<li>Sicherstellung von genauen und ansprechenden Inhalten.<\/li>\n\n\n\n<li>Beitrag zum Wachstum unserer Online-Community durch Social Media.<\/li>\n<\/ul>\n\n\n\n<h2 class=\"wp-block-heading\" id=\"h-unsere-anforderungen\">Unsere Anforderungen:<\/h2>\n\n\n\n<ul class=\"wp-block-list\">\n<li>Ausgezeichnete Schreibf\u00e4higkeiten in Deutsch.<\/li>\n\n\n\n<li>Nachweisbare Affinit\u00e4t und Wissen in den Bereichen Gaming und Technologie.<\/li>\n\n\n\n<li>Erfahrung in der Erstellung von Online-Inhalten und im Journalismus.<\/li>\n\n\n\n<li>F\u00e4higkeit, selbstst\u00e4ndig zu arbeiten und Deadlines einzuhalten.<\/li>\n\n\n\n<li>Kenntnisse in SEO und Social Media sind von Vorteil.<\/li>\n<\/ul>\n\n\n\n<h2 class=\"wp-block-heading\" id=\"h-was-wir-bieten\">Was wir bieten:<\/h2>\n\n\n\n<ul class=\"wp-block-list\">\n<li>Eine einzigartige Gelegenheit, deine Leidenschaft f\u00fcr Gaming und Technologie mit deinem Beruf zu verbinden.<\/li>\n\n\n\n<li>Wettbewerbsf\u00e4higes Gehalt und M\u00f6glichkeiten zur pers\u00f6nlichen Weiterentwicklung.<\/li>\n\n\n\n<li>Arbeiten in einem dynamischen, enthusiastischen und wachsenden Team.<\/li>\n\n\n\n<li>Flexible Arbeitszeiten und die M\u00f6glichkeit, remote zu arbeiten.<\/li>\n<\/ul>\n\n\n\n<p>Du bist ein Gaming-Enthusiast mit einem Talent f\u00fcrs Schreiben? Dann sende deinen Lebenslauf und einige Arbeitsproben an <strong><a>info@1337games.org<\/a><\/strong> mit dem Betreff <strong>&#8222;Bewerbung als Nachrichtenredakteur&#8220;<\/strong>.<\/p>\n\n\n\n<p>Interessierst du dich auch f\u00fcr andere offene Positionen? <strong>Dann schaue dir doch <a href=\"https:\/\/www.1337games.org\/de-de\/karriere\/\">unsere Karriereseite<\/a> an!<\/strong><\/p>\n\n\n<div class=\"kk-star-ratings kksr-auto kksr-align-left kksr-valign-bottom\"\n    data-payload='{&quot;align&quot;:&quot;left&quot;,&quot;id&quot;:&quot;97153&quot;,&quot;slug&quot;:&quot;default&quot;,&quot;valign&quot;:&quot;bottom&quot;,&quot;ignore&quot;:&quot;&quot;,&quot;reference&quot;:&quot;auto&quot;,&quot;class&quot;:&quot;&quot;,&quot;count&quot;:&quot;0&quot;,&quot;legendonly&quot;:&quot;&quot;,&quot;readonly&quot;:&quot;&quot;,&quot;score&quot;:&quot;0&quot;,&quot;starsonly&quot;:&quot;&quot;,&quot;best&quot;:&quot;5&quot;,&quot;gap&quot;:&quot;5&quot;,&quot;greet&quot;:&quot;Artikel bewerten&quot;,&quot;legend&quot;:&quot;0\\\/5 - (0 votes)&quot;,&quot;size&quot;:&quot;24&quot;,&quot;title&quot;:&quot;Nachrichtenredakteur (Remote \\\/ Vor Ort)&quot;,&quot;width&quot;:&quot;0&quot;,&quot;_legend&quot;:&quot;{score}\\\/{best} - ({count} {votes})&quot;,&quot;font_factor&quot;:&quot;1.25&quot;}'>\n            \n<div class=\"kksr-stars\">\n    \n<div class=\"kksr-stars-inactive\">\n            <div class=\"kksr-star\" data-star=\"1\" style=\"padding-right: 5px\">\n            \n\n<div class=\"kksr-icon\" style=\"width: 24px; height: 24px;\"><\/div>\n        <\/div>\n            <div class=\"kksr-star\" data-star=\"2\" style=\"padding-right: 5px\">\n            \n\n<div class=\"kksr-icon\" style=\"width: 24px; height: 24px;\"><\/div>\n        <\/div>\n            <div class=\"kksr-star\" data-star=\"3\" style=\"padding-right: 5px\">\n            \n\n<div class=\"kksr-icon\" style=\"width: 24px; height: 24px;\"><\/div>\n        <\/div>\n            <div class=\"kksr-star\" data-star=\"4\" style=\"padding-right: 5px\">\n            \n\n<div class=\"kksr-icon\" style=\"width: 24px; height: 24px;\"><\/div>\n        <\/div>\n            <div class=\"kksr-star\" data-star=\"5\" style=\"padding-right: 5px\">\n            \n\n<div class=\"kksr-icon\" style=\"width: 24px; height: 24px;\"><\/div>\n        <\/div>\n    <\/div>\n    \n<div class=\"kksr-stars-active\" style=\"width: 0px;\">\n            <div class=\"kksr-star\" style=\"padding-right: 5px\">\n            \n\n<div class=\"kksr-icon\" style=\"width: 24px; height: 24px;\"><\/div>\n        <\/div>\n            <div class=\"kksr-star\" style=\"padding-right: 5px\">\n            \n\n<div class=\"kksr-icon\" style=\"width: 24px; height: 24px;\"><\/div>\n        <\/div>\n            <div class=\"kksr-star\" style=\"padding-right: 5px\">\n            \n\n<div class=\"kksr-icon\" style=\"width: 24px; height: 24px;\"><\/div>\n        <\/div>\n            <div class=\"kksr-star\" style=\"padding-right: 5px\">\n            \n\n<div class=\"kksr-icon\" style=\"width: 24px; height: 24px;\"><\/div>\n        <\/div>\n            <div class=\"kksr-star\" style=\"padding-right: 5px\">\n            \n\n<div class=\"kksr-icon\" style=\"width: 24px; height: 24px;\"><\/div>\n        <\/div>\n    <\/div>\n<\/div>\n                \n\n<div class=\"kksr-legend\" style=\"font-size: 19.2px;\">\n            <span class=\"kksr-muted\">Artikel bewerten<\/span>\n    <\/div>\n    <\/div>\n","protected":false},"excerpt":{"rendered":"<p>Bei 1337 Games widmen wir uns aktuellen Themen f\u00fcr eine leidenschaftliche Community von Gamern und Technikbegeisterten. F\u00fcr t\u00e4gliche Nachrichten, ausf\u00fchrliche Artikel und Rezensionen suchen wir dich als erprobten und informierten Nachrichtenredakteur bei 1337 Games! Deine Verantwortlichkeiten: Unsere Anforderungen: Was wir bieten: Du bist ein Gaming-Enthusiast mit einem Talent f\u00fcrs Schreiben? Dann sende deinen Lebenslauf und [&hellip;]<\/p>\n","protected":false},"author":25001,"featured_media":0,"parent":97130,"menu_order":0,"comment_status":"closed","ping_status":"closed","template":"","meta":{"footnotes":""},"class_list":["post-97153","page","type-page","status-publish","hentry"],"featured_image_src":null,"yoast_head":"<!-- This site is optimized with the Yoast SEO Premium plugin v27.0 (Yoast SEO v27.0) - https:\/\/yoast.com\/product\/yoast-seo-premium-wordpress\/ -->\n<title>Nachrichtenredakteur (Remote \/ Vor Ort)<\/title>\n<meta name=\"description\" content=\"1337 Games, ein angesehenes Online-Portal f\u00fcr Spiele und Technik, hat eine Stelle f\u00fcr einen Nachrichtenredakteur zu besetzen. Bewerben Sie sich jetzt!\" \/>\n<meta name=\"robots\" content=\"index, follow, max-snippet:-1, max-image-preview:large, max-video-preview:-1\" \/>\n<link rel=\"canonical\" href=\"https:\/\/www.1337games.org\/de-de\/karriere\/nachrichtenredakteur\/\" \/>\n<meta property=\"og:locale\" content=\"de_DE\" \/>\n<meta property=\"og:type\" content=\"article\" \/>\n<meta property=\"og:title\" content=\"Nachrichtenredakteur (Remote \/ Vor Ort)\" \/>\n<meta property=\"og:description\" content=\"1337 Games, ein angesehenes Online-Portal f\u00fcr Spiele und Technik, hat eine Stelle f\u00fcr einen Nachrichtenredakteur zu besetzen. Bewerben Sie sich jetzt!\" \/>\n<meta property=\"og:url\" content=\"https:\/\/www.1337games.org\/de-de\/karriere\/nachrichtenredakteur\/\" \/>\n<meta property=\"og:site_name\" content=\"1337 Games DE\" \/>\n<meta property=\"article:publisher\" content=\"https:\/\/www.facebook.com\/1337gamesio\/\" \/>\n<meta property=\"article:modified_time\" content=\"2025-05-26T06:56:29+00:00\" \/>\n<meta name=\"twitter:card\" content=\"summary_large_image\" \/>\n<meta name=\"twitter:site\" content=\"@1337gamesio\" \/>\n<meta name=\"twitter:label1\" content=\"Gesch\u00e4tzte Lesezeit\" \/>\n\t<meta name=\"twitter:data1\" content=\"2\u00a0Minuten\" \/>\n<script type=\"application\/ld+json\" class=\"yoast-schema-graph\">{\"@context\":\"https:\/\/schema.org\",\"@graph\":[{\"@type\":\"WebPage\",\"@id\":\"https:\/\/www.1337games.org\/de-de\/karriere\/nachrichtenredakteur\/\",\"url\":\"https:\/\/www.1337games.org\/de-de\/karriere\/nachrichtenredakteur\/\",\"name\":\"Nachrichtenredakteur (Remote \/ Vor Ort)\",\"isPartOf\":{\"@id\":\"https:\/\/www.1337games.org\/de-de\/#website\"},\"datePublished\":\"2025-02-28T07:17:47+00:00\",\"dateModified\":\"2025-05-26T06:56:29+00:00\",\"description\":\"1337 Games, ein angesehenes Online-Portal f\u00fcr Spiele und Technik, hat eine Stelle f\u00fcr einen Nachrichtenredakteur zu besetzen. Bewerben Sie sich jetzt!\",\"breadcrumb\":{\"@id\":\"https:\/\/www.1337games.org\/de-de\/karriere\/nachrichtenredakteur\/#breadcrumb\"},\"inLanguage\":\"de\",\"potentialAction\":[{\"@type\":\"ReadAction\",\"target\":[\"https:\/\/www.1337games.org\/de-de\/karriere\/nachrichtenredakteur\/\"]}]},{\"@type\":\"BreadcrumbList\",\"@id\":\"https:\/\/www.1337games.org\/de-de\/karriere\/nachrichtenredakteur\/#breadcrumb\",\"itemListElement\":[{\"@type\":\"ListItem\",\"position\":1,\"name\":\"Home\",\"item\":\"https:\/\/www.1337games.org\/de-de\/\"},{\"@type\":\"ListItem\",\"position\":2,\"name\":\"Karriere\",\"item\":\"https:\/\/www.1337games.org\/de-de\/karriere\/\"},{\"@type\":\"ListItem\",\"position\":3,\"name\":\"Nachrichtenredakteur\"}]},{\"@type\":\"WebSite\",\"@id\":\"https:\/\/www.1337games.org\/de-de\/#website\",\"url\":\"https:\/\/www.1337games.org\/de-de\/\",\"name\":\"1337 Games DE - Online Gl\u00fccksspiel in Deutschland\",\"description\":\"\",\"publisher\":{\"@id\":\"https:\/\/www.1337games.org\/de-de\/#organization\"},\"potentialAction\":[{\"@type\":\"SearchAction\",\"target\":{\"@type\":\"EntryPoint\",\"urlTemplate\":\"https:\/\/www.1337games.org\/de-de\/?s={search_term_string}\"},\"query-input\":{\"@type\":\"PropertyValueSpecification\",\"valueRequired\":true,\"valueName\":\"search_term_string\"}}],\"inLanguage\":\"de\"},{\"@type\":\"Organization\",\"@id\":\"https:\/\/www.1337games.org\/de-de\/#organization\",\"name\":\"1337 Games\",\"url\":\"https:\/\/www.1337games.org\/de-de\/\",\"logo\":{\"@type\":\"ImageObject\",\"inLanguage\":\"de\",\"@id\":\"https:\/\/www.1337games.org\/de-de\/#\/schema\/logo\/image\/\",\"url\":\"https:\/\/www.1337games.org\/de-de\/wp-content\/uploads\/sites\/4\/2025\/10\/cropped-1Games.png\",\"contentUrl\":\"https:\/\/www.1337games.org\/de-de\/wp-content\/uploads\/sites\/4\/2025\/10\/cropped-1Games.png\",\"width\":512,\"height\":512,\"caption\":\"1337 Games\"},\"image\":{\"@id\":\"https:\/\/www.1337games.org\/de-de\/#\/schema\/logo\/image\/\"},\"sameAs\":[\"https:\/\/www.facebook.com\/1337gamesio\/\",\"https:\/\/x.com\/1337gamesio\",\"https:\/\/www.instagram.com\/1337gamesio\/\"],\"email\":\"info@1337games.io\",\"numberOfEmployees\":{\"@type\":\"QuantitativeValue\",\"minValue\":\"11\",\"maxValue\":\"50\"}}]}<\/script>\n<!-- \/ Yoast SEO Premium plugin. -->","yoast_head_json":{"title":"Nachrichtenredakteur (Remote \/ Vor Ort)","description":"1337 Games, ein angesehenes Online-Portal f\u00fcr Spiele und Technik, hat eine Stelle f\u00fcr einen Nachrichtenredakteur zu besetzen. Bewerben Sie sich jetzt!","robots":{"index":"index","follow":"follow","max-snippet":"max-snippet:-1","max-image-preview":"max-image-preview:large","max-video-preview":"max-video-preview:-1"},"canonical":"https:\/\/www.1337games.org\/de-de\/karriere\/nachrichtenredakteur\/","og_locale":"de_DE","og_type":"article","og_title":"Nachrichtenredakteur (Remote \/ Vor Ort)","og_description":"1337 Games, ein angesehenes Online-Portal f\u00fcr Spiele und Technik, hat eine Stelle f\u00fcr einen Nachrichtenredakteur zu besetzen. Bewerben Sie sich jetzt!","og_url":"https:\/\/www.1337games.org\/de-de\/karriere\/nachrichtenredakteur\/","og_site_name":"1337 Games DE","article_publisher":"https:\/\/www.facebook.com\/1337gamesio\/","article_modified_time":"2025-05-26T06:56:29+00:00","twitter_card":"summary_large_image","twitter_site":"@1337gamesio","twitter_misc":{"Gesch\u00e4tzte Lesezeit":"2\u00a0Minuten"},"schema":{"@context":"https:\/\/schema.org","@graph":[{"@type":"WebPage","@id":"https:\/\/www.1337games.org\/de-de\/karriere\/nachrichtenredakteur\/","url":"https:\/\/www.1337games.org\/de-de\/karriere\/nachrichtenredakteur\/","name":"Nachrichtenredakteur (Remote \/ Vor Ort)","isPartOf":{"@id":"https:\/\/www.1337games.org\/de-de\/#website"},"datePublished":"2025-02-28T07:17:47+00:00","dateModified":"2025-05-26T06:56:29+00:00","description":"1337 Games, ein angesehenes Online-Portal f\u00fcr Spiele und Technik, hat eine Stelle f\u00fcr einen Nachrichtenredakteur zu besetzen. Bewerben Sie sich jetzt!","breadcrumb":{"@id":"https:\/\/www.1337games.org\/de-de\/karriere\/nachrichtenredakteur\/#breadcrumb"},"inLanguage":"de","potentialAction":[{"@type":"ReadAction","target":["https:\/\/www.1337games.org\/de-de\/karriere\/nachrichtenredakteur\/"]}]},{"@type":"BreadcrumbList","@id":"https:\/\/www.1337games.org\/de-de\/karriere\/nachrichtenredakteur\/#breadcrumb","itemListElement":[{"@type":"ListItem","position":1,"name":"Home","item":"https:\/\/www.1337games.org\/de-de\/"},{"@type":"ListItem","position":2,"name":"Karriere","item":"https:\/\/www.1337games.org\/de-de\/karriere\/"},{"@type":"ListItem","position":3,"name":"Nachrichtenredakteur"}]},{"@type":"WebSite","@id":"https:\/\/www.1337games.org\/de-de\/#website","url":"https:\/\/www.1337games.org\/de-de\/","name":"1337 Games DE - Online Gl\u00fccksspiel in Deutschland","description":"","publisher":{"@id":"https:\/\/www.1337games.org\/de-de\/#organization"},"potentialAction":[{"@type":"SearchAction","target":{"@type":"EntryPoint","urlTemplate":"https:\/\/www.1337games.org\/de-de\/?s={search_term_string}"},"query-input":{"@type":"PropertyValueSpecification","valueRequired":true,"valueName":"search_term_string"}}],"inLanguage":"de"},{"@type":"Organization","@id":"https:\/\/www.1337games.org\/de-de\/#organization","name":"1337 Games","url":"https:\/\/www.1337games.org\/de-de\/","logo":{"@type":"ImageObject","inLanguage":"de","@id":"https:\/\/www.1337games.org\/de-de\/#\/schema\/logo\/image\/","url":"https:\/\/www.1337games.org\/de-de\/wp-content\/uploads\/sites\/4\/2025\/10\/cropped-1Games.png","contentUrl":"https:\/\/www.1337games.org\/de-de\/wp-content\/uploads\/sites\/4\/2025\/10\/cropped-1Games.png","width":512,"height":512,"caption":"1337 Games"},"image":{"@id":"https:\/\/www.1337games.org\/de-de\/#\/schema\/logo\/image\/"},"sameAs":["https:\/\/www.facebook.com\/1337gamesio\/","https:\/\/x.com\/1337gamesio","https:\/\/www.instagram.com\/1337gamesio\/"],"email":"info@1337games.io","numberOfEmployees":{"@type":"QuantitativeValue","minValue":"11","maxValue":"50"}}]}},"_links":{"self":[{"href":"https:\/\/www.1337games.org\/de-de\/wp-json\/wp\/v2\/pages\/97153","targetHints":{"allow":["GET"]}}],"collection":[{"href":"https:\/\/www.1337games.org\/de-de\/wp-json\/wp\/v2\/pages"}],"about":[{"href":"https:\/\/www.1337games.org\/de-de\/wp-json\/wp\/v2\/types\/page"}],"author":[{"embeddable":true,"href":"https:\/\/www.1337games.org\/de-de\/wp-json\/wp\/v2\/users\/25001"}],"replies":[{"embeddable":true,"href":"https:\/\/www.1337games.org\/de-de\/wp-json\/wp\/v2\/comments?post=97153"}],"version-history":[{"count":0,"href":"https:\/\/www.1337games.org\/de-de\/wp-json\/wp\/v2\/pages\/97153\/revisions"}],"up":[{"embeddable":true,"href":"https:\/\/www.1337games.org\/de-de\/wp-json\/wp\/v2\/pages\/97130"}],"wp:attachment":[{"href":"https:\/\/www.1337games.org\/de-de\/wp-json\/wp\/v2\/media?parent=97153"}],"curies":[{"name":"wp","href":"https:\/\/api.w.org\/{rel}","templated":true}]}}