{"id":89255,"date":"2024-11-21T11:31:13","date_gmt":"2024-11-21T11:31:13","guid":{"rendered":"https:\/\/www.1337games.org\/dk-dk\/?page_id=89255"},"modified":"2024-12-02T11:31:13","modified_gmt":"2024-12-02T11:31:13","slug":"reklame","status":"publish","type":"page","link":"https:\/\/www.1337games.org\/dk-dk\/reklame\/","title":{"rendered":"Reklame p\u00e5 1337 Games: Forbind dig med Passioneret Publikum"},"content":{"rendered":"\n<p>Vil du n\u00e5 ud til et levende f\u00e6llesskab af passionerede gamere? Hos 1337 Games tilbyder vi den perfekte mulighed for at forbinde dig med din m\u00e5lgruppe. Som en f\u00f8rende platform inden for indhold om videospil, teknologi og online casinoer henvender vi os b\u00e5de til casual spillere og brancheeksperter, der \u00f8nsker at holde sig opdaterede.<\/p>\n\n\n\n<p>Med <strong><a href=\"https:\/\/www.1337games.org\/dk-dk\/om-os\/\">vores teams<\/a><\/strong> dedikation til at levere autentisk og kvalitetsindhold sikrer vi, at din brand bliver pr\u00e6senteret for et engageret og relevant publikum.<\/p>\n\n\n\n<hr class=\"wp-block-separator has-alpha-channel-opacity\" \/>\n\n\n\n<h2 class=\"wp-block-heading\" id=\"h-hvorfor-vaelge-1337-games\">Hvorfor v\u00e6lge 1337 Games?<\/h2>\n\n\n\n<ul class=\"wp-block-list\">\n<li><strong>Loyal og segmenteret m\u00e5lgruppe:<\/strong><br>Med tusindvis af ugentlige bes\u00f8g n\u00e5r du brugere, der er interesserede i videospil og online casinoer.<\/li>\n\n\n\n<li><strong>Autentisk og trov\u00e6rdigt indhold:<\/strong><br>Vi integrerer dine kampagner naturligt i vores p\u00e5lidelige og velrenommerede milj\u00f8.<\/li>\n\n\n\n<li><strong>Fleksible strategier:<\/strong><br>Vi arbejder sammen med dig for at udvikle tilpassede reklamel\u00f8sninger, der matcher dit brands m\u00e5l.<\/li>\n\n\n\n<li><strong>Fuld support:<\/strong><br>Vores team st\u00f8tter dig gennem hele processen for at sikre succes med din kampagne.<\/li>\n<\/ul>\n\n\n\n<hr class=\"wp-block-separator has-alpha-channel-opacity\" \/>\n\n\n\n<h2 class=\"wp-block-heading\" id=\"h-interesseret-kontakt-os\">Interesseret? Kontakt os!<\/h2>\n\n\n\n<p>Hvis du \u00f8nsker at promovere dit brand p\u00e5 1337 Games, st\u00e5r vi klar til at hj\u00e6lpe dig med at udvikle en effektiv og skr\u00e6ddersyet strategi. Uanset om du vil \u00f8ge din synlighed, generere leads eller styrke din tilstedev\u00e6relse i branchen, arbejder vi sammen for at n\u00e5 dine reklame m\u00e5l.<\/p>\n\n\n\n<p>Tag kontakt til os for at udforske dine muligheder og find ud af, hvordan vi kan hj\u00e6lpe dig med at forbinde dit brand med et passioneret og engageret publikum. Vi er klar til at samarbejde og l\u00f8fte dit brand til n\u00e6ste niveau!<\/p>\n","protected":false},"excerpt":{"rendered":"<p>Vil du n\u00e5 ud til et levende f\u00e6llesskab af passionerede gamere? Hos 1337 Games tilbyder vi den perfekte mulighed for at forbinde dig med din m\u00e5lgruppe. Som en f\u00f8rende platform inden for indhold om videospil, teknologi og online casinoer henvender vi os b\u00e5de til casual spillere og brancheeksperter, der \u00f8nsker at holde sig opdaterede. Med [&hellip;]<\/p>\n","protected":false},"author":25014,"featured_media":0,"parent":0,"menu_order":0,"comment_status":"closed","ping_status":"closed","template":"","meta":{"footnotes":""},"class_list":["post-89255","page","type-page","status-publish","hentry"],"featured_image_src":null,"yoast_head":"<!-- This site is optimized with the Yoast SEO Premium plugin v27.0 (Yoast SEO v27.0) - https:\/\/yoast.com\/product\/yoast-seo-premium-wordpress\/ -->\n<title>Reklame p\u00e5 1337 Games: Forbind dig med Passioneret Publikum<\/title>\n<meta name=\"description\" content=\"Promov\u00e9r dit brand p\u00e5 1337 Games og n\u00e5 ud til et passioneret publikum. Vi tilbyder fleksible l\u00f8sninger og m\u00e5lbare resultater, der l\u00f8fter din virksomhed!\" \/>\n<meta name=\"robots\" content=\"index, follow, max-snippet:-1, max-image-preview:large, max-video-preview:-1\" \/>\n<link rel=\"canonical\" href=\"https:\/\/www.1337games.org\/dk-dk\/reklame\/\" \/>\n<meta property=\"og:locale\" content=\"da_DK\" \/>\n<meta property=\"og:type\" content=\"article\" \/>\n<meta property=\"og:title\" content=\"Reklame p\u00e5 1337 Games: Forbind dig med Passioneret Publikum\" \/>\n<meta property=\"og:description\" content=\"Promov\u00e9r dit brand p\u00e5 1337 Games og n\u00e5 ud til et passioneret publikum. Vi tilbyder fleksible l\u00f8sninger og m\u00e5lbare resultater, der l\u00f8fter din virksomhed!\" \/>\n<meta property=\"og:url\" content=\"https:\/\/www.1337games.org\/dk-dk\/reklame\/\" \/>\n<meta property=\"og:site_name\" content=\"1337 Games DK\" \/>\n<meta property=\"article:publisher\" content=\"https:\/\/www.facebook.com\/1337gamesio\/\" \/>\n<meta property=\"article:modified_time\" content=\"2024-12-02T11:31:13+00:00\" \/>\n<meta name=\"twitter:card\" content=\"summary_large_image\" \/>\n<meta name=\"twitter:site\" content=\"@1337gamesio\" \/>\n<meta name=\"twitter:label1\" content=\"Estimeret l\u00e6setid\" \/>\n\t<meta name=\"twitter:data1\" content=\"2 minutter\" \/>\n<script type=\"application\/ld+json\" class=\"yoast-schema-graph\">{\"@context\":\"https:\/\/schema.org\",\"@graph\":[{\"@type\":\"WebPage\",\"@id\":\"https:\/\/www.1337games.org\/dk-dk\/reklame\/\",\"url\":\"https:\/\/www.1337games.org\/dk-dk\/reklame\/\",\"name\":\"Reklame p\u00e5 1337 Games: Forbind dig med Passioneret Publikum\",\"isPartOf\":{\"@id\":\"https:\/\/www.1337games.org\/dk-dk\/#website\"},\"datePublished\":\"2024-11-21T11:31:13+00:00\",\"dateModified\":\"2024-12-02T11:31:13+00:00\",\"description\":\"Promov\u00e9r dit brand p\u00e5 1337 Games og n\u00e5 ud til et passioneret publikum. Vi tilbyder fleksible l\u00f8sninger og m\u00e5lbare resultater, der l\u00f8fter din virksomhed!\",\"breadcrumb\":{\"@id\":\"https:\/\/www.1337games.org\/dk-dk\/reklame\/#breadcrumb\"},\"inLanguage\":\"da-DK\",\"potentialAction\":[{\"@type\":\"ReadAction\",\"target\":[\"https:\/\/www.1337games.org\/dk-dk\/reklame\/\"]}]},{\"@type\":\"BreadcrumbList\",\"@id\":\"https:\/\/www.1337games.org\/dk-dk\/reklame\/#breadcrumb\",\"itemListElement\":[{\"@type\":\"ListItem\",\"position\":1,\"name\":\"Home\",\"item\":\"https:\/\/www.1337games.org\/dk-dk\/\"},{\"@type\":\"ListItem\",\"position\":2,\"name\":\"Reklame\"}]},{\"@type\":\"WebSite\",\"@id\":\"https:\/\/www.1337games.org\/dk-dk\/#website\",\"url\":\"https:\/\/www.1337games.org\/dk-dk\/\",\"name\":\"1337 Games DK\",\"description\":\"\",\"publisher\":{\"@id\":\"https:\/\/www.1337games.org\/dk-dk\/#organization\"},\"potentialAction\":[{\"@type\":\"SearchAction\",\"target\":{\"@type\":\"EntryPoint\",\"urlTemplate\":\"https:\/\/www.1337games.org\/dk-dk\/?s={search_term_string}\"},\"query-input\":{\"@type\":\"PropertyValueSpecification\",\"valueRequired\":true,\"valueName\":\"search_term_string\"}}],\"inLanguage\":\"da-DK\"},{\"@type\":\"Organization\",\"@id\":\"https:\/\/www.1337games.org\/dk-dk\/#organization\",\"name\":\"1337 Games\",\"url\":\"https:\/\/www.1337games.org\/dk-dk\/\",\"logo\":{\"@type\":\"ImageObject\",\"inLanguage\":\"da-DK\",\"@id\":\"https:\/\/www.1337games.org\/dk-dk\/#\/schema\/logo\/image\/\",\"url\":\"https:\/\/www.1337games.org\/dk-dk\/wp-content\/uploads\/sites\/11\/2025\/10\/cropped-1Games.png\",\"contentUrl\":\"https:\/\/www.1337games.org\/dk-dk\/wp-content\/uploads\/sites\/11\/2025\/10\/cropped-1Games.png\",\"width\":512,\"height\":512,\"caption\":\"1337 Games\"},\"image\":{\"@id\":\"https:\/\/www.1337games.org\/dk-dk\/#\/schema\/logo\/image\/\"},\"sameAs\":[\"https:\/\/www.facebook.com\/1337gamesio\/\",\"https:\/\/x.com\/1337gamesio\",\"https:\/\/www.instagram.com\/1337gamesio\/\"],\"email\":\"info@1337games.io\",\"numberOfEmployees\":{\"@type\":\"QuantitativeValue\",\"minValue\":\"11\",\"maxValue\":\"50\"}}]}<\/script>\n<!-- \/ Yoast SEO Premium plugin. -->","yoast_head_json":{"title":"Reklame p\u00e5 1337 Games: Forbind dig med Passioneret Publikum","description":"Promov\u00e9r dit brand p\u00e5 1337 Games og n\u00e5 ud til et passioneret publikum. Vi tilbyder fleksible l\u00f8sninger og m\u00e5lbare resultater, der l\u00f8fter din virksomhed!","robots":{"index":"index","follow":"follow","max-snippet":"max-snippet:-1","max-image-preview":"max-image-preview:large","max-video-preview":"max-video-preview:-1"},"canonical":"https:\/\/www.1337games.org\/dk-dk\/reklame\/","og_locale":"da_DK","og_type":"article","og_title":"Reklame p\u00e5 1337 Games: Forbind dig med Passioneret Publikum","og_description":"Promov\u00e9r dit brand p\u00e5 1337 Games og n\u00e5 ud til et passioneret publikum. Vi tilbyder fleksible l\u00f8sninger og m\u00e5lbare resultater, der l\u00f8fter din virksomhed!","og_url":"https:\/\/www.1337games.org\/dk-dk\/reklame\/","og_site_name":"1337 Games DK","article_publisher":"https:\/\/www.facebook.com\/1337gamesio\/","article_modified_time":"2024-12-02T11:31:13+00:00","twitter_card":"summary_large_image","twitter_site":"@1337gamesio","twitter_misc":{"Estimeret l\u00e6setid":"2 minutter"},"schema":{"@context":"https:\/\/schema.org","@graph":[{"@type":"WebPage","@id":"https:\/\/www.1337games.org\/dk-dk\/reklame\/","url":"https:\/\/www.1337games.org\/dk-dk\/reklame\/","name":"Reklame p\u00e5 1337 Games: Forbind dig med Passioneret Publikum","isPartOf":{"@id":"https:\/\/www.1337games.org\/dk-dk\/#website"},"datePublished":"2024-11-21T11:31:13+00:00","dateModified":"2024-12-02T11:31:13+00:00","description":"Promov\u00e9r dit brand p\u00e5 1337 Games og n\u00e5 ud til et passioneret publikum. Vi tilbyder fleksible l\u00f8sninger og m\u00e5lbare resultater, der l\u00f8fter din virksomhed!","breadcrumb":{"@id":"https:\/\/www.1337games.org\/dk-dk\/reklame\/#breadcrumb"},"inLanguage":"da-DK","potentialAction":[{"@type":"ReadAction","target":["https:\/\/www.1337games.org\/dk-dk\/reklame\/"]}]},{"@type":"BreadcrumbList","@id":"https:\/\/www.1337games.org\/dk-dk\/reklame\/#breadcrumb","itemListElement":[{"@type":"ListItem","position":1,"name":"Home","item":"https:\/\/www.1337games.org\/dk-dk\/"},{"@type":"ListItem","position":2,"name":"Reklame"}]},{"@type":"WebSite","@id":"https:\/\/www.1337games.org\/dk-dk\/#website","url":"https:\/\/www.1337games.org\/dk-dk\/","name":"1337 Games DK","description":"","publisher":{"@id":"https:\/\/www.1337games.org\/dk-dk\/#organization"},"potentialAction":[{"@type":"SearchAction","target":{"@type":"EntryPoint","urlTemplate":"https:\/\/www.1337games.org\/dk-dk\/?s={search_term_string}"},"query-input":{"@type":"PropertyValueSpecification","valueRequired":true,"valueName":"search_term_string"}}],"inLanguage":"da-DK"},{"@type":"Organization","@id":"https:\/\/www.1337games.org\/dk-dk\/#organization","name":"1337 Games","url":"https:\/\/www.1337games.org\/dk-dk\/","logo":{"@type":"ImageObject","inLanguage":"da-DK","@id":"https:\/\/www.1337games.org\/dk-dk\/#\/schema\/logo\/image\/","url":"https:\/\/www.1337games.org\/dk-dk\/wp-content\/uploads\/sites\/11\/2025\/10\/cropped-1Games.png","contentUrl":"https:\/\/www.1337games.org\/dk-dk\/wp-content\/uploads\/sites\/11\/2025\/10\/cropped-1Games.png","width":512,"height":512,"caption":"1337 Games"},"image":{"@id":"https:\/\/www.1337games.org\/dk-dk\/#\/schema\/logo\/image\/"},"sameAs":["https:\/\/www.facebook.com\/1337gamesio\/","https:\/\/x.com\/1337gamesio","https:\/\/www.instagram.com\/1337gamesio\/"],"email":"info@1337games.io","numberOfEmployees":{"@type":"QuantitativeValue","minValue":"11","maxValue":"50"}}]}},"_links":{"self":[{"href":"https:\/\/www.1337games.org\/dk-dk\/wp-json\/wp\/v2\/pages\/89255","targetHints":{"allow":["GET"]}}],"collection":[{"href":"https:\/\/www.1337games.org\/dk-dk\/wp-json\/wp\/v2\/pages"}],"about":[{"href":"https:\/\/www.1337games.org\/dk-dk\/wp-json\/wp\/v2\/types\/page"}],"author":[{"embeddable":true,"href":"https:\/\/www.1337games.org\/dk-dk\/wp-json\/wp\/v2\/users\/25014"}],"replies":[{"embeddable":true,"href":"https:\/\/www.1337games.org\/dk-dk\/wp-json\/wp\/v2\/comments?post=89255"}],"version-history":[{"count":2,"href":"https:\/\/www.1337games.org\/dk-dk\/wp-json\/wp\/v2\/pages\/89255\/revisions"}],"predecessor-version":[{"id":89356,"href":"https:\/\/www.1337games.org\/dk-dk\/wp-json\/wp\/v2\/pages\/89255\/revisions\/89356"}],"wp:attachment":[{"href":"https:\/\/www.1337games.org\/dk-dk\/wp-json\/wp\/v2\/media?parent=89255"}],"curies":[{"name":"wp","href":"https:\/\/api.w.org\/{rel}","templated":true}]}}