{"id":89257,"date":"2024-11-21T14:13:56","date_gmt":"2024-11-21T14:13:56","guid":{"rendered":"https:\/\/www.1337games.org\/dk-dk\/?page_id=89257"},"modified":"2024-12-02T11:10:36","modified_gmt":"2024-12-02T11:10:36","slug":"redaktionel-politik","status":"publish","type":"page","link":"https:\/\/www.1337games.org\/dk-dk\/redaktionel-politik\/","title":{"rendered":"Redaktionel Politik"},"content":{"rendered":"\n<div class=\"wp-block-columns is-layout-flex wp-container-core-columns-is-layout-9d6595d7 wp-block-columns-is-layout-flex\">\n<div class=\"wp-block-column is-layout-flow wp-block-column-is-layout-flow\">\n<p>Hos 1337 Games forpligter vi os til at levere pr\u00e6cise, trov\u00e6rdige og upartiske oplysninger til vores l\u00e6sere om verdenen af videospil, online casinoer og relaterede emner. Som passionerede spillere og branchefolk forst\u00e5r vi vigtigheden af tillid i den digitale spilverden. Derfor har vi udviklet denne redaktionelle politik for at sikre, at vores indhold opfylder de h\u00f8jeste standarder for integritet, gennemsigtighed og kvalitet.<\/p>\n<\/div>\n\n\n\n<div class=\"wp-block-column is-layout-flow wp-block-column-is-layout-flow\">\n<figure class=\"wp-block-image size-full is-resized\"><img decoding=\"async\" width=\"1000\" height=\"500\" src=\"https:\/\/www.1337games.org\/dk-dk\/wp-content\/uploads\/sites\/11\/2024\/11\/1337games.png\" alt=\"1337 Games Online Casino\" class=\"wp-image-89245\" style=\"width:528px\" srcset=\"https:\/\/www.1337games.org\/dk-dk\/wp-content\/uploads\/sites\/11\/2024\/11\/1337games.png 1000w, https:\/\/www.1337games.org\/dk-dk\/wp-content\/uploads\/sites\/11\/2024\/11\/1337games-300x150.png 300w, https:\/\/www.1337games.org\/dk-dk\/wp-content\/uploads\/sites\/11\/2024\/11\/1337games-768x384.png 768w\" sizes=\"(max-width: 1000px) 100vw, 1000px\" \/><\/figure>\n<\/div>\n<\/div>\n\n\n\n<hr class=\"wp-block-separator has-alpha-channel-opacity\" \/>\n\n\n\n<h2 class=\"wp-block-heading\" id=\"h-vores-mission\">Vores Mission<\/h2>\n\n\n\n<p>M\u00e5let med 1337 Games er at levere opdateret, relevant og detaljeret indhold, der hj\u00e6lper vores l\u00e6sere med at forst\u00e5 videospil og online casinoer bedre. Uanset om du er en afslappet spiller eller en seri\u00f8s gamer, arbejder vi for at give dig information, der forbedrer din spiloplevelse, fra ekspertreviews og spilstrategier til brancheanalyser og produktanbefalinger.<\/p>\n\n\n\n<hr class=\"wp-block-separator has-alpha-channel-opacity\" \/>\n\n\n\n<h2 class=\"wp-block-heading\" id=\"h-uafhaengighed-i-redaktionelt-indhold\">Uafh\u00e6ngighed i Redaktionelt Indhold<\/h2>\n\n\n\n<p>Hos 1337 Games v\u00e6rds\u00e6tter vi redaktionel uafh\u00e6ngighed h\u00f8jt. <strong><a href=\"https:\/\/www.1337games.org\/dk-dk\/om-os\/\">Vores redaktionsteam<\/a><\/strong> arbejder uafh\u00e6ngigt af marketing- og salgsafdelinger for at sikre objektivitet i vores indhold. Vi skriver til vores l\u00e6sere med fokus p\u00e5 at levere trov\u00e6rdige, nyttige og n\u00f8jagtige oplysninger.<\/p>\n\n\n\n<p>Selvom vi samarbejder med affiliate-partnere inden for spilplatforme og casinoer, p\u00e5virker disse partnerskaber ikke vores redaktionelle beslutninger. Vores indhold er baseret p\u00e5 erfaring, research og strenge evalueringsprocesser udf\u00f8rt af vores redaktionsteam, hvilket sikrer, at vi altid giver upartiske og trov\u00e6rdige anbefalinger.<\/p>\n\n\n\n<hr class=\"wp-block-separator has-alpha-channel-opacity\" \/>\n\n\n\n<h2 class=\"wp-block-heading\" id=\"h-processen-bag-indholdsskabelse-og-gennemgang\">Processen bag Indholdsskabelse og Gennemgang<\/h2>\n\n\n\n<p>Alt vores indhold gennemg\u00e5r en grundig researchproces og er designet til at v\u00e6re informativt og pr\u00e6cist. Vores redaktion best\u00e5r af erfarne skribenter og brancheeksperter, der benytter forskellige kilder til at skabe detaljerede og trov\u00e6rdige artikler. Vi tager ogs\u00e5 h\u00f8jde for brugerfeedback og ekspertanmeldelser for l\u00f8bende at forbedre og opdatere vores indhold.<\/p>\n\n\n\n<p>Hvert indl\u00e6g bliver n\u00f8je gennemg\u00e5et for faktuel n\u00f8jagtighed, l\u00e6sevenlighed og overholdelse af vores redaktionelle retningslinjer inden offentligg\u00f8relse. Vi arbejder l\u00f8bende p\u00e5 at holde vores indhold opdateret, s\u00e5 det afspejler de nyeste tendenser og udviklinger i spil- og casinoindustrien.<\/p>\n\n\n\n<hr class=\"wp-block-separator has-alpha-channel-opacity\" \/>\n\n\n\n<h2 class=\"wp-block-heading\" id=\"h-affiliate-erklaeringer\">Affiliate-Erkl\u00e6ringer<\/h2>\n\n\n\n<p>Nogle links p\u00e5 vores hjemmeside kan f\u00f8re til vores affiliate-partnere, og 1337 Games kan modtage provision, n\u00e5r brugere tilmelder sig eller foretager k\u00f8b via disse links. Vi er transparente omkring dette og sikrer, at disse partnerskaber ikke p\u00e5virker objektiviteten eller kvaliteten af vores indhold.<\/p>\n\n\n\n<p>Disse samarbejder g\u00f8r det muligt for os at finansiere vores aktiviteter og tilbyde gratis, kvalitetsindhold til vores l\u00e6sere. Vores anbefalinger forbliver dog altid upartiske og uafh\u00e6ngige. Vi accepterer ikke betaling for positive anmeldelser eller anbefalinger.<\/p>\n\n\n\n<hr class=\"wp-block-separator has-alpha-channel-opacity\" \/>\n\n\n\n<h2 class=\"wp-block-heading\" id=\"h-etik-og-ansvarligt-spil\">Etik og Ansvarligt Spil<\/h2>\n\n\n\n<p>Vi tager vores ansvar over for l\u00e6serne meget alvorligt. Vi fremmer <strong><a href=\"https:\/\/www.1337games.org\/dk-dk\/ansvarligt-spil\/\">ansvarligt spil<\/a><\/strong> og opfordrer vores l\u00e6sere til at tr\u00e6ffe informerede og sikre beslutninger, n\u00e5r de bruger spilplatforme og online casinoer. Vi understreger vigtigheden af at s\u00e6tte gr\u00e6nser, genkende tegn p\u00e5 problemspil og s\u00f8ge hj\u00e6lp, n\u00e5r det er n\u00f8dvendigt.<\/p>\n\n\n\n<p>Ud over ansvarligt spil l\u00e6gger vi stor v\u00e6gt p\u00e5 etiske standarder i vores indhold. Vores anmeldelser, anbefalinger og meninger er baseret p\u00e5 produkters og tjenesters kvalitet og er ikke p\u00e5virket af tredjepartsinteresser.<\/p>\n\n\n\n<hr class=\"wp-block-separator has-alpha-channel-opacity\" \/>\n\n\n\n<h2 class=\"wp-block-heading\" id=\"h-nojagtighed-og-gennemsigtighed\">N\u00f8jagtighed og Gennemsigtighed<\/h2>\n\n\n\n<p>N\u00f8jagtighed og gennemsigtighed er kernev\u00e6rdier hos 1337 Games. Vi tror p\u00e5, at vores l\u00e6sere fortjener det bedste, og vi arbejder for at sikre, at vores indhold er faktuelt korrekt, klart og velunders\u00f8gt. Vi opdaterer l\u00f8bende vores indhold for at holde trit med de nyeste tendenser inden for videospil og online casinoer.<\/p>\n\n\n\n<p>Hvis der opst\u00e5r fejl, eller hvis en artikel skal opdateres, g\u00f8r vi dette p\u00e5 en transparent m\u00e5de og s\u00e5 hurtigt som muligt for at bevare indholdets integritet. Du kan ogs\u00e5 l\u00e6se mere om vores tilgang til privatlivets fred i <strong><a href=\"https:\/\/www.1337games.org\/dk-dk\/fortrolighedspolitik\/\">vores privatlivspolitik<\/a><\/strong>.<\/p>\n\n\n\n<hr class=\"wp-block-separator has-alpha-channel-opacity\" \/>\n\n\n\n<h2 class=\"wp-block-heading\" id=\"h-aendringer-i-vores-redaktionelle-politik\">\u00c6ndringer i Vores Redaktionelle Politik<\/h2>\n\n\n\n<p>Vi kan opdatere denne redaktionelle politik fra tid til anden for at afspejle \u00e6ndringer i vores praksis, partnerskaber eller industristandarder. Alle opdateringer offentligg\u00f8res tydeligt p\u00e5 denne side, og vi opfordrer vores l\u00e6sere til at bes\u00f8ge siden regelm\u00e6ssigt for at holde sig informeret.<\/p>\n\n\n\n<hr class=\"wp-block-separator has-alpha-channel-opacity\" \/>\n\n\n\n<h2 class=\"wp-block-heading\" id=\"h-kontakt-os\">Kontakt Os<\/h2>\n\n\n\n<p>Har du sp\u00f8rgsm\u00e5l eller bekymringer om vores redaktionelle politik, indhold eller partnerskaber? T\u00f8v ikke med at kontakte os. Vi v\u00e6rds\u00e6tter tilliden fra vores l\u00e6sere og st\u00e5r altid klar til at besvare sp\u00f8rgsm\u00e5l eller tage imod feedback.<\/p>\n","protected":false},"excerpt":{"rendered":"<p>Hos 1337 Games forpligter vi os til at levere pr\u00e6cise, trov\u00e6rdige og upartiske oplysninger til vores l\u00e6sere om verdenen af videospil, online casinoer og relaterede emner. Som passionerede spillere og branchefolk forst\u00e5r vi vigtigheden af tillid i den digitale spilverden. Derfor har vi udviklet denne redaktionelle politik for at sikre, at vores indhold opfylder de [&hellip;]<\/p>\n","protected":false},"author":25014,"featured_media":0,"parent":0,"menu_order":0,"comment_status":"closed","ping_status":"closed","template":"","meta":{"footnotes":""},"class_list":["post-89257","page","type-page","status-publish","hentry"],"featured_image_src":null,"yoast_head":"<!-- This site is optimized with the Yoast SEO Premium plugin v27.0 (Yoast SEO v27.0) - https:\/\/yoast.com\/product\/yoast-seo-premium-wordpress\/ -->\n<title>Redaktionel Politik<\/title>\n<meta name=\"description\" content=\"F\u00e5 pr\u00e6cis og trov\u00e6rdig information om spil og online casinoer hos 1337 Games. Vi sikrer kvalitet og gennemsigtighed i alt vores indhold.\" \/>\n<meta name=\"robots\" content=\"index, follow, max-snippet:-1, max-image-preview:large, max-video-preview:-1\" \/>\n<link rel=\"canonical\" href=\"https:\/\/www.1337games.org\/dk-dk\/redaktionel-politik\/\" \/>\n<meta property=\"og:locale\" content=\"da_DK\" \/>\n<meta property=\"og:type\" content=\"article\" \/>\n<meta property=\"og:title\" content=\"Redaktionel Politik\" \/>\n<meta property=\"og:description\" content=\"F\u00e5 pr\u00e6cis og trov\u00e6rdig information om spil og online casinoer hos 1337 Games. Vi sikrer kvalitet og gennemsigtighed i alt vores indhold.\" \/>\n<meta property=\"og:url\" content=\"https:\/\/www.1337games.org\/dk-dk\/redaktionel-politik\/\" \/>\n<meta property=\"og:site_name\" content=\"1337 Games DK\" \/>\n<meta property=\"article:publisher\" content=\"https:\/\/www.facebook.com\/1337gamesio\/\" \/>\n<meta property=\"article:modified_time\" content=\"2024-12-02T11:10:36+00:00\" \/>\n<meta property=\"og:image\" content=\"https:\/\/www.1337games.org\/dk-dk\/wp-content\/uploads\/sites\/11\/2024\/11\/1337games.png\" \/>\n<meta name=\"twitter:card\" content=\"summary_large_image\" \/>\n<meta name=\"twitter:site\" content=\"@1337gamesio\" \/>\n<meta name=\"twitter:label1\" content=\"Estimeret l\u00e6setid\" \/>\n\t<meta name=\"twitter:data1\" content=\"4 minutter\" \/>\n<script type=\"application\/ld+json\" class=\"yoast-schema-graph\">{\"@context\":\"https:\/\/schema.org\",\"@graph\":[{\"@type\":\"WebPage\",\"@id\":\"https:\/\/www.1337games.org\/dk-dk\/redaktionel-politik\/\",\"url\":\"https:\/\/www.1337games.org\/dk-dk\/redaktionel-politik\/\",\"name\":\"Redaktionel Politik\",\"isPartOf\":{\"@id\":\"https:\/\/www.1337games.org\/dk-dk\/#website\"},\"primaryImageOfPage\":{\"@id\":\"https:\/\/www.1337games.org\/dk-dk\/redaktionel-politik\/#primaryimage\"},\"image\":{\"@id\":\"https:\/\/www.1337games.org\/dk-dk\/redaktionel-politik\/#primaryimage\"},\"thumbnailUrl\":\"https:\/\/www.1337games.org\/dk-dk\/wp-content\/uploads\/sites\/11\/2024\/11\/1337games.png\",\"datePublished\":\"2024-11-21T14:13:56+00:00\",\"dateModified\":\"2024-12-02T11:10:36+00:00\",\"description\":\"F\u00e5 pr\u00e6cis og trov\u00e6rdig information om spil og online casinoer hos 1337 Games. Vi sikrer kvalitet og gennemsigtighed i alt vores indhold.\",\"breadcrumb\":{\"@id\":\"https:\/\/www.1337games.org\/dk-dk\/redaktionel-politik\/#breadcrumb\"},\"inLanguage\":\"da-DK\",\"potentialAction\":[{\"@type\":\"ReadAction\",\"target\":[\"https:\/\/www.1337games.org\/dk-dk\/redaktionel-politik\/\"]}]},{\"@type\":\"ImageObject\",\"inLanguage\":\"da-DK\",\"@id\":\"https:\/\/www.1337games.org\/dk-dk\/redaktionel-politik\/#primaryimage\",\"url\":\"https:\/\/www.1337games.org\/dk-dk\/wp-content\/uploads\/sites\/11\/2024\/11\/1337games.png\",\"contentUrl\":\"https:\/\/www.1337games.org\/dk-dk\/wp-content\/uploads\/sites\/11\/2024\/11\/1337games.png\",\"width\":1000,\"height\":500,\"caption\":\"1337 Games Online Casino\"},{\"@type\":\"BreadcrumbList\",\"@id\":\"https:\/\/www.1337games.org\/dk-dk\/redaktionel-politik\/#breadcrumb\",\"itemListElement\":[{\"@type\":\"ListItem\",\"position\":1,\"name\":\"Home\",\"item\":\"https:\/\/www.1337games.org\/dk-dk\/\"},{\"@type\":\"ListItem\",\"position\":2,\"name\":\"Redaktionel Politik\"}]},{\"@type\":\"WebSite\",\"@id\":\"https:\/\/www.1337games.org\/dk-dk\/#website\",\"url\":\"https:\/\/www.1337games.org\/dk-dk\/\",\"name\":\"1337 Games DK\",\"description\":\"\",\"publisher\":{\"@id\":\"https:\/\/www.1337games.org\/dk-dk\/#organization\"},\"potentialAction\":[{\"@type\":\"SearchAction\",\"target\":{\"@type\":\"EntryPoint\",\"urlTemplate\":\"https:\/\/www.1337games.org\/dk-dk\/?s={search_term_string}\"},\"query-input\":{\"@type\":\"PropertyValueSpecification\",\"valueRequired\":true,\"valueName\":\"search_term_string\"}}],\"inLanguage\":\"da-DK\"},{\"@type\":\"Organization\",\"@id\":\"https:\/\/www.1337games.org\/dk-dk\/#organization\",\"name\":\"1337 Games\",\"url\":\"https:\/\/www.1337games.org\/dk-dk\/\",\"logo\":{\"@type\":\"ImageObject\",\"inLanguage\":\"da-DK\",\"@id\":\"https:\/\/www.1337games.org\/dk-dk\/#\/schema\/logo\/image\/\",\"url\":\"https:\/\/www.1337games.org\/dk-dk\/wp-content\/uploads\/sites\/11\/2025\/10\/cropped-1Games.png\",\"contentUrl\":\"https:\/\/www.1337games.org\/dk-dk\/wp-content\/uploads\/sites\/11\/2025\/10\/cropped-1Games.png\",\"width\":512,\"height\":512,\"caption\":\"1337 Games\"},\"image\":{\"@id\":\"https:\/\/www.1337games.org\/dk-dk\/#\/schema\/logo\/image\/\"},\"sameAs\":[\"https:\/\/www.facebook.com\/1337gamesio\/\",\"https:\/\/x.com\/1337gamesio\",\"https:\/\/www.instagram.com\/1337gamesio\/\"],\"email\":\"info@1337games.io\",\"numberOfEmployees\":{\"@type\":\"QuantitativeValue\",\"minValue\":\"11\",\"maxValue\":\"50\"}}]}<\/script>\n<!-- \/ Yoast SEO Premium plugin. -->","yoast_head_json":{"title":"Redaktionel Politik","description":"F\u00e5 pr\u00e6cis og trov\u00e6rdig information om spil og online casinoer hos 1337 Games. Vi sikrer kvalitet og gennemsigtighed i alt vores indhold.","robots":{"index":"index","follow":"follow","max-snippet":"max-snippet:-1","max-image-preview":"max-image-preview:large","max-video-preview":"max-video-preview:-1"},"canonical":"https:\/\/www.1337games.org\/dk-dk\/redaktionel-politik\/","og_locale":"da_DK","og_type":"article","og_title":"Redaktionel Politik","og_description":"F\u00e5 pr\u00e6cis og trov\u00e6rdig information om spil og online casinoer hos 1337 Games. Vi sikrer kvalitet og gennemsigtighed i alt vores indhold.","og_url":"https:\/\/www.1337games.org\/dk-dk\/redaktionel-politik\/","og_site_name":"1337 Games DK","article_publisher":"https:\/\/www.facebook.com\/1337gamesio\/","article_modified_time":"2024-12-02T11:10:36+00:00","og_image":[{"url":"https:\/\/www.1337games.org\/dk-dk\/wp-content\/uploads\/sites\/11\/2024\/11\/1337games.png","type":"","width":"","height":""}],"twitter_card":"summary_large_image","twitter_site":"@1337gamesio","twitter_misc":{"Estimeret l\u00e6setid":"4 minutter"},"schema":{"@context":"https:\/\/schema.org","@graph":[{"@type":"WebPage","@id":"https:\/\/www.1337games.org\/dk-dk\/redaktionel-politik\/","url":"https:\/\/www.1337games.org\/dk-dk\/redaktionel-politik\/","name":"Redaktionel Politik","isPartOf":{"@id":"https:\/\/www.1337games.org\/dk-dk\/#website"},"primaryImageOfPage":{"@id":"https:\/\/www.1337games.org\/dk-dk\/redaktionel-politik\/#primaryimage"},"image":{"@id":"https:\/\/www.1337games.org\/dk-dk\/redaktionel-politik\/#primaryimage"},"thumbnailUrl":"https:\/\/www.1337games.org\/dk-dk\/wp-content\/uploads\/sites\/11\/2024\/11\/1337games.png","datePublished":"2024-11-21T14:13:56+00:00","dateModified":"2024-12-02T11:10:36+00:00","description":"F\u00e5 pr\u00e6cis og trov\u00e6rdig information om spil og online casinoer hos 1337 Games. Vi sikrer kvalitet og gennemsigtighed i alt vores indhold.","breadcrumb":{"@id":"https:\/\/www.1337games.org\/dk-dk\/redaktionel-politik\/#breadcrumb"},"inLanguage":"da-DK","potentialAction":[{"@type":"ReadAction","target":["https:\/\/www.1337games.org\/dk-dk\/redaktionel-politik\/"]}]},{"@type":"ImageObject","inLanguage":"da-DK","@id":"https:\/\/www.1337games.org\/dk-dk\/redaktionel-politik\/#primaryimage","url":"https:\/\/www.1337games.org\/dk-dk\/wp-content\/uploads\/sites\/11\/2024\/11\/1337games.png","contentUrl":"https:\/\/www.1337games.org\/dk-dk\/wp-content\/uploads\/sites\/11\/2024\/11\/1337games.png","width":1000,"height":500,"caption":"1337 Games Online Casino"},{"@type":"BreadcrumbList","@id":"https:\/\/www.1337games.org\/dk-dk\/redaktionel-politik\/#breadcrumb","itemListElement":[{"@type":"ListItem","position":1,"name":"Home","item":"https:\/\/www.1337games.org\/dk-dk\/"},{"@type":"ListItem","position":2,"name":"Redaktionel Politik"}]},{"@type":"WebSite","@id":"https:\/\/www.1337games.org\/dk-dk\/#website","url":"https:\/\/www.1337games.org\/dk-dk\/","name":"1337 Games DK","description":"","publisher":{"@id":"https:\/\/www.1337games.org\/dk-dk\/#organization"},"potentialAction":[{"@type":"SearchAction","target":{"@type":"EntryPoint","urlTemplate":"https:\/\/www.1337games.org\/dk-dk\/?s={search_term_string}"},"query-input":{"@type":"PropertyValueSpecification","valueRequired":true,"valueName":"search_term_string"}}],"inLanguage":"da-DK"},{"@type":"Organization","@id":"https:\/\/www.1337games.org\/dk-dk\/#organization","name":"1337 Games","url":"https:\/\/www.1337games.org\/dk-dk\/","logo":{"@type":"ImageObject","inLanguage":"da-DK","@id":"https:\/\/www.1337games.org\/dk-dk\/#\/schema\/logo\/image\/","url":"https:\/\/www.1337games.org\/dk-dk\/wp-content\/uploads\/sites\/11\/2025\/10\/cropped-1Games.png","contentUrl":"https:\/\/www.1337games.org\/dk-dk\/wp-content\/uploads\/sites\/11\/2025\/10\/cropped-1Games.png","width":512,"height":512,"caption":"1337 Games"},"image":{"@id":"https:\/\/www.1337games.org\/dk-dk\/#\/schema\/logo\/image\/"},"sameAs":["https:\/\/www.facebook.com\/1337gamesio\/","https:\/\/x.com\/1337gamesio","https:\/\/www.instagram.com\/1337gamesio\/"],"email":"info@1337games.io","numberOfEmployees":{"@type":"QuantitativeValue","minValue":"11","maxValue":"50"}}]}},"_links":{"self":[{"href":"https:\/\/www.1337games.org\/dk-dk\/wp-json\/wp\/v2\/pages\/89257","targetHints":{"allow":["GET"]}}],"collection":[{"href":"https:\/\/www.1337games.org\/dk-dk\/wp-json\/wp\/v2\/pages"}],"about":[{"href":"https:\/\/www.1337games.org\/dk-dk\/wp-json\/wp\/v2\/types\/page"}],"author":[{"embeddable":true,"href":"https:\/\/www.1337games.org\/dk-dk\/wp-json\/wp\/v2\/users\/25014"}],"replies":[{"embeddable":true,"href":"https:\/\/www.1337games.org\/dk-dk\/wp-json\/wp\/v2\/comments?post=89257"}],"version-history":[{"count":5,"href":"https:\/\/www.1337games.org\/dk-dk\/wp-json\/wp\/v2\/pages\/89257\/revisions"}],"predecessor-version":[{"id":89350,"href":"https:\/\/www.1337games.org\/dk-dk\/wp-json\/wp\/v2\/pages\/89257\/revisions\/89350"}],"wp:attachment":[{"href":"https:\/\/www.1337games.org\/dk-dk\/wp-json\/wp\/v2\/media?parent=89257"}],"curies":[{"name":"wp","href":"https:\/\/api.w.org\/{rel}","templated":true}]}}