{"id":89336,"date":"2024-11-20T14:03:08","date_gmt":"2024-11-20T14:03:08","guid":{"rendered":"https:\/\/www.1337games.org\/es-es\/?page_id=89336"},"modified":"2024-12-02T11:38:32","modified_gmt":"2024-12-02T11:38:32","slug":"politica-editorial","status":"publish","type":"page","link":"https:\/\/www.1337games.org\/es-es\/politica-editorial\/","title":{"rendered":"Pol\u00edtica Editorial"},"content":{"rendered":"\n<div class=\"wp-block-columns is-layout-flex wp-container-core-columns-is-layout-9d6595d7 wp-block-columns-is-layout-flex\">\n<div class=\"wp-block-column is-layout-flow wp-block-column-is-layout-flow\">\n<p>En 1337 Games, nos comprometemos a ofrecer a nuestros lectores informaci\u00f3n precisa, confiable e imparcial sobre el mundo de los videojuegos, los casinos en l\u00ednea y todo lo relacionado. Como jugadores apasionados y profesionales de la industria, entendemos lo importante que es la confianza en el mundo digital del juego. Por ello, hemos creado esta pol\u00edtica editorial para garantizar que nuestro contenido cumpla con los m\u00e1s altos est\u00e1ndares de integridad, transparencia y calidad.<\/p>\n\n\n\n<h2 class=\"wp-block-heading\" id=\"h-nuestra-mision\">Nuestra misi\u00f3n<\/h2>\n\n\n\n<p>El objetivo de 1337 Games es proporcionar contenido actualizado, relevante y detallado que te ayude a comprender mejor el mundo de los videojuegos y los casinos en l\u00ednea. Ya seas un jugador ocasional o un gamer serio, nos esforzamos por ofrecerte la informaci\u00f3n que mejora tu experiencia de juego, desde rese\u00f1as de expertos y estrategias de juego hasta an\u00e1lisis de la industria y recomendaciones de productos.<\/p>\n<\/div>\n\n\n\n<div class=\"wp-block-column is-layout-flow wp-block-column-is-layout-flow\"><div class=\"wp-block-image\">\n<figure class=\"alignleft size-full is-resized\"><img decoding=\"async\" width=\"1000\" height=\"500\" src=\"https:\/\/www.1337games.org\/es-es\/wp-content\/uploads\/sites\/9\/2024\/11\/29.png\" alt=\"1337 Games\" class=\"wp-image-89328\" style=\"aspect-ratio:2;width:528px;height:auto\" srcset=\"https:\/\/www.1337games.org\/es-es\/wp-content\/uploads\/sites\/9\/2024\/11\/29.png 1000w, https:\/\/www.1337games.org\/es-es\/wp-content\/uploads\/sites\/9\/2024\/11\/29-300x150.png 300w, https:\/\/www.1337games.org\/es-es\/wp-content\/uploads\/sites\/9\/2024\/11\/29-768x384.png 768w\" sizes=\"(max-width: 1000px) 100vw, 1000px\" \/><\/figure>\n<\/div><\/div>\n<\/div>\n\n\n\n<h2 class=\"wp-block-heading\" id=\"h-independencia-editorial\">Independencia editorial<\/h2>\n\n\n\n<p>En 1337 Games, valoramos profundamente la independencia editorial. Nuestro <strong><a href=\"https:\/\/www.1337games.org\/es-es\/nosotros\/\">equipo de redacci\u00f3n<\/a><\/strong> est\u00e1 separado de los departamentos de marketing y ventas, para garantizar que nuestro contenido se mantenga objetivo. Escribimos para nuestros lectores, y nuestro principal objetivo es ofrecer informaci\u00f3n confiable, precisa y \u00fatil.<\/p>\n\n\n\n<p>Si bien tenemos asociaciones de afiliados con plataformas de juegos y proveedores de casinos, estas colaboraciones no afectan nuestras decisiones editoriales. Nuestro contenido se basa en la experiencia, la investigaci\u00f3n y los exhaustivos procesos de evaluaci\u00f3n de nuestro equipo editorial, lo que nos permite ofrecer siempre recomendaciones imparciales y confiables.<\/p>\n\n\n\n<h2 class=\"wp-block-heading\" id=\"h-proceso-de-creacion-y-revision-de-contenido\">Proceso de creaci\u00f3n y revisi\u00f3n de contenido<\/h2>\n\n\n\n<p>Nos aseguramos de que todo el contenido que publicamos est\u00e9 bien investigado, sea preciso y est\u00e9 dise\u00f1ado para ser informativo. Nuestro equipo editorial est\u00e1 compuesto por escritores experimentados y expertos de la industria que consultan diversas fuentes para crear art\u00edculos detallados y confiables. Tambi\u00e9n tomamos en cuenta los comentarios de los usuarios y las evaluaciones de expertos para evaluar y actualizar continuamente nuestro contenido.<\/p>\n\n\n\n<p>Cada art\u00edculo se revisa cuidadosamente en t\u00e9rminos de precisi\u00f3n de los hechos, legibilidad y cumplimiento de nuestras directrices editoriales antes de ser publicado. Trabajamos constantemente para mantener nuestro contenido actualizado, asegur\u00e1ndonos de que siempre refleje las \u00faltimas tendencias, desarrollos y cambios en la industria de los videojuegos y los casinos.<\/p>\n\n\n\n<h2 class=\"wp-block-heading\" id=\"h-declaraciones-de-afiliados\">Declaraciones de afiliados<\/h2>\n\n\n\n<p>Algunos de los enlaces en nuestro sitio web pueden llevar a nuestros socios afiliados, y 1337 Games puede recibir comisiones cuando los usuarios se registran en un servicio o realizan una compra. Queremos ser transparentes al respecto y asegurarnos de que estas colaboraciones no afectan la objetividad ni la calidad de nuestro contenido.<\/p>\n\n\n\n<p>Nuestras asociaciones de afiliados nos permiten financiar nuestras operaciones y ofrecer contenido gratuito de alta calidad a nuestros lectores. Sin embargo, nuestras recomendaciones siguen siendo imparciales e independientes. No aceptamos pagos por rese\u00f1as positivas ni por recomendaciones.<\/p>\n\n\n\n<h2 class=\"wp-block-heading\" id=\"h-etica-y-juego-responsable\">\u00c9tica y juego responsable<\/h2>\n\n\n\n<p>Nos tomamos muy en serio nuestra responsabilidad hacia nuestros lectores. Estamos comprometidos con la promoci\u00f3n del <strong><a href=\"https:\/\/www.1337games.org\/es-es\/juego-responsable\/\">juego responsable<\/a><\/strong> y alentamos a nuestros lectores a tomar decisiones informadas y seguras al utilizar plataformas de juegos y casinos en l\u00ednea. Subrayamos la importancia de establecer l\u00edmites, reconocer las se\u00f1ales del juego problem\u00e1tico y buscar ayuda cuando sea necesario.<\/p>\n\n\n\n<p>Adem\u00e1s del juego responsable, damos gran importancia a las normas \u00e9ticas en nuestro contenido. Nuestras rese\u00f1as, recomendaciones y opiniones se basan en los m\u00e9ritos de los productos y servicios que evaluamos y no son influenciadas por partes externas.<\/p>\n\n\n\n<h2 class=\"wp-block-heading\" id=\"h-precision-y-transparencia\">Precisi\u00f3n y transparencia<\/h2>\n\n\n\n<p>La precisi\u00f3n y la transparencia son principios clave en 1337 Games. Creemos que nuestros lectores merecen lo mejor, y nos comprometemos a garantizar que nuestro contenido sea tanto f\u00e1cticamente correcto como claro. Nuestro equipo se esfuerza al m\u00e1ximo para ofrecer informaci\u00f3n detallada, bien investigada y precisa, y trabajamos continuamente para mantener nuestro contenido actualizado con las \u00faltimas novedades en los videojuegos y los casinos en l\u00ednea.<\/p>\n\n\n\n<p>Si cometemos un error o necesitamos actualizar un art\u00edculo, lo haremos de manera transparente y lo corregiremos lo antes posible para asegurar que la integridad de nuestro contenido se mantenga intacta.<\/p>\n\n\n\n<h2 class=\"wp-block-heading\" id=\"h-cambios-en-nuestra-politica-editorial\">Cambios en nuestra pol\u00edtica editorial<\/h2>\n\n\n\n<p>Podemos actualizar esta pol\u00edtica editorial de vez en cuando para reflejar cambios en nuestras pr\u00e1cticas, asociaciones o en los est\u00e1ndares de la industria. Todas las actualizaciones se publicar\u00e1n claramente en esta p\u00e1gina, y alentamos a nuestros lectores a regresar peri\u00f3dicamente para mantenerse informados sobre nuestra pol\u00edtica.<\/p>\n\n\n\n<h2 class=\"wp-block-heading\" id=\"h-contactanos\">Cont\u00e1ctanos<\/h2>\n\n\n\n<p>Si tienes alguna pregunta o inquietud sobre nuestra pol\u00edtica editorial, nuestro contenido o nuestras asociaciones, no dudes en ponerte en contacto con nosotros. Valoramos profundamente la confianza de nuestros lectores y siempre estamos dispuestos a abordar cualquier pregunta o comentario.<\/p>\n\n\n<div class=\"kk-star-ratings kksr-auto kksr-align-left kksr-valign-bottom\"\n    data-payload='{&quot;align&quot;:&quot;left&quot;,&quot;id&quot;:&quot;89336&quot;,&quot;slug&quot;:&quot;default&quot;,&quot;valign&quot;:&quot;bottom&quot;,&quot;ignore&quot;:&quot;&quot;,&quot;reference&quot;:&quot;auto&quot;,&quot;class&quot;:&quot;&quot;,&quot;count&quot;:&quot;0&quot;,&quot;legendonly&quot;:&quot;&quot;,&quot;readonly&quot;:&quot;&quot;,&quot;score&quot;:&quot;0&quot;,&quot;starsonly&quot;:&quot;&quot;,&quot;best&quot;:&quot;5&quot;,&quot;gap&quot;:&quot;5&quot;,&quot;greet&quot;:&quot;Calificar el art\u00edculo&quot;,&quot;legend&quot;:&quot;0\\\/5 - (0 votos)&quot;,&quot;size&quot;:&quot;24&quot;,&quot;title&quot;:&quot;Pol\u00edtica Editorial&quot;,&quot;width&quot;:&quot;0&quot;,&quot;_legend&quot;:&quot;{score}\\\/{best} - ({count} {votes})&quot;,&quot;font_factor&quot;:&quot;1.25&quot;}'>\n            \n<div class=\"kksr-stars\">\n    \n<div class=\"kksr-stars-inactive\">\n            <div class=\"kksr-star\" data-star=\"1\" style=\"padding-right: 5px\">\n            \n\n<div class=\"kksr-icon\" style=\"width: 24px; height: 24px;\"><\/div>\n        <\/div>\n            <div class=\"kksr-star\" data-star=\"2\" style=\"padding-right: 5px\">\n            \n\n<div class=\"kksr-icon\" style=\"width: 24px; height: 24px;\"><\/div>\n        <\/div>\n            <div class=\"kksr-star\" data-star=\"3\" style=\"padding-right: 5px\">\n            \n\n<div class=\"kksr-icon\" style=\"width: 24px; height: 24px;\"><\/div>\n        <\/div>\n            <div class=\"kksr-star\" data-star=\"4\" style=\"padding-right: 5px\">\n            \n\n<div class=\"kksr-icon\" style=\"width: 24px; height: 24px;\"><\/div>\n        <\/div>\n            <div class=\"kksr-star\" data-star=\"5\" style=\"padding-right: 5px\">\n            \n\n<div class=\"kksr-icon\" style=\"width: 24px; height: 24px;\"><\/div>\n        <\/div>\n    <\/div>\n    \n<div class=\"kksr-stars-active\" style=\"width: 0px;\">\n            <div class=\"kksr-star\" style=\"padding-right: 5px\">\n            \n\n<div class=\"kksr-icon\" style=\"width: 24px; height: 24px;\"><\/div>\n        <\/div>\n            <div class=\"kksr-star\" style=\"padding-right: 5px\">\n            \n\n<div class=\"kksr-icon\" style=\"width: 24px; height: 24px;\"><\/div>\n        <\/div>\n            <div class=\"kksr-star\" style=\"padding-right: 5px\">\n            \n\n<div class=\"kksr-icon\" style=\"width: 24px; height: 24px;\"><\/div>\n        <\/div>\n            <div class=\"kksr-star\" style=\"padding-right: 5px\">\n            \n\n<div class=\"kksr-icon\" style=\"width: 24px; height: 24px;\"><\/div>\n        <\/div>\n            <div class=\"kksr-star\" style=\"padding-right: 5px\">\n            \n\n<div class=\"kksr-icon\" style=\"width: 24px; height: 24px;\"><\/div>\n        <\/div>\n    <\/div>\n<\/div>\n                \n\n<div class=\"kksr-legend\" style=\"font-size: 19.2px;\">\n            <span class=\"kksr-muted\">Calificar el art\u00edculo<\/span>\n    <\/div>\n    <\/div>\n","protected":false},"excerpt":{"rendered":"<p>En 1337 Games, nos comprometemos a ofrecer a nuestros lectores informaci\u00f3n precisa, confiable e imparcial sobre el mundo de los videojuegos, los casinos en l\u00ednea y todo lo relacionado. Como jugadores apasionados y profesionales de la industria, entendemos lo importante que es la confianza en el mundo digital del juego. Por ello, hemos creado esta [&hellip;]<\/p>\n","protected":false},"author":25006,"featured_media":0,"parent":0,"menu_order":0,"comment_status":"closed","ping_status":"closed","template":"","meta":{"footnotes":""},"class_list":["post-89336","page","type-page","status-publish","hentry"],"featured_image_src":null,"yoast_head":"<!-- This site is optimized with the Yoast SEO Premium plugin v27.0 (Yoast SEO v27.0) - https:\/\/yoast.com\/product\/yoast-seo-premium-wordpress\/ -->\n<title>Pol\u00edtica Editorial de 1337 Games<\/title>\n<meta name=\"description\" content=\"La pol\u00edtica editorial de 1337 Games: transparencia, independencia y juego responsable en nuestra informaci\u00f3n sobre videojuegos y casinos.\" \/>\n<meta name=\"robots\" content=\"index, follow, max-snippet:-1, max-image-preview:large, max-video-preview:-1\" \/>\n<link rel=\"canonical\" href=\"https:\/\/www.1337games.org\/es-es\/politica-editorial\/\" \/>\n<meta property=\"og:locale\" content=\"es_ES\" \/>\n<meta property=\"og:type\" content=\"article\" \/>\n<meta property=\"og:title\" content=\"Pol\u00edtica Editorial\" \/>\n<meta property=\"og:description\" content=\"La pol\u00edtica editorial de 1337 Games: transparencia, independencia y juego responsable en nuestra informaci\u00f3n sobre videojuegos y casinos.\" \/>\n<meta property=\"og:url\" content=\"https:\/\/www.1337games.org\/es-es\/politica-editorial\/\" \/>\n<meta property=\"og:site_name\" content=\"1337 Games ES\" \/>\n<meta property=\"article:publisher\" content=\"https:\/\/www.facebook.com\/1337gamesio\/\" \/>\n<meta property=\"article:modified_time\" content=\"2024-12-02T11:38:32+00:00\" \/>\n<meta property=\"og:image\" content=\"https:\/\/www.1337games.org\/es-es\/wp-content\/uploads\/sites\/9\/2024\/11\/29.png\" \/>\n<meta name=\"twitter:card\" content=\"summary_large_image\" \/>\n<meta name=\"twitter:site\" content=\"@1337gamesio\" \/>\n<meta name=\"twitter:label1\" content=\"Tiempo de lectura\" \/>\n\t<meta name=\"twitter:data1\" content=\"4 minutos\" \/>\n<script type=\"application\/ld+json\" class=\"yoast-schema-graph\">{\"@context\":\"https:\/\/schema.org\",\"@graph\":[{\"@type\":\"WebPage\",\"@id\":\"https:\/\/www.1337games.org\/es-es\/politica-editorial\/\",\"url\":\"https:\/\/www.1337games.org\/es-es\/politica-editorial\/\",\"name\":\"Pol\u00edtica Editorial de 1337 Games\",\"isPartOf\":{\"@id\":\"https:\/\/www.1337games.org\/es-es\/#website\"},\"primaryImageOfPage\":{\"@id\":\"https:\/\/www.1337games.org\/es-es\/politica-editorial\/#primaryimage\"},\"image\":{\"@id\":\"https:\/\/www.1337games.org\/es-es\/politica-editorial\/#primaryimage\"},\"thumbnailUrl\":\"https:\/\/www.1337games.org\/es-es\/wp-content\/uploads\/sites\/9\/2024\/11\/29.png\",\"datePublished\":\"2024-11-20T14:03:08+00:00\",\"dateModified\":\"2024-12-02T11:38:32+00:00\",\"description\":\"La pol\u00edtica editorial de 1337 Games: transparencia, independencia y juego responsable en nuestra informaci\u00f3n sobre videojuegos y casinos.\",\"breadcrumb\":{\"@id\":\"https:\/\/www.1337games.org\/es-es\/politica-editorial\/#breadcrumb\"},\"inLanguage\":\"es\",\"potentialAction\":[{\"@type\":\"ReadAction\",\"target\":[\"https:\/\/www.1337games.org\/es-es\/politica-editorial\/\"]}]},{\"@type\":\"ImageObject\",\"inLanguage\":\"es\",\"@id\":\"https:\/\/www.1337games.org\/es-es\/politica-editorial\/#primaryimage\",\"url\":\"https:\/\/www.1337games.org\/es-es\/wp-content\/uploads\/sites\/9\/2024\/11\/29.png\",\"contentUrl\":\"https:\/\/www.1337games.org\/es-es\/wp-content\/uploads\/sites\/9\/2024\/11\/29.png\",\"width\":1000,\"height\":500},{\"@type\":\"BreadcrumbList\",\"@id\":\"https:\/\/www.1337games.org\/es-es\/politica-editorial\/#breadcrumb\",\"itemListElement\":[{\"@type\":\"ListItem\",\"position\":1,\"name\":\"Home\",\"item\":\"https:\/\/www.1337games.org\/es-es\/\"},{\"@type\":\"ListItem\",\"position\":2,\"name\":\"Pol\u00edtica editorial\"}]},{\"@type\":\"WebSite\",\"@id\":\"https:\/\/www.1337games.org\/es-es\/#website\",\"url\":\"https:\/\/www.1337games.org\/es-es\/\",\"name\":\"1337 Games ES\",\"description\":\"\",\"publisher\":{\"@id\":\"https:\/\/www.1337games.org\/es-es\/#organization\"},\"potentialAction\":[{\"@type\":\"SearchAction\",\"target\":{\"@type\":\"EntryPoint\",\"urlTemplate\":\"https:\/\/www.1337games.org\/es-es\/?s={search_term_string}\"},\"query-input\":{\"@type\":\"PropertyValueSpecification\",\"valueRequired\":true,\"valueName\":\"search_term_string\"}}],\"inLanguage\":\"es\"},{\"@type\":\"Organization\",\"@id\":\"https:\/\/www.1337games.org\/es-es\/#organization\",\"name\":\"1337 Games\",\"url\":\"https:\/\/www.1337games.org\/es-es\/\",\"logo\":{\"@type\":\"ImageObject\",\"inLanguage\":\"es\",\"@id\":\"https:\/\/www.1337games.org\/es-es\/#\/schema\/logo\/image\/\",\"url\":\"https:\/\/www.1337games.org\/es-es\/wp-content\/uploads\/sites\/9\/2025\/10\/cropped-1Games.png\",\"contentUrl\":\"https:\/\/www.1337games.org\/es-es\/wp-content\/uploads\/sites\/9\/2025\/10\/cropped-1Games.png\",\"width\":512,\"height\":512,\"caption\":\"1337 Games\"},\"image\":{\"@id\":\"https:\/\/www.1337games.org\/es-es\/#\/schema\/logo\/image\/\"},\"sameAs\":[\"https:\/\/www.facebook.com\/1337gamesio\/\",\"https:\/\/x.com\/1337gamesio\",\"https:\/\/www.instagram.com\/1337gamesio\/\"],\"email\":\"info@1337games.io\",\"numberOfEmployees\":{\"@type\":\"QuantitativeValue\",\"minValue\":\"11\",\"maxValue\":\"50\"}}]}<\/script>\n<!-- \/ Yoast SEO Premium plugin. -->","yoast_head_json":{"title":"Pol\u00edtica Editorial de 1337 Games","description":"La pol\u00edtica editorial de 1337 Games: transparencia, independencia y juego responsable en nuestra informaci\u00f3n sobre videojuegos y casinos.","robots":{"index":"index","follow":"follow","max-snippet":"max-snippet:-1","max-image-preview":"max-image-preview:large","max-video-preview":"max-video-preview:-1"},"canonical":"https:\/\/www.1337games.org\/es-es\/politica-editorial\/","og_locale":"es_ES","og_type":"article","og_title":"Pol\u00edtica Editorial","og_description":"La pol\u00edtica editorial de 1337 Games: transparencia, independencia y juego responsable en nuestra informaci\u00f3n sobre videojuegos y casinos.","og_url":"https:\/\/www.1337games.org\/es-es\/politica-editorial\/","og_site_name":"1337 Games ES","article_publisher":"https:\/\/www.facebook.com\/1337gamesio\/","article_modified_time":"2024-12-02T11:38:32+00:00","og_image":[{"url":"https:\/\/www.1337games.org\/es-es\/wp-content\/uploads\/sites\/9\/2024\/11\/29.png","type":"","width":"","height":""}],"twitter_card":"summary_large_image","twitter_site":"@1337gamesio","twitter_misc":{"Tiempo de lectura":"4 minutos"},"schema":{"@context":"https:\/\/schema.org","@graph":[{"@type":"WebPage","@id":"https:\/\/www.1337games.org\/es-es\/politica-editorial\/","url":"https:\/\/www.1337games.org\/es-es\/politica-editorial\/","name":"Pol\u00edtica Editorial de 1337 Games","isPartOf":{"@id":"https:\/\/www.1337games.org\/es-es\/#website"},"primaryImageOfPage":{"@id":"https:\/\/www.1337games.org\/es-es\/politica-editorial\/#primaryimage"},"image":{"@id":"https:\/\/www.1337games.org\/es-es\/politica-editorial\/#primaryimage"},"thumbnailUrl":"https:\/\/www.1337games.org\/es-es\/wp-content\/uploads\/sites\/9\/2024\/11\/29.png","datePublished":"2024-11-20T14:03:08+00:00","dateModified":"2024-12-02T11:38:32+00:00","description":"La pol\u00edtica editorial de 1337 Games: transparencia, independencia y juego responsable en nuestra informaci\u00f3n sobre videojuegos y casinos.","breadcrumb":{"@id":"https:\/\/www.1337games.org\/es-es\/politica-editorial\/#breadcrumb"},"inLanguage":"es","potentialAction":[{"@type":"ReadAction","target":["https:\/\/www.1337games.org\/es-es\/politica-editorial\/"]}]},{"@type":"ImageObject","inLanguage":"es","@id":"https:\/\/www.1337games.org\/es-es\/politica-editorial\/#primaryimage","url":"https:\/\/www.1337games.org\/es-es\/wp-content\/uploads\/sites\/9\/2024\/11\/29.png","contentUrl":"https:\/\/www.1337games.org\/es-es\/wp-content\/uploads\/sites\/9\/2024\/11\/29.png","width":1000,"height":500},{"@type":"BreadcrumbList","@id":"https:\/\/www.1337games.org\/es-es\/politica-editorial\/#breadcrumb","itemListElement":[{"@type":"ListItem","position":1,"name":"Home","item":"https:\/\/www.1337games.org\/es-es\/"},{"@type":"ListItem","position":2,"name":"Pol\u00edtica editorial"}]},{"@type":"WebSite","@id":"https:\/\/www.1337games.org\/es-es\/#website","url":"https:\/\/www.1337games.org\/es-es\/","name":"1337 Games ES","description":"","publisher":{"@id":"https:\/\/www.1337games.org\/es-es\/#organization"},"potentialAction":[{"@type":"SearchAction","target":{"@type":"EntryPoint","urlTemplate":"https:\/\/www.1337games.org\/es-es\/?s={search_term_string}"},"query-input":{"@type":"PropertyValueSpecification","valueRequired":true,"valueName":"search_term_string"}}],"inLanguage":"es"},{"@type":"Organization","@id":"https:\/\/www.1337games.org\/es-es\/#organization","name":"1337 Games","url":"https:\/\/www.1337games.org\/es-es\/","logo":{"@type":"ImageObject","inLanguage":"es","@id":"https:\/\/www.1337games.org\/es-es\/#\/schema\/logo\/image\/","url":"https:\/\/www.1337games.org\/es-es\/wp-content\/uploads\/sites\/9\/2025\/10\/cropped-1Games.png","contentUrl":"https:\/\/www.1337games.org\/es-es\/wp-content\/uploads\/sites\/9\/2025\/10\/cropped-1Games.png","width":512,"height":512,"caption":"1337 Games"},"image":{"@id":"https:\/\/www.1337games.org\/es-es\/#\/schema\/logo\/image\/"},"sameAs":["https:\/\/www.facebook.com\/1337gamesio\/","https:\/\/x.com\/1337gamesio","https:\/\/www.instagram.com\/1337gamesio\/"],"email":"info@1337games.io","numberOfEmployees":{"@type":"QuantitativeValue","minValue":"11","maxValue":"50"}}]}},"_links":{"self":[{"href":"https:\/\/www.1337games.org\/es-es\/wp-json\/wp\/v2\/pages\/89336","targetHints":{"allow":["GET"]}}],"collection":[{"href":"https:\/\/www.1337games.org\/es-es\/wp-json\/wp\/v2\/pages"}],"about":[{"href":"https:\/\/www.1337games.org\/es-es\/wp-json\/wp\/v2\/types\/page"}],"author":[{"embeddable":true,"href":"https:\/\/www.1337games.org\/es-es\/wp-json\/wp\/v2\/users\/25006"}],"replies":[{"embeddable":true,"href":"https:\/\/www.1337games.org\/es-es\/wp-json\/wp\/v2\/comments?post=89336"}],"version-history":[{"count":3,"href":"https:\/\/www.1337games.org\/es-es\/wp-json\/wp\/v2\/pages\/89336\/revisions"}],"predecessor-version":[{"id":89374,"href":"https:\/\/www.1337games.org\/es-es\/wp-json\/wp\/v2\/pages\/89336\/revisions\/89374"}],"wp:attachment":[{"href":"https:\/\/www.1337games.org\/es-es\/wp-json\/wp\/v2\/media?parent=89336"}],"curies":[{"name":"wp","href":"https:\/\/api.w.org\/{rel}","templated":true}]}}