{"id":89946,"date":"2025-03-03T05:44:11","date_gmt":"2025-03-03T05:44:11","guid":{"rendered":"https:\/\/www.1337games.org\/es-es\/?page_id=89946"},"modified":"2025-03-03T06:04:46","modified_gmt":"2025-03-03T06:04:46","slug":"carreras","status":"publish","type":"page","link":"https:\/\/www.1337games.org\/es-es\/carreras\/","title":{"rendered":"Trabajar en 1337 Games"},"content":{"rendered":"\n<p>En <strong>1337 Games<\/strong>, nos esforzamos por ofrecer informaci\u00f3n experta e inspiraci\u00f3n, cubriendo desde los juegos m\u00e1s emocionantes hasta las consolas m\u00e1s innovadoras, y desde los mejores casinos en l\u00ednea hasta las casas de apuestas m\u00e1s confiables. Independientemente del tema, nuestro objetivo es mantener los m\u00e1s altos est\u00e1ndares en nuestro contenido.<\/p>\n\n\n\n<h2 class=\"wp-block-heading\" id=\"h-ofertas-de-trabajo\">Ofertas de Trabajo<\/h2>\n\n\n\n<ul class=\"wp-block-list\">\n<li><strong><a href=\"https:\/\/www.1337games.org\/es-es\/carreras\/redactor-de-contenido\/\">Redactor\/a de Contenido iGaming (Remoto \/ Presencial)<\/a><\/strong><\/li>\n\n\n\n<li><strong><a href=\"https:\/\/www.1337games.org\/es-es\/carreras\/gestor-de-contenido\/\">Gestor\/a de Contenido iGaming (Remoto \/ Presencial)<\/a><\/strong><\/li>\n\n\n\n<li><strong><a href=\"https:\/\/www.1337games.org\/es-es\/carreras\/gestor-de-seo\/\">Gestor\/a de SEO iGaming (Remoto \/ Presencial)<\/a><\/strong><\/li>\n\n\n\n<li><strong><a href=\"https:\/\/www.1337games.org\/es-es\/carreras\/gestor-de-redes-sociales\/\">Gestor\/a de Redes Sociales (Remoto \/ Presencial)<\/a><\/strong><\/li>\n\n\n\n<li><strong><a href=\"https:\/\/www.1337games.org\/es-es\/carreras\/desarrollador-wordpress\/\">Desarrollador\/a WordPress (Remoto \/ Presencial)<\/a><\/strong><\/li>\n\n\n\n<li><strong><a href=\"https:\/\/www.1337games.org\/es-es\/carreras\/editor-de-noticias\/\">Editor\/a de Noticias en 1337 Games (Remoto \/ Presencial)<\/a><\/strong><\/li>\n<\/ul>\n\n\n\n<h2 class=\"wp-block-heading\" id=\"h-por-que-trabajar-en-1337-games\">\u00bfPor qu\u00e9 trabajar en 1337 Games?<\/h2>\n\n\n\n<p>\ud83d\udd39 <strong>Experiencia y conocimiento<\/strong> \u2013 Nuestro equipo est\u00e1 formado por expertos del sector y jugadores experimentados que trabajan juntos para ofrecer contenido de calidad a nuestra audiencia.<br>\ud83d\udd39 <strong>Cultura innovadora<\/strong> \u2013 Valoramos las ideas frescas y fomentamos un entorno en el que las mentes creativas se sientan bienvenidas.<br>\ud83d\udd39 <strong>Mirando hacia el futuro<\/strong> \u2013 En <strong>1337 Games<\/strong>, ofrecemos oportunidades de desarrollo continuo, aprendiendo de los mejores y participando en proyectos emocionantes.<\/p>\n\n\n\n<h2 class=\"wp-block-heading\" id=\"h-a-quien-buscamos\">\u00bfA qui\u00e9n buscamos?<\/h2>\n\n\n\n<p>\u00bfTe apasionan los juegos en l\u00ednea y tienes talento para la escritura? \u00bfTe gustar\u00eda compartir tu experiencia en un equipo din\u00e1mico? Si la respuesta es s\u00ed, \u00a1puede que seas la persona que estamos buscando!<\/p>\n\n\n\n<h2 class=\"wp-block-heading\" id=\"h-lo-que-esperamos-de-ti\">Lo que esperamos de ti:<\/h2>\n\n\n\n<p>\u2705 <strong>Excelentes habilidades de redacci\u00f3n en ingl\u00e9s.<\/strong><br>\u2705 <strong>Conocimiento s\u00f3lido del mundo de los videojuegos y del sector de las apuestas en l\u00ednea.<\/strong><br>\u2705 <strong>Esp\u00edritu de equipo y capacidad para cumplir con plazos.<\/strong><br>\u2705 <strong>Atenci\u00f3n al detalle y pasi\u00f3n por la calidad.<\/strong><\/p>\n\n\n\n<h2 class=\"wp-block-heading\" id=\"h-te-identificas-con-esta-descripcion\">\u00bfTe identificas con esta descripci\u00f3n?<\/h2>\n\n\n\n<p>\u00bfQu\u00e9 est\u00e1s esperando? Ponte en contacto con nosotros en <strong><a href=\"mailto:info@1337games.org\">info@1337games.org<\/a><\/strong> y, qui\u00e9n sabe, \u00a1pronto podr\u00edas ser nuestro\/a nuevo\/a compa\u00f1ero\/a!<\/p>\n\n\n<div class=\"kk-star-ratings kksr-auto kksr-align-left kksr-valign-bottom\"\n    data-payload='{&quot;align&quot;:&quot;left&quot;,&quot;id&quot;:&quot;89946&quot;,&quot;slug&quot;:&quot;default&quot;,&quot;valign&quot;:&quot;bottom&quot;,&quot;ignore&quot;:&quot;&quot;,&quot;reference&quot;:&quot;auto&quot;,&quot;class&quot;:&quot;&quot;,&quot;count&quot;:&quot;0&quot;,&quot;legendonly&quot;:&quot;&quot;,&quot;readonly&quot;:&quot;&quot;,&quot;score&quot;:&quot;0&quot;,&quot;starsonly&quot;:&quot;&quot;,&quot;best&quot;:&quot;5&quot;,&quot;gap&quot;:&quot;5&quot;,&quot;greet&quot;:&quot;Calificar el art\u00edculo&quot;,&quot;legend&quot;:&quot;0\\\/5 - (0 votos)&quot;,&quot;size&quot;:&quot;24&quot;,&quot;title&quot;:&quot;Trabajar en 1337 Games&quot;,&quot;width&quot;:&quot;0&quot;,&quot;_legend&quot;:&quot;{score}\\\/{best} - ({count} {votes})&quot;,&quot;font_factor&quot;:&quot;1.25&quot;}'>\n            \n<div class=\"kksr-stars\">\n    \n<div class=\"kksr-stars-inactive\">\n            <div class=\"kksr-star\" data-star=\"1\" style=\"padding-right: 5px\">\n            \n\n<div class=\"kksr-icon\" style=\"width: 24px; height: 24px;\"><\/div>\n        <\/div>\n            <div class=\"kksr-star\" data-star=\"2\" style=\"padding-right: 5px\">\n            \n\n<div class=\"kksr-icon\" style=\"width: 24px; height: 24px;\"><\/div>\n        <\/div>\n            <div class=\"kksr-star\" data-star=\"3\" style=\"padding-right: 5px\">\n            \n\n<div class=\"kksr-icon\" style=\"width: 24px; height: 24px;\"><\/div>\n        <\/div>\n            <div class=\"kksr-star\" data-star=\"4\" style=\"padding-right: 5px\">\n            \n\n<div class=\"kksr-icon\" style=\"width: 24px; height: 24px;\"><\/div>\n        <\/div>\n            <div class=\"kksr-star\" data-star=\"5\" style=\"padding-right: 5px\">\n            \n\n<div class=\"kksr-icon\" style=\"width: 24px; height: 24px;\"><\/div>\n        <\/div>\n    <\/div>\n    \n<div class=\"kksr-stars-active\" style=\"width: 0px;\">\n            <div class=\"kksr-star\" style=\"padding-right: 5px\">\n            \n\n<div class=\"kksr-icon\" style=\"width: 24px; height: 24px;\"><\/div>\n        <\/div>\n            <div class=\"kksr-star\" style=\"padding-right: 5px\">\n            \n\n<div class=\"kksr-icon\" style=\"width: 24px; height: 24px;\"><\/div>\n        <\/div>\n            <div class=\"kksr-star\" style=\"padding-right: 5px\">\n            \n\n<div class=\"kksr-icon\" style=\"width: 24px; height: 24px;\"><\/div>\n        <\/div>\n            <div class=\"kksr-star\" style=\"padding-right: 5px\">\n            \n\n<div class=\"kksr-icon\" style=\"width: 24px; height: 24px;\"><\/div>\n        <\/div>\n            <div class=\"kksr-star\" style=\"padding-right: 5px\">\n            \n\n<div class=\"kksr-icon\" style=\"width: 24px; height: 24px;\"><\/div>\n        <\/div>\n    <\/div>\n<\/div>\n                \n\n<div class=\"kksr-legend\" style=\"font-size: 19.2px;\">\n            <span class=\"kksr-muted\">Calificar el art\u00edculo<\/span>\n    <\/div>\n    <\/div>\n","protected":false},"excerpt":{"rendered":"<p>En 1337 Games, nos esforzamos por ofrecer informaci\u00f3n experta e inspiraci\u00f3n, cubriendo desde los juegos m\u00e1s emocionantes hasta las consolas m\u00e1s innovadoras, y desde los mejores casinos en l\u00ednea hasta las casas de apuestas m\u00e1s confiables. Independientemente del tema, nuestro objetivo es mantener los m\u00e1s altos est\u00e1ndares en nuestro contenido. Ofertas de Trabajo \u00bfPor qu\u00e9 [&hellip;]<\/p>\n","protected":false},"author":25001,"featured_media":0,"parent":0,"menu_order":0,"comment_status":"closed","ping_status":"closed","template":"","meta":{"footnotes":""},"class_list":["post-89946","page","type-page","status-publish","hentry"],"featured_image_src":null,"yoast_head":"<!-- This site is optimized with the Yoast SEO Premium plugin v27.0 (Yoast SEO v27.0) - https:\/\/yoast.com\/product\/yoast-seo-premium-wordpress\/ -->\n<title>Trabajar en 1337 Games<\/title>\n<meta name=\"description\" content=\"\u00danete a 1337 Games y trabaja en la industria del iGaming. Ofrecemos oportunidades en contenido, SEO, redes sociales y m\u00e1s. \u00a1Post\u00falate hoy mismo!\" \/>\n<meta name=\"robots\" content=\"index, follow, max-snippet:-1, max-image-preview:large, max-video-preview:-1\" \/>\n<link rel=\"canonical\" href=\"https:\/\/www.1337games.org\/es-es\/carreras\/\" \/>\n<meta property=\"og:locale\" content=\"es_ES\" \/>\n<meta property=\"og:type\" content=\"article\" \/>\n<meta property=\"og:title\" content=\"Trabajar en 1337 Games\" \/>\n<meta property=\"og:description\" content=\"\u00danete a 1337 Games y trabaja en la industria del iGaming. Ofrecemos oportunidades en contenido, SEO, redes sociales y m\u00e1s. \u00a1Post\u00falate hoy mismo!\" \/>\n<meta property=\"og:url\" content=\"https:\/\/www.1337games.org\/es-es\/carreras\/\" \/>\n<meta property=\"og:site_name\" content=\"1337 Games ES\" \/>\n<meta property=\"article:publisher\" content=\"https:\/\/www.facebook.com\/1337gamesio\/\" \/>\n<meta property=\"article:modified_time\" content=\"2025-03-03T06:04:46+00:00\" \/>\n<meta name=\"twitter:card\" content=\"summary_large_image\" \/>\n<meta name=\"twitter:site\" content=\"@1337gamesio\" \/>\n<meta name=\"twitter:label1\" content=\"Tiempo de lectura\" \/>\n\t<meta name=\"twitter:data1\" content=\"2 minutos\" \/>\n<script type=\"application\/ld+json\" class=\"yoast-schema-graph\">{\"@context\":\"https:\/\/schema.org\",\"@graph\":[{\"@type\":\"WebPage\",\"@id\":\"https:\/\/www.1337games.org\/es-es\/carreras\/\",\"url\":\"https:\/\/www.1337games.org\/es-es\/carreras\/\",\"name\":\"Trabajar en 1337 Games\",\"isPartOf\":{\"@id\":\"https:\/\/www.1337games.org\/es-es\/#website\"},\"datePublished\":\"2025-03-03T05:44:11+00:00\",\"dateModified\":\"2025-03-03T06:04:46+00:00\",\"description\":\"\u00danete a 1337 Games y trabaja en la industria del iGaming. Ofrecemos oportunidades en contenido, SEO, redes sociales y m\u00e1s. \u00a1Post\u00falate hoy mismo!\",\"breadcrumb\":{\"@id\":\"https:\/\/www.1337games.org\/es-es\/carreras\/#breadcrumb\"},\"inLanguage\":\"es\",\"potentialAction\":[{\"@type\":\"ReadAction\",\"target\":[\"https:\/\/www.1337games.org\/es-es\/carreras\/\"]}]},{\"@type\":\"BreadcrumbList\",\"@id\":\"https:\/\/www.1337games.org\/es-es\/carreras\/#breadcrumb\",\"itemListElement\":[{\"@type\":\"ListItem\",\"position\":1,\"name\":\"Home\",\"item\":\"https:\/\/www.1337games.org\/es-es\/\"},{\"@type\":\"ListItem\",\"position\":2,\"name\":\"Carreras\"}]},{\"@type\":\"WebSite\",\"@id\":\"https:\/\/www.1337games.org\/es-es\/#website\",\"url\":\"https:\/\/www.1337games.org\/es-es\/\",\"name\":\"1337 Games ES\",\"description\":\"\",\"publisher\":{\"@id\":\"https:\/\/www.1337games.org\/es-es\/#organization\"},\"potentialAction\":[{\"@type\":\"SearchAction\",\"target\":{\"@type\":\"EntryPoint\",\"urlTemplate\":\"https:\/\/www.1337games.org\/es-es\/?s={search_term_string}\"},\"query-input\":{\"@type\":\"PropertyValueSpecification\",\"valueRequired\":true,\"valueName\":\"search_term_string\"}}],\"inLanguage\":\"es\"},{\"@type\":\"Organization\",\"@id\":\"https:\/\/www.1337games.org\/es-es\/#organization\",\"name\":\"1337 Games\",\"url\":\"https:\/\/www.1337games.org\/es-es\/\",\"logo\":{\"@type\":\"ImageObject\",\"inLanguage\":\"es\",\"@id\":\"https:\/\/www.1337games.org\/es-es\/#\/schema\/logo\/image\/\",\"url\":\"https:\/\/www.1337games.org\/es-es\/wp-content\/uploads\/sites\/9\/2025\/10\/cropped-1Games.png\",\"contentUrl\":\"https:\/\/www.1337games.org\/es-es\/wp-content\/uploads\/sites\/9\/2025\/10\/cropped-1Games.png\",\"width\":512,\"height\":512,\"caption\":\"1337 Games\"},\"image\":{\"@id\":\"https:\/\/www.1337games.org\/es-es\/#\/schema\/logo\/image\/\"},\"sameAs\":[\"https:\/\/www.facebook.com\/1337gamesio\/\",\"https:\/\/x.com\/1337gamesio\",\"https:\/\/www.instagram.com\/1337gamesio\/\"],\"email\":\"info@1337games.io\",\"numberOfEmployees\":{\"@type\":\"QuantitativeValue\",\"minValue\":\"11\",\"maxValue\":\"50\"}}]}<\/script>\n<!-- \/ Yoast SEO Premium plugin. -->","yoast_head_json":{"title":"Trabajar en 1337 Games","description":"\u00danete a 1337 Games y trabaja en la industria del iGaming. Ofrecemos oportunidades en contenido, SEO, redes sociales y m\u00e1s. \u00a1Post\u00falate hoy mismo!","robots":{"index":"index","follow":"follow","max-snippet":"max-snippet:-1","max-image-preview":"max-image-preview:large","max-video-preview":"max-video-preview:-1"},"canonical":"https:\/\/www.1337games.org\/es-es\/carreras\/","og_locale":"es_ES","og_type":"article","og_title":"Trabajar en 1337 Games","og_description":"\u00danete a 1337 Games y trabaja en la industria del iGaming. Ofrecemos oportunidades en contenido, SEO, redes sociales y m\u00e1s. \u00a1Post\u00falate hoy mismo!","og_url":"https:\/\/www.1337games.org\/es-es\/carreras\/","og_site_name":"1337 Games ES","article_publisher":"https:\/\/www.facebook.com\/1337gamesio\/","article_modified_time":"2025-03-03T06:04:46+00:00","twitter_card":"summary_large_image","twitter_site":"@1337gamesio","twitter_misc":{"Tiempo de lectura":"2 minutos"},"schema":{"@context":"https:\/\/schema.org","@graph":[{"@type":"WebPage","@id":"https:\/\/www.1337games.org\/es-es\/carreras\/","url":"https:\/\/www.1337games.org\/es-es\/carreras\/","name":"Trabajar en 1337 Games","isPartOf":{"@id":"https:\/\/www.1337games.org\/es-es\/#website"},"datePublished":"2025-03-03T05:44:11+00:00","dateModified":"2025-03-03T06:04:46+00:00","description":"\u00danete a 1337 Games y trabaja en la industria del iGaming. Ofrecemos oportunidades en contenido, SEO, redes sociales y m\u00e1s. \u00a1Post\u00falate hoy mismo!","breadcrumb":{"@id":"https:\/\/www.1337games.org\/es-es\/carreras\/#breadcrumb"},"inLanguage":"es","potentialAction":[{"@type":"ReadAction","target":["https:\/\/www.1337games.org\/es-es\/carreras\/"]}]},{"@type":"BreadcrumbList","@id":"https:\/\/www.1337games.org\/es-es\/carreras\/#breadcrumb","itemListElement":[{"@type":"ListItem","position":1,"name":"Home","item":"https:\/\/www.1337games.org\/es-es\/"},{"@type":"ListItem","position":2,"name":"Carreras"}]},{"@type":"WebSite","@id":"https:\/\/www.1337games.org\/es-es\/#website","url":"https:\/\/www.1337games.org\/es-es\/","name":"1337 Games ES","description":"","publisher":{"@id":"https:\/\/www.1337games.org\/es-es\/#organization"},"potentialAction":[{"@type":"SearchAction","target":{"@type":"EntryPoint","urlTemplate":"https:\/\/www.1337games.org\/es-es\/?s={search_term_string}"},"query-input":{"@type":"PropertyValueSpecification","valueRequired":true,"valueName":"search_term_string"}}],"inLanguage":"es"},{"@type":"Organization","@id":"https:\/\/www.1337games.org\/es-es\/#organization","name":"1337 Games","url":"https:\/\/www.1337games.org\/es-es\/","logo":{"@type":"ImageObject","inLanguage":"es","@id":"https:\/\/www.1337games.org\/es-es\/#\/schema\/logo\/image\/","url":"https:\/\/www.1337games.org\/es-es\/wp-content\/uploads\/sites\/9\/2025\/10\/cropped-1Games.png","contentUrl":"https:\/\/www.1337games.org\/es-es\/wp-content\/uploads\/sites\/9\/2025\/10\/cropped-1Games.png","width":512,"height":512,"caption":"1337 Games"},"image":{"@id":"https:\/\/www.1337games.org\/es-es\/#\/schema\/logo\/image\/"},"sameAs":["https:\/\/www.facebook.com\/1337gamesio\/","https:\/\/x.com\/1337gamesio","https:\/\/www.instagram.com\/1337gamesio\/"],"email":"info@1337games.io","numberOfEmployees":{"@type":"QuantitativeValue","minValue":"11","maxValue":"50"}}]}},"_links":{"self":[{"href":"https:\/\/www.1337games.org\/es-es\/wp-json\/wp\/v2\/pages\/89946","targetHints":{"allow":["GET"]}}],"collection":[{"href":"https:\/\/www.1337games.org\/es-es\/wp-json\/wp\/v2\/pages"}],"about":[{"href":"https:\/\/www.1337games.org\/es-es\/wp-json\/wp\/v2\/types\/page"}],"author":[{"embeddable":true,"href":"https:\/\/www.1337games.org\/es-es\/wp-json\/wp\/v2\/users\/25001"}],"replies":[{"embeddable":true,"href":"https:\/\/www.1337games.org\/es-es\/wp-json\/wp\/v2\/comments?post=89946"}],"version-history":[{"count":7,"href":"https:\/\/www.1337games.org\/es-es\/wp-json\/wp\/v2\/pages\/89946\/revisions"}],"predecessor-version":[{"id":89965,"href":"https:\/\/www.1337games.org\/es-es\/wp-json\/wp\/v2\/pages\/89946\/revisions\/89965"}],"wp:attachment":[{"href":"https:\/\/www.1337games.org\/es-es\/wp-json\/wp\/v2\/media?parent=89946"}],"curies":[{"name":"wp","href":"https:\/\/api.w.org\/{rel}","templated":true}]}}