{"id":89380,"date":"2024-11-25T17:45:19","date_gmt":"2024-11-25T17:45:19","guid":{"rendered":"https:\/\/www.1337games.org\/fi-fi\/?page_id=89380"},"modified":"2024-11-25T18:40:08","modified_gmt":"2024-11-25T18:40:08","slug":"toimituskaytanto","status":"publish","type":"page","link":"https:\/\/www.1337games.org\/fi-fi\/toimituskaytanto\/","title":{"rendered":"Toimitusk\u00e4yt\u00e4nt\u00f6 &#8211; 1337 Games"},"content":{"rendered":"\n<p>1337 Games on sitoutunut tarjoamaan suomalaisille lukijoille korkealaatuista, tarkkaa ja puolueetonta sis\u00e4lt\u00f6\u00e4, joka keskittyy videopelien, nettikasinoiden ja teknologian maailmaan. Tavoitteenamme on auttaa pelaajia ja kasinofanien yhteis\u00f6\u00e4 tekem\u00e4\u00e4n tietoon perustuvia p\u00e4\u00e4t\u00f6ksi\u00e4 tarjoamalla ajankohtaista ja luotettavaa tietoa.<\/p>\n\n\n\n<hr class=\"wp-block-separator has-alpha-channel-opacity\" \/>\n\n\n\n<h3 class=\"wp-block-heading\" id=\"h-missiomme\">Missiomme<\/h3>\n\n\n\n<p>1337 Gamesin tavoitteena on olla Suomen johtava tietol\u00e4hde pelaajille ja nettikasinoiden yst\u00e4ville. Julkaisemme artikkeleita, jotka sis\u00e4lt\u00e4v\u00e4t pelistrategioita, syv\u00e4luotaavia analyyseja ja rehellisi\u00e4 arvosteluja. <\/p>\n\n\n\n<p>Oli kyseess\u00e4 sitten uusien pelien tutkiminen, kasinobonusten arviointi tai vinkit vastuulliseen pelaamiseen, haluamme rikastuttaa lukijoidemme kokemusta ja tarjota hy\u00f6dyllist\u00e4 tietoa kaiken tasoisille pelaajille.<\/p>\n\n\n\n<hr class=\"wp-block-separator has-alpha-channel-opacity\" \/>\n\n\n\n<h3 class=\"wp-block-heading\" id=\"h-sitoutuminen-riippumattomuuteen\">Sitoutuminen riippumattomuuteen<\/h3>\n\n\n\n<p>Riippumattomuus on 1337 Gamesin toiminnan kulmakivi. Toimituksemme ty\u00f6skentelee t\u00e4ysin itsen\u00e4isesti markkinointi- ja kumppanuusosastoista, mik\u00e4 takaa, ett\u00e4 sis\u00e4lt\u00f6mme pysyy rehellisen\u00e4 ja puolueettomana.<\/p>\n\n\n\n<p>Vaikka teemme yhteisty\u00f6t\u00e4 affiliate-kumppaneiden kanssa ja ansaitsemme komissiota lukijoiden tekemist\u00e4 rekister\u00f6itymisist\u00e4 tai ostoksista, n\u00e4m\u00e4 kumppanuudet eiv\u00e4t koskaan vaikuta sis\u00e4lt\u00f6\u00f6mme. Kaikki suosituksemme ja arvostelumme perustuvat omaan tutkimukseemme, testaamiseemme ja kokemukseemme \u2013 lukijan etu on aina etusijalla.<\/p>\n\n\n\n<hr class=\"wp-block-separator has-alpha-channel-opacity\" \/>\n\n\n\n<h3 class=\"wp-block-heading\" id=\"h-sisallon-luominen-ja-yllapito\">Sis\u00e4ll\u00f6n luominen ja yll\u00e4pito<\/h3>\n\n\n\n<p>Jokainen 1337 Gamesin julkaisema artikkeli k\u00e4y l\u00e4pi tarkan prosessin, jolla varmistamme sen laadun ja luotettavuuden.<\/p>\n\n\n\n<p><strong>Sis\u00e4ll\u00f6n luomisprosessi:<\/strong><\/p>\n\n\n\n<ul class=\"wp-block-list\">\n<li><strong>Tutkimus:<\/strong> K\u00e4yt\u00e4mme luotettavia l\u00e4hteit\u00e4 ja tarkistamme tiedot huolellisesti.<\/li>\n\n\n\n<li><strong>Analyysi:<\/strong> Jokainen artikkeli pohjautuu huolelliseen arviointiin ja asiantuntijoiden n\u00e4kemyksiin.<\/li>\n\n\n\n<li><strong>Tarkistus:<\/strong> Ennen julkaisua kaikki tekstit k\u00e4yv\u00e4t l\u00e4pi perusteellisen tarkistusvaiheen.<\/li>\n\n\n\n<li><strong>P\u00e4ivitykset:<\/strong> Pid\u00e4mme sis\u00e4ll\u00f6n ajan tasalla heijastamaan alan viimeisimpi\u00e4 trendej\u00e4 ja kehityksi\u00e4.<\/li>\n<\/ul>\n\n\n\n<hr class=\"wp-block-separator has-alpha-channel-opacity\" \/>\n\n\n\n<h3 class=\"wp-block-heading\" id=\"h-lapinakyvyys-kumppanuuksista\">L\u00e4pin\u00e4kyvyys kumppanuuksista<\/h3>\n\n\n\n<p>Joissakin artikkeleissamme voi olla linkkej\u00e4, jotka johtavat yhteisty\u00f6kumppaneiden verkkosivuille. Jos lukija p\u00e4\u00e4tt\u00e4\u00e4 rekister\u00f6ity\u00e4 tai ostaa palveluita n\u00e4iden linkkien kautta, voimme ansaita komission.<\/p>\n\n\n\n<p>On kuitenkin t\u00e4rke\u00e4\u00e4, ett\u00e4 n\u00e4m\u00e4 kumppanuudet eiv\u00e4t koskaan vaikuta objektiivisuuteemme. Emme hyv\u00e4ksy maksuja positiivisista arvosteluista, emmek\u00e4 tingi laadusta tai rehellisyydest\u00e4 kaupallisten suhteiden vuoksi.<\/p>\n\n\n\n<hr class=\"wp-block-separator has-alpha-channel-opacity\" \/>\n\n\n\n<h3 class=\"wp-block-heading\" id=\"h-vastuullinen-pelaaminen\">Vastuullinen pelaaminen<\/h3>\n\n\n\n<p>1337 Games haluaa edist\u00e4\u00e4 vastuullista pelaamista ja varmistaa, ett\u00e4 lukijamme voivat nauttia kasinopeleist\u00e4 ja vedonly\u00f6nnist\u00e4 turvallisesti. Suosittelemme rajoittamaan pelaamista, tunnistamaan mahdolliset ongelmak\u00e4ytt\u00e4ytymisen merkit ja hy\u00f6dynt\u00e4m\u00e4\u00e4n tarjolla olevia tukipalveluita.<\/p>\n\n\n\n<p>Julkaisemme artikkeleita, jotka tarjoavat tietoa vastuullisen pelaamisen ty\u00f6kaluista, kuten talletusrajoituksista, itsearviointitesteist\u00e4 ja itse-esto-ohjelmista. Pelaamisen tulisi aina pysy\u00e4 viihteen\u00e4, ei taloudellisen tai henkisen stressin l\u00e4hteen\u00e4.<\/p>\n\n\n\n<hr class=\"wp-block-separator has-alpha-channel-opacity\" \/>\n\n\n\n<h3 class=\"wp-block-heading\" id=\"h-tarkkuus-ja-avoimuus\">Tarkkuus ja avoimuus<\/h3>\n\n\n\n<p>Tarkkuus ja avoimuus ovat 1337 Gamesin perusarvoja. Pyrimme varmistamaan, ett\u00e4 kaikki sis\u00e4lt\u00f6mme on faktoihin perustuvaa, selke\u00e4sti esitetty\u00e4 ja helposti ymm\u00e4rrett\u00e4v\u00e4\u00e4. Mik\u00e4li havaitsemme virheen tai saamme tietoa p\u00e4ivitystarpeesta, korjaamme sis\u00e4ll\u00f6n viipym\u00e4tt\u00e4 ja ilmoitamme asiasta lukijoille.<\/p>\n\n\n\n<hr class=\"wp-block-separator has-alpha-channel-opacity\" \/>\n\n\n\n<h3 class=\"wp-block-heading\" id=\"h-politiikan-muutokset\">Politiikan muutokset<\/h3>\n\n\n\n<p>P\u00e4ivit\u00e4mme t\u00e4t\u00e4 toimituspolitiikkaa s\u00e4\u00e4nn\u00f6llisesti varmistaaksemme, ett\u00e4 se vastaa alan standardeja ja muuttuvia k\u00e4yt\u00e4nt\u00f6j\u00e4. Kannustamme lukijoita palaamaan t\u00e4lle sivulle saadakseen ajankohtaista tietoa.<\/p>\n\n\n\n<hr class=\"wp-block-separator has-alpha-channel-opacity\" \/>\n\n\n\n<h3 class=\"wp-block-heading\" id=\"h-ota-yhteytta\">Ota yhteytt\u00e4<\/h3>\n\n\n\n<p>Jos sinulla on kysymyksi\u00e4, huolia tai ehdotuksia koskien toimituspolitiikkaamme, sis\u00e4lt\u00f6\u00e4mme tai kumppanuuksiamme, \u00e4l\u00e4 ep\u00e4r\u00f6i ottaa yhteytt\u00e4. Lukijoidemme luottamus on meille t\u00e4rkeint\u00e4, ja kuulemme mielell\u00e4mme palautetta, joka auttaa meit\u00e4 parantamaan palveluamme.<\/p>\n","protected":false},"excerpt":{"rendered":"<p>1337 Games on sitoutunut tarjoamaan suomalaisille lukijoille korkealaatuista, tarkkaa ja puolueetonta sis\u00e4lt\u00f6\u00e4, joka keskittyy videopelien, nettikasinoiden ja teknologian maailmaan. Tavoitteenamme on auttaa pelaajia ja kasinofanien yhteis\u00f6\u00e4 tekem\u00e4\u00e4n tietoon perustuvia p\u00e4\u00e4t\u00f6ksi\u00e4 tarjoamalla ajankohtaista ja luotettavaa tietoa. Missiomme 1337 Gamesin tavoitteena on olla Suomen johtava tietol\u00e4hde pelaajille ja nettikasinoiden yst\u00e4ville. Julkaisemme artikkeleita, jotka sis\u00e4lt\u00e4v\u00e4t pelistrategioita, syv\u00e4luotaavia analyyseja [&hellip;]<\/p>\n","protected":false},"author":24999,"featured_media":0,"parent":0,"menu_order":0,"comment_status":"closed","ping_status":"closed","template":"","meta":{"footnotes":""},"class_list":["post-89380","page","type-page","status-publish","hentry"],"featured_image_src":null,"yoast_head":"<!-- This site is optimized with the Yoast SEO Premium plugin v27.0 (Yoast SEO v27.0) - https:\/\/yoast.com\/product\/yoast-seo-premium-wordpress\/ -->\n<title>Toimitusk\u00e4yt\u00e4nt\u00f6 - 1337 Games<\/title>\n<meta name=\"description\" content=\"1337 Games: l\u00e4pin\u00e4kyv\u00e4\u00e4 ja tarkkaa sis\u00e4lt\u00f6\u00e4 peleist\u00e4 ja nettikasinoista. L\u00f6yd\u00e4 oppaat, vinkit ja arvostelut suomalaisille pelaajille!\" \/>\n<meta name=\"robots\" content=\"index, follow, max-snippet:-1, max-image-preview:large, max-video-preview:-1\" \/>\n<link rel=\"canonical\" href=\"https:\/\/www.1337games.org\/fi-fi\/toimituskaytanto\/\" \/>\n<meta property=\"og:locale\" content=\"fi_FI\" \/>\n<meta property=\"og:type\" content=\"article\" \/>\n<meta property=\"og:title\" content=\"Toimitusk\u00e4yt\u00e4nt\u00f6 - 1337 Games\" \/>\n<meta property=\"og:description\" content=\"1337 Games: l\u00e4pin\u00e4kyv\u00e4\u00e4 ja tarkkaa sis\u00e4lt\u00f6\u00e4 peleist\u00e4 ja nettikasinoista. L\u00f6yd\u00e4 oppaat, vinkit ja arvostelut suomalaisille pelaajille!\" \/>\n<meta property=\"og:url\" content=\"https:\/\/www.1337games.org\/fi-fi\/toimituskaytanto\/\" \/>\n<meta property=\"og:site_name\" content=\"1337 Games FI\" \/>\n<meta property=\"article:publisher\" content=\"https:\/\/www.facebook.com\/1337gamesio\/\" \/>\n<meta property=\"article:modified_time\" content=\"2024-11-25T18:40:08+00:00\" \/>\n<meta name=\"twitter:card\" content=\"summary_large_image\" \/>\n<meta name=\"twitter:site\" content=\"@1337gamesio\" \/>\n<meta name=\"twitter:label1\" content=\"Arvioitu lukuaika\" \/>\n\t<meta name=\"twitter:data1\" content=\"3 minuuttia\" \/>\n<script type=\"application\/ld+json\" class=\"yoast-schema-graph\">{\"@context\":\"https:\/\/schema.org\",\"@graph\":[{\"@type\":\"WebPage\",\"@id\":\"https:\/\/www.1337games.org\/fi-fi\/toimituskaytanto\/\",\"url\":\"https:\/\/www.1337games.org\/fi-fi\/toimituskaytanto\/\",\"name\":\"Toimitusk\u00e4yt\u00e4nt\u00f6 - 1337 Games\",\"isPartOf\":{\"@id\":\"https:\/\/www.1337games.org\/fi-fi\/#website\"},\"datePublished\":\"2024-11-25T17:45:19+00:00\",\"dateModified\":\"2024-11-25T18:40:08+00:00\",\"description\":\"1337 Games: l\u00e4pin\u00e4kyv\u00e4\u00e4 ja tarkkaa sis\u00e4lt\u00f6\u00e4 peleist\u00e4 ja nettikasinoista. L\u00f6yd\u00e4 oppaat, vinkit ja arvostelut suomalaisille pelaajille!\",\"breadcrumb\":{\"@id\":\"https:\/\/www.1337games.org\/fi-fi\/toimituskaytanto\/#breadcrumb\"},\"inLanguage\":\"fi\",\"potentialAction\":[{\"@type\":\"ReadAction\",\"target\":[\"https:\/\/www.1337games.org\/fi-fi\/toimituskaytanto\/\"]}]},{\"@type\":\"BreadcrumbList\",\"@id\":\"https:\/\/www.1337games.org\/fi-fi\/toimituskaytanto\/#breadcrumb\",\"itemListElement\":[{\"@type\":\"ListItem\",\"position\":1,\"name\":\"Home\",\"item\":\"https:\/\/www.1337games.org\/fi-fi\/\"},{\"@type\":\"ListItem\",\"position\":2,\"name\":\"Toimituskaytanto\"}]},{\"@type\":\"WebSite\",\"@id\":\"https:\/\/www.1337games.org\/fi-fi\/#website\",\"url\":\"https:\/\/www.1337games.org\/fi-fi\/\",\"name\":\"1337 Games FI\",\"description\":\"\",\"publisher\":{\"@id\":\"https:\/\/www.1337games.org\/fi-fi\/#organization\"},\"potentialAction\":[{\"@type\":\"SearchAction\",\"target\":{\"@type\":\"EntryPoint\",\"urlTemplate\":\"https:\/\/www.1337games.org\/fi-fi\/?s={search_term_string}\"},\"query-input\":{\"@type\":\"PropertyValueSpecification\",\"valueRequired\":true,\"valueName\":\"search_term_string\"}}],\"inLanguage\":\"fi\"},{\"@type\":\"Organization\",\"@id\":\"https:\/\/www.1337games.org\/fi-fi\/#organization\",\"name\":\"1337 Games\",\"url\":\"https:\/\/www.1337games.org\/fi-fi\/\",\"logo\":{\"@type\":\"ImageObject\",\"inLanguage\":\"fi\",\"@id\":\"https:\/\/www.1337games.org\/fi-fi\/#\/schema\/logo\/image\/\",\"url\":\"https:\/\/www.1337games.org\/fi-fi\/wp-content\/uploads\/sites\/17\/2025\/10\/cropped-1Games.png\",\"contentUrl\":\"https:\/\/www.1337games.org\/fi-fi\/wp-content\/uploads\/sites\/17\/2025\/10\/cropped-1Games.png\",\"width\":512,\"height\":512,\"caption\":\"1337 Games\"},\"image\":{\"@id\":\"https:\/\/www.1337games.org\/fi-fi\/#\/schema\/logo\/image\/\"},\"sameAs\":[\"https:\/\/www.facebook.com\/1337gamesio\/\",\"https:\/\/x.com\/1337gamesio\",\"https:\/\/www.instagram.com\/1337gamesio\/\"],\"email\":\"info@1337games.io\",\"numberOfEmployees\":{\"@type\":\"QuantitativeValue\",\"minValue\":\"11\",\"maxValue\":\"50\"}}]}<\/script>\n<!-- \/ Yoast SEO Premium plugin. -->","yoast_head_json":{"title":"Toimitusk\u00e4yt\u00e4nt\u00f6 - 1337 Games","description":"1337 Games: l\u00e4pin\u00e4kyv\u00e4\u00e4 ja tarkkaa sis\u00e4lt\u00f6\u00e4 peleist\u00e4 ja nettikasinoista. L\u00f6yd\u00e4 oppaat, vinkit ja arvostelut suomalaisille pelaajille!","robots":{"index":"index","follow":"follow","max-snippet":"max-snippet:-1","max-image-preview":"max-image-preview:large","max-video-preview":"max-video-preview:-1"},"canonical":"https:\/\/www.1337games.org\/fi-fi\/toimituskaytanto\/","og_locale":"fi_FI","og_type":"article","og_title":"Toimitusk\u00e4yt\u00e4nt\u00f6 - 1337 Games","og_description":"1337 Games: l\u00e4pin\u00e4kyv\u00e4\u00e4 ja tarkkaa sis\u00e4lt\u00f6\u00e4 peleist\u00e4 ja nettikasinoista. L\u00f6yd\u00e4 oppaat, vinkit ja arvostelut suomalaisille pelaajille!","og_url":"https:\/\/www.1337games.org\/fi-fi\/toimituskaytanto\/","og_site_name":"1337 Games FI","article_publisher":"https:\/\/www.facebook.com\/1337gamesio\/","article_modified_time":"2024-11-25T18:40:08+00:00","twitter_card":"summary_large_image","twitter_site":"@1337gamesio","twitter_misc":{"Arvioitu lukuaika":"3 minuuttia"},"schema":{"@context":"https:\/\/schema.org","@graph":[{"@type":"WebPage","@id":"https:\/\/www.1337games.org\/fi-fi\/toimituskaytanto\/","url":"https:\/\/www.1337games.org\/fi-fi\/toimituskaytanto\/","name":"Toimitusk\u00e4yt\u00e4nt\u00f6 - 1337 Games","isPartOf":{"@id":"https:\/\/www.1337games.org\/fi-fi\/#website"},"datePublished":"2024-11-25T17:45:19+00:00","dateModified":"2024-11-25T18:40:08+00:00","description":"1337 Games: l\u00e4pin\u00e4kyv\u00e4\u00e4 ja tarkkaa sis\u00e4lt\u00f6\u00e4 peleist\u00e4 ja nettikasinoista. L\u00f6yd\u00e4 oppaat, vinkit ja arvostelut suomalaisille pelaajille!","breadcrumb":{"@id":"https:\/\/www.1337games.org\/fi-fi\/toimituskaytanto\/#breadcrumb"},"inLanguage":"fi","potentialAction":[{"@type":"ReadAction","target":["https:\/\/www.1337games.org\/fi-fi\/toimituskaytanto\/"]}]},{"@type":"BreadcrumbList","@id":"https:\/\/www.1337games.org\/fi-fi\/toimituskaytanto\/#breadcrumb","itemListElement":[{"@type":"ListItem","position":1,"name":"Home","item":"https:\/\/www.1337games.org\/fi-fi\/"},{"@type":"ListItem","position":2,"name":"Toimituskaytanto"}]},{"@type":"WebSite","@id":"https:\/\/www.1337games.org\/fi-fi\/#website","url":"https:\/\/www.1337games.org\/fi-fi\/","name":"1337 Games FI","description":"","publisher":{"@id":"https:\/\/www.1337games.org\/fi-fi\/#organization"},"potentialAction":[{"@type":"SearchAction","target":{"@type":"EntryPoint","urlTemplate":"https:\/\/www.1337games.org\/fi-fi\/?s={search_term_string}"},"query-input":{"@type":"PropertyValueSpecification","valueRequired":true,"valueName":"search_term_string"}}],"inLanguage":"fi"},{"@type":"Organization","@id":"https:\/\/www.1337games.org\/fi-fi\/#organization","name":"1337 Games","url":"https:\/\/www.1337games.org\/fi-fi\/","logo":{"@type":"ImageObject","inLanguage":"fi","@id":"https:\/\/www.1337games.org\/fi-fi\/#\/schema\/logo\/image\/","url":"https:\/\/www.1337games.org\/fi-fi\/wp-content\/uploads\/sites\/17\/2025\/10\/cropped-1Games.png","contentUrl":"https:\/\/www.1337games.org\/fi-fi\/wp-content\/uploads\/sites\/17\/2025\/10\/cropped-1Games.png","width":512,"height":512,"caption":"1337 Games"},"image":{"@id":"https:\/\/www.1337games.org\/fi-fi\/#\/schema\/logo\/image\/"},"sameAs":["https:\/\/www.facebook.com\/1337gamesio\/","https:\/\/x.com\/1337gamesio","https:\/\/www.instagram.com\/1337gamesio\/"],"email":"info@1337games.io","numberOfEmployees":{"@type":"QuantitativeValue","minValue":"11","maxValue":"50"}}]}},"_links":{"self":[{"href":"https:\/\/www.1337games.org\/fi-fi\/wp-json\/wp\/v2\/pages\/89380","targetHints":{"allow":["GET"]}}],"collection":[{"href":"https:\/\/www.1337games.org\/fi-fi\/wp-json\/wp\/v2\/pages"}],"about":[{"href":"https:\/\/www.1337games.org\/fi-fi\/wp-json\/wp\/v2\/types\/page"}],"author":[{"embeddable":true,"href":"https:\/\/www.1337games.org\/fi-fi\/wp-json\/wp\/v2\/users\/24999"}],"replies":[{"embeddable":true,"href":"https:\/\/www.1337games.org\/fi-fi\/wp-json\/wp\/v2\/comments?post=89380"}],"version-history":[{"count":3,"href":"https:\/\/www.1337games.org\/fi-fi\/wp-json\/wp\/v2\/pages\/89380\/revisions"}],"predecessor-version":[{"id":89397,"href":"https:\/\/www.1337games.org\/fi-fi\/wp-json\/wp\/v2\/pages\/89380\/revisions\/89397"}],"wp:attachment":[{"href":"https:\/\/www.1337games.org\/fi-fi\/wp-json\/wp\/v2\/media?parent=89380"}],"curies":[{"name":"wp","href":"https:\/\/api.w.org\/{rel}","templated":true}]}}