{"id":89384,"date":"2024-11-25T19:21:00","date_gmt":"2024-11-25T19:21:00","guid":{"rendered":"https:\/\/www.1337games.org\/fi-fi\/?page_id=89384"},"modified":"2024-11-25T19:21:01","modified_gmt":"2024-11-25T19:21:01","slug":"mainonta","status":"publish","type":"page","link":"https:\/\/www.1337games.org\/fi-fi\/mainonta\/","title":{"rendered":"Mainosta 1337 Gamesissa: Tavoita intohimoiset pelaajat"},"content":{"rendered":"\n<p>Etsitk\u00f6 oikeaa tapaa tavoittaa innostuneen yleis\u00f6n, joka arvostaa pelaamista, teknologiaa ja online-kasinoita? <strong>1337 Games<\/strong> tarjoaa sinulle tehokkaan alustan, jossa voit tuoda br\u00e4ndisi esille siell\u00e4, miss\u00e4 yleis\u00f6si jo valmiiksi viihtyy. <\/p>\n\n\n\n<p>Sivustomme on suosittu tietol\u00e4hde, joka houkuttelee niin satunnaisia pelaajia kuin teknologiaintoilijoita ja kasinopelaajia, jotka haluavat pysy\u00e4 ajan tasalla.<\/p>\n\n\n\n<hr class=\"wp-block-separator has-alpha-channel-opacity\" \/>\n\n\n\n<h2 class=\"wp-block-heading\" id=\"h-miksi-valita-1337-games-mainoskanavaksi\">Miksi valita 1337 Games mainoskanavaksi?<\/h2>\n\n\n\n<p>1337 Games yhdist\u00e4\u00e4 sinut aktiiviseen ja intohimoiseen pelaajayleis\u00f6\u00f6n. Tarjoamme mainosratkaisuja, jotka tuovat br\u00e4ndisi esiin juuri oikeassa ymp\u00e4rist\u00f6ss\u00e4.<\/p>\n\n\n<ul style=\"padding-left: 1.1em; text-align: left; --ub-list-item-icon-top: 3px;; --ub-list-item-icon-size: 0.9em; --ub-list-item-background-image: url('data:image\/svg+xml;utf8,&lt;svg xmlns=&quot;http:\/\/www.w3.org\/2000\/svg&quot; viewBox=&quot;0 0 512 512&quot;&gt;&lt;path fill=&quot;%232e334d&quot; d=&quot;M0 256a256 256 0 1 0 512 0A256 256 0 1 0 0 256zM241 377c-9.4 9.4-24.6 9.4-33.9 0s-9.4-24.6 0-33.9l87-87-87-87c-9.4-9.4-9.4-24.6 0-33.9s24.6-9.4 33.9 0L345 239c9.4 9.4 9.4 24.6 0 33.9L241 377z&quot;&gt;&lt;\/path&gt;&lt;\/svg&gt;'); --ub-list-item-fa-li-top: 3px; --ub-list-item-spacing: 10px; \" class=\"wp-block-ub-styled-list ub_styled_list\" id=\"ub_styled_list-f423d436-cf2a-4538-ae4a-8493b086e316\">\n<li class=\"ub_styled_list_item\" style=\"--ub-list-item-icon-top: 3px; --ub-list-item-icon-size: 0.9em; --ub-list-item-background-image: url('data:image\/svg+xml;utf8,&lt;svg xmlns=&quot;http:\/\/www.w3.org\/2000\/svg&quot; viewBox=&quot;0 0 512 512&quot;&gt;&lt;path fill=&quot;%232e334d&quot; d=&quot;M0 256a256 256 0 1 0 512 0A256 256 0 1 0 0 256zM241 377c-9.4 9.4-24.6 9.4-33.9 0s-9.4-24.6 0-33.9l87-87-87-87c-9.4-9.4-9.4-24.6 0-33.9s24.6-9.4 33.9 0L345 239c9.4 9.4 9.4 24.6 0 33.9L241 377z&quot;&gt;&lt;\/path&gt;&lt;\/svg&gt;'); \" id=\"ub-styled-list-item-32092b31-7c30-4351-b32a-623315111147\">\n\t\t\t<div class=\"ub_list_item_content\">\n\t\t\t\t<span class=\"ub_list_item_icon\">\n\t\t\t\t\t<svg width=\"0.9em\" height=\"0.9em\" xmlns=\"http:\/\/www.w3.org\/2000\/svg\" viewbox=\"0 0 512 512\"><path fill=\"#2e334d\" d=\"M0 256a256 256 0 1 0 512 0A256 256 0 1 0 0 256zM241 377c-9.4 9.4-24.6 9.4-33.9 0s-9.4-24.6 0-33.9l87-87-87-87c-9.4-9.4-9.4-24.6 0-33.9s24.6-9.4 33.9 0L345 239c9.4 9.4 9.4 24.6 0 33.9L241 377z\"><\/path><\/svg>\n\t\t\t\t<\/span>\n\t\t\t\t<span class=\"ub_list_item_text\"><strong>Tarkasti kohdennettu yleis\u00f6<\/strong>:<br>1337 Games -sivustolla vierailee viikoittain tuhansia aktiivisia k\u00e4ytt\u00e4ji\u00e4, jotka etsiv\u00e4t laadukasta ja ajankohtaista sis\u00e4lt\u00f6\u00e4 pelaamisesta ja teknologiasta. Kun mainostat meill\u00e4, br\u00e4ndisi tavoittaa juuri oikeat ihmiset.<\/span>\n\t\t\t<\/div>\n\t\t\t\n\t\t<\/li>\n\n<li class=\"ub_styled_list_item\" style=\"--ub-list-item-icon-top: 3px; --ub-list-item-icon-size: 0.9em; --ub-list-item-background-image: url('data:image\/svg+xml;utf8,&lt;svg xmlns=&quot;http:\/\/www.w3.org\/2000\/svg&quot; viewBox=&quot;0 0 512 512&quot;&gt;&lt;path fill=&quot;%232e334d&quot; d=&quot;M0 256a256 256 0 1 0 512 0A256 256 0 1 0 0 256zM241 377c-9.4 9.4-24.6 9.4-33.9 0s-9.4-24.6 0-33.9l87-87-87-87c-9.4-9.4-9.4-24.6 0-33.9s24.6-9.4 33.9 0L345 239c9.4 9.4 9.4 24.6 0 33.9L241 377z&quot;&gt;&lt;\/path&gt;&lt;\/svg&gt;'); \" id=\"ub-styled-list-item-32092b31-7c30-4351-b32a-623315111147\">\n\t\t\t<div class=\"ub_list_item_content\">\n\t\t\t\t<span class=\"ub_list_item_icon\">\n\t\t\t\t\t<svg width=\"0.9em\" height=\"0.9em\" xmlns=\"http:\/\/www.w3.org\/2000\/svg\" viewbox=\"0 0 512 512\"><path fill=\"#2e334d\" d=\"M0 256a256 256 0 1 0 512 0A256 256 0 1 0 0 256zM241 377c-9.4 9.4-24.6 9.4-33.9 0s-9.4-24.6 0-33.9l87-87-87-87c-9.4-9.4-9.4-24.6 0-33.9s24.6-9.4 33.9 0L345 239c9.4 9.4 9.4 24.6 0 33.9L241 377z\"><\/path><\/svg>\n\t\t\t\t<\/span>\n\t\t\t\t<span class=\"ub_list_item_text\"><strong>Luottamusta her\u00e4tt\u00e4v\u00e4 ymp\u00e4rist\u00f6<\/strong>:<br>Mainoksesi n\u00e4kyy osana arvostettua ja uskottavaa sis\u00e4lt\u00f6\u00e4. Sivustomme artikkeleiden, oppaiden ja arvioiden laatu tekee siit\u00e4 paikan, jossa mainoksesi huomataan ja otetaan vakavasti.<\/span>\n\t\t\t<\/div>\n\t\t\t\n\t\t<\/li>\n\n<li class=\"ub_styled_list_item\" style=\"--ub-list-item-icon-top: 3px; --ub-list-item-icon-size: 0.9em; --ub-list-item-background-image: url('data:image\/svg+xml;utf8,&lt;svg xmlns=&quot;http:\/\/www.w3.org\/2000\/svg&quot; viewBox=&quot;0 0 512 512&quot;&gt;&lt;path fill=&quot;%232e334d&quot; d=&quot;M0 256a256 256 0 1 0 512 0A256 256 0 1 0 0 256zM241 377c-9.4 9.4-24.6 9.4-33.9 0s-9.4-24.6 0-33.9l87-87-87-87c-9.4-9.4-9.4-24.6 0-33.9s24.6-9.4 33.9 0L345 239c9.4 9.4 9.4 24.6 0 33.9L241 377z&quot;&gt;&lt;\/path&gt;&lt;\/svg&gt;'); \" id=\"ub-styled-list-item-32092b31-7c30-4351-b32a-623315111147\">\n\t\t\t<div class=\"ub_list_item_content\">\n\t\t\t\t<span class=\"ub_list_item_icon\">\n\t\t\t\t\t<svg width=\"0.9em\" height=\"0.9em\" xmlns=\"http:\/\/www.w3.org\/2000\/svg\" viewbox=\"0 0 512 512\"><path fill=\"#2e334d\" d=\"M0 256a256 256 0 1 0 512 0A256 256 0 1 0 0 256zM241 377c-9.4 9.4-24.6 9.4-33.9 0s-9.4-24.6 0-33.9l87-87-87-87c-9.4-9.4-9.4-24.6 0-33.9s24.6-9.4 33.9 0L345 239c9.4 9.4 9.4 24.6 0 33.9L241 377z\"><\/path><\/svg>\n\t\t\t\t<\/span>\n\t\t\t\t<span class=\"ub_list_item_text\"><strong>Joustavat mainosratkaisut<\/strong>:<br>Tarjoamme monipuolisia tapoja mainostaa. Valitse perinteisist\u00e4 bannereista, sponsoroiduista artikkeleista tai r\u00e4\u00e4t\u00e4l\u00f6idyist\u00e4 kampanjoista, jotka istuvat t\u00e4ydellisesti br\u00e4ndisi tavoitteisiin.<\/span>\n\t\t\t<\/div>\n\t\t\t\n\t\t<\/li>\n\n<li class=\"ub_styled_list_item\" style=\"--ub-list-item-icon-top: 3px; --ub-list-item-icon-size: 0.9em; --ub-list-item-background-image: url('data:image\/svg+xml;utf8,&lt;svg xmlns=&quot;http:\/\/www.w3.org\/2000\/svg&quot; viewBox=&quot;0 0 512 512&quot;&gt;&lt;path fill=&quot;%232e334d&quot; d=&quot;M0 256a256 256 0 1 0 512 0A256 256 0 1 0 0 256zM241 377c-9.4 9.4-24.6 9.4-33.9 0s-9.4-24.6 0-33.9l87-87-87-87c-9.4-9.4-9.4-24.6 0-33.9s24.6-9.4 33.9 0L345 239c9.4 9.4 9.4 24.6 0 33.9L241 377z&quot;&gt;&lt;\/path&gt;&lt;\/svg&gt;'); \" id=\"ub-styled-list-item-32092b31-7c30-4351-b32a-623315111147\">\n\t\t\t<div class=\"ub_list_item_content\">\n\t\t\t\t<span class=\"ub_list_item_icon\">\n\t\t\t\t\t<svg width=\"0.9em\" height=\"0.9em\" xmlns=\"http:\/\/www.w3.org\/2000\/svg\" viewbox=\"0 0 512 512\"><path fill=\"#2e334d\" d=\"M0 256a256 256 0 1 0 512 0A256 256 0 1 0 0 256zM241 377c-9.4 9.4-24.6 9.4-33.9 0s-9.4-24.6 0-33.9l87-87-87-87c-9.4-9.4-9.4-24.6 0-33.9s24.6-9.4 33.9 0L345 239c9.4 9.4 9.4 24.6 0 33.9L241 377z\"><\/path><\/svg>\n\t\t\t\t<\/span>\n\t\t\t\t<span class=\"ub_list_item_text\"><strong>N\u00e4kyvyytt\u00e4 ja tuloksia<\/strong>:<br>Pitk\u00e4aikaiset yhteisty\u00f6kumppanimme ovat huomanneet selkeit\u00e4 parannuksia br\u00e4ndins\u00e4 tunnettuudessa ja asiakasaktivoinnissa. Me ymm\u00e4rr\u00e4mme, mit\u00e4 menestyksek\u00e4s kampanja vaatii.<\/span>\n\t\t\t<\/div>\n\t\t\t\n\t\t<\/li>\n\n<li class=\"ub_styled_list_item\" style=\"--ub-list-item-icon-top: 3px; --ub-list-item-icon-size: 0.9em; --ub-list-item-background-image: url('data:image\/svg+xml;utf8,&lt;svg xmlns=&quot;http:\/\/www.w3.org\/2000\/svg&quot; viewBox=&quot;0 0 512 512&quot;&gt;&lt;path fill=&quot;%232e334d&quot; d=&quot;M0 256a256 256 0 1 0 512 0A256 256 0 1 0 0 256zM241 377c-9.4 9.4-24.6 9.4-33.9 0s-9.4-24.6 0-33.9l87-87-87-87c-9.4-9.4-9.4-24.6 0-33.9s24.6-9.4 33.9 0L345 239c9.4 9.4 9.4 24.6 0 33.9L241 377z&quot;&gt;&lt;\/path&gt;&lt;\/svg&gt;'); \" id=\"ub-styled-list-item-32092b31-7c30-4351-b32a-623315111147\">\n\t\t\t<div class=\"ub_list_item_content\">\n\t\t\t\t<span class=\"ub_list_item_icon\">\n\t\t\t\t\t<svg width=\"0.9em\" height=\"0.9em\" xmlns=\"http:\/\/www.w3.org\/2000\/svg\" viewbox=\"0 0 512 512\"><path fill=\"#2e334d\" d=\"M0 256a256 256 0 1 0 512 0A256 256 0 1 0 0 256zM241 377c-9.4 9.4-24.6 9.4-33.9 0s-9.4-24.6 0-33.9l87-87-87-87c-9.4-9.4-9.4-24.6 0-33.9s24.6-9.4 33.9 0L345 239c9.4 9.4 9.4 24.6 0 33.9L241 377z\"><\/path><\/svg>\n\t\t\t\t<\/span>\n\t\t\t\t<span class=\"ub_list_item_text\"><strong>Ammattitaitoista tukea<\/strong><br>1337 Games -tiimi koostuu pelialan, teknologian ja markkinoinnin asiantuntijoista. Olemme t\u00e4\u00e4ll\u00e4 auttamassa, olipa tavoitteesi n\u00e4kyvyyden lis\u00e4\u00e4minen, uusien asiakkaiden tavoittaminen tai br\u00e4ndisi vahvistaminen alallasi.<\/span>\n\t\t\t<\/div>\n\t\t\t\n\t\t<\/li>\n<\/ul>\n\n\n<hr class=\"wp-block-separator has-alpha-channel-opacity\" \/>\n\n\n\n<h2 class=\"wp-block-heading\" id=\"h-aloita-yhteistyo-kanssamme-jo-tanaan\">Aloita yhteisty\u00f6 kanssamme jo t\u00e4n\u00e4\u00e4n!<\/h2>\n\n\n\n<p>Oikea yleis\u00f6, oikea ymp\u00e4rist\u00f6 ja oikeat ty\u00f6kalut tekev\u00e4t mainonnasta 1337 Games -sivustolla tehokasta ja vaivatonta. Ota yhteytt\u00e4 jo t\u00e4n\u00e4\u00e4n, niin suunnittelemme yhdess\u00e4 kampanjan, joka nostaa br\u00e4ndisi uudelle tasolle.<\/p>\n\n\n\n<p>\ud83d\udce9 <strong>Yhteystiedot:<\/strong> Me olemme valmiina auttamaan \u2013 ovatko sinun tavoitteesi valmiina toteutettaviksi?<\/p>\n","protected":false},"excerpt":{"rendered":"<p>Etsitk\u00f6 oikeaa tapaa tavoittaa innostuneen yleis\u00f6n, joka arvostaa pelaamista, teknologiaa ja online-kasinoita? 1337 Games tarjoaa sinulle tehokkaan alustan, jossa voit tuoda br\u00e4ndisi esille siell\u00e4, miss\u00e4 yleis\u00f6si jo valmiiksi viihtyy. Sivustomme on suosittu tietol\u00e4hde, joka houkuttelee niin satunnaisia pelaajia kuin teknologiaintoilijoita ja kasinopelaajia, jotka haluavat pysy\u00e4 ajan tasalla. Miksi valita 1337 Games mainoskanavaksi? 1337 Games yhdist\u00e4\u00e4 [&hellip;]<\/p>\n","protected":false},"author":24999,"featured_media":0,"parent":0,"menu_order":0,"comment_status":"closed","ping_status":"closed","template":"","meta":{"footnotes":""},"class_list":["post-89384","page","type-page","status-publish","hentry"],"featured_image_src":null,"yoast_head":"<!-- This site is optimized with the Yoast SEO Premium plugin v27.0 (Yoast SEO v27.0) - https:\/\/yoast.com\/product\/yoast-seo-premium-wordpress\/ -->\n<title>Mainosta 1337 Gamesissa: Tavoita intohimoiset pelaajat<\/title>\n<meta name=\"description\" content=\"Mainosta 1337 Gamesissa ja tavoita sitoutunut pelaajayleis\u00f6. R\u00e4\u00e4t\u00e4l\u00f6idyt ratkaisut ja tehokkaat kampanjat nostavat br\u00e4ndisi esiin!\" \/>\n<meta name=\"robots\" content=\"index, follow, max-snippet:-1, max-image-preview:large, max-video-preview:-1\" \/>\n<link rel=\"canonical\" href=\"https:\/\/www.1337games.org\/fi-fi\/mainonta\/\" \/>\n<meta property=\"og:locale\" content=\"fi_FI\" \/>\n<meta property=\"og:type\" content=\"article\" \/>\n<meta property=\"og:title\" content=\"Mainosta 1337 Gamesissa: Tavoita intohimoiset pelaajat\" \/>\n<meta property=\"og:description\" content=\"Mainosta 1337 Gamesissa ja tavoita sitoutunut pelaajayleis\u00f6. R\u00e4\u00e4t\u00e4l\u00f6idyt ratkaisut ja tehokkaat kampanjat nostavat br\u00e4ndisi esiin!\" \/>\n<meta property=\"og:url\" content=\"https:\/\/www.1337games.org\/fi-fi\/mainonta\/\" \/>\n<meta property=\"og:site_name\" content=\"1337 Games FI\" \/>\n<meta property=\"article:publisher\" content=\"https:\/\/www.facebook.com\/1337gamesio\/\" \/>\n<meta property=\"article:modified_time\" content=\"2024-11-25T19:21:01+00:00\" \/>\n<meta name=\"twitter:card\" content=\"summary_large_image\" \/>\n<meta name=\"twitter:site\" content=\"@1337gamesio\" \/>\n<meta name=\"twitter:label1\" content=\"Arvioitu lukuaika\" \/>\n\t<meta name=\"twitter:data1\" content=\"1 minuutti\" \/>\n<script type=\"application\/ld+json\" class=\"yoast-schema-graph\">{\"@context\":\"https:\/\/schema.org\",\"@graph\":[{\"@type\":\"WebPage\",\"@id\":\"https:\/\/www.1337games.org\/fi-fi\/mainonta\/\",\"url\":\"https:\/\/www.1337games.org\/fi-fi\/mainonta\/\",\"name\":\"Mainosta 1337 Gamesissa: Tavoita intohimoiset pelaajat\",\"isPartOf\":{\"@id\":\"https:\/\/www.1337games.org\/fi-fi\/#website\"},\"datePublished\":\"2024-11-25T19:21:00+00:00\",\"dateModified\":\"2024-11-25T19:21:01+00:00\",\"description\":\"Mainosta 1337 Gamesissa ja tavoita sitoutunut pelaajayleis\u00f6. R\u00e4\u00e4t\u00e4l\u00f6idyt ratkaisut ja tehokkaat kampanjat nostavat br\u00e4ndisi esiin!\",\"breadcrumb\":{\"@id\":\"https:\/\/www.1337games.org\/fi-fi\/mainonta\/#breadcrumb\"},\"inLanguage\":\"fi\",\"potentialAction\":[{\"@type\":\"ReadAction\",\"target\":[\"https:\/\/www.1337games.org\/fi-fi\/mainonta\/\"]}]},{\"@type\":\"BreadcrumbList\",\"@id\":\"https:\/\/www.1337games.org\/fi-fi\/mainonta\/#breadcrumb\",\"itemListElement\":[{\"@type\":\"ListItem\",\"position\":1,\"name\":\"Home\",\"item\":\"https:\/\/www.1337games.org\/fi-fi\/\"},{\"@type\":\"ListItem\",\"position\":2,\"name\":\"Mainonta\"}]},{\"@type\":\"WebSite\",\"@id\":\"https:\/\/www.1337games.org\/fi-fi\/#website\",\"url\":\"https:\/\/www.1337games.org\/fi-fi\/\",\"name\":\"1337 Games FI\",\"description\":\"\",\"publisher\":{\"@id\":\"https:\/\/www.1337games.org\/fi-fi\/#organization\"},\"potentialAction\":[{\"@type\":\"SearchAction\",\"target\":{\"@type\":\"EntryPoint\",\"urlTemplate\":\"https:\/\/www.1337games.org\/fi-fi\/?s={search_term_string}\"},\"query-input\":{\"@type\":\"PropertyValueSpecification\",\"valueRequired\":true,\"valueName\":\"search_term_string\"}}],\"inLanguage\":\"fi\"},{\"@type\":\"Organization\",\"@id\":\"https:\/\/www.1337games.org\/fi-fi\/#organization\",\"name\":\"1337 Games\",\"url\":\"https:\/\/www.1337games.org\/fi-fi\/\",\"logo\":{\"@type\":\"ImageObject\",\"inLanguage\":\"fi\",\"@id\":\"https:\/\/www.1337games.org\/fi-fi\/#\/schema\/logo\/image\/\",\"url\":\"https:\/\/www.1337games.org\/fi-fi\/wp-content\/uploads\/sites\/17\/2025\/10\/cropped-1Games.png\",\"contentUrl\":\"https:\/\/www.1337games.org\/fi-fi\/wp-content\/uploads\/sites\/17\/2025\/10\/cropped-1Games.png\",\"width\":512,\"height\":512,\"caption\":\"1337 Games\"},\"image\":{\"@id\":\"https:\/\/www.1337games.org\/fi-fi\/#\/schema\/logo\/image\/\"},\"sameAs\":[\"https:\/\/www.facebook.com\/1337gamesio\/\",\"https:\/\/x.com\/1337gamesio\",\"https:\/\/www.instagram.com\/1337gamesio\/\"],\"email\":\"info@1337games.io\",\"numberOfEmployees\":{\"@type\":\"QuantitativeValue\",\"minValue\":\"11\",\"maxValue\":\"50\"}}]}<\/script>\n<!-- \/ Yoast SEO Premium plugin. -->","yoast_head_json":{"title":"Mainosta 1337 Gamesissa: Tavoita intohimoiset pelaajat","description":"Mainosta 1337 Gamesissa ja tavoita sitoutunut pelaajayleis\u00f6. R\u00e4\u00e4t\u00e4l\u00f6idyt ratkaisut ja tehokkaat kampanjat nostavat br\u00e4ndisi esiin!","robots":{"index":"index","follow":"follow","max-snippet":"max-snippet:-1","max-image-preview":"max-image-preview:large","max-video-preview":"max-video-preview:-1"},"canonical":"https:\/\/www.1337games.org\/fi-fi\/mainonta\/","og_locale":"fi_FI","og_type":"article","og_title":"Mainosta 1337 Gamesissa: Tavoita intohimoiset pelaajat","og_description":"Mainosta 1337 Gamesissa ja tavoita sitoutunut pelaajayleis\u00f6. R\u00e4\u00e4t\u00e4l\u00f6idyt ratkaisut ja tehokkaat kampanjat nostavat br\u00e4ndisi esiin!","og_url":"https:\/\/www.1337games.org\/fi-fi\/mainonta\/","og_site_name":"1337 Games FI","article_publisher":"https:\/\/www.facebook.com\/1337gamesio\/","article_modified_time":"2024-11-25T19:21:01+00:00","twitter_card":"summary_large_image","twitter_site":"@1337gamesio","twitter_misc":{"Arvioitu lukuaika":"1 minuutti"},"schema":{"@context":"https:\/\/schema.org","@graph":[{"@type":"WebPage","@id":"https:\/\/www.1337games.org\/fi-fi\/mainonta\/","url":"https:\/\/www.1337games.org\/fi-fi\/mainonta\/","name":"Mainosta 1337 Gamesissa: Tavoita intohimoiset pelaajat","isPartOf":{"@id":"https:\/\/www.1337games.org\/fi-fi\/#website"},"datePublished":"2024-11-25T19:21:00+00:00","dateModified":"2024-11-25T19:21:01+00:00","description":"Mainosta 1337 Gamesissa ja tavoita sitoutunut pelaajayleis\u00f6. R\u00e4\u00e4t\u00e4l\u00f6idyt ratkaisut ja tehokkaat kampanjat nostavat br\u00e4ndisi esiin!","breadcrumb":{"@id":"https:\/\/www.1337games.org\/fi-fi\/mainonta\/#breadcrumb"},"inLanguage":"fi","potentialAction":[{"@type":"ReadAction","target":["https:\/\/www.1337games.org\/fi-fi\/mainonta\/"]}]},{"@type":"BreadcrumbList","@id":"https:\/\/www.1337games.org\/fi-fi\/mainonta\/#breadcrumb","itemListElement":[{"@type":"ListItem","position":1,"name":"Home","item":"https:\/\/www.1337games.org\/fi-fi\/"},{"@type":"ListItem","position":2,"name":"Mainonta"}]},{"@type":"WebSite","@id":"https:\/\/www.1337games.org\/fi-fi\/#website","url":"https:\/\/www.1337games.org\/fi-fi\/","name":"1337 Games FI","description":"","publisher":{"@id":"https:\/\/www.1337games.org\/fi-fi\/#organization"},"potentialAction":[{"@type":"SearchAction","target":{"@type":"EntryPoint","urlTemplate":"https:\/\/www.1337games.org\/fi-fi\/?s={search_term_string}"},"query-input":{"@type":"PropertyValueSpecification","valueRequired":true,"valueName":"search_term_string"}}],"inLanguage":"fi"},{"@type":"Organization","@id":"https:\/\/www.1337games.org\/fi-fi\/#organization","name":"1337 Games","url":"https:\/\/www.1337games.org\/fi-fi\/","logo":{"@type":"ImageObject","inLanguage":"fi","@id":"https:\/\/www.1337games.org\/fi-fi\/#\/schema\/logo\/image\/","url":"https:\/\/www.1337games.org\/fi-fi\/wp-content\/uploads\/sites\/17\/2025\/10\/cropped-1Games.png","contentUrl":"https:\/\/www.1337games.org\/fi-fi\/wp-content\/uploads\/sites\/17\/2025\/10\/cropped-1Games.png","width":512,"height":512,"caption":"1337 Games"},"image":{"@id":"https:\/\/www.1337games.org\/fi-fi\/#\/schema\/logo\/image\/"},"sameAs":["https:\/\/www.facebook.com\/1337gamesio\/","https:\/\/x.com\/1337gamesio","https:\/\/www.instagram.com\/1337gamesio\/"],"email":"info@1337games.io","numberOfEmployees":{"@type":"QuantitativeValue","minValue":"11","maxValue":"50"}}]}},"_links":{"self":[{"href":"https:\/\/www.1337games.org\/fi-fi\/wp-json\/wp\/v2\/pages\/89384","targetHints":{"allow":["GET"]}}],"collection":[{"href":"https:\/\/www.1337games.org\/fi-fi\/wp-json\/wp\/v2\/pages"}],"about":[{"href":"https:\/\/www.1337games.org\/fi-fi\/wp-json\/wp\/v2\/types\/page"}],"author":[{"embeddable":true,"href":"https:\/\/www.1337games.org\/fi-fi\/wp-json\/wp\/v2\/users\/24999"}],"replies":[{"embeddable":true,"href":"https:\/\/www.1337games.org\/fi-fi\/wp-json\/wp\/v2\/comments?post=89384"}],"version-history":[{"count":3,"href":"https:\/\/www.1337games.org\/fi-fi\/wp-json\/wp\/v2\/pages\/89384\/revisions"}],"predecessor-version":[{"id":89400,"href":"https:\/\/www.1337games.org\/fi-fi\/wp-json\/wp\/v2\/pages\/89384\/revisions\/89400"}],"wp:attachment":[{"href":"https:\/\/www.1337games.org\/fi-fi\/wp-json\/wp\/v2\/media?parent=89384"}],"curies":[{"name":"wp","href":"https:\/\/api.w.org\/{rel}","templated":true}]}}