{"id":89325,"date":"2024-11-20T15:16:37","date_gmt":"2024-11-20T15:16:37","guid":{"rendered":"https:\/\/www.1337games.org\/fr-fr\/?page_id=89325"},"modified":"2025-10-29T07:40:05","modified_gmt":"2025-10-29T07:40:05","slug":"politique-editoriale","status":"publish","type":"page","link":"https:\/\/www.1337games.org\/fr-fr\/politique-editoriale\/","title":{"rendered":"Politique \u00c9ditoriale de 1337 Games"},"content":{"rendered":"\n<div class=\"wp-block-columns is-layout-flex wp-container-core-columns-is-layout-9d6595d7 wp-block-columns-is-layout-flex\">\n<div class=\"wp-block-column is-layout-flow wp-block-column-is-layout-flow\">\n<p>Chez 1337 Games, nous nous engageons \u00e0 fournir \u00e0 nos lecteurs des informations pr\u00e9cises, fiables et impartiales sur le gaming, les casinos en ligne et tout ce qui les concerne. En tant que gamers passionn\u00e9s et professionnels de l&rsquo;industrie, nous comprenons l&rsquo;importance de la confiance dans le monde num\u00e9rique du jeu. C&rsquo;est pourquoi nous avons \u00e9tabli cette politique \u00e9ditoriale, afin de garantir que notre contenu respecte les normes les plus \u00e9lev\u00e9es d&rsquo;int\u00e9grit\u00e9, de transparence et de qualit\u00e9.<\/p>\n\n\n\n<h2 class=\"wp-block-heading\" id=\"h-notre-mission\">Notre Mission<\/h2>\n\n\n\n<p>L\u2019objectif de 1337 Games est de proposer un contenu actualis\u00e9, pertinent et approfondi pour vous aider \u00e0 mieux comprendre l\u2019univers du gaming et des casinos en ligne. Que vous soyez un joueur occasionnel ou un gamer chevronn\u00e9, nous nous effor\u00e7ons de vous offrir des informations qui enrichissent votre exp\u00e9rience de jeu : analyses d\u2019experts, strat\u00e9gies de jeu, insights sur l\u2019industrie et recommandations de produits.<\/p>\n<\/div>\n\n\n\n<div class=\"wp-block-column is-layout-flow wp-block-column-is-layout-flow\"><div class=\"wp-block-image\">\n<figure class=\"alignleft size-full is-resized\"><img decoding=\"async\" width=\"1000\" height=\"500\" src=\"https:\/\/www.1337games.org\/fr-fr\/wp-content\/uploads\/sites\/10\/2024\/11\/29.png\" alt=\"1337 Games\" class=\"wp-image-89326\" style=\"aspect-ratio:2;width:528px;height:auto\" srcset=\"https:\/\/www.1337games.org\/fr-fr\/wp-content\/uploads\/sites\/10\/2024\/11\/29.png 1000w, https:\/\/www.1337games.org\/fr-fr\/wp-content\/uploads\/sites\/10\/2024\/11\/29-300x150.png 300w, https:\/\/www.1337games.org\/fr-fr\/wp-content\/uploads\/sites\/10\/2024\/11\/29-768x384.png 768w\" sizes=\"(max-width: 1000px) 100vw, 1000px\" \/><\/figure>\n<\/div><\/div>\n<\/div>\n\n\n\n<h2 class=\"wp-block-heading\">Ind\u00e9pendance \u00e9ditoriale<\/h2>\n\n\n\n<p>Chez 1337 Games, nous attachons une grande importance \u00e0 pr\u00e9server notre ind\u00e9pendance \u00e9ditoriale. Notre \u00e9quipe de r\u00e9daction op\u00e8re de mani\u00e8re totalement autonome par rapport aux d\u00e9partements marketing et ventes. Cela nous permet de garantir que notre contenu reste objectif et centr\u00e9 sur les besoins de nos lecteurs.<\/p>\n\n\n\n<p>Bien que nous \u00e9tablissions des partenariats d\u2019affiliation avec des plateformes de gaming et des fournisseurs de casinos, ces collaborations n&rsquo;influencent jamais nos d\u00e9cisions \u00e9ditoriales. Nos recommandations reposent exclusivement sur l&rsquo;expertise, les recherches et les processus d\u2019\u00e9valuation rigoureux de notre \u00e9quipe \u00e9ditoriale, pour vous offrir des conseils fiables et objectifs.<\/p>\n\n\n\n<h2 class=\"wp-block-heading\">Cr\u00e9ation et validation du contenu<\/h2>\n\n\n\n<p>Nous veillons \u00e0 ce que tout le contenu publi\u00e9 soit soigneusement recherch\u00e9, pr\u00e9cis et informatif. Notre \u00e9quipe de r\u00e9dacteurs et d&rsquo;experts de l&rsquo;industrie consulte des sources fiables pour cr\u00e9er des articles d\u00e9taill\u00e9s et pertinents. Les retours des utilisateurs et les avis d&rsquo;experts sont \u00e9galement pris en compte pour garantir une mise \u00e0 jour constante de nos contenus.<\/p>\n\n\n\n<p>Avant publication, chaque article est minutieusement v\u00e9rifi\u00e9 pour s\u2019assurer qu\u2019il respecte nos normes de pr\u00e9cision, de lisibilit\u00e9 et d\u2019int\u00e9grit\u00e9. Nous actualisons r\u00e9guli\u00e8rement nos contenus afin qu\u2019ils refl\u00e8tent les derni\u00e8res tendances, innovations et \u00e9volutions de l&rsquo;industrie du gaming et des casinos.<\/p>\n\n\n\n<h2 class=\"wp-block-heading\">D\u00e9clarations d&rsquo;affiliation<\/h2>\n\n\n\n<p>Certains liens pr\u00e9sents sur notre site redirigent vers des partenaires affili\u00e9s, et 1337 Games peut percevoir des commissions lorsque des utilisateurs s&rsquo;inscrivent \u00e0 un service ou effectuent un achat via ces liens. Nous sommes transparents \u00e0 ce sujet et veillons \u00e0 ce que ces collaborations n&rsquo;alt\u00e8rent en rien l&rsquo;objectivit\u00e9 ou la qualit\u00e9 de nos contenus.<\/p>\n\n\n\n<p>Ces partenariats d\u2019affiliation nous permettent de financer nos activit\u00e9s tout en proposant un contenu gratuit et de qualit\u00e9 \u00e0 nos lecteurs. Toutefois, nos recommandations restent toujours impartiales et ind\u00e9pendantes. Nous n&rsquo;acceptons jamais de paiements pour des critiques ou des recommandations positives.<\/p>\n\n\n\n<h2 class=\"wp-block-heading\">\u00c9thique et jeu responsable<\/h2>\n\n\n\n<p>Nous prenons tr\u00e8s au s\u00e9rieux notre responsabilit\u00e9 envers nos lecteurs. Nous nous engageons \u00e0 promouvoir le jeu responsable et encourageons nos utilisateurs \u00e0 faire des choix \u00e9clair\u00e9s et s\u00fbrs lorsqu\u2019ils utilisent des plateformes de gaming et de casinos en ligne. Nous insistons sur l\u2019importance de fixer des limites, de reconna\u00eetre les signes d\u2019un probl\u00e8me de jeu et de chercher de l\u2019aide si n\u00e9cessaire.<\/p>\n\n\n\n<p>En plus de promouvoir le jeu responsable, nous adh\u00e9rons \u00e0 des normes \u00e9thiques strictes dans tous nos contenus. Nos \u00e9valuations, recommandations et opinions sont bas\u00e9es sur les m\u00e9rites des produits et services que nous examinons, sans influence ext\u00e9rieure.<\/p>\n\n\n\n<h2 class=\"wp-block-heading\">Pr\u00e9cision et transparence<\/h2>\n\n\n\n<p>La pr\u00e9cision et la transparence sont les principes fondamentaux de 1337 Games. Nous croyons que nos lecteurs m\u00e9ritent le meilleur, et nous nous effor\u00e7ons de garantir que notre contenu soit \u00e0 la fois factuel et clair. Notre \u00e9quipe consacre des efforts suppl\u00e9mentaires pour fournir des informations d\u00e9taill\u00e9es, bien document\u00e9es et exactes, et nous travaillons continuellement \u00e0 actualiser nos contenus pour refl\u00e9ter les \u00e9volutions de l\u2019industrie.<\/p>\n\n\n\n<p>Si une erreur est d\u00e9tect\u00e9e ou qu\u2019un article n\u00e9cessite une mise \u00e0 jour, nous proc\u00e9dons rapidement et de mani\u00e8re transparente pour pr\u00e9server l\u2019int\u00e9grit\u00e9 de notre contenu.<\/p>\n\n\n\n<h2 class=\"wp-block-heading\">Modifications de notre politique \u00e9ditoriale<\/h2>\n\n\n\n<p>Nous pouvons mettre \u00e0 jour cette politique \u00e9ditoriale occasionnellement pour refl\u00e9ter les \u00e9volutions de nos pratiques, partenariats ou normes industrielles. Toutes les modifications seront clairement annonc\u00e9es sur cette page, et nous encourageons nos lecteurs \u00e0 consulter r\u00e9guli\u00e8rement cette section pour rester inform\u00e9s.<\/p>\n\n\n\n<h2 class=\"wp-block-heading\">Contactez-nous<\/h2>\n\n\n\n<p>Si vous avez des questions ou des pr\u00e9occupations concernant notre politique \u00e9ditoriale, nos contenus ou nos collaborations, n\u2019h\u00e9sitez pas \u00e0 nous contacter. La confiance de nos lecteurs est primordiale, et nous sommes toujours disponibles pour r\u00e9pondre \u00e0 vos questions ou recevoir vos commentaires.<\/p>\n","protected":false},"excerpt":{"rendered":"<p>Chez 1337 Games, nous nous engageons \u00e0 fournir \u00e0 nos lecteurs des informations pr\u00e9cises, fiables et impartiales sur le gaming, les casinos en ligne et tout ce qui les concerne. En tant que gamers passionn\u00e9s et professionnels de l&rsquo;industrie, nous comprenons l&rsquo;importance de la confiance dans le monde num\u00e9rique du jeu. C&rsquo;est pourquoi nous avons [&hellip;]<\/p>\n","protected":false},"author":25042,"featured_media":0,"parent":0,"menu_order":0,"comment_status":"closed","ping_status":"closed","template":"","meta":{"footnotes":""},"class_list":["post-89325","page","type-page","status-publish","hentry"],"featured_image_src":null,"yoast_head":"<!-- This site is optimized with the Yoast SEO Premium plugin v27.0 (Yoast SEO v27.0) - https:\/\/yoast.com\/product\/yoast-seo-premium-wordpress\/ -->\n<title>Politique \u00c9ditoriale de 1337 Games<\/title>\n<meta name=\"description\" content=\"D\u00e9couvrez la politique \u00e9ditoriale de 1337 Games : transparence, ind\u00e9pendance et informations fiables sur le gaming et les casinos en ligne.\" \/>\n<meta name=\"robots\" content=\"index, follow, max-snippet:-1, max-image-preview:large, max-video-preview:-1\" \/>\n<link rel=\"canonical\" href=\"https:\/\/www.1337games.org\/fr-fr\/politique-editoriale\/\" \/>\n<meta property=\"og:locale\" content=\"fr_FR\" \/>\n<meta property=\"og:type\" content=\"article\" \/>\n<meta property=\"og:title\" content=\"Politique \u00c9ditoriale de 1337 Games\" \/>\n<meta property=\"og:description\" content=\"D\u00e9couvrez la politique \u00e9ditoriale de 1337 Games : transparence, ind\u00e9pendance et informations fiables sur le gaming et les casinos en ligne.\" \/>\n<meta property=\"og:url\" content=\"https:\/\/www.1337games.org\/fr-fr\/politique-editoriale\/\" \/>\n<meta property=\"og:site_name\" content=\"1337 Games FR\" \/>\n<meta property=\"article:publisher\" content=\"https:\/\/www.facebook.com\/1337gamesio\/\" \/>\n<meta property=\"article:modified_time\" content=\"2025-10-29T07:40:05+00:00\" \/>\n<meta property=\"og:image\" content=\"https:\/\/www.1337games.org\/fr-fr\/wp-content\/uploads\/sites\/10\/2024\/11\/29.png\" \/>\n\t<meta property=\"og:image:width\" content=\"1000\" \/>\n\t<meta property=\"og:image:height\" content=\"500\" \/>\n\t<meta property=\"og:image:type\" content=\"image\/png\" \/>\n<meta name=\"twitter:card\" content=\"summary_large_image\" \/>\n<meta name=\"twitter:site\" content=\"@1337gamesio\" \/>\n<meta name=\"twitter:label1\" content=\"Dur\u00e9e de lecture estim\u00e9e\" \/>\n\t<meta name=\"twitter:data1\" content=\"4 minutes\" \/>\n<script type=\"application\/ld+json\" class=\"yoast-schema-graph\">{\"@context\":\"https:\/\/schema.org\",\"@graph\":[{\"@type\":\"WebPage\",\"@id\":\"https:\/\/www.1337games.org\/fr-fr\/politique-editoriale\/\",\"url\":\"https:\/\/www.1337games.org\/fr-fr\/politique-editoriale\/\",\"name\":\"Politique \u00c9ditoriale de 1337 Games\",\"isPartOf\":{\"@id\":\"https:\/\/www.1337games.org\/fr-fr\/#website\"},\"primaryImageOfPage\":{\"@id\":\"https:\/\/www.1337games.org\/fr-fr\/politique-editoriale\/#primaryimage\"},\"image\":{\"@id\":\"https:\/\/www.1337games.org\/fr-fr\/politique-editoriale\/#primaryimage\"},\"thumbnailUrl\":\"https:\/\/www.1337games.org\/fr-fr\/wp-content\/uploads\/sites\/10\/2024\/11\/29.png\",\"datePublished\":\"2024-11-20T15:16:37+00:00\",\"dateModified\":\"2025-10-29T07:40:05+00:00\",\"description\":\"D\u00e9couvrez la politique \u00e9ditoriale de 1337 Games : transparence, ind\u00e9pendance et informations fiables sur le gaming et les casinos en ligne.\",\"breadcrumb\":{\"@id\":\"https:\/\/www.1337games.org\/fr-fr\/politique-editoriale\/#breadcrumb\"},\"inLanguage\":\"fr-FR\",\"potentialAction\":[{\"@type\":\"ReadAction\",\"target\":[\"https:\/\/www.1337games.org\/fr-fr\/politique-editoriale\/\"]}]},{\"@type\":\"ImageObject\",\"inLanguage\":\"fr-FR\",\"@id\":\"https:\/\/www.1337games.org\/fr-fr\/politique-editoriale\/#primaryimage\",\"url\":\"https:\/\/www.1337games.org\/fr-fr\/wp-content\/uploads\/sites\/10\/2024\/11\/29.png\",\"contentUrl\":\"https:\/\/www.1337games.org\/fr-fr\/wp-content\/uploads\/sites\/10\/2024\/11\/29.png\",\"width\":1000,\"height\":500,\"caption\":\"1337 Games\"},{\"@type\":\"BreadcrumbList\",\"@id\":\"https:\/\/www.1337games.org\/fr-fr\/politique-editoriale\/#breadcrumb\",\"itemListElement\":[{\"@type\":\"ListItem\",\"position\":1,\"name\":\"Home\",\"item\":\"https:\/\/www.1337games.org\/fr-fr\/\"},{\"@type\":\"ListItem\",\"position\":2,\"name\":\"Politique \u00c9ditoriale\"}]},{\"@type\":\"WebSite\",\"@id\":\"https:\/\/www.1337games.org\/fr-fr\/#website\",\"url\":\"https:\/\/www.1337games.org\/fr-fr\/\",\"name\":\"1337 Games FR\",\"description\":\"\",\"publisher\":{\"@id\":\"https:\/\/www.1337games.org\/fr-fr\/#organization\"},\"potentialAction\":[{\"@type\":\"SearchAction\",\"target\":{\"@type\":\"EntryPoint\",\"urlTemplate\":\"https:\/\/www.1337games.org\/fr-fr\/?s={search_term_string}\"},\"query-input\":{\"@type\":\"PropertyValueSpecification\",\"valueRequired\":true,\"valueName\":\"search_term_string\"}}],\"inLanguage\":\"fr-FR\"},{\"@type\":\"Organization\",\"@id\":\"https:\/\/www.1337games.org\/fr-fr\/#organization\",\"name\":\"1337 Games\",\"url\":\"https:\/\/www.1337games.org\/fr-fr\/\",\"logo\":{\"@type\":\"ImageObject\",\"inLanguage\":\"fr-FR\",\"@id\":\"https:\/\/www.1337games.org\/fr-fr\/#\/schema\/logo\/image\/\",\"url\":\"https:\/\/www.1337games.org\/fr-fr\/wp-content\/uploads\/sites\/10\/2025\/10\/cropped-1Games.png\",\"contentUrl\":\"https:\/\/www.1337games.org\/fr-fr\/wp-content\/uploads\/sites\/10\/2025\/10\/cropped-1Games.png\",\"width\":512,\"height\":512,\"caption\":\"1337 Games\"},\"image\":{\"@id\":\"https:\/\/www.1337games.org\/fr-fr\/#\/schema\/logo\/image\/\"},\"sameAs\":[\"https:\/\/www.facebook.com\/1337gamesio\/\",\"https:\/\/x.com\/1337gamesio\",\"https:\/\/www.instagram.com\/1337gamesio\/\"],\"email\":\"info@1337games.io\",\"numberOfEmployees\":{\"@type\":\"QuantitativeValue\",\"minValue\":\"11\",\"maxValue\":\"50\"}}]}<\/script>\n<!-- \/ Yoast SEO Premium plugin. -->","yoast_head_json":{"title":"Politique \u00c9ditoriale de 1337 Games","description":"D\u00e9couvrez la politique \u00e9ditoriale de 1337 Games : transparence, ind\u00e9pendance et informations fiables sur le gaming et les casinos en ligne.","robots":{"index":"index","follow":"follow","max-snippet":"max-snippet:-1","max-image-preview":"max-image-preview:large","max-video-preview":"max-video-preview:-1"},"canonical":"https:\/\/www.1337games.org\/fr-fr\/politique-editoriale\/","og_locale":"fr_FR","og_type":"article","og_title":"Politique \u00c9ditoriale de 1337 Games","og_description":"D\u00e9couvrez la politique \u00e9ditoriale de 1337 Games : transparence, ind\u00e9pendance et informations fiables sur le gaming et les casinos en ligne.","og_url":"https:\/\/www.1337games.org\/fr-fr\/politique-editoriale\/","og_site_name":"1337 Games FR","article_publisher":"https:\/\/www.facebook.com\/1337gamesio\/","article_modified_time":"2025-10-29T07:40:05+00:00","og_image":[{"width":1000,"height":500,"url":"https:\/\/www.1337games.org\/fr-fr\/wp-content\/uploads\/sites\/10\/2024\/11\/29.png","type":"image\/png"}],"twitter_card":"summary_large_image","twitter_site":"@1337gamesio","twitter_misc":{"Dur\u00e9e de lecture estim\u00e9e":"4 minutes"},"schema":{"@context":"https:\/\/schema.org","@graph":[{"@type":"WebPage","@id":"https:\/\/www.1337games.org\/fr-fr\/politique-editoriale\/","url":"https:\/\/www.1337games.org\/fr-fr\/politique-editoriale\/","name":"Politique \u00c9ditoriale de 1337 Games","isPartOf":{"@id":"https:\/\/www.1337games.org\/fr-fr\/#website"},"primaryImageOfPage":{"@id":"https:\/\/www.1337games.org\/fr-fr\/politique-editoriale\/#primaryimage"},"image":{"@id":"https:\/\/www.1337games.org\/fr-fr\/politique-editoriale\/#primaryimage"},"thumbnailUrl":"https:\/\/www.1337games.org\/fr-fr\/wp-content\/uploads\/sites\/10\/2024\/11\/29.png","datePublished":"2024-11-20T15:16:37+00:00","dateModified":"2025-10-29T07:40:05+00:00","description":"D\u00e9couvrez la politique \u00e9ditoriale de 1337 Games : transparence, ind\u00e9pendance et informations fiables sur le gaming et les casinos en ligne.","breadcrumb":{"@id":"https:\/\/www.1337games.org\/fr-fr\/politique-editoriale\/#breadcrumb"},"inLanguage":"fr-FR","potentialAction":[{"@type":"ReadAction","target":["https:\/\/www.1337games.org\/fr-fr\/politique-editoriale\/"]}]},{"@type":"ImageObject","inLanguage":"fr-FR","@id":"https:\/\/www.1337games.org\/fr-fr\/politique-editoriale\/#primaryimage","url":"https:\/\/www.1337games.org\/fr-fr\/wp-content\/uploads\/sites\/10\/2024\/11\/29.png","contentUrl":"https:\/\/www.1337games.org\/fr-fr\/wp-content\/uploads\/sites\/10\/2024\/11\/29.png","width":1000,"height":500,"caption":"1337 Games"},{"@type":"BreadcrumbList","@id":"https:\/\/www.1337games.org\/fr-fr\/politique-editoriale\/#breadcrumb","itemListElement":[{"@type":"ListItem","position":1,"name":"Home","item":"https:\/\/www.1337games.org\/fr-fr\/"},{"@type":"ListItem","position":2,"name":"Politique \u00c9ditoriale"}]},{"@type":"WebSite","@id":"https:\/\/www.1337games.org\/fr-fr\/#website","url":"https:\/\/www.1337games.org\/fr-fr\/","name":"1337 Games FR","description":"","publisher":{"@id":"https:\/\/www.1337games.org\/fr-fr\/#organization"},"potentialAction":[{"@type":"SearchAction","target":{"@type":"EntryPoint","urlTemplate":"https:\/\/www.1337games.org\/fr-fr\/?s={search_term_string}"},"query-input":{"@type":"PropertyValueSpecification","valueRequired":true,"valueName":"search_term_string"}}],"inLanguage":"fr-FR"},{"@type":"Organization","@id":"https:\/\/www.1337games.org\/fr-fr\/#organization","name":"1337 Games","url":"https:\/\/www.1337games.org\/fr-fr\/","logo":{"@type":"ImageObject","inLanguage":"fr-FR","@id":"https:\/\/www.1337games.org\/fr-fr\/#\/schema\/logo\/image\/","url":"https:\/\/www.1337games.org\/fr-fr\/wp-content\/uploads\/sites\/10\/2025\/10\/cropped-1Games.png","contentUrl":"https:\/\/www.1337games.org\/fr-fr\/wp-content\/uploads\/sites\/10\/2025\/10\/cropped-1Games.png","width":512,"height":512,"caption":"1337 Games"},"image":{"@id":"https:\/\/www.1337games.org\/fr-fr\/#\/schema\/logo\/image\/"},"sameAs":["https:\/\/www.facebook.com\/1337gamesio\/","https:\/\/x.com\/1337gamesio","https:\/\/www.instagram.com\/1337gamesio\/"],"email":"info@1337games.io","numberOfEmployees":{"@type":"QuantitativeValue","minValue":"11","maxValue":"50"}}]}},"_links":{"self":[{"href":"https:\/\/www.1337games.org\/fr-fr\/wp-json\/wp\/v2\/pages\/89325","targetHints":{"allow":["GET"]}}],"collection":[{"href":"https:\/\/www.1337games.org\/fr-fr\/wp-json\/wp\/v2\/pages"}],"about":[{"href":"https:\/\/www.1337games.org\/fr-fr\/wp-json\/wp\/v2\/types\/page"}],"author":[{"embeddable":true,"href":"https:\/\/www.1337games.org\/fr-fr\/wp-json\/wp\/v2\/users\/25042"}],"replies":[{"embeddable":true,"href":"https:\/\/www.1337games.org\/fr-fr\/wp-json\/wp\/v2\/comments?post=89325"}],"version-history":[{"count":2,"href":"https:\/\/www.1337games.org\/fr-fr\/wp-json\/wp\/v2\/pages\/89325\/revisions"}],"predecessor-version":[{"id":89341,"href":"https:\/\/www.1337games.org\/fr-fr\/wp-json\/wp\/v2\/pages\/89325\/revisions\/89341"}],"wp:attachment":[{"href":"https:\/\/www.1337games.org\/fr-fr\/wp-json\/wp\/v2\/media?parent=89325"}],"curies":[{"name":"wp","href":"https:\/\/api.w.org\/{rel}","templated":true}]}}