{"id":89330,"date":"2024-11-20T15:41:00","date_gmt":"2024-11-20T15:41:00","guid":{"rendered":"https:\/\/www.1337games.org\/fr-fr\/?page_id=89330"},"modified":"2025-10-29T07:40:26","modified_gmt":"2025-10-29T07:40:26","slug":"publicite","status":"publish","type":"page","link":"https:\/\/www.1337games.org\/fr-fr\/publicite\/","title":{"rendered":"Publicit\u00e9 sur 1337 Games : Connectez-vous avec une Audience Passionn\u00e9e"},"content":{"rendered":"\n<p>Vous souhaitez atteindre une communaut\u00e9 dynamique de joueurs passionn\u00e9s ? Sur 1337 Games, nous vous offrons l\u2019opportunit\u00e9 id\u00e9ale pour vous connecter avec votre public cible. En tant que plateforme leader dans le contenu sur les jeux vid\u00e9o, la technologie et les casinos en ligne, notre audience comprend des joueurs occasionnels comme des experts de l\u2019industrie qui cherchent \u00e0 se tenir inform\u00e9s.<\/p>\n\n\n\n<p>Gr\u00e2ce \u00e0 notre engagement \u00e0 fournir du contenu authentique et de qualit\u00e9, nous vous garantissons que votre marque sera pr\u00e9sent\u00e9e \u00e0 un public engag\u00e9 et pertinent.<\/p>\n\n\n\n<hr class=\"wp-block-separator has-alpha-channel-opacity\" \/>\n\n\n\n<h2 class=\"wp-block-heading\" id=\"h-pourquoi-choisir-1337-games\">Pourquoi choisir 1337 Games ?<\/h2>\n\n\n\n<ul class=\"wp-block-list\">\n<li><strong>Audience fid\u00e8le et cibl\u00e9e<\/strong><strong><br><\/strong>Avec des milliers de visites hebdomadaires, vous atteindrez des utilisateurs passionn\u00e9s par les jeux vid\u00e9o et les casinos en ligne.<\/li>\n\n\n\n<li><strong>Contenu authentique et de qualit\u00e9<\/strong><strong><br><\/strong>Nous int\u00e9grons vos campagnes de mani\u00e8re naturelle dans notre environnement fiable et respect\u00e9.<\/li>\n\n\n\n<li><strong>Flexibilit\u00e9 dans les strat\u00e9gies<\/strong><strong><br><\/strong>Nous travaillons avec vous pour d\u00e9velopper des approches publicitaires adapt\u00e9es aux objectifs de votre marque.<\/li>\n\n\n\n<li><strong>Support complet<\/strong><strong><br><\/strong>Notre \u00e9quipe vous accompagne \u00e0 chaque \u00e9tape pour garantir le succ\u00e8s de votre campagne.<\/li>\n<\/ul>\n\n\n\n<hr class=\"wp-block-separator has-alpha-channel-opacity\" \/>\n\n\n\n<h2 class=\"wp-block-heading\" id=\"h-interesse-contactez-nous\">Int\u00e9ress\u00e9 ? Contactez-nous !<\/h2>\n\n\n\n<p>Si vous \u00eates int\u00e9ress\u00e9 par la promotion de votre marque sur 1337 Games, nous sommes l\u00e0 pour vous aider \u00e0 concevoir une strat\u00e9gie efficace et personnalis\u00e9e. Que vous souhaitiez accro\u00eetre votre visibilit\u00e9, g\u00e9n\u00e9rer des leads ou renforcer votre pr\u00e9sence dans l\u2019industrie, nous travaillerons avec vous pour atteindre vos objectifs publicitaires.<\/p>\n\n\n\n<p>Contactez-nous pour explorer les options disponibles et d\u00e9couvrez comment nous pouvons vous aider \u00e0 connecter avec une audience passionn\u00e9e et engag\u00e9e. Nous sommes pr\u00eats \u00e0 collaborer avec vous pour propulser votre marque au niveau sup\u00e9rieur !<\/p>\n","protected":false},"excerpt":{"rendered":"<p>Vous souhaitez atteindre une communaut\u00e9 dynamique de joueurs passionn\u00e9s ? Sur 1337 Games, nous vous offrons l\u2019opportunit\u00e9 id\u00e9ale pour vous connecter avec votre public cible. En tant que plateforme leader dans le contenu sur les jeux vid\u00e9o, la technologie et les casinos en ligne, notre audience comprend des joueurs occasionnels comme des experts de l\u2019industrie [&hellip;]<\/p>\n","protected":false},"author":25042,"featured_media":0,"parent":0,"menu_order":0,"comment_status":"closed","ping_status":"closed","template":"","meta":{"footnotes":""},"class_list":["post-89330","page","type-page","status-publish","hentry"],"featured_image_src":null,"yoast_head":"<!-- This site is optimized with the Yoast SEO Premium plugin v27.0 (Yoast SEO v27.0) - https:\/\/yoast.com\/product\/yoast-seo-premium-wordpress\/ -->\n<title>Publicit\u00e9 sur 1337 Games<\/title>\n<meta name=\"description\" content=\"Promouvez votre marque sur 1337 Games et connectez-vous avec une audience passionn\u00e9e de jeux vid\u00e9o et casinos en ligne. Contactez-nous pour en savoir plus !\" \/>\n<meta name=\"robots\" content=\"index, follow, max-snippet:-1, max-image-preview:large, max-video-preview:-1\" \/>\n<link rel=\"canonical\" href=\"https:\/\/www.1337games.org\/fr-fr\/publicite\/\" \/>\n<meta property=\"og:locale\" content=\"fr_FR\" \/>\n<meta property=\"og:type\" content=\"article\" \/>\n<meta property=\"og:title\" content=\"Publicit\u00e9 sur 1337 Games : Connectez-vous avec une Audience Passionn\u00e9e\" \/>\n<meta property=\"og:description\" content=\"Promouvez votre marque sur 1337 Games et connectez-vous avec une audience passionn\u00e9e de jeux vid\u00e9o et casinos en ligne. Contactez-nous pour en savoir plus !\" \/>\n<meta property=\"og:url\" content=\"https:\/\/www.1337games.org\/fr-fr\/publicite\/\" \/>\n<meta property=\"og:site_name\" content=\"1337 Games FR\" \/>\n<meta property=\"article:publisher\" content=\"https:\/\/www.facebook.com\/1337gamesio\/\" \/>\n<meta property=\"article:modified_time\" content=\"2025-10-29T07:40:26+00:00\" \/>\n<meta name=\"twitter:card\" content=\"summary_large_image\" \/>\n<meta name=\"twitter:site\" content=\"@1337gamesio\" \/>\n<meta name=\"twitter:label1\" content=\"Dur\u00e9e de lecture estim\u00e9e\" \/>\n\t<meta name=\"twitter:data1\" content=\"2 minutes\" \/>\n<script type=\"application\/ld+json\" class=\"yoast-schema-graph\">{\"@context\":\"https:\/\/schema.org\",\"@graph\":[{\"@type\":\"WebPage\",\"@id\":\"https:\/\/www.1337games.org\/fr-fr\/publicite\/\",\"url\":\"https:\/\/www.1337games.org\/fr-fr\/publicite\/\",\"name\":\"Publicit\u00e9 sur 1337 Games\",\"isPartOf\":{\"@id\":\"https:\/\/www.1337games.org\/fr-fr\/#website\"},\"datePublished\":\"2024-11-20T15:41:00+00:00\",\"dateModified\":\"2025-10-29T07:40:26+00:00\",\"description\":\"Promouvez votre marque sur 1337 Games et connectez-vous avec une audience passionn\u00e9e de jeux vid\u00e9o et casinos en ligne. Contactez-nous pour en savoir plus !\",\"breadcrumb\":{\"@id\":\"https:\/\/www.1337games.org\/fr-fr\/publicite\/#breadcrumb\"},\"inLanguage\":\"fr-FR\",\"potentialAction\":[{\"@type\":\"ReadAction\",\"target\":[\"https:\/\/www.1337games.org\/fr-fr\/publicite\/\"]}]},{\"@type\":\"BreadcrumbList\",\"@id\":\"https:\/\/www.1337games.org\/fr-fr\/publicite\/#breadcrumb\",\"itemListElement\":[{\"@type\":\"ListItem\",\"position\":1,\"name\":\"Home\",\"item\":\"https:\/\/www.1337games.org\/fr-fr\/\"},{\"@type\":\"ListItem\",\"position\":2,\"name\":\"Publicit\u00e9\"}]},{\"@type\":\"WebSite\",\"@id\":\"https:\/\/www.1337games.org\/fr-fr\/#website\",\"url\":\"https:\/\/www.1337games.org\/fr-fr\/\",\"name\":\"1337 Games FR\",\"description\":\"\",\"publisher\":{\"@id\":\"https:\/\/www.1337games.org\/fr-fr\/#organization\"},\"potentialAction\":[{\"@type\":\"SearchAction\",\"target\":{\"@type\":\"EntryPoint\",\"urlTemplate\":\"https:\/\/www.1337games.org\/fr-fr\/?s={search_term_string}\"},\"query-input\":{\"@type\":\"PropertyValueSpecification\",\"valueRequired\":true,\"valueName\":\"search_term_string\"}}],\"inLanguage\":\"fr-FR\"},{\"@type\":\"Organization\",\"@id\":\"https:\/\/www.1337games.org\/fr-fr\/#organization\",\"name\":\"1337 Games\",\"url\":\"https:\/\/www.1337games.org\/fr-fr\/\",\"logo\":{\"@type\":\"ImageObject\",\"inLanguage\":\"fr-FR\",\"@id\":\"https:\/\/www.1337games.org\/fr-fr\/#\/schema\/logo\/image\/\",\"url\":\"https:\/\/www.1337games.org\/fr-fr\/wp-content\/uploads\/sites\/10\/2025\/10\/cropped-1Games.png\",\"contentUrl\":\"https:\/\/www.1337games.org\/fr-fr\/wp-content\/uploads\/sites\/10\/2025\/10\/cropped-1Games.png\",\"width\":512,\"height\":512,\"caption\":\"1337 Games\"},\"image\":{\"@id\":\"https:\/\/www.1337games.org\/fr-fr\/#\/schema\/logo\/image\/\"},\"sameAs\":[\"https:\/\/www.facebook.com\/1337gamesio\/\",\"https:\/\/x.com\/1337gamesio\",\"https:\/\/www.instagram.com\/1337gamesio\/\"],\"email\":\"info@1337games.io\",\"numberOfEmployees\":{\"@type\":\"QuantitativeValue\",\"minValue\":\"11\",\"maxValue\":\"50\"}}]}<\/script>\n<!-- \/ Yoast SEO Premium plugin. -->","yoast_head_json":{"title":"Publicit\u00e9 sur 1337 Games","description":"Promouvez votre marque sur 1337 Games et connectez-vous avec une audience passionn\u00e9e de jeux vid\u00e9o et casinos en ligne. Contactez-nous pour en savoir plus !","robots":{"index":"index","follow":"follow","max-snippet":"max-snippet:-1","max-image-preview":"max-image-preview:large","max-video-preview":"max-video-preview:-1"},"canonical":"https:\/\/www.1337games.org\/fr-fr\/publicite\/","og_locale":"fr_FR","og_type":"article","og_title":"Publicit\u00e9 sur 1337 Games : Connectez-vous avec une Audience Passionn\u00e9e","og_description":"Promouvez votre marque sur 1337 Games et connectez-vous avec une audience passionn\u00e9e de jeux vid\u00e9o et casinos en ligne. Contactez-nous pour en savoir plus !","og_url":"https:\/\/www.1337games.org\/fr-fr\/publicite\/","og_site_name":"1337 Games FR","article_publisher":"https:\/\/www.facebook.com\/1337gamesio\/","article_modified_time":"2025-10-29T07:40:26+00:00","twitter_card":"summary_large_image","twitter_site":"@1337gamesio","twitter_misc":{"Dur\u00e9e de lecture estim\u00e9e":"2 minutes"},"schema":{"@context":"https:\/\/schema.org","@graph":[{"@type":"WebPage","@id":"https:\/\/www.1337games.org\/fr-fr\/publicite\/","url":"https:\/\/www.1337games.org\/fr-fr\/publicite\/","name":"Publicit\u00e9 sur 1337 Games","isPartOf":{"@id":"https:\/\/www.1337games.org\/fr-fr\/#website"},"datePublished":"2024-11-20T15:41:00+00:00","dateModified":"2025-10-29T07:40:26+00:00","description":"Promouvez votre marque sur 1337 Games et connectez-vous avec une audience passionn\u00e9e de jeux vid\u00e9o et casinos en ligne. Contactez-nous pour en savoir plus !","breadcrumb":{"@id":"https:\/\/www.1337games.org\/fr-fr\/publicite\/#breadcrumb"},"inLanguage":"fr-FR","potentialAction":[{"@type":"ReadAction","target":["https:\/\/www.1337games.org\/fr-fr\/publicite\/"]}]},{"@type":"BreadcrumbList","@id":"https:\/\/www.1337games.org\/fr-fr\/publicite\/#breadcrumb","itemListElement":[{"@type":"ListItem","position":1,"name":"Home","item":"https:\/\/www.1337games.org\/fr-fr\/"},{"@type":"ListItem","position":2,"name":"Publicit\u00e9"}]},{"@type":"WebSite","@id":"https:\/\/www.1337games.org\/fr-fr\/#website","url":"https:\/\/www.1337games.org\/fr-fr\/","name":"1337 Games FR","description":"","publisher":{"@id":"https:\/\/www.1337games.org\/fr-fr\/#organization"},"potentialAction":[{"@type":"SearchAction","target":{"@type":"EntryPoint","urlTemplate":"https:\/\/www.1337games.org\/fr-fr\/?s={search_term_string}"},"query-input":{"@type":"PropertyValueSpecification","valueRequired":true,"valueName":"search_term_string"}}],"inLanguage":"fr-FR"},{"@type":"Organization","@id":"https:\/\/www.1337games.org\/fr-fr\/#organization","name":"1337 Games","url":"https:\/\/www.1337games.org\/fr-fr\/","logo":{"@type":"ImageObject","inLanguage":"fr-FR","@id":"https:\/\/www.1337games.org\/fr-fr\/#\/schema\/logo\/image\/","url":"https:\/\/www.1337games.org\/fr-fr\/wp-content\/uploads\/sites\/10\/2025\/10\/cropped-1Games.png","contentUrl":"https:\/\/www.1337games.org\/fr-fr\/wp-content\/uploads\/sites\/10\/2025\/10\/cropped-1Games.png","width":512,"height":512,"caption":"1337 Games"},"image":{"@id":"https:\/\/www.1337games.org\/fr-fr\/#\/schema\/logo\/image\/"},"sameAs":["https:\/\/www.facebook.com\/1337gamesio\/","https:\/\/x.com\/1337gamesio","https:\/\/www.instagram.com\/1337gamesio\/"],"email":"info@1337games.io","numberOfEmployees":{"@type":"QuantitativeValue","minValue":"11","maxValue":"50"}}]}},"_links":{"self":[{"href":"https:\/\/www.1337games.org\/fr-fr\/wp-json\/wp\/v2\/pages\/89330","targetHints":{"allow":["GET"]}}],"collection":[{"href":"https:\/\/www.1337games.org\/fr-fr\/wp-json\/wp\/v2\/pages"}],"about":[{"href":"https:\/\/www.1337games.org\/fr-fr\/wp-json\/wp\/v2\/types\/page"}],"author":[{"embeddable":true,"href":"https:\/\/www.1337games.org\/fr-fr\/wp-json\/wp\/v2\/users\/25042"}],"replies":[{"embeddable":true,"href":"https:\/\/www.1337games.org\/fr-fr\/wp-json\/wp\/v2\/comments?post=89330"}],"version-history":[{"count":2,"href":"https:\/\/www.1337games.org\/fr-fr\/wp-json\/wp\/v2\/pages\/89330\/revisions"}],"predecessor-version":[{"id":89340,"href":"https:\/\/www.1337games.org\/fr-fr\/wp-json\/wp\/v2\/pages\/89330\/revisions\/89340"}],"wp:attachment":[{"href":"https:\/\/www.1337games.org\/fr-fr\/wp-json\/wp\/v2\/media?parent=89330"}],"curies":[{"name":"wp","href":"https:\/\/api.w.org\/{rel}","templated":true}]}}