{"id":90231,"date":"2025-03-03T06:07:41","date_gmt":"2025-03-03T06:07:41","guid":{"rendered":"https:\/\/www.1337games.org\/it-it\/?page_id=90231"},"modified":"2025-03-03T06:23:11","modified_gmt":"2025-03-03T06:23:11","slug":"carriere","status":"publish","type":"page","link":"https:\/\/www.1337games.org\/it-it\/carriere\/","title":{"rendered":"Lavorare con 1337 Games"},"content":{"rendered":"\n<p>In <strong>1337 Games<\/strong>, ci impegniamo a fornire informazioni esperte e ispirazione, trattando dai giochi pi\u00f9 emozionanti alle console pi\u00f9 innovative, dai migliori casin\u00f2 online ai bookmaker pi\u00f9 affidabili. Qualunque sia l\u2019argomento, il nostro obiettivo \u00e8 mantenere <strong>gli standard pi\u00f9 elevati<\/strong> nei nostri contenuti.<\/p>\n\n\n\n<h2 class=\"wp-block-heading\" id=\"h-posizioni-aperte\">Posizioni Aperte<\/h2>\n\n\n\n<ul class=\"wp-block-list\">\n<li><strong><a href=\"https:\/\/www.1337games.org\/it-it\/carriere\/copywriter-igaming\/\">Copywriter iGaming (Remoto \/ In sede)<\/a><\/strong><\/li>\n\n\n\n<li><strong><a href=\"https:\/\/www.1337games.org\/it-it\/carriere\/content-manager\/\">Content Manager iGaming (Remoto \/ In sede)<\/a><\/strong><\/li>\n\n\n\n<li><strong><a href=\"https:\/\/www.1337games.org\/it-it\/carriere\/seo-manager\/\">SEO Manager iGaming (Remoto \/ In sede)<\/a><\/strong><\/li>\n\n\n\n<li><strong><a href=\"https:\/\/www.1337games.org\/it-it\/carriere\/social-media-manager\/\">Social Media Manager (Remoto \/ In sede)<\/a><\/strong><\/li>\n\n\n\n<li><strong><a href=\"https:\/\/www.1337games.org\/it-it\/carriere\/sviluppatore-wordpress\/\">Sviluppatore WordPress (Remoto \/ In sede)<\/a><\/strong><\/li>\n\n\n\n<li><strong><a href=\"https:\/\/www.1337games.org\/it-it\/carriere\/editor-di-notizie\/\">Editor di Notizie per 1337 Games (Remoto \/ In sede)<\/a><\/strong><\/li>\n<\/ul>\n\n\n\n<h2 class=\"wp-block-heading\" id=\"h-perche-lavorare-con-1337-games\">Perch\u00e9 lavorare con 1337 Games?<\/h2>\n\n\n\n<p>\ud83d\udd39 <strong>Esperienza e competenza<\/strong> \u2013 Il nostro team \u00e8 composto da esperti del settore e giocatori con esperienza, che lavorano insieme per fornire contenuti di qualit\u00e0.<br>\ud83d\udd39 <strong>Cultura innovativa<\/strong> \u2013 Valorizziamo nuove idee e creiamo un ambiente accogliente per menti creative.<br>\ud83d\udd39 <strong>Sguardo al futuro<\/strong> \u2013 Offriamo opportunit\u00e0 di crescita continua, con la possibilit\u00e0 di lavorare su progetti entusiasmanti e di apprendere dai migliori.<\/p>\n\n\n\n<h2 class=\"wp-block-heading\" id=\"h-chi-stiamo-cercando\">Chi stiamo cercando?<\/h2>\n\n\n\n<p>Ami il <strong>gioco online<\/strong> e hai una passione per la scrittura? Ti piacerebbe condividere la tua esperienza in un team dinamico? Se s\u00ec, potresti essere la persona giusta per noi!<\/p>\n\n\n\n<h2 class=\"wp-block-heading\" id=\"h-cosa-ci-aspettiamo-da-te\">Cosa ci aspettiamo da te:<\/h2>\n\n\n\n<p>\u2705 <strong>Eccellenti capacit\u00e0 di scrittura in inglese.<\/strong><br>\u2705 <strong>Buona conoscenza del mondo del gaming e del settore del gioco online.<\/strong><br>\u2705 <strong>Spirito di squadra e capacit\u00e0 di rispettare le scadenze.<\/strong><br>\u2705 <strong>Attenzione ai dettagli e passione per la qualit\u00e0.<\/strong><\/p>\n\n\n\n<h2 class=\"wp-block-heading\" id=\"h-ti-rivedi-in-questa-descrizione\">Ti rivedi in questa descrizione?<\/h2>\n\n\n\n<p>Cosa aspetti? Contattaci a <strong><a>info@1337games.org<\/a><\/strong> e potresti presto entrare a far parte del nostro team!<\/p>\n","protected":false},"excerpt":{"rendered":"<p>In 1337 Games, ci impegniamo a fornire informazioni esperte e ispirazione, trattando dai giochi pi\u00f9 emozionanti alle console pi\u00f9 innovative, dai migliori casin\u00f2 online ai bookmaker pi\u00f9 affidabili. Qualunque sia l\u2019argomento, il nostro obiettivo \u00e8 mantenere gli standard pi\u00f9 elevati nei nostri contenuti. Posizioni Aperte Perch\u00e9 lavorare con 1337 Games? \ud83d\udd39 Esperienza e competenza \u2013 [&hellip;]<\/p>\n","protected":false},"author":25001,"featured_media":0,"parent":0,"menu_order":0,"comment_status":"closed","ping_status":"closed","template":"","meta":{"footnotes":""},"class_list":["post-90231","page","type-page","status-publish","hentry"],"featured_image_src":null,"yoast_head":"<!-- This site is optimized with the Yoast SEO Premium plugin v27.0 (Yoast SEO v27.0) - https:\/\/yoast.com\/product\/yoast-seo-premium-wordpress\/ -->\n<title>Lavorare con 1337 Games<\/title>\n<meta name=\"description\" content=\"Unisciti a 1337 Games e lavora nel settore iGaming! Offriamo opportunit\u00e0 nel content writing, SEO, social media e altro ancora. Candidati ora!\" \/>\n<meta name=\"robots\" content=\"index, follow, max-snippet:-1, max-image-preview:large, max-video-preview:-1\" \/>\n<link rel=\"canonical\" href=\"https:\/\/www.1337games.org\/it-it\/carriere\/\" \/>\n<meta property=\"og:locale\" content=\"it_IT\" \/>\n<meta property=\"og:type\" content=\"article\" \/>\n<meta property=\"og:title\" content=\"Lavorare con 1337 Games\" \/>\n<meta property=\"og:description\" content=\"Unisciti a 1337 Games e lavora nel settore iGaming! Offriamo opportunit\u00e0 nel content writing, SEO, social media e altro ancora. Candidati ora!\" \/>\n<meta property=\"og:url\" content=\"https:\/\/www.1337games.org\/it-it\/carriere\/\" \/>\n<meta property=\"og:site_name\" content=\"1337 Games IT\" \/>\n<meta property=\"article:publisher\" content=\"https:\/\/www.facebook.com\/1337gamesio\/\" \/>\n<meta property=\"article:modified_time\" content=\"2025-03-03T06:23:11+00:00\" \/>\n<meta name=\"twitter:card\" content=\"summary_large_image\" \/>\n<meta name=\"twitter:site\" content=\"@1337gamesio\" \/>\n<meta name=\"twitter:label1\" content=\"Tempo di lettura stimato\" \/>\n\t<meta name=\"twitter:data1\" content=\"2 minuti\" \/>\n<script type=\"application\/ld+json\" class=\"yoast-schema-graph\">{\"@context\":\"https:\/\/schema.org\",\"@graph\":[{\"@type\":\"WebPage\",\"@id\":\"https:\/\/www.1337games.org\/it-it\/carriere\/\",\"url\":\"https:\/\/www.1337games.org\/it-it\/carriere\/\",\"name\":\"Lavorare con 1337 Games\",\"isPartOf\":{\"@id\":\"https:\/\/www.1337games.org\/it-it\/#website\"},\"datePublished\":\"2025-03-03T06:07:41+00:00\",\"dateModified\":\"2025-03-03T06:23:11+00:00\",\"description\":\"Unisciti a 1337 Games e lavora nel settore iGaming! Offriamo opportunit\u00e0 nel content writing, SEO, social media e altro ancora. Candidati ora!\",\"breadcrumb\":{\"@id\":\"https:\/\/www.1337games.org\/it-it\/carriere\/#breadcrumb\"},\"inLanguage\":\"it-IT\",\"potentialAction\":[{\"@type\":\"ReadAction\",\"target\":[\"https:\/\/www.1337games.org\/it-it\/carriere\/\"]}]},{\"@type\":\"BreadcrumbList\",\"@id\":\"https:\/\/www.1337games.org\/it-it\/carriere\/#breadcrumb\",\"itemListElement\":[{\"@type\":\"ListItem\",\"position\":1,\"name\":\"Home\",\"item\":\"https:\/\/www.1337games.org\/it-it\/\"},{\"@type\":\"ListItem\",\"position\":2,\"name\":\"Carierre\"}]},{\"@type\":\"WebSite\",\"@id\":\"https:\/\/www.1337games.org\/it-it\/#website\",\"url\":\"https:\/\/www.1337games.org\/it-it\/\",\"name\":\"1337 Games IT\",\"description\":\"\",\"publisher\":{\"@id\":\"https:\/\/www.1337games.org\/it-it\/#organization\"},\"potentialAction\":[{\"@type\":\"SearchAction\",\"target\":{\"@type\":\"EntryPoint\",\"urlTemplate\":\"https:\/\/www.1337games.org\/it-it\/?s={search_term_string}\"},\"query-input\":{\"@type\":\"PropertyValueSpecification\",\"valueRequired\":true,\"valueName\":\"search_term_string\"}}],\"inLanguage\":\"it-IT\"},{\"@type\":\"Organization\",\"@id\":\"https:\/\/www.1337games.org\/it-it\/#organization\",\"name\":\"1337 Games\",\"url\":\"https:\/\/www.1337games.org\/it-it\/\",\"logo\":{\"@type\":\"ImageObject\",\"inLanguage\":\"it-IT\",\"@id\":\"https:\/\/www.1337games.org\/it-it\/#\/schema\/logo\/image\/\",\"url\":\"https:\/\/www.1337games.org\/it-it\/wp-content\/uploads\/sites\/8\/2025\/10\/cropped-1Games.png\",\"contentUrl\":\"https:\/\/www.1337games.org\/it-it\/wp-content\/uploads\/sites\/8\/2025\/10\/cropped-1Games.png\",\"width\":512,\"height\":512,\"caption\":\"1337 Games\"},\"image\":{\"@id\":\"https:\/\/www.1337games.org\/it-it\/#\/schema\/logo\/image\/\"},\"sameAs\":[\"https:\/\/www.facebook.com\/1337gamesio\/\",\"https:\/\/x.com\/1337gamesio\",\"https:\/\/www.instagram.com\/1337gamesio\/\"],\"email\":\"info@1337games.io\",\"numberOfEmployees\":{\"@type\":\"QuantitativeValue\",\"minValue\":\"11\",\"maxValue\":\"50\"}}]}<\/script>\n<!-- \/ Yoast SEO Premium plugin. -->","yoast_head_json":{"title":"Lavorare con 1337 Games","description":"Unisciti a 1337 Games e lavora nel settore iGaming! Offriamo opportunit\u00e0 nel content writing, SEO, social media e altro ancora. Candidati ora!","robots":{"index":"index","follow":"follow","max-snippet":"max-snippet:-1","max-image-preview":"max-image-preview:large","max-video-preview":"max-video-preview:-1"},"canonical":"https:\/\/www.1337games.org\/it-it\/carriere\/","og_locale":"it_IT","og_type":"article","og_title":"Lavorare con 1337 Games","og_description":"Unisciti a 1337 Games e lavora nel settore iGaming! Offriamo opportunit\u00e0 nel content writing, SEO, social media e altro ancora. Candidati ora!","og_url":"https:\/\/www.1337games.org\/it-it\/carriere\/","og_site_name":"1337 Games IT","article_publisher":"https:\/\/www.facebook.com\/1337gamesio\/","article_modified_time":"2025-03-03T06:23:11+00:00","twitter_card":"summary_large_image","twitter_site":"@1337gamesio","twitter_misc":{"Tempo di lettura stimato":"2 minuti"},"schema":{"@context":"https:\/\/schema.org","@graph":[{"@type":"WebPage","@id":"https:\/\/www.1337games.org\/it-it\/carriere\/","url":"https:\/\/www.1337games.org\/it-it\/carriere\/","name":"Lavorare con 1337 Games","isPartOf":{"@id":"https:\/\/www.1337games.org\/it-it\/#website"},"datePublished":"2025-03-03T06:07:41+00:00","dateModified":"2025-03-03T06:23:11+00:00","description":"Unisciti a 1337 Games e lavora nel settore iGaming! Offriamo opportunit\u00e0 nel content writing, SEO, social media e altro ancora. Candidati ora!","breadcrumb":{"@id":"https:\/\/www.1337games.org\/it-it\/carriere\/#breadcrumb"},"inLanguage":"it-IT","potentialAction":[{"@type":"ReadAction","target":["https:\/\/www.1337games.org\/it-it\/carriere\/"]}]},{"@type":"BreadcrumbList","@id":"https:\/\/www.1337games.org\/it-it\/carriere\/#breadcrumb","itemListElement":[{"@type":"ListItem","position":1,"name":"Home","item":"https:\/\/www.1337games.org\/it-it\/"},{"@type":"ListItem","position":2,"name":"Carierre"}]},{"@type":"WebSite","@id":"https:\/\/www.1337games.org\/it-it\/#website","url":"https:\/\/www.1337games.org\/it-it\/","name":"1337 Games IT","description":"","publisher":{"@id":"https:\/\/www.1337games.org\/it-it\/#organization"},"potentialAction":[{"@type":"SearchAction","target":{"@type":"EntryPoint","urlTemplate":"https:\/\/www.1337games.org\/it-it\/?s={search_term_string}"},"query-input":{"@type":"PropertyValueSpecification","valueRequired":true,"valueName":"search_term_string"}}],"inLanguage":"it-IT"},{"@type":"Organization","@id":"https:\/\/www.1337games.org\/it-it\/#organization","name":"1337 Games","url":"https:\/\/www.1337games.org\/it-it\/","logo":{"@type":"ImageObject","inLanguage":"it-IT","@id":"https:\/\/www.1337games.org\/it-it\/#\/schema\/logo\/image\/","url":"https:\/\/www.1337games.org\/it-it\/wp-content\/uploads\/sites\/8\/2025\/10\/cropped-1Games.png","contentUrl":"https:\/\/www.1337games.org\/it-it\/wp-content\/uploads\/sites\/8\/2025\/10\/cropped-1Games.png","width":512,"height":512,"caption":"1337 Games"},"image":{"@id":"https:\/\/www.1337games.org\/it-it\/#\/schema\/logo\/image\/"},"sameAs":["https:\/\/www.facebook.com\/1337gamesio\/","https:\/\/x.com\/1337gamesio","https:\/\/www.instagram.com\/1337gamesio\/"],"email":"info@1337games.io","numberOfEmployees":{"@type":"QuantitativeValue","minValue":"11","maxValue":"50"}}]}},"_links":{"self":[{"href":"https:\/\/www.1337games.org\/it-it\/wp-json\/wp\/v2\/pages\/90231","targetHints":{"allow":["GET"]}}],"collection":[{"href":"https:\/\/www.1337games.org\/it-it\/wp-json\/wp\/v2\/pages"}],"about":[{"href":"https:\/\/www.1337games.org\/it-it\/wp-json\/wp\/v2\/types\/page"}],"author":[{"embeddable":true,"href":"https:\/\/www.1337games.org\/it-it\/wp-json\/wp\/v2\/users\/25001"}],"replies":[{"embeddable":true,"href":"https:\/\/www.1337games.org\/it-it\/wp-json\/wp\/v2\/comments?post=90231"}],"version-history":[{"count":7,"href":"https:\/\/www.1337games.org\/it-it\/wp-json\/wp\/v2\/pages\/90231\/revisions"}],"predecessor-version":[{"id":90250,"href":"https:\/\/www.1337games.org\/it-it\/wp-json\/wp\/v2\/pages\/90231\/revisions\/90250"}],"wp:attachment":[{"href":"https:\/\/www.1337games.org\/it-it\/wp-json\/wp\/v2\/media?parent=90231"}],"curies":[{"name":"wp","href":"https:\/\/api.w.org\/{rel}","templated":true}]}}