{"id":89222,"date":"2024-11-21T14:27:14","date_gmt":"2024-11-21T14:27:14","guid":{"rendered":"https:\/\/www.1337games.org\/no-no\/?page_id=89222"},"modified":"2024-11-25T17:17:28","modified_gmt":"2024-11-25T17:17:28","slug":"redaksjonell-policy","status":"publish","type":"page","link":"https:\/\/www.1337games.org\/no-no\/redaksjonell-policy\/","title":{"rendered":"Redaksjonell Policy"},"content":{"rendered":"\n<div class=\"wp-block-columns is-layout-flex wp-container-core-columns-is-layout-9d6595d7 wp-block-columns-is-layout-flex\">\n<div class=\"wp-block-column is-layout-flow wp-block-column-is-layout-flow\">\n<p>Hos 1337 Games er vi forpliktet til \u00e5 levere n\u00f8yaktig, p\u00e5litelig og objektiv informasjon til v\u00e5re lesere om videospill, nettcasinoer og relaterte temaer. Som lidenskapelige spillere og bransjeeksperter forst\u00e5r vi betydningen av tillit i den digitale spillverden. Denne redaksjonelle policyen er utformet for \u00e5 sikre at v\u00e5rt innhold oppfyller de h\u00f8yeste standarder for integritet, \u00e5penhet og kvalitet.<\/p>\n<\/div>\n\n\n\n<div class=\"wp-block-column is-layout-flow wp-block-column-is-layout-flow\"><div class=\"wp-block-image\">\n<figure class=\"aligncenter size-full is-resized\"><img decoding=\"async\" width=\"1000\" height=\"500\" src=\"https:\/\/www.1337games.org\/no-no\/wp-content\/uploads\/sites\/15\/2024\/11\/1337games.png\" alt=\"1337 Games Online Casino\" class=\"wp-image-89212\" style=\"width:528px\" srcset=\"https:\/\/www.1337games.org\/no-no\/wp-content\/uploads\/sites\/15\/2024\/11\/1337games.png 1000w, https:\/\/www.1337games.org\/no-no\/wp-content\/uploads\/sites\/15\/2024\/11\/1337games-300x150.png 300w, https:\/\/www.1337games.org\/no-no\/wp-content\/uploads\/sites\/15\/2024\/11\/1337games-768x384.png 768w\" sizes=\"(max-width: 1000px) 100vw, 1000px\" \/><\/figure>\n<\/div><\/div>\n<\/div>\n\n\n\n<hr class=\"wp-block-separator has-alpha-channel-opacity\" \/>\n\n\n\n<h2 class=\"wp-block-heading\" id=\"h-var-misjon\">V\u00e5r Misjon<\/h2>\n\n\n\n<p>1337 Games har som m\u00e5l \u00e5 tilby oppdatert, relevant og detaljert innhold som hjelper v\u00e5re lesere med \u00e5 forst\u00e5 verdenen av videospill og nettcasinoer. Enten du er en tilfeldig spiller eller en erfaren gamer, streber vi etter \u00e5 levere informasjon som forbedrer spillopplevelsen din, inkludert ekspertanmeldelser, strategier og innsiktsfulle analyser av bransjen.<\/p>\n\n\n\n<hr class=\"wp-block-separator has-alpha-channel-opacity\" \/>\n\n\n\n<h2 class=\"wp-block-heading\" id=\"h-innholdsprosess-og-gjennomgang\">Innholdsprosess og Gjennomgang<\/h2>\n\n\n\n<p>Hvert stykke innhold vi publiserer er n\u00f8ye unders\u00f8kt for \u00e5 sikre n\u00f8yaktighet og relevans. Redaksjonen v\u00e5r best\u00e5r av erfarne skribenter og bransjespesialister som bruker en rekke kilder for \u00e5 lage informativt og detaljert materiale. Vi inkluderer ogs\u00e5 tilbakemeldinger fra brukere og ekspertvurderinger for \u00e5 holde innholdet v\u00e5rt oppdatert og relevant.<\/p>\n\n\n\n<p>Alt innhold blir n\u00f8ye vurdert for faktuelle feil, lesbarhet og samsvar med v\u00e5re redaksjonelle retningslinjer f\u00f8r publisering. Vi jobber kontinuerlig for \u00e5 holde innholdet oppdatert, slik at det reflekterer de nyeste trendene og utviklingene i spill- og casinoindustrien.<\/p>\n\n\n\n<hr class=\"wp-block-separator has-alpha-channel-opacity\" \/>\n\n\n\n<h2 class=\"wp-block-heading\" id=\"h-redaksjonell-uavhengighet\">Redaksjonell Uavhengighet<\/h2>\n\n\n\n<p>Vi legger stor vekt p\u00e5 uavhengighet i v\u00e5rt redaksjonelle arbeid. Hos 1337 Games er redaksjonsteamet v\u00e5rt adskilt fra markedsf\u00f8ring og salg for \u00e5 sikre objektivitet. Vi skriver prim\u00e6rt for v\u00e5re lesere, og fokuserer p\u00e5 \u00e5 levere innhold som er nyttig, n\u00f8yaktig og troverdig.<\/p>\n\n\n\n<p>Selv om vi har tilknyttede samarbeidspartnere innen spillplattformer og casinoindustrien, p\u00e5virker ikke disse avtalene v\u00e5re redaksjonelle beslutninger. V\u00e5rt innhold er basert p\u00e5 omfattende research, erfaring og strenge evalueringsprosedyrer, noe som sikrer at vi alltid gir objektive og p\u00e5litelige anbefalinger.<\/p>\n\n\n\n<hr class=\"wp-block-separator has-alpha-channel-opacity\" \/>\n\n\n\n<h2 class=\"wp-block-heading\" id=\"h-tilknyttede-partnerskap\">Tilknyttede Partnerskap<\/h2>\n\n\n\n<p>Noen av linkene p\u00e5 nettstedet v\u00e5rt kan f\u00f8re til tilknyttede partnere, og 1337 Games kan motta provisjon n\u00e5r brukere registrerer seg eller foretar kj\u00f8p gjennom disse linkene. Vi er \u00e5pne om dette og s\u00f8rger for at slike avtaler ikke p\u00e5virker objektiviteten eller kvaliteten p\u00e5 innholdet v\u00e5rt.<\/p>\n\n\n\n<p>Disse partnerskapene hjelper oss med \u00e5 finansiere virksomheten v\u00e5r og levere gratis, h\u00f8yverdig innhold til v\u00e5re lesere. V\u00e5re anbefalinger forblir imidlertid alltid upartiske og uavhengige. Vi aksepterer ikke betaling for positive anmeldelser eller anbefalinger.<\/p>\n\n\n\n<hr class=\"wp-block-separator has-alpha-channel-opacity\" \/>\n\n\n\n<h2 class=\"wp-block-heading\" id=\"h-etikk-og-ansvarlig-spill\">Etikk og Ansvarlig Spill<\/h2>\n\n\n\n<p>Vi tar v\u00e5rt ansvar overfor leserne sv\u00e6rt alvorlig. 1337 Games er dedikert til \u00e5 fremme <strong><a href=\"https:\/\/www.1337games.org\/no-no\/ansvarlig-spilling\/\">ansvarlig spilling<\/a><\/strong> ved \u00e5 oppfordre til informerte og trygge valg n\u00e5r du bruker spillplattformer og nettcasinoer. Vi fremhever viktigheten av \u00e5 sette grenser, gjenkjenne tegn p\u00e5 problematisk spilling og s\u00f8ke hjelp ved behov.<\/p>\n\n\n\n<p>Videre prioriterer vi etiske standarder h\u00f8yt i alt v\u00e5rt innhold. V\u00e5re anmeldelser, anbefalinger og synspunkter baseres utelukkende p\u00e5 produktenes og tjenestenes fortjenester, uten ekstern p\u00e5virkning.<\/p>\n\n\n\n<hr class=\"wp-block-separator has-alpha-channel-opacity\" \/>\n\n\n\n<h2 class=\"wp-block-heading\" id=\"h-noyaktighet-og-apenhet\">N\u00f8yaktighet og \u00c5penhet<\/h2>\n\n\n\n<p>N\u00f8yaktighet og \u00e5penhet er hj\u00f8rnesteinene i v\u00e5rt arbeid. Vi tror at v\u00e5re lesere fortjener innhold som er p\u00e5litelig, tydelig og godt unders\u00f8kt. Vi oppdaterer regelmessig innholdet v\u00e5rt for \u00e5 sikre at det alltid er i tr\u00e5d med de siste trendene innen videospill og nettcasinoer.<\/p>\n\n\n\n<p>Dersom feil oppdages eller oppdateringer kreves, h\u00e5ndteres dette raskt og p\u00e5 en \u00e5pen m\u00e5te for \u00e5 opprettholde innholdets integritet.<\/p>\n\n\n\n<hr class=\"wp-block-separator has-alpha-channel-opacity\" \/>\n\n\n\n<h2 class=\"wp-block-heading\" id=\"h-endringer-i-var-redaksjonelle-policy\">Endringer i V\u00e5r Redaksjonelle Policy<\/h2>\n\n\n\n<p>Vi forbeholder oss retten til \u00e5 oppdatere denne policyen for \u00e5 reflektere endringer i praksis, partnerskap eller bransjestandarder. Eventuelle oppdateringer vil bli publisert her, og vi oppfordrer leserne v\u00e5re til \u00e5 sjekke regelmessig for ny informasjon.<\/p>\n\n\n\n<hr class=\"wp-block-separator has-alpha-channel-opacity\" \/>\n\n\n\n<h2 class=\"wp-block-heading\" id=\"h-kontakt-oss\">Kontakt Oss<\/h2>\n\n\n\n<p>Har du sp\u00f8rsm\u00e5l eller bekymringer ang\u00e5ende v\u00e5r redaksjonelle policy, innhold eller samarbeidspartnere? Ikke n\u00f8l med \u00e5 kontakte oss. Vi verdsetter tilliten fra v\u00e5re lesere og er alltid tilgjengelige for \u00e5 adressere eventuelle sp\u00f8rsm\u00e5l eller tilbakemeldinger.<\/p>\n\n\n\n<p><\/p>\n","protected":false},"excerpt":{"rendered":"<p>Hos 1337 Games er vi forpliktet til \u00e5 levere n\u00f8yaktig, p\u00e5litelig og objektiv informasjon til v\u00e5re lesere om videospill, nettcasinoer og relaterte temaer. Som lidenskapelige spillere og bransjeeksperter forst\u00e5r vi betydningen av tillit i den digitale spillverden. Denne redaksjonelle policyen er utformet for \u00e5 sikre at v\u00e5rt innhold oppfyller de h\u00f8yeste standarder for integritet, \u00e5penhet [&hellip;]<\/p>\n","protected":false},"author":25014,"featured_media":0,"parent":0,"menu_order":0,"comment_status":"closed","ping_status":"closed","template":"","meta":{"footnotes":""},"class_list":["post-89222","page","type-page","status-publish","hentry"],"featured_image_src":null,"yoast_head":"<!-- This site is optimized with the Yoast SEO Premium plugin v27.0 (Yoast SEO v27.0) - https:\/\/yoast.com\/product\/yoast-seo-premium-wordpress\/ -->\n<title>Redaksjonell Policy<\/title>\n<meta name=\"description\" content=\"Les om 1337 Games&#039; redaksjonelle policy \u2013 vi leverer p\u00e5litelig, objektivt og oppdatert innhold om videospill og online casinoer.\" \/>\n<meta name=\"robots\" content=\"index, follow, max-snippet:-1, max-image-preview:large, max-video-preview:-1\" \/>\n<link rel=\"canonical\" href=\"https:\/\/www.1337games.org\/no-no\/redaksjonell-policy\/\" \/>\n<meta property=\"og:locale\" content=\"en_US\" \/>\n<meta property=\"og:type\" content=\"article\" \/>\n<meta property=\"og:title\" content=\"Redaksjonell Policy\" \/>\n<meta property=\"og:description\" content=\"Les om 1337 Games&#039; redaksjonelle policy \u2013 vi leverer p\u00e5litelig, objektivt og oppdatert innhold om videospill og online casinoer.\" \/>\n<meta property=\"og:url\" content=\"https:\/\/www.1337games.org\/no-no\/redaksjonell-policy\/\" \/>\n<meta property=\"og:site_name\" content=\"1337 Games NO\" \/>\n<meta property=\"article:publisher\" content=\"https:\/\/www.facebook.com\/1337gamesio\/\" \/>\n<meta property=\"article:modified_time\" content=\"2024-11-25T17:17:28+00:00\" \/>\n<meta property=\"og:image\" content=\"https:\/\/www.1337games.org\/no-no\/wp-content\/uploads\/sites\/15\/2024\/11\/1337games.png\" \/>\n<meta name=\"twitter:card\" content=\"summary_large_image\" \/>\n<meta name=\"twitter:site\" content=\"@1337gamesio\" \/>\n<meta name=\"twitter:label1\" content=\"Est. reading time\" \/>\n\t<meta name=\"twitter:data1\" content=\"4 minutt\" \/>\n<script type=\"application\/ld+json\" class=\"yoast-schema-graph\">{\"@context\":\"https:\/\/schema.org\",\"@graph\":[{\"@type\":\"WebPage\",\"@id\":\"https:\/\/www.1337games.org\/no-no\/redaksjonell-policy\/\",\"url\":\"https:\/\/www.1337games.org\/no-no\/redaksjonell-policy\/\",\"name\":\"Redaksjonell Policy\",\"isPartOf\":{\"@id\":\"https:\/\/www.1337games.org\/no-no\/#website\"},\"primaryImageOfPage\":{\"@id\":\"https:\/\/www.1337games.org\/no-no\/redaksjonell-policy\/#primaryimage\"},\"image\":{\"@id\":\"https:\/\/www.1337games.org\/no-no\/redaksjonell-policy\/#primaryimage\"},\"thumbnailUrl\":\"https:\/\/www.1337games.org\/no-no\/wp-content\/uploads\/sites\/15\/2024\/11\/1337games.png\",\"datePublished\":\"2024-11-21T14:27:14+00:00\",\"dateModified\":\"2024-11-25T17:17:28+00:00\",\"description\":\"Les om 1337 Games' redaksjonelle policy \u2013 vi leverer p\u00e5litelig, objektivt og oppdatert innhold om videospill og online casinoer.\",\"breadcrumb\":{\"@id\":\"https:\/\/www.1337games.org\/no-no\/redaksjonell-policy\/#breadcrumb\"},\"inLanguage\":\"nn-NO\",\"potentialAction\":[{\"@type\":\"ReadAction\",\"target\":[\"https:\/\/www.1337games.org\/no-no\/redaksjonell-policy\/\"]}]},{\"@type\":\"ImageObject\",\"inLanguage\":\"nn-NO\",\"@id\":\"https:\/\/www.1337games.org\/no-no\/redaksjonell-policy\/#primaryimage\",\"url\":\"https:\/\/www.1337games.org\/no-no\/wp-content\/uploads\/sites\/15\/2024\/11\/1337games.png\",\"contentUrl\":\"https:\/\/www.1337games.org\/no-no\/wp-content\/uploads\/sites\/15\/2024\/11\/1337games.png\",\"width\":1000,\"height\":500,\"caption\":\"1337 Games Online Casino\"},{\"@type\":\"BreadcrumbList\",\"@id\":\"https:\/\/www.1337games.org\/no-no\/redaksjonell-policy\/#breadcrumb\",\"itemListElement\":[{\"@type\":\"ListItem\",\"position\":1,\"name\":\"Home\",\"item\":\"https:\/\/www.1337games.org\/no-no\/\"},{\"@type\":\"ListItem\",\"position\":2,\"name\":\"Redaksjonell Policy\"}]},{\"@type\":\"WebSite\",\"@id\":\"https:\/\/www.1337games.org\/no-no\/#website\",\"url\":\"https:\/\/www.1337games.org\/no-no\/\",\"name\":\"1337 Games NO\",\"description\":\"\",\"publisher\":{\"@id\":\"https:\/\/www.1337games.org\/no-no\/#organization\"},\"potentialAction\":[{\"@type\":\"SearchAction\",\"target\":{\"@type\":\"EntryPoint\",\"urlTemplate\":\"https:\/\/www.1337games.org\/no-no\/?s={search_term_string}\"},\"query-input\":{\"@type\":\"PropertyValueSpecification\",\"valueRequired\":true,\"valueName\":\"search_term_string\"}}],\"inLanguage\":\"nn-NO\"},{\"@type\":\"Organization\",\"@id\":\"https:\/\/www.1337games.org\/no-no\/#organization\",\"name\":\"1337 Games\",\"url\":\"https:\/\/www.1337games.org\/no-no\/\",\"logo\":{\"@type\":\"ImageObject\",\"inLanguage\":\"nn-NO\",\"@id\":\"https:\/\/www.1337games.org\/no-no\/#\/schema\/logo\/image\/\",\"url\":\"https:\/\/www.1337games.org\/no-no\/wp-content\/uploads\/sites\/15\/2025\/10\/cropped-1Games.png\",\"contentUrl\":\"https:\/\/www.1337games.org\/no-no\/wp-content\/uploads\/sites\/15\/2025\/10\/cropped-1Games.png\",\"width\":512,\"height\":512,\"caption\":\"1337 Games\"},\"image\":{\"@id\":\"https:\/\/www.1337games.org\/no-no\/#\/schema\/logo\/image\/\"},\"sameAs\":[\"https:\/\/www.facebook.com\/1337gamesio\/\",\"https:\/\/x.com\/1337gamesio\",\"https:\/\/www.instagram.com\/1337gamesio\/\"],\"email\":\"info@1337games.io\",\"numberOfEmployees\":{\"@type\":\"QuantitativeValue\",\"minValue\":\"11\",\"maxValue\":\"50\"}}]}<\/script>\n<!-- \/ Yoast SEO Premium plugin. -->","yoast_head_json":{"title":"Redaksjonell Policy","description":"Les om 1337 Games' redaksjonelle policy \u2013 vi leverer p\u00e5litelig, objektivt og oppdatert innhold om videospill og online casinoer.","robots":{"index":"index","follow":"follow","max-snippet":"max-snippet:-1","max-image-preview":"max-image-preview:large","max-video-preview":"max-video-preview:-1"},"canonical":"https:\/\/www.1337games.org\/no-no\/redaksjonell-policy\/","og_locale":"en_US","og_type":"article","og_title":"Redaksjonell Policy","og_description":"Les om 1337 Games' redaksjonelle policy \u2013 vi leverer p\u00e5litelig, objektivt og oppdatert innhold om videospill og online casinoer.","og_url":"https:\/\/www.1337games.org\/no-no\/redaksjonell-policy\/","og_site_name":"1337 Games NO","article_publisher":"https:\/\/www.facebook.com\/1337gamesio\/","article_modified_time":"2024-11-25T17:17:28+00:00","og_image":[{"url":"https:\/\/www.1337games.org\/no-no\/wp-content\/uploads\/sites\/15\/2024\/11\/1337games.png","type":"","width":"","height":""}],"twitter_card":"summary_large_image","twitter_site":"@1337gamesio","twitter_misc":{"Est. reading time":"4 minutt"},"schema":{"@context":"https:\/\/schema.org","@graph":[{"@type":"WebPage","@id":"https:\/\/www.1337games.org\/no-no\/redaksjonell-policy\/","url":"https:\/\/www.1337games.org\/no-no\/redaksjonell-policy\/","name":"Redaksjonell Policy","isPartOf":{"@id":"https:\/\/www.1337games.org\/no-no\/#website"},"primaryImageOfPage":{"@id":"https:\/\/www.1337games.org\/no-no\/redaksjonell-policy\/#primaryimage"},"image":{"@id":"https:\/\/www.1337games.org\/no-no\/redaksjonell-policy\/#primaryimage"},"thumbnailUrl":"https:\/\/www.1337games.org\/no-no\/wp-content\/uploads\/sites\/15\/2024\/11\/1337games.png","datePublished":"2024-11-21T14:27:14+00:00","dateModified":"2024-11-25T17:17:28+00:00","description":"Les om 1337 Games' redaksjonelle policy \u2013 vi leverer p\u00e5litelig, objektivt og oppdatert innhold om videospill og online casinoer.","breadcrumb":{"@id":"https:\/\/www.1337games.org\/no-no\/redaksjonell-policy\/#breadcrumb"},"inLanguage":"nn-NO","potentialAction":[{"@type":"ReadAction","target":["https:\/\/www.1337games.org\/no-no\/redaksjonell-policy\/"]}]},{"@type":"ImageObject","inLanguage":"nn-NO","@id":"https:\/\/www.1337games.org\/no-no\/redaksjonell-policy\/#primaryimage","url":"https:\/\/www.1337games.org\/no-no\/wp-content\/uploads\/sites\/15\/2024\/11\/1337games.png","contentUrl":"https:\/\/www.1337games.org\/no-no\/wp-content\/uploads\/sites\/15\/2024\/11\/1337games.png","width":1000,"height":500,"caption":"1337 Games Online Casino"},{"@type":"BreadcrumbList","@id":"https:\/\/www.1337games.org\/no-no\/redaksjonell-policy\/#breadcrumb","itemListElement":[{"@type":"ListItem","position":1,"name":"Home","item":"https:\/\/www.1337games.org\/no-no\/"},{"@type":"ListItem","position":2,"name":"Redaksjonell Policy"}]},{"@type":"WebSite","@id":"https:\/\/www.1337games.org\/no-no\/#website","url":"https:\/\/www.1337games.org\/no-no\/","name":"1337 Games NO","description":"","publisher":{"@id":"https:\/\/www.1337games.org\/no-no\/#organization"},"potentialAction":[{"@type":"SearchAction","target":{"@type":"EntryPoint","urlTemplate":"https:\/\/www.1337games.org\/no-no\/?s={search_term_string}"},"query-input":{"@type":"PropertyValueSpecification","valueRequired":true,"valueName":"search_term_string"}}],"inLanguage":"nn-NO"},{"@type":"Organization","@id":"https:\/\/www.1337games.org\/no-no\/#organization","name":"1337 Games","url":"https:\/\/www.1337games.org\/no-no\/","logo":{"@type":"ImageObject","inLanguage":"nn-NO","@id":"https:\/\/www.1337games.org\/no-no\/#\/schema\/logo\/image\/","url":"https:\/\/www.1337games.org\/no-no\/wp-content\/uploads\/sites\/15\/2025\/10\/cropped-1Games.png","contentUrl":"https:\/\/www.1337games.org\/no-no\/wp-content\/uploads\/sites\/15\/2025\/10\/cropped-1Games.png","width":512,"height":512,"caption":"1337 Games"},"image":{"@id":"https:\/\/www.1337games.org\/no-no\/#\/schema\/logo\/image\/"},"sameAs":["https:\/\/www.facebook.com\/1337gamesio\/","https:\/\/x.com\/1337gamesio","https:\/\/www.instagram.com\/1337gamesio\/"],"email":"info@1337games.io","numberOfEmployees":{"@type":"QuantitativeValue","minValue":"11","maxValue":"50"}}]}},"_links":{"self":[{"href":"https:\/\/www.1337games.org\/no-no\/wp-json\/wp\/v2\/pages\/89222","targetHints":{"allow":["GET"]}}],"collection":[{"href":"https:\/\/www.1337games.org\/no-no\/wp-json\/wp\/v2\/pages"}],"about":[{"href":"https:\/\/www.1337games.org\/no-no\/wp-json\/wp\/v2\/types\/page"}],"author":[{"embeddable":true,"href":"https:\/\/www.1337games.org\/no-no\/wp-json\/wp\/v2\/users\/25014"}],"replies":[{"embeddable":true,"href":"https:\/\/www.1337games.org\/no-no\/wp-json\/wp\/v2\/comments?post=89222"}],"version-history":[{"count":3,"href":"https:\/\/www.1337games.org\/no-no\/wp-json\/wp\/v2\/pages\/89222\/revisions"}],"predecessor-version":[{"id":89225,"href":"https:\/\/www.1337games.org\/no-no\/wp-json\/wp\/v2\/pages\/89222\/revisions\/89225"}],"wp:attachment":[{"href":"https:\/\/www.1337games.org\/no-no\/wp-json\/wp\/v2\/media?parent=89222"}],"curies":[{"name":"wp","href":"https:\/\/api.w.org\/{rel}","templated":true}]}}