{"id":89362,"date":"2024-11-26T00:41:44","date_gmt":"2024-11-26T00:41:44","guid":{"rendered":"https:\/\/www.1337games.org\/pl-pl\/?page_id=89362"},"modified":"2024-12-04T14:42:49","modified_gmt":"2024-12-04T14:42:49","slug":"polityka-redakcyjna","status":"publish","type":"page","link":"https:\/\/www.1337games.org\/pl-pl\/polityka-redakcyjna\/","title":{"rendered":"Polityka redakcyjna"},"content":{"rendered":"\n<p>W 1337 Games jeste\u015bmy zaanga\u017cowani w dostarczanie polskim graczom rzetelnych, bezstronnych i dok\u0142adnie opracowanych informacji na temat kasyn online, kultury gamingowej oraz najnowszych trend\u00f3w w bran\u017cy. Zaufanie jest fundamentem naszej pracy, a nasz\u0105 misj\u0105 jest tworzenie tre\u015bci, kt\u00f3re s\u0105 uczciwe, przejrzyste i odpowiadaj\u0105 na potrzeby naszych czytelnik\u00f3w.<\/p>\n\n\n\n<hr class=\"wp-block-separator has-alpha-channel-opacity\" \/>\n\n\n\n<h2 class=\"wp-block-heading\" id=\"h-co-nas-motywuje\">Co nas motywuje?<\/h2>\n\n\n\n<p>Naszym celem jest wspieranie graczy i mi\u0142o\u015bnik\u00f3w kasyn w Polsce poprzez dostarczanie warto\u015bciowych tre\u015bci dopasowanych do ich oczekiwa\u0144. Od recenzji kasyn online, przez przewodniki po strategiach gier, a\u017c po analizy najnowszych trend\u00f3w \u2013 chcemy, aby\u015bcie mieli dost\u0119p do informacji, kt\u00f3re pomog\u0105 podejmowa\u0107 \u015bwiadome decyzje.<\/p>\n\n\n\n<p>Bez wzgl\u0119du na to, czy dopiero zaczynasz swoj\u0105 przygod\u0119 z gamingiem online, czy jeste\u015b do\u015bwiadczonym graczem, d\u0105\u017cymy do tego, aby dostarcza\u0107 tre\u015bci, kt\u00f3re poprawi\u0105 Twoj\u0105 rozrywk\u0119 i do\u015bwiadczenie.<\/p>\n\n\n\n<hr class=\"wp-block-separator has-alpha-channel-opacity\" \/>\n\n\n\n<h2 class=\"wp-block-heading\" id=\"h-niezaleznosc-redakcyjna\">Niezale\u017cno\u015b\u0107 redakcyjna<\/h2>\n\n\n\n<p>Obiektywizm to nasz priorytet, dlatego zapewniamy, \u017ce proces redakcyjny jest oddzielony od wsp\u00f3\u0142pracy komercyjnej. Nasze tre\u015bci tworzymy niezale\u017cnie, koncentruj\u0105c si\u0119 wy\u0142\u0105cznie na interesach naszych czytelnik\u00f3w.<\/p>\n\n\n\n<p>Cho\u0107 wsp\u00f3\u0142pracujemy z platformami bran\u017cowymi w ramach program\u00f3w afiliacyjnych, nasze rekomendacje opieraj\u0105 si\u0119 na dok\u0142adnych badaniach i praktycznych testach, a nie na zewn\u0119trznych wp\u0142ywach. Nasze porady s\u0105 zawsze uczciwe i niezale\u017cne.<\/p>\n\n\n\n<hr class=\"wp-block-separator has-alpha-channel-opacity\" \/>\n\n\n\n<h2 class=\"wp-block-heading\" id=\"h-jak-tworzymy-tresci\">Jak tworzymy tre\u015bci?<\/h2>\n\n\n\n<p>Tworzenie wiarygodnych tre\u015bci zaczyna si\u0119 od identyfikacji temat\u00f3w istotnych dla naszej spo\u0142eczno\u015bci. Nast\u0119pnie nasz zesp\u00f3\u0142 przeprowadza dog\u0142\u0119bne badania, korzysta z wiedzy ekspert\u00f3w i opracowuje artyku\u0142y, kt\u00f3re s\u0105 zar\u00f3wno informacyjne, jak i anga\u017cuj\u0105ce.<\/p>\n\n\n\n<p>Ka\u017cdy tekst jest starannie weryfikowany pod k\u0105tem dok\u0142adno\u015bci i jako\u015bci przed publikacj\u0105. Dodatkowo regularnie aktualizujemy nasze materia\u0142y, aby uwzgl\u0119dnia\u0107 zmiany w ofertach kasyn, platformach gamingowych i rozwoju bran\u017cy.<\/p>\n\n\n\n<hr class=\"wp-block-separator has-alpha-channel-opacity\" \/>\n\n\n\n<h2 class=\"wp-block-heading\" id=\"h-transparentnosc-wspolpracy-afiliacyjnej\">Transparentno\u015b\u0107 wsp\u00f3\u0142pracy afiliacyjnej<\/h2>\n\n\n\n<p>Na naszej stronie mo\u017cesz znale\u017a\u0107 linki prowadz\u0105ce do zewn\u0119trznych us\u0142ug, takich jak platformy kasyn czy dostawcy gier. Kiedy rejestrujesz si\u0119 lub dokonujesz zakupu za po\u015brednictwem tych link\u00f3w, 1337 Games mo\u017ce otrzyma\u0107 prowizj\u0119.<\/p>\n\n\n\n<p>Te partnerstwa pozwalaj\u0105 nam oferowa\u0107 darmowe i wysokiej jako\u015bci tre\u015bci. Jednocze\u015bnie nie wp\u0142ywaj\u0105 one na nasze recenzje czy rekomendacje \u2013 zawsze opieramy si\u0119 na niezale\u017cnych badaniach i szczerych analizach, a nie na motywach finansowych.<\/p>\n\n\n\n<hr class=\"wp-block-separator has-alpha-channel-opacity\" \/>\n\n\n\n<h2 class=\"wp-block-heading\" id=\"h-odpowiedzialna-gra-to-podstawa\">Odpowiedzialna gra to podstawa<\/h2>\n\n\n\n<p>Rozrywka zwi\u0105zana z grami powinna by\u0107 przyjemna i bezpieczna. W 1337 Games aktywnie promujemy odpowiedzialne podej\u015bcie do hazardu, zach\u0119caj\u0105c czytelnik\u00f3w do gry w granicach swoich mo\u017cliwo\u015bci.<\/p>\n\n\n\n<p>Na naszej stronie znajdziesz r\u00f3wnie\u017c zasoby, takie jak kontakty do infolinii pomocowych, kt\u00f3re oferuj\u0105 wsparcie w razie potrzeby. Wa\u017cne jest, aby rozpoznawa\u0107 oznaki problematycznej gry i szybko szuka\u0107 pomocy.<\/p>\n\n\n\n<p>W naszych recenzjach bierzemy pod uwag\u0119 nie tylko aspekty rozrywkowe, ale r\u00f3wnie\u017c to, w jaki spos\u00f3b platformy wspieraj\u0105 dobrostan graczy, zapewniaj\u0105c zr\u00f3wnowa\u017cone i odpowiedzialne podej\u015bcie.<\/p>\n\n\n\n<hr class=\"wp-block-separator has-alpha-channel-opacity\" \/>\n\n\n\n<h2 class=\"wp-block-heading\" id=\"h-dokladnosc-i-transparentnosc\">Dok\u0142adno\u015b\u0107 i transparentno\u015b\u0107<\/h2>\n\n\n\n<p>Dostarczanie dok\u0142adnych informacji to nasza odpowiedzialno\u015b\u0107. Ka\u017cdy artyku\u0142 jest sprawdzany pod k\u0105tem fakt\u00f3w i weryfikowany przed publikacj\u0105, aby\u015b m\u00f3g\u0142 ufa\u0107 naszym tre\u015bciom.<\/p>\n\n\n\n<p>W przypadku wykrycia b\u0142\u0119d\u00f3w lub konieczno\u015bci aktualizacji dzia\u0142amy szybko, aby je naprawi\u0107. Nasze zaanga\u017cowanie w transparentno\u015b\u0107 oznacza, \u017ce mo\u017cesz polega\u0107 na publikowanych przez nas materia\u0142ach.<\/p>\n\n\n\n<hr class=\"wp-block-separator has-alpha-channel-opacity\" \/>\n\n\n\n<h2 class=\"wp-block-heading\" id=\"h-aktualizacje-naszych-standardow-redakcyjnych\">Aktualizacje naszych standard\u00f3w redakcyjnych<\/h2>\n\n\n\n<p>Bran\u017ca gier i kasyn online stale si\u0119 rozwija, a my dostosowujemy nasze podej\u015bcie redakcyjne do tych zmian. Strona ta mo\u017ce by\u0107 okresowo aktualizowana, aby odzwierciedli\u0107 zmiany w naszych metodach lub obszarach zainteresowania.<\/p>\n\n\n\n<p>Zach\u0119camy czytelnik\u00f3w do regularnego odwiedzania naszej strony, aby by\u0107 na bie\u017c\u0105co z naszymi wysokimi standardami w tworzeniu tre\u015bci.<\/p>\n\n\n\n<hr class=\"wp-block-separator has-alpha-channel-opacity\" \/>\n\n\n\n<h2 class=\"wp-block-heading\" id=\"h-skontaktuj-sie-z-nami\">Skontaktuj si\u0119 z nami<\/h2>\n\n\n\n<p>Masz pytanie lub sugesti\u0119? Twoja opinia jest dla nas bezcenna. Niezale\u017cnie od tego, czy chodzi o nasze zasady wsp\u00f3\u0142pracy afiliacyjnej, zasoby dotycz\u0105ce odpowiedzialnej gry czy nasze recenzje \u2013 napisz do nas. Jeste\u015bmy tu, aby wspiera\u0107 polsk\u0105 spo\u0142eczno\u015b\u0107 gamingow\u0105 i czekamy na Twoje wiadomo\u015bci.<\/p>\n","protected":false},"excerpt":{"rendered":"<p>W 1337 Games jeste\u015bmy zaanga\u017cowani w dostarczanie polskim graczom rzetelnych, bezstronnych i dok\u0142adnie opracowanych informacji na temat kasyn online, kultury gamingowej oraz najnowszych trend\u00f3w w bran\u017cy. Zaufanie jest fundamentem naszej pracy, a nasz\u0105 misj\u0105 jest tworzenie tre\u015bci, kt\u00f3re s\u0105 uczciwe, przejrzyste i odpowiadaj\u0105 na potrzeby naszych czytelnik\u00f3w. Co nas motywuje? Naszym celem jest wspieranie graczy [&hellip;]<\/p>\n","protected":false},"author":24999,"featured_media":0,"parent":0,"menu_order":0,"comment_status":"closed","ping_status":"closed","template":"","meta":{"footnotes":""},"class_list":["post-89362","page","type-page","status-publish","hentry"],"featured_image_src":null,"yoast_head":"<!-- This site is optimized with the Yoast SEO Premium plugin v27.0 (Yoast SEO v27.0) - https:\/\/yoast.com\/product\/yoast-seo-premium-wordpress\/ -->\n<title>Polityka redakcyjna - 1337 Games PL<\/title>\n<meta name=\"description\" content=\"1337 Games \u2013 recenzje kasyn online, porady dla graczy i trendy w bran\u017cy. Stawiamy na odpowiedzialn\u0105 i bezpieczn\u0105 rozrywk\u0119!\" \/>\n<meta name=\"robots\" content=\"index, follow, max-snippet:-1, max-image-preview:large, max-video-preview:-1\" \/>\n<link rel=\"canonical\" href=\"https:\/\/www.1337games.org\/pl-pl\/polityka-redakcyjna\/\" \/>\n<meta property=\"og:locale\" content=\"pl_PL\" \/>\n<meta property=\"og:type\" content=\"article\" \/>\n<meta property=\"og:title\" content=\"Polityka redakcyjna\" \/>\n<meta property=\"og:description\" content=\"1337 Games \u2013 recenzje kasyn online, porady dla graczy i trendy w bran\u017cy. Stawiamy na odpowiedzialn\u0105 i bezpieczn\u0105 rozrywk\u0119!\" \/>\n<meta property=\"og:url\" content=\"https:\/\/www.1337games.org\/pl-pl\/polityka-redakcyjna\/\" \/>\n<meta property=\"og:site_name\" content=\"1337 Games PL\" \/>\n<meta property=\"article:publisher\" content=\"https:\/\/www.facebook.com\/1337gamesio\/\" \/>\n<meta property=\"article:modified_time\" content=\"2024-12-04T14:42:49+00:00\" \/>\n<meta name=\"twitter:card\" content=\"summary_large_image\" \/>\n<meta name=\"twitter:site\" content=\"@1337gamesio\" \/>\n<meta name=\"twitter:label1\" content=\"Szacowany czas czytania\" \/>\n\t<meta name=\"twitter:data1\" content=\"4 minuty\" \/>\n<script type=\"application\/ld+json\" class=\"yoast-schema-graph\">{\"@context\":\"https:\/\/schema.org\",\"@graph\":[{\"@type\":\"WebPage\",\"@id\":\"https:\/\/www.1337games.org\/pl-pl\/polityka-redakcyjna\/\",\"url\":\"https:\/\/www.1337games.org\/pl-pl\/polityka-redakcyjna\/\",\"name\":\"Polityka redakcyjna - 1337 Games PL\",\"isPartOf\":{\"@id\":\"https:\/\/www.1337games.org\/pl-pl\/#website\"},\"datePublished\":\"2024-11-26T00:41:44+00:00\",\"dateModified\":\"2024-12-04T14:42:49+00:00\",\"description\":\"1337 Games \u2013 recenzje kasyn online, porady dla graczy i trendy w bran\u017cy. Stawiamy na odpowiedzialn\u0105 i bezpieczn\u0105 rozrywk\u0119!\",\"breadcrumb\":{\"@id\":\"https:\/\/www.1337games.org\/pl-pl\/polityka-redakcyjna\/#breadcrumb\"},\"inLanguage\":\"pl-PL\",\"potentialAction\":[{\"@type\":\"ReadAction\",\"target\":[\"https:\/\/www.1337games.org\/pl-pl\/polityka-redakcyjna\/\"]}]},{\"@type\":\"BreadcrumbList\",\"@id\":\"https:\/\/www.1337games.org\/pl-pl\/polityka-redakcyjna\/#breadcrumb\",\"itemListElement\":[{\"@type\":\"ListItem\",\"position\":1,\"name\":\"Home\",\"item\":\"https:\/\/www.1337games.org\/pl-pl\/\"},{\"@type\":\"ListItem\",\"position\":2,\"name\":\"Polityka redakcyjna\"}]},{\"@type\":\"WebSite\",\"@id\":\"https:\/\/www.1337games.org\/pl-pl\/#website\",\"url\":\"https:\/\/www.1337games.org\/pl-pl\/\",\"name\":\"1337 Games PL\",\"description\":\"\",\"publisher\":{\"@id\":\"https:\/\/www.1337games.org\/pl-pl\/#organization\"},\"potentialAction\":[{\"@type\":\"SearchAction\",\"target\":{\"@type\":\"EntryPoint\",\"urlTemplate\":\"https:\/\/www.1337games.org\/pl-pl\/?s={search_term_string}\"},\"query-input\":{\"@type\":\"PropertyValueSpecification\",\"valueRequired\":true,\"valueName\":\"search_term_string\"}}],\"inLanguage\":\"pl-PL\"},{\"@type\":\"Organization\",\"@id\":\"https:\/\/www.1337games.org\/pl-pl\/#organization\",\"name\":\"1337 Games\",\"url\":\"https:\/\/www.1337games.org\/pl-pl\/\",\"logo\":{\"@type\":\"ImageObject\",\"inLanguage\":\"pl-PL\",\"@id\":\"https:\/\/www.1337games.org\/pl-pl\/#\/schema\/logo\/image\/\",\"url\":\"https:\/\/www.1337games.org\/pl-pl\/wp-content\/uploads\/sites\/16\/2025\/10\/cropped-1Games.png\",\"contentUrl\":\"https:\/\/www.1337games.org\/pl-pl\/wp-content\/uploads\/sites\/16\/2025\/10\/cropped-1Games.png\",\"width\":512,\"height\":512,\"caption\":\"1337 Games\"},\"image\":{\"@id\":\"https:\/\/www.1337games.org\/pl-pl\/#\/schema\/logo\/image\/\"},\"sameAs\":[\"https:\/\/www.facebook.com\/1337gamesio\/\",\"https:\/\/x.com\/1337gamesio\",\"https:\/\/www.instagram.com\/1337gamesio\/\"],\"email\":\"info@1337games.io\",\"numberOfEmployees\":{\"@type\":\"QuantitativeValue\",\"minValue\":\"11\",\"maxValue\":\"50\"}}]}<\/script>\n<!-- \/ Yoast SEO Premium plugin. -->","yoast_head_json":{"title":"Polityka redakcyjna - 1337 Games PL","description":"1337 Games \u2013 recenzje kasyn online, porady dla graczy i trendy w bran\u017cy. Stawiamy na odpowiedzialn\u0105 i bezpieczn\u0105 rozrywk\u0119!","robots":{"index":"index","follow":"follow","max-snippet":"max-snippet:-1","max-image-preview":"max-image-preview:large","max-video-preview":"max-video-preview:-1"},"canonical":"https:\/\/www.1337games.org\/pl-pl\/polityka-redakcyjna\/","og_locale":"pl_PL","og_type":"article","og_title":"Polityka redakcyjna","og_description":"1337 Games \u2013 recenzje kasyn online, porady dla graczy i trendy w bran\u017cy. Stawiamy na odpowiedzialn\u0105 i bezpieczn\u0105 rozrywk\u0119!","og_url":"https:\/\/www.1337games.org\/pl-pl\/polityka-redakcyjna\/","og_site_name":"1337 Games PL","article_publisher":"https:\/\/www.facebook.com\/1337gamesio\/","article_modified_time":"2024-12-04T14:42:49+00:00","twitter_card":"summary_large_image","twitter_site":"@1337gamesio","twitter_misc":{"Szacowany czas czytania":"4 minuty"},"schema":{"@context":"https:\/\/schema.org","@graph":[{"@type":"WebPage","@id":"https:\/\/www.1337games.org\/pl-pl\/polityka-redakcyjna\/","url":"https:\/\/www.1337games.org\/pl-pl\/polityka-redakcyjna\/","name":"Polityka redakcyjna - 1337 Games PL","isPartOf":{"@id":"https:\/\/www.1337games.org\/pl-pl\/#website"},"datePublished":"2024-11-26T00:41:44+00:00","dateModified":"2024-12-04T14:42:49+00:00","description":"1337 Games \u2013 recenzje kasyn online, porady dla graczy i trendy w bran\u017cy. Stawiamy na odpowiedzialn\u0105 i bezpieczn\u0105 rozrywk\u0119!","breadcrumb":{"@id":"https:\/\/www.1337games.org\/pl-pl\/polityka-redakcyjna\/#breadcrumb"},"inLanguage":"pl-PL","potentialAction":[{"@type":"ReadAction","target":["https:\/\/www.1337games.org\/pl-pl\/polityka-redakcyjna\/"]}]},{"@type":"BreadcrumbList","@id":"https:\/\/www.1337games.org\/pl-pl\/polityka-redakcyjna\/#breadcrumb","itemListElement":[{"@type":"ListItem","position":1,"name":"Home","item":"https:\/\/www.1337games.org\/pl-pl\/"},{"@type":"ListItem","position":2,"name":"Polityka redakcyjna"}]},{"@type":"WebSite","@id":"https:\/\/www.1337games.org\/pl-pl\/#website","url":"https:\/\/www.1337games.org\/pl-pl\/","name":"1337 Games PL","description":"","publisher":{"@id":"https:\/\/www.1337games.org\/pl-pl\/#organization"},"potentialAction":[{"@type":"SearchAction","target":{"@type":"EntryPoint","urlTemplate":"https:\/\/www.1337games.org\/pl-pl\/?s={search_term_string}"},"query-input":{"@type":"PropertyValueSpecification","valueRequired":true,"valueName":"search_term_string"}}],"inLanguage":"pl-PL"},{"@type":"Organization","@id":"https:\/\/www.1337games.org\/pl-pl\/#organization","name":"1337 Games","url":"https:\/\/www.1337games.org\/pl-pl\/","logo":{"@type":"ImageObject","inLanguage":"pl-PL","@id":"https:\/\/www.1337games.org\/pl-pl\/#\/schema\/logo\/image\/","url":"https:\/\/www.1337games.org\/pl-pl\/wp-content\/uploads\/sites\/16\/2025\/10\/cropped-1Games.png","contentUrl":"https:\/\/www.1337games.org\/pl-pl\/wp-content\/uploads\/sites\/16\/2025\/10\/cropped-1Games.png","width":512,"height":512,"caption":"1337 Games"},"image":{"@id":"https:\/\/www.1337games.org\/pl-pl\/#\/schema\/logo\/image\/"},"sameAs":["https:\/\/www.facebook.com\/1337gamesio\/","https:\/\/x.com\/1337gamesio","https:\/\/www.instagram.com\/1337gamesio\/"],"email":"info@1337games.io","numberOfEmployees":{"@type":"QuantitativeValue","minValue":"11","maxValue":"50"}}]}},"_links":{"self":[{"href":"https:\/\/www.1337games.org\/pl-pl\/wp-json\/wp\/v2\/pages\/89362","targetHints":{"allow":["GET"]}}],"collection":[{"href":"https:\/\/www.1337games.org\/pl-pl\/wp-json\/wp\/v2\/pages"}],"about":[{"href":"https:\/\/www.1337games.org\/pl-pl\/wp-json\/wp\/v2\/types\/page"}],"author":[{"embeddable":true,"href":"https:\/\/www.1337games.org\/pl-pl\/wp-json\/wp\/v2\/users\/24999"}],"replies":[{"embeddable":true,"href":"https:\/\/www.1337games.org\/pl-pl\/wp-json\/wp\/v2\/comments?post=89362"}],"version-history":[{"count":3,"href":"https:\/\/www.1337games.org\/pl-pl\/wp-json\/wp\/v2\/pages\/89362\/revisions"}],"predecessor-version":[{"id":89374,"href":"https:\/\/www.1337games.org\/pl-pl\/wp-json\/wp\/v2\/pages\/89362\/revisions\/89374"}],"wp:attachment":[{"href":"https:\/\/www.1337games.org\/pl-pl\/wp-json\/wp\/v2\/media?parent=89362"}],"curies":[{"name":"wp","href":"https:\/\/api.w.org\/{rel}","templated":true}]}}