{"id":89234,"date":"2024-11-21T13:51:34","date_gmt":"2024-11-21T13:51:34","guid":{"rendered":"https:\/\/www.1337games.org\/pt-pt\/?page_id=89234"},"modified":"2024-11-25T17:22:30","modified_gmt":"2024-11-25T17:22:30","slug":"politica-editorial","status":"publish","type":"page","link":"https:\/\/www.1337games.org\/pt-pt\/politica-editorial\/","title":{"rendered":"Pol\u00edtica Editorial"},"content":{"rendered":"\n<div class=\"wp-block-columns is-layout-flex wp-container-core-columns-is-layout-9d6595d7 wp-block-columns-is-layout-flex\">\n<div class=\"wp-block-column is-layout-flow wp-block-column-is-layout-flow\">\n<p>Na 1337 Games, comprometemo-nos a oferecer aos nossos leitores informa\u00e7\u00f5es precisas, confi\u00e1veis e imparciais sobre o universo dos videojogos, casinos online e temas relacionados. Como jogadores apaixonados e profissionais da ind\u00fastria, entendemos a import\u00e2ncia da confian\u00e7a no ambiente digital. Por isso, cri\u00e1mos esta pol\u00edtica editorial para assegurar que o nosso conte\u00fado cumpre os mais elevados padr\u00f5es de integridade, transpar\u00eancia e qualidade.<\/p>\n<\/div>\n\n\n\n<div class=\"wp-block-column is-layout-flow wp-block-column-is-layout-flow\"><div class=\"wp-block-image\">\n<figure class=\"aligncenter size-full is-resized\"><img decoding=\"async\" width=\"1000\" height=\"500\" src=\"https:\/\/www.1337games.org\/pt-pt\/wp-content\/uploads\/sites\/20\/2024\/11\/1337-Games-Online-Casino.png\" alt=\"1337 Games Online Casino\" class=\"wp-image-89221\" style=\"width:528px\" srcset=\"https:\/\/www.1337games.org\/pt-pt\/wp-content\/uploads\/sites\/20\/2024\/11\/1337-Games-Online-Casino.png 1000w, https:\/\/www.1337games.org\/pt-pt\/wp-content\/uploads\/sites\/20\/2024\/11\/1337-Games-Online-Casino-300x150.png 300w, https:\/\/www.1337games.org\/pt-pt\/wp-content\/uploads\/sites\/20\/2024\/11\/1337-Games-Online-Casino-768x384.png 768w\" sizes=\"(max-width: 1000px) 100vw, 1000px\" \/><\/figure>\n<\/div><\/div>\n<\/div>\n\n\n\n<hr class=\"wp-block-separator has-alpha-channel-opacity\" \/>\n\n\n\n<h2 class=\"wp-block-heading\" id=\"h-a-nossa-missao\">A Nossa Miss\u00e3o<\/h2>\n\n\n\n<p>O objetivo da 1337 Games \u00e9 fornecer conte\u00fado atualizado, relevante e detalhado que ajude os nossos leitores a compreender melhor o mundo dos videojogos e dos casinos online. Quer seja um jogador casual ou um gamer experiente, esfor\u00e7amo-nos por trazer informa\u00e7\u00f5es que melhorem a sua experi\u00eancia, desde an\u00e1lises especializadas e estrat\u00e9gias de jogo at\u00e9 tend\u00eancias da ind\u00fastria e recomenda\u00e7\u00f5es de produtos.<\/p>\n\n\n\n<hr class=\"wp-block-separator has-alpha-channel-opacity\" \/>\n\n\n\n<h2 class=\"wp-block-heading\" id=\"h-independencia-editorial\">Independ\u00eancia Editorial<\/h2>\n\n\n\n<p>Na 1337 Games, valorizamos profundamente a independ\u00eancia editorial. A nossa equipa de reda\u00e7\u00e3o opera de forma independente dos departamentos de marketing e vendas para garantir a imparcialidade do conte\u00fado. Escrevemos para os nossos leitores e o nosso principal objetivo \u00e9 fornecer informa\u00e7\u00f5es \u00fateis, confi\u00e1veis e precisas.<\/p>\n\n\n\n<p>Embora tenhamos parcerias de afiliados com plataformas de jogo e fornecedores de casinos, essas colabora\u00e7\u00f5es n\u00e3o influenciam as nossas decis\u00f5es editoriais. O nosso conte\u00fado baseia-se na experi\u00eancia, investiga\u00e7\u00e3o e rigorosos processos de avalia\u00e7\u00e3o da nossa equipa editorial, permitindo-nos oferecer sempre recomenda\u00e7\u00f5es objetivas e imparciais.<\/p>\n\n\n\n<hr class=\"wp-block-separator has-alpha-channel-opacity\" \/>\n\n\n\n<h2 class=\"wp-block-heading\" id=\"h-processo-de-criacao-e-revisao-de-conteudo\">Processo de Cria\u00e7\u00e3o e Revis\u00e3o de Conte\u00fado<\/h2>\n\n\n\n<p>Garantimos que todo o conte\u00fado publicado seja bem investigado, preciso e concebido para ser informativo. A nossa equipa editorial \u00e9 composta por escritores experientes e especialistas da ind\u00fastria que utilizam diversas fontes para criar artigos detalhados e confi\u00e1veis. Al\u00e9m disso, consideramos o feedback dos leitores e as avalia\u00e7\u00f5es de especialistas para rever e atualizar continuamente o nosso conte\u00fado.<\/p>\n\n\n\n<p>Cada artigo \u00e9 cuidadosamente revisto quanto \u00e0 precis\u00e3o dos factos, clareza e cumprimento das nossas diretrizes editoriais antes da publica\u00e7\u00e3o. Trabalhamos constantemente para manter o conte\u00fado atualizado, refletindo sempre as \u00faltimas tend\u00eancias, desenvolvimentos e mudan\u00e7as na ind\u00fastria dos videojogos e dos casinos.<\/p>\n\n\n\n<hr class=\"wp-block-separator has-alpha-channel-opacity\" \/>\n\n\n\n<h2 class=\"wp-block-heading\" id=\"h-etica-e-jogo-responsavel\">\u00c9tica e Jogo Respons\u00e1vel<\/h2>\n\n\n\n<p>Levamos muito a s\u00e9rio a nossa responsabilidade para com os leitores. Estamos comprometidos em promover o <strong><a href=\"https:\/\/www.1337games.org\/pt-pt\/jogo-responsavel\/\">jogo respons\u00e1vel<\/a><\/strong>, incentivando decis\u00f5es informadas e seguras ao utilizar plataformas de jogo e casinos online. Refor\u00e7amos a import\u00e2ncia de definir limites, reconhecer sinais de problemas relacionados com o jogo e procurar ajuda sempre que necess\u00e1rio.<\/p>\n\n\n\n<p>Al\u00e9m de promover o jogo respons\u00e1vel, damos grande \u00eanfase \u00e0s normas \u00e9ticas no nosso conte\u00fado. As an\u00e1lises, recomenda\u00e7\u00f5es e opini\u00f5es que apresentamos baseiam-se nos m\u00e9ritos dos produtos e servi\u00e7os avaliados, sem qualquer influ\u00eancia de terceiros.<\/p>\n\n\n\n<hr class=\"wp-block-separator has-alpha-channel-opacity\" \/>\n\n\n\n<h2 class=\"wp-block-heading\" id=\"h-declaracoes-de-afiliados\">Declara\u00e7\u00f5es de Afiliados<\/h2>\n\n\n\n<p>Alguns dos links presentes no nosso site podem direcionar para os nossos parceiros afiliados, e a 1337 Games pode receber comiss\u00f5es quando os utilizadores se registam ou realizam compras atrav\u00e9s desses servi\u00e7os. Fazemos quest\u00e3o de ser transparentes sobre isso e garantimos que estas colabora\u00e7\u00f5es n\u00e3o afetam a objetividade ou qualidade do nosso conte\u00fado.<\/p>\n\n\n\n<p>As nossas parcerias de afiliados permitem-nos financiar as nossas opera\u00e7\u00f5es e oferecer conte\u00fado gratuito e de alta qualidade aos nossos leitores. Contudo, as nossas recomenda\u00e7\u00f5es permanecem sempre imparciais e independentes. N\u00e3o aceitamos pagamentos por an\u00e1lises positivas nem por recomenda\u00e7\u00f5es espec\u00edficas.<\/p>\n\n\n\n<hr class=\"wp-block-separator has-alpha-channel-opacity\" \/>\n\n\n\n<h2 class=\"wp-block-heading\" id=\"h-precisao-e-transparencia\">Precis\u00e3o e Transpar\u00eancia<\/h2>\n\n\n\n<p>Precis\u00e3o e transpar\u00eancia s\u00e3o pilares fundamentais na 1337 Games. Acreditamos que os nossos leitores merecem o melhor, e esfor\u00e7amo-nos por garantir que o conte\u00fado seja factual, claro e bem investigado. Continuamos a trabalhar para manter o nosso conte\u00fado atualizado com as mais recentes novidades nos videojogos e casinos online.<\/p>\n\n\n\n<p>Caso seja necess\u00e1rio corrigir um erro ou atualizar um artigo, f\u00e1-lo-emos de forma transparente e o mais rapidamente poss\u00edvel, assegurando a integridade do nosso conte\u00fado.<\/p>\n\n\n\n<hr class=\"wp-block-separator has-alpha-channel-opacity\" \/>\n\n\n\n<h2 class=\"wp-block-heading\" id=\"h-alteracoes-a-nossa-politica-editorial\">Altera\u00e7\u00f5es \u00e0 Nossa Pol\u00edtica Editorial<\/h2>\n\n\n\n<p>Podemos atualizar esta pol\u00edtica editorial periodicamente para refletir mudan\u00e7as nas nossas pr\u00e1ticas, parcerias ou nos padr\u00f5es da ind\u00fastria. Todas as altera\u00e7\u00f5es ser\u00e3o claramente publicadas nesta p\u00e1gina, e incentivamos os leitores a consult\u00e1-la regularmente para se manterem informados sobre as nossas diretrizes.<\/p>\n\n\n\n<hr class=\"wp-block-separator has-alpha-channel-opacity\" \/>\n\n\n\n<h2 class=\"wp-block-heading\" id=\"h-contacte-nos\">Contacte-nos!<\/h2>\n\n\n\n<p>Se tiver alguma d\u00favida ou preocupa\u00e7\u00e3o sobre a nossa pol\u00edtica editorial, conte\u00fado ou parcerias, n\u00e3o hesite em entrar em contacto connosco. Valorizamos profundamente a confian\u00e7a dos nossos leitores e estamos sempre dispon\u00edveis para esclarecer qualquer quest\u00e3o ou ouvir os seus coment\u00e1rios.<\/p>\n","protected":false},"excerpt":{"rendered":"<p>Na 1337 Games, comprometemo-nos a oferecer aos nossos leitores informa\u00e7\u00f5es precisas, confi\u00e1veis e imparciais sobre o universo dos videojogos, casinos online e temas relacionados. Como jogadores apaixonados e profissionais da ind\u00fastria, entendemos a import\u00e2ncia da confian\u00e7a no ambiente digital. Por isso, cri\u00e1mos esta pol\u00edtica editorial para assegurar que o nosso conte\u00fado cumpre os mais elevados [&hellip;]<\/p>\n","protected":false},"author":25014,"featured_media":0,"parent":0,"menu_order":0,"comment_status":"closed","ping_status":"closed","template":"","meta":{"footnotes":""},"class_list":["post-89234","page","type-page","status-publish","hentry"],"featured_image_src":null,"yoast_head":"<!-- This site is optimized with the Yoast SEO Premium plugin v27.0 (Yoast SEO v27.0) - https:\/\/yoast.com\/product\/yoast-seo-premium-wordpress\/ -->\n<title>Pol\u00edtica Editorial<\/title>\n<meta name=\"description\" content=\"1337 Games oferece conte\u00fado confi\u00e1vel e imparcial sobre videojogos e casinos online, promovendo transpar\u00eancia, independ\u00eancia e jogo respons\u00e1vel.\" \/>\n<meta name=\"robots\" content=\"index, follow, max-snippet:-1, max-image-preview:large, max-video-preview:-1\" \/>\n<link rel=\"canonical\" href=\"https:\/\/www.1337games.org\/pt-pt\/politica-editorial\/\" \/>\n<meta property=\"og:locale\" content=\"pt_PT\" \/>\n<meta property=\"og:type\" content=\"article\" \/>\n<meta property=\"og:title\" content=\"Pol\u00edtica Editorial\" \/>\n<meta property=\"og:description\" content=\"1337 Games oferece conte\u00fado confi\u00e1vel e imparcial sobre videojogos e casinos online, promovendo transpar\u00eancia, independ\u00eancia e jogo respons\u00e1vel.\" \/>\n<meta property=\"og:url\" content=\"https:\/\/www.1337games.org\/pt-pt\/politica-editorial\/\" \/>\n<meta property=\"og:site_name\" content=\"1337 Games PT\" \/>\n<meta property=\"article:publisher\" content=\"https:\/\/www.facebook.com\/1337gamesio\/\" \/>\n<meta property=\"article:modified_time\" content=\"2024-11-25T17:22:30+00:00\" \/>\n<meta property=\"og:image\" content=\"https:\/\/www.1337games.org\/pt-pt\/wp-content\/uploads\/sites\/20\/2024\/11\/1337-Games-Online-Casino.png\" \/>\n<meta name=\"twitter:card\" content=\"summary_large_image\" \/>\n<meta name=\"twitter:site\" content=\"@1337gamesio\" \/>\n<meta name=\"twitter:label1\" content=\"Tempo estimado de leitura\" \/>\n\t<meta name=\"twitter:data1\" content=\"4 minutos\" \/>\n<script type=\"application\/ld+json\" class=\"yoast-schema-graph\">{\"@context\":\"https:\/\/schema.org\",\"@graph\":[{\"@type\":\"WebPage\",\"@id\":\"https:\/\/www.1337games.org\/pt-pt\/politica-editorial\/\",\"url\":\"https:\/\/www.1337games.org\/pt-pt\/politica-editorial\/\",\"name\":\"Pol\u00edtica Editorial\",\"isPartOf\":{\"@id\":\"https:\/\/www.1337games.org\/pt-pt\/#website\"},\"primaryImageOfPage\":{\"@id\":\"https:\/\/www.1337games.org\/pt-pt\/politica-editorial\/#primaryimage\"},\"image\":{\"@id\":\"https:\/\/www.1337games.org\/pt-pt\/politica-editorial\/#primaryimage\"},\"thumbnailUrl\":\"https:\/\/www.1337games.org\/pt-pt\/wp-content\/uploads\/sites\/20\/2024\/11\/1337-Games-Online-Casino.png\",\"datePublished\":\"2024-11-21T13:51:34+00:00\",\"dateModified\":\"2024-11-25T17:22:30+00:00\",\"description\":\"1337 Games oferece conte\u00fado confi\u00e1vel e imparcial sobre videojogos e casinos online, promovendo transpar\u00eancia, independ\u00eancia e jogo respons\u00e1vel.\",\"breadcrumb\":{\"@id\":\"https:\/\/www.1337games.org\/pt-pt\/politica-editorial\/#breadcrumb\"},\"inLanguage\":\"pt-PT\",\"potentialAction\":[{\"@type\":\"ReadAction\",\"target\":[\"https:\/\/www.1337games.org\/pt-pt\/politica-editorial\/\"]}]},{\"@type\":\"ImageObject\",\"inLanguage\":\"pt-PT\",\"@id\":\"https:\/\/www.1337games.org\/pt-pt\/politica-editorial\/#primaryimage\",\"url\":\"https:\/\/www.1337games.org\/pt-pt\/wp-content\/uploads\/sites\/20\/2024\/11\/1337-Games-Online-Casino.png\",\"contentUrl\":\"https:\/\/www.1337games.org\/pt-pt\/wp-content\/uploads\/sites\/20\/2024\/11\/1337-Games-Online-Casino.png\",\"width\":1000,\"height\":500,\"caption\":\"1337 Games Online Casino\"},{\"@type\":\"BreadcrumbList\",\"@id\":\"https:\/\/www.1337games.org\/pt-pt\/politica-editorial\/#breadcrumb\",\"itemListElement\":[{\"@type\":\"ListItem\",\"position\":1,\"name\":\"Home\",\"item\":\"https:\/\/www.1337games.org\/pt-pt\/\"},{\"@type\":\"ListItem\",\"position\":2,\"name\":\"Pol\u00edtica Editorial\"}]},{\"@type\":\"WebSite\",\"@id\":\"https:\/\/www.1337games.org\/pt-pt\/#website\",\"url\":\"https:\/\/www.1337games.org\/pt-pt\/\",\"name\":\"1337 Games PT\",\"description\":\"\",\"publisher\":{\"@id\":\"https:\/\/www.1337games.org\/pt-pt\/#organization\"},\"potentialAction\":[{\"@type\":\"SearchAction\",\"target\":{\"@type\":\"EntryPoint\",\"urlTemplate\":\"https:\/\/www.1337games.org\/pt-pt\/?s={search_term_string}\"},\"query-input\":{\"@type\":\"PropertyValueSpecification\",\"valueRequired\":true,\"valueName\":\"search_term_string\"}}],\"inLanguage\":\"pt-PT\"},{\"@type\":\"Organization\",\"@id\":\"https:\/\/www.1337games.org\/pt-pt\/#organization\",\"name\":\"1337 Games\",\"url\":\"https:\/\/www.1337games.org\/pt-pt\/\",\"logo\":{\"@type\":\"ImageObject\",\"inLanguage\":\"pt-PT\",\"@id\":\"https:\/\/www.1337games.org\/pt-pt\/#\/schema\/logo\/image\/\",\"url\":\"https:\/\/www.1337games.org\/pt-pt\/wp-content\/uploads\/sites\/20\/2025\/10\/cropped-1Games.png\",\"contentUrl\":\"https:\/\/www.1337games.org\/pt-pt\/wp-content\/uploads\/sites\/20\/2025\/10\/cropped-1Games.png\",\"width\":512,\"height\":512,\"caption\":\"1337 Games\"},\"image\":{\"@id\":\"https:\/\/www.1337games.org\/pt-pt\/#\/schema\/logo\/image\/\"},\"sameAs\":[\"https:\/\/www.facebook.com\/1337gamesio\/\",\"https:\/\/x.com\/1337gamesio\",\"https:\/\/www.instagram.com\/1337gamesio\/\"],\"email\":\"info@1337games.io\",\"numberOfEmployees\":{\"@type\":\"QuantitativeValue\",\"minValue\":\"11\",\"maxValue\":\"50\"}}]}<\/script>\n<!-- \/ Yoast SEO Premium plugin. -->","yoast_head_json":{"title":"Pol\u00edtica Editorial","description":"1337 Games oferece conte\u00fado confi\u00e1vel e imparcial sobre videojogos e casinos online, promovendo transpar\u00eancia, independ\u00eancia e jogo respons\u00e1vel.","robots":{"index":"index","follow":"follow","max-snippet":"max-snippet:-1","max-image-preview":"max-image-preview:large","max-video-preview":"max-video-preview:-1"},"canonical":"https:\/\/www.1337games.org\/pt-pt\/politica-editorial\/","og_locale":"pt_PT","og_type":"article","og_title":"Pol\u00edtica Editorial","og_description":"1337 Games oferece conte\u00fado confi\u00e1vel e imparcial sobre videojogos e casinos online, promovendo transpar\u00eancia, independ\u00eancia e jogo respons\u00e1vel.","og_url":"https:\/\/www.1337games.org\/pt-pt\/politica-editorial\/","og_site_name":"1337 Games PT","article_publisher":"https:\/\/www.facebook.com\/1337gamesio\/","article_modified_time":"2024-11-25T17:22:30+00:00","og_image":[{"url":"https:\/\/www.1337games.org\/pt-pt\/wp-content\/uploads\/sites\/20\/2024\/11\/1337-Games-Online-Casino.png","type":"","width":"","height":""}],"twitter_card":"summary_large_image","twitter_site":"@1337gamesio","twitter_misc":{"Tempo estimado de leitura":"4 minutos"},"schema":{"@context":"https:\/\/schema.org","@graph":[{"@type":"WebPage","@id":"https:\/\/www.1337games.org\/pt-pt\/politica-editorial\/","url":"https:\/\/www.1337games.org\/pt-pt\/politica-editorial\/","name":"Pol\u00edtica Editorial","isPartOf":{"@id":"https:\/\/www.1337games.org\/pt-pt\/#website"},"primaryImageOfPage":{"@id":"https:\/\/www.1337games.org\/pt-pt\/politica-editorial\/#primaryimage"},"image":{"@id":"https:\/\/www.1337games.org\/pt-pt\/politica-editorial\/#primaryimage"},"thumbnailUrl":"https:\/\/www.1337games.org\/pt-pt\/wp-content\/uploads\/sites\/20\/2024\/11\/1337-Games-Online-Casino.png","datePublished":"2024-11-21T13:51:34+00:00","dateModified":"2024-11-25T17:22:30+00:00","description":"1337 Games oferece conte\u00fado confi\u00e1vel e imparcial sobre videojogos e casinos online, promovendo transpar\u00eancia, independ\u00eancia e jogo respons\u00e1vel.","breadcrumb":{"@id":"https:\/\/www.1337games.org\/pt-pt\/politica-editorial\/#breadcrumb"},"inLanguage":"pt-PT","potentialAction":[{"@type":"ReadAction","target":["https:\/\/www.1337games.org\/pt-pt\/politica-editorial\/"]}]},{"@type":"ImageObject","inLanguage":"pt-PT","@id":"https:\/\/www.1337games.org\/pt-pt\/politica-editorial\/#primaryimage","url":"https:\/\/www.1337games.org\/pt-pt\/wp-content\/uploads\/sites\/20\/2024\/11\/1337-Games-Online-Casino.png","contentUrl":"https:\/\/www.1337games.org\/pt-pt\/wp-content\/uploads\/sites\/20\/2024\/11\/1337-Games-Online-Casino.png","width":1000,"height":500,"caption":"1337 Games Online Casino"},{"@type":"BreadcrumbList","@id":"https:\/\/www.1337games.org\/pt-pt\/politica-editorial\/#breadcrumb","itemListElement":[{"@type":"ListItem","position":1,"name":"Home","item":"https:\/\/www.1337games.org\/pt-pt\/"},{"@type":"ListItem","position":2,"name":"Pol\u00edtica Editorial"}]},{"@type":"WebSite","@id":"https:\/\/www.1337games.org\/pt-pt\/#website","url":"https:\/\/www.1337games.org\/pt-pt\/","name":"1337 Games PT","description":"","publisher":{"@id":"https:\/\/www.1337games.org\/pt-pt\/#organization"},"potentialAction":[{"@type":"SearchAction","target":{"@type":"EntryPoint","urlTemplate":"https:\/\/www.1337games.org\/pt-pt\/?s={search_term_string}"},"query-input":{"@type":"PropertyValueSpecification","valueRequired":true,"valueName":"search_term_string"}}],"inLanguage":"pt-PT"},{"@type":"Organization","@id":"https:\/\/www.1337games.org\/pt-pt\/#organization","name":"1337 Games","url":"https:\/\/www.1337games.org\/pt-pt\/","logo":{"@type":"ImageObject","inLanguage":"pt-PT","@id":"https:\/\/www.1337games.org\/pt-pt\/#\/schema\/logo\/image\/","url":"https:\/\/www.1337games.org\/pt-pt\/wp-content\/uploads\/sites\/20\/2025\/10\/cropped-1Games.png","contentUrl":"https:\/\/www.1337games.org\/pt-pt\/wp-content\/uploads\/sites\/20\/2025\/10\/cropped-1Games.png","width":512,"height":512,"caption":"1337 Games"},"image":{"@id":"https:\/\/www.1337games.org\/pt-pt\/#\/schema\/logo\/image\/"},"sameAs":["https:\/\/www.facebook.com\/1337gamesio\/","https:\/\/x.com\/1337gamesio","https:\/\/www.instagram.com\/1337gamesio\/"],"email":"info@1337games.io","numberOfEmployees":{"@type":"QuantitativeValue","minValue":"11","maxValue":"50"}}]}},"_links":{"self":[{"href":"https:\/\/www.1337games.org\/pt-pt\/wp-json\/wp\/v2\/pages\/89234","targetHints":{"allow":["GET"]}}],"collection":[{"href":"https:\/\/www.1337games.org\/pt-pt\/wp-json\/wp\/v2\/pages"}],"about":[{"href":"https:\/\/www.1337games.org\/pt-pt\/wp-json\/wp\/v2\/types\/page"}],"author":[{"embeddable":true,"href":"https:\/\/www.1337games.org\/pt-pt\/wp-json\/wp\/v2\/users\/25014"}],"replies":[{"embeddable":true,"href":"https:\/\/www.1337games.org\/pt-pt\/wp-json\/wp\/v2\/comments?post=89234"}],"version-history":[{"count":3,"href":"https:\/\/www.1337games.org\/pt-pt\/wp-json\/wp\/v2\/pages\/89234\/revisions"}],"predecessor-version":[{"id":89239,"href":"https:\/\/www.1337games.org\/pt-pt\/wp-json\/wp\/v2\/pages\/89234\/revisions\/89239"}],"wp:attachment":[{"href":"https:\/\/www.1337games.org\/pt-pt\/wp-json\/wp\/v2\/media?parent=89234"}],"curies":[{"name":"wp","href":"https:\/\/api.w.org\/{rel}","templated":true}]}}